{"id":11709,"date":"2020-06-18T15:49:04","date_gmt":"2020-06-18T12:49:04","guid":{"rendered":"https:\/\/www.elborweltech.com\/urun\/roller-1200\/"},"modified":"2022-11-09T14:42:37","modified_gmt":"2022-11-09T11:42:37","slug":"%d8%b1%d9%88%d9%84%d8%b1-1200","status":"publish","type":"product","link":"https:\/\/www.elborweltech.com\/ar\/product\/%d8%b1%d9%88%d9%84%d8%b1-1200\/","title":{"rendered":"\u0631\u0648\u0644\u0631 1200"},"content":{"rendered":"<table>\n<thead>\n<tr>\n<th>Teknik \u00d6zellikler \/ Technical Specifications<\/th>\n<\/tr>\n<\/thead>\n<tbody>\n<tr>\n<td>\u00c7al\u0131\u015fma Aral\u0131\u011f\u0131 \/ Working Range<\/td>\n<td>\u00d8 315 \u2013 1200 mm<\/td>\n<\/tr>\n<tr>\n<td>Ebatlar \/ Dimensions<\/td>\n<td>1250 x 800 x 420 mm<\/td>\n<\/tr>\n<tr>\n<td>A\u011f\u0131rl\u0131k \/ Weight<\/td>\n<td>35 Kg<\/td>\n<\/tr>\n<\/tbody>\n<\/table>\n","protected":false},"excerpt":{"rendered":"<p>\u062a\u0633\u062a\u062e\u062f\u0645 \u0627\u0644\u0623\u0633\u0637\u0648\u0627\u0646\u0629 1200 \u0644\u0645\u062d\u0627\u0630\u0627\u0629 \u0648\u062f\u0639\u0645 \u0627\u0644\u0623\u0646\u0627\u0628\u064a\u0628 \u0623\u062b\u0646\u0627\u0621 \u0627\u0644\u0644\u062d\u0627\u0645. \u0645\u0639 \u0627\u0644\u062a\u0635\u0645\u064a\u0645 \u0627\u0644\u0645\u0631\u064a\u062d \u0644\u0640 Roller 1200 \u060c \u062a\u062a\u0639\u0631\u0636 \u0627\u0644\u0623\u0646\u0627\u0628\u064a\u0628 \u0627\u0644\u062a\u064a \u062a\u0645 \u0625\u062d\u0636\u0627\u0631\u0647\u0627 \u0625\u0644\u0649 \u0645\u0633\u062a\u0648\u0649 \u0627\u0644\u0645\u0627\u0643\u064a\u0646\u0629 \u0644\u0642\u0648\u0629 \u0627\u062d\u062a\u0643\u0627\u0643 \u0648\u0633\u062d\u0628 \u0623\u0642\u0644. \u064a\u0645\u0643\u0646 \u0623\u0646 \u062a\u062d\u0645\u0644 \u0627\u0644\u0623\u0633\u0637\u0648\u0627\u0646\u0629 1200 \u0623\u0646\u0628\u0648\u0628 315 &#8211; 1200 \u0645\u0645. \u064a\u0648\u0641\u0631 \u0633\u0647\u0648\u0644\u0629 \u0627\u0644\u0627\u0633\u062a\u062e\u062f\u0627\u0645 \u0628\u0641\u0636\u0644 \u0647\u064a\u0643\u0644\u0647 \u0627\u0644\u0645\u0636\u063a\u0648\u0637 \u0648\u0627\u0644\u062e\u0641\u064a\u0641.<\/p>\n","protected":false},"featured_media":8284,"comment_status":"open","ping_status":"closed","template":"","meta":[],"product_cat":[209],"product_tag":[],"_links":{"self":[{"href":"https:\/\/www.elborweltech.com\/ar\/wp-json\/wp\/v2\/product\/11709"}],"collection":[{"href":"https:\/\/www.elborweltech.com\/ar\/wp-json\/wp\/v2\/product"}],"about":[{"href":"https:\/\/www.elborweltech.com\/ar\/wp-json\/wp\/v2\/types\/product"}],"replies":[{"embeddable":true,"href":"https:\/\/www.elborweltech.com\/ar\/wp-json\/wp\/v2\/comments?post=11709"}],"wp:featuredmedia":[{"embeddable":true,"href":"https:\/\/www.elborweltech.com\/ar\/wp-json\/wp\/v2\/media\/8284"}],"wp:attachment":[{"href":"https:\/\/www.elborweltech.com\/ar\/wp-json\/wp\/v2\/media?parent=11709"}],"wp:term":[{"taxonomy":"product_cat","embeddable":true,"href":"https:\/\/www.elborweltech.com\/ar\/wp-json\/wp\/v2\/product_cat?post=11709"},{"taxonomy":"product_tag","embeddable":true,"href":"https:\/\/www.elborweltech.com\/ar\/wp-json\/wp\/v2\/product_tag?post=11709"}],"curies":[{"name":"wp","href":"https:\/\/api.w.org\/{rel}","templated":true}]}}