{"id":13067,"date":"2020-06-29T14:29:00","date_gmt":"2020-06-29T11:29:00","guid":{"rendered":"https:\/\/www.elborweltech.com\/product\/w2500-plastic-pipes-hydraulic-butt-welding-machine\/"},"modified":"2022-11-09T14:41:53","modified_gmt":"2022-11-09T11:41:53","slug":"%d9%85%d8%a7%d9%83%d9%8a%d9%86%d8%a9-%d9%84%d8%ad%d8%a7%d9%85-%d9%85%d9%88%d8%a7%d8%b3%d9%8a%d8%b1-%d8%a8%d9%84%d8%a7%d8%b3%d8%aa%d9%8a%d9%83-%d9%87%d9%8a%d8%af%d8%b1%d9%88%d9%84%d9%8a%d9%83-w2500","status":"publish","type":"product","link":"https:\/\/www.elborweltech.com\/ar\/product\/%d9%85%d8%a7%d9%83%d9%8a%d9%86%d8%a9-%d9%84%d8%ad%d8%a7%d9%85-%d9%85%d9%88%d8%a7%d8%b3%d9%8a%d8%b1-%d8%a8%d9%84%d8%a7%d8%b3%d8%aa%d9%8a%d9%83-%d9%87%d9%8a%d8%af%d8%b1%d9%88%d9%84%d9%8a%d9%83-w2500\/","title":{"rendered":"W2500 \u0645\u0627\u0643\u064a\u0646\u0629 \u0644\u062d\u0627\u0645 \u0645\u0648\u0627\u0633\u064a\u0631 \u0628\u0644\u0627\u0633\u062a\u064a\u0643 \u0647\u064a\u062f\u0631\u0648\u0644\u064a\u0643"},"content":{"rendered":"<section class=\"l-section wpb_row height_auto\"><div class=\"l-section-h i-cf\"><div class=\"g-cols vc_row via_flex valign_top type_default stacking_default\"><div class=\"vc_col-sm-12 wpb_column vc_column_container\"><div class=\"vc_column-inner\"><div class=\"wpb_wrapper\"><div class=\"w-tabs layout_hor style_trendy switch_click has_scrolling\" style=\"--sections-title-size:1em\"><div class=\"w-tabs-list items_3 align_none\"><div class=\"w-tabs-list-h\"><button class=\"w-tabs-item active with_icon\" aria-controls=\"content-c42c\" aria-expanded=\"false\"><i class=\"fad fa-file-alt\"><\/i><span class=\"w-tabs-item-title\">\u0627\u0644\u0645\u0644\u0627\u0645\u062d \u0627\u0644\u0639\u0627\u0645\u0629<\/span><\/button><button class=\"w-tabs-item with_icon\" aria-controls=\"content-yaf5\" aria-expanded=\"false\"><i class=\"fad fa-list\"><\/i><span class=\"w-tabs-item-title\">\u0627\u0644\u0645\u0648\u0627\u0635\u0641\u0627\u062a \u0627\u0644\u0641\u0646\u064a\u0629<\/span><\/button><a class=\"w-tabs-item with_icon\" aria-controls=\"content-1593366363270-4d7a9db0-18a4899c-c303\" aria-expanded=\"false\" href=\"https:\/\/www.elborweltech.com\/wp-content\/uploads\/2022\/07\/W2500.pdf\"><i class=\"fad fa-file-pdf\"><\/i><span class=\"w-tabs-item-title\">\u062f\u0644\u064a\u0644 \u0627\u0644\u0645\u0633\u062a\u062e\u062f\u0645<\/span><\/a><\/div><\/div><div class=\"w-tabs-sections titles-align_none icon_chevron cpos_right\"><div class=\"w-tabs-section active\" id=\"c42c\"><button class=\"w-tabs-section-header active with_icon\" aria-controls=\"content-c42c\" aria-expanded=\"true\"><i class=\"fad fa-file-alt\"><\/i><div class=\"w-tabs-section-title\">\u0627\u0644\u0645\u0644\u0627\u0645\u062d \u0627\u0644\u0639\u0627\u0645\u0629<\/div><div class=\"w-tabs-section-control\"><\/div><\/button><div  class=\"w-tabs-section-content\" id=\"content-c42c\"><div class=\"w-tabs-section-content-h i-cf\"><div class=\"g-cols wpb_row via_flex valign_top type_default stacking_default\"><div class=\"vc_col-sm-6 wpb_column vc_column_container\"><div class=\"vc_column-inner\"><div class=\"wpb_wrapper\"><div class=\"w-image style_shadow-2 align_none\"><div url class=\"w-image-h\"><div class=\"w-image-shadow\" style=\"background-image:url(https:\/\/www.elborweltech.com\/wp-content\/uploads\/2020\/06\/elbor-w2000-polietilen-boru-alin-kaynak-makinasi-other-1.jpg);\"><\/div><img width=\"800\" height=\"506\" src=\"https:\/\/www.elborweltech.com\/wp-content\/uploads\/2020\/06\/elbor-w2000-polietilen-boru-alin-kaynak-makinasi-other-1.jpg\" class=\"attachment-full size-full\" alt=\"\" decoding=\"async\" loading=\"lazy\" srcset=\"https:\/\/www.elborweltech.com\/wp-content\/uploads\/2020\/06\/elbor-w2000-polietilen-boru-alin-kaynak-makinasi-other-1.jpg 800w, https:\/\/www.elborweltech.com\/wp-content\/uploads\/2020\/06\/elbor-w2000-polietilen-boru-alin-kaynak-makinasi-other-1-300x190.jpg 300w, https:\/\/www.elborweltech.com\/wp-content\/uploads\/2020\/06\/elbor-w2000-polietilen-boru-alin-kaynak-makinasi-other-1-600x380.jpg 600w, https:\/\/www.elborweltech.com\/wp-content\/uploads\/2020\/06\/elbor-w2000-polietilen-boru-alin-kaynak-makinasi-other-1-569x360.jpg 569w\" sizes=\"(max-width: 800px) 100vw, 800px\"><\/div><\/div><\/div><\/div><\/div><div class=\"vc_col-sm-6 wpb_column vc_column_container\"><div class=\"vc_column-inner\"><div class=\"wpb_wrapper\"><h4 class=\"w-text\"><span url class=\"w-text-h\"><span class=\"w-text-value\">\u0622\u0644\u0629 \u0644\u062d\u0627\u0645 \u0628\u0639\u0642\u0628 W2500 \u0627\u0644\u062c\u0633\u0645<\/span><\/span><\/h4><div class=\"w-separator size_small\"><\/div><div class=\"wpb_text_column\"><div class=\"wpb_wrapper\"><p>\u064a\u062f\u0639\u0645 \u0627\u0644\u0647\u064a\u0643\u0644 \u0627\u0644\u0631\u0626\u064a\u0633\u064a \u0627\u0644\u0623\u0646\u0627\u0628\u064a\u0628 \u0627\u0644\u0628\u0644\u0627\u0633\u062a\u064a\u0643\u064a\u0629 \u0627\u0644\u0645\u0631\u0627\u062f \u0644\u062d\u0627\u0645\u0647\u0627 \u0628\u0645\u0634\u0627\u0628\u0643 \u0645\u062a\u062d\u0631\u0643 \u0648\u0627\u062b\u0646\u064a\u0646 \u0645\u0646 \u0627\u0644\u0645\u0634\u0627\u0628\u0643 \u0627\u0644\u062b\u0627\u0628\u062a\u0629 \u060c \u0648\u064a\u0648\u0641\u0631 \u0627\u0644\u062a\u062b\u0628\u064a\u062a \u0648\u0627\u0644\u062a\u0648\u0633\u064a\u0637. \u064a\u062a\u0645 \u062a\u0637\u0628\u064a\u0642 \u0642\u0648\u0629 \u0627\u0644\u0636\u063a\u0637 \u0627\u0644\u0647\u064a\u062f\u0631\u0648\u0644\u064a\u0643\u064a \u0639\u0644\u0649 \u0627\u0644\u0646\u0638\u0627\u0645. \u0645\u0639 \u0648\u062c\u0648\u062f \u0645\u0643\u0628\u0633\u064a\u0646 \u0639\u0644\u0649 \u0639\u0645\u0648\u062f \u0627\u0644\u0646\u0627\u0642\u0644 \u060c \u0641\u0625\u0646 \u0647\u0630\u0647 \u0627\u0644\u0642\u0648\u0629 \u062a\u0648\u062c\u0647 \u0627\u0644\u0645\u0634\u0627\u0628\u0643 \u0627\u0644\u0645\u062a\u062d\u0631\u0643\u0629 \u0630\u0647\u0627\u0628\u064b\u0627 \u0648\u0625\u064a\u0627\u0628\u064b\u0627 \u0648\u062a\u0648\u0641\u0631 \u0627\u0644\u062d\u0631\u0643\u0629 \u0627\u0644\u0645\u0637\u0644\u0648\u0628\u0629 \u0644\u0639\u0645\u0644\u064a\u0629 \u0627\u0644\u0644\u062d\u0627\u0645.<\/p>\n<\/div><\/div><\/div><\/div><\/div><\/div><div class=\"w-separator size_small with_line width_default thick_1 style_solid color_border align_center\"><div class=\"w-separator-h\"><\/div><\/div><div class=\"g-cols wpb_row via_flex valign_top type_default stacking_default\"><div class=\"vc_col-sm-6 wpb_column vc_column_container\"><div class=\"vc_column-inner\"><div class=\"wpb_wrapper\"><div class=\"w-image style_shadow-2 align_none\"><div url class=\"w-image-h\"><div class=\"w-image-shadow\" style=\"background-image:url(https:\/\/www.elborweltech.com\/wp-content\/uploads\/2020\/06\/elbor-w2000-polietilen-boru-alin-kaynak-makinasi-other-2.jpg);\"><\/div><img width=\"800\" height=\"506\" src=\"https:\/\/www.elborweltech.com\/wp-content\/uploads\/2020\/06\/elbor-w2000-polietilen-boru-alin-kaynak-makinasi-other-2.jpg\" class=\"attachment-full size-full\" alt=\"\" decoding=\"async\" loading=\"lazy\" srcset=\"https:\/\/www.elborweltech.com\/wp-content\/uploads\/2020\/06\/elbor-w2000-polietilen-boru-alin-kaynak-makinasi-other-2.jpg 800w, https:\/\/www.elborweltech.com\/wp-content\/uploads\/2020\/06\/elbor-w2000-polietilen-boru-alin-kaynak-makinasi-other-2-300x190.jpg 300w, https:\/\/www.elborweltech.com\/wp-content\/uploads\/2020\/06\/elbor-w2000-polietilen-boru-alin-kaynak-makinasi-other-2-600x380.jpg 600w, https:\/\/www.elborweltech.com\/wp-content\/uploads\/2020\/06\/elbor-w2000-polietilen-boru-alin-kaynak-makinasi-other-2-569x360.jpg 569w\" sizes=\"(max-width: 800px) 100vw, 800px\"><\/div><\/div><\/div><\/div><\/div><div class=\"vc_col-sm-6 wpb_column vc_column_container\"><div class=\"vc_column-inner\"><div class=\"wpb_wrapper\"><h4 class=\"w-text\"><span url class=\"w-text-h\"><span class=\"w-text-value\">\u0645\u0627\u0643\u064a\u0646\u0629 \u0627\u0644\u0644\u062d\u0627\u0645 \u0627\u0644\u062a\u0646\u0627\u0643\u0628\u064a W2500 \u0627\u0644\u0627\u0646\u062a\u0647\u0627\u0632\u064a<\/span><\/span><\/h4><div class=\"w-separator size_small\"><\/div><div class=\"wpb_text_column\"><div class=\"wpb_wrapper\"><p>\u0625\u0646 \u0639\u0646\u0635\u0631 \u0622\u0644\u0629 \u0627\u0644\u0644\u062d\u0627\u0645 \u0627\u0644\u062a\u0646\u0627\u0643\u0628\u064a \u0647\u0648 \u0627\u0644\u0630\u064a \u064a\u0646\u0638\u0641 \u0627\u0644\u0645\u0646\u0637\u0642\u0629 \u0627\u0644\u0623\u0645\u0627\u0645\u064a\u0629 \u0644\u0644\u0623\u0646\u0627\u0628\u064a\u0628 \u0627\u0644\u0645\u062b\u0628\u062a\u0629 \u0648\u0627\u0644\u0645\u062a\u0645\u0631\u0643\u0632\u0629 \u0639\u0644\u0649 \u0627\u0644\u062c\u0633\u0645 \u0627\u0644\u0631\u0626\u064a\u0633\u064a \u0628\u0648\u0627\u0633\u0637\u0629 \u0627\u0644\u0634\u0641\u0631\u062a\u064a\u0646 \u0627\u0644\u062f\u0648\u0627\u0631\u0629 \u0639\u0644\u0649 \u0627\u0644\u062c\u0627\u0646\u0628\u064a\u0646 \u0627\u0644\u0623\u064a\u0645\u0646 \u0648\u0627\u0644\u0623\u064a\u0633\u0631 \u0648\u0634\u0641\u0631\u0627\u062a \u0627\u0644\u0642\u0627\u0637\u0639 \u0639\u0644\u0649 \u0647\u0630\u0647 \u0627\u0644\u0634\u0641\u0631\u0627\u062a \u060c \u0642\u0628\u0644 \u0639\u0645\u0644\u064a\u0629 \u0627\u0644\u062a\u0633\u062e\u064a\u0646 \u0648\u062c\u0639\u0644\u0647\u0627 \u062c\u0627\u0647\u0632\u0629 \u0644\u0644\u062a\u062f\u0641\u0626\u0629. \u064a\u062a\u0645 \u062a\u0648\u0641\u064a\u0631 \u0627\u0644\u062d\u0631\u0643\u0629 \u0627\u0644\u062f\u0648\u0631\u0627\u0646\u064a\u0629 \u0644\u0644\u0645\u0627\u0643\u064a\u0646\u0629 \u0628\u0648\u0627\u0633\u0637\u0629 \u0627\u0644\u0645\u062d\u0631\u0643 \u0648\u0645\u062c\u0645\u0648\u0639\u0629 \u0627\u0644\u0645\u062e\u0641\u0636 \u0627\u0644\u0645\u0648\u062c\u0648\u062f\u0629 \u0639\u0644\u064a\u0647\u0627. W2500 \u0648\u062d\u062f\u0629 \u0627\u0644\u062a\u0634\u0630\u064a\u0628 \u0644\u0622\u0644\u0629 \u0627\u0644\u0644\u062d\u0627\u0645 \u0627\u0644\u062a\u0646\u0627\u0643\u0628\u064a \u062a\u062e\u0644\u0642 \u0623\u0633\u0637\u062d \u0623\u0646\u0627\u0628\u064a\u0628 \u0645\u062a\u0648\u0627\u0632\u064a\u0629 \u0648\u062e\u0627\u0644\u064a\u0629 \u0645\u0646 \u0627\u0644\u0646\u062a\u0648\u0621\u0627\u062a.<\/p>\n<\/div><\/div><\/div><\/div><\/div><\/div><div class=\"w-separator size_small with_line width_default thick_1 style_solid color_border align_center\"><div class=\"w-separator-h\"><\/div><\/div><div class=\"g-cols wpb_row via_flex valign_top type_default stacking_default\"><div class=\"vc_col-sm-6 wpb_column vc_column_container\"><div class=\"vc_column-inner\"><div class=\"wpb_wrapper\"><div class=\"w-image style_shadow-2 align_none\"><div url class=\"w-image-h\"><div class=\"w-image-shadow\" style=\"background-image:url(https:\/\/www.elborweltech.com\/wp-content\/uploads\/2020\/06\/elbor-w2000-polietilen-boru-alin-kaynak-makinasi-other-3.jpg);\"><\/div><img width=\"800\" height=\"506\" src=\"https:\/\/www.elborweltech.com\/wp-content\/uploads\/2020\/06\/elbor-w2000-polietilen-boru-alin-kaynak-makinasi-other-3.jpg\" class=\"attachment-full size-full\" alt=\"\" decoding=\"async\" loading=\"lazy\" srcset=\"https:\/\/www.elborweltech.com\/wp-content\/uploads\/2020\/06\/elbor-w2000-polietilen-boru-alin-kaynak-makinasi-other-3.jpg 800w, https:\/\/www.elborweltech.com\/wp-content\/uploads\/2020\/06\/elbor-w2000-polietilen-boru-alin-kaynak-makinasi-other-3-300x190.jpg 300w, https:\/\/www.elborweltech.com\/wp-content\/uploads\/2020\/06\/elbor-w2000-polietilen-boru-alin-kaynak-makinasi-other-3-600x380.jpg 600w, https:\/\/www.elborweltech.com\/wp-content\/uploads\/2020\/06\/elbor-w2000-polietilen-boru-alin-kaynak-makinasi-other-3-569x360.jpg 569w\" sizes=\"(max-width: 800px) 100vw, 800px\"><\/div><\/div><\/div><\/div><\/div><div class=\"vc_col-sm-6 wpb_column vc_column_container\"><div class=\"vc_column-inner\"><div class=\"wpb_wrapper\"><h4 class=\"w-text\"><span url class=\"w-text-h\"><span class=\"w-text-value\">\u0622\u0644\u0629 \u0644\u062d\u0627\u0645 \u0628\u0639\u0642\u0628 W2500 \u0633\u062e\u0627\u0646<\/span><\/span><\/h4><div class=\"w-separator size_small\"><\/div><div class=\"wpb_text_column\"><div class=\"wpb_wrapper\"><p>\u0625\u0646 \u0639\u0646\u0635\u0631 \u0622\u0644\u0629 \u0627\u0644\u0644\u062d\u0627\u0645 \u0627\u0644\u062a\u0646\u0627\u0643\u0628\u064a \u0647\u0648 \u0627\u0644\u0630\u064a \u064a\u0642\u0648\u0645 \u0628\u062a\u062c\u0647\u064a\u0632 \u0623\u0633\u0637\u062d \u0648\u0627\u062c\u0647\u0629 \u0627\u0644\u0623\u0646\u0628\u0648\u0628 \u060c \u0648\u0627\u0644\u062a\u064a \u064a\u062a\u0645 \u0625\u062d\u0636\u0627\u0631\u0647\u0627 \u0625\u0644\u0649 \u0627\u0644\u062e\u0634\u0648\u0646\u0629 \u0627\u0644\u0645\u0631\u063a\u0648\u0628\u0629 \u0645\u0646 \u062e\u0644\u0627\u0644 \u0639\u0645\u0644\u064a\u0629 \u0627\u0644\u062d\u0644\u0627\u0642\u0629 \u060c \u0645\u0646 \u0623\u062c\u0644 \u0639\u0645\u0644\u064a\u0629 \u0627\u0644\u0627\u0646\u0636\u0645\u0627\u0645 \u0639\u0646 \u0637\u0631\u064a\u0642 \u062a\u0633\u062e\u064a\u0646\u0647\u0627 \u0628\u0627\u0633\u062a\u062e\u062f\u0627\u0645 \u0644\u0648\u062d \u0627\u0644\u062a\u0633\u062e\u064a\u0646. \u064a\u062a\u0645 \u0636\u0628\u0637 \u062f\u0631\u062c\u0629 \u062d\u0631\u0627\u0631\u0629 \u0627\u0644\u0633\u062e\u0627\u0646 \u0628\u0627\u0633\u062a\u062e\u062f\u0627\u0645 \u0645\u0646\u0638\u0645 \u0627\u0644\u062d\u0631\u0627\u0631\u0629 \u0627\u0644\u0631\u0642\u0645\u064a \u0644\u0636\u0628\u0637 \u062f\u0631\u062c\u0629 \u0627\u0644\u062d\u0631\u0627\u0631\u0629 \u0627\u0644\u0645\u0648\u062c\u0648\u062f \u0639\u0644\u0649 \u0644\u0648\u062d\u0629 \u0627\u0644\u062a\u0633\u062e\u064a\u0646.<\/p>\n<\/div><\/div><\/div><\/div><\/div><\/div><div class=\"w-separator size_small with_line width_default thick_1 style_solid color_border align_center\"><div class=\"w-separator-h\"><\/div><\/div><div class=\"g-cols wpb_row via_flex valign_top type_default stacking_default\"><div class=\"vc_col-sm-6 wpb_column vc_column_container\"><div class=\"vc_column-inner\"><div class=\"wpb_wrapper\"><div class=\"w-image style_shadow-2 align_none\"><div url class=\"w-image-h\"><div class=\"w-image-shadow\" style=\"background-image:url(https:\/\/www.elborweltech.com\/wp-content\/uploads\/2020\/06\/elbor-w2000-polietilen-boru-alin-kaynak-makinasi-other-4.jpg);\"><\/div><img width=\"800\" height=\"506\" src=\"https:\/\/www.elborweltech.com\/wp-content\/uploads\/2020\/06\/elbor-w2000-polietilen-boru-alin-kaynak-makinasi-other-4.jpg\" class=\"attachment-full size-full\" alt=\"\" decoding=\"async\" loading=\"lazy\" srcset=\"https:\/\/www.elborweltech.com\/wp-content\/uploads\/2020\/06\/elbor-w2000-polietilen-boru-alin-kaynak-makinasi-other-4.jpg 800w, https:\/\/www.elborweltech.com\/wp-content\/uploads\/2020\/06\/elbor-w2000-polietilen-boru-alin-kaynak-makinasi-other-4-300x190.jpg 300w, https:\/\/www.elborweltech.com\/wp-content\/uploads\/2020\/06\/elbor-w2000-polietilen-boru-alin-kaynak-makinasi-other-4-600x380.jpg 600w, https:\/\/www.elborweltech.com\/wp-content\/uploads\/2020\/06\/elbor-w2000-polietilen-boru-alin-kaynak-makinasi-other-4-569x360.jpg 569w\" sizes=\"(max-width: 800px) 100vw, 800px\"><\/div><\/div><\/div><\/div><\/div><div class=\"vc_col-sm-6 wpb_column vc_column_container\"><div class=\"vc_column-inner\"><div class=\"wpb_wrapper\"><h4 class=\"w-text\"><span url class=\"w-text-h\"><span class=\"w-text-value\">W2500 \u0622\u0644\u0629 \u0644\u062d\u0627\u0645 \u0628\u0639\u0642\u0628 \u0648\u062d\u062f\u0629 \u0627\u0644\u062a\u062d\u0643\u0645 \u0627\u0644\u0647\u064a\u062f\u0631\u0648\u0644\u064a\u0643\u064a\u0629 \u0648\u0627\u0644\u0643\u0647\u0631\u0628\u0627\u0626\u064a\u0629<\/span><\/span><\/h4><div class=\"w-separator size_small\"><\/div><div class=\"wpb_text_column\"><div class=\"wpb_wrapper\"><p>\u0648\u062d\u062f\u0629 \u0627\u0644\u062a\u062d\u0643\u0645 \u0627\u0644\u0643\u0647\u0631\u0628\u0627\u0626\u064a\u0629 \u0648\u0627\u0644\u0647\u064a\u062f\u0631\u0648\u0644\u064a\u0643\u064a\u0629. \u064a\u0646\u0642\u0644 \u0627\u0644\u0643\u0647\u0631\u0628\u0627\u0621 \u0627\u0644\u0644\u0627\u0632\u0645\u0629 \u0644\u062a\u0634\u063a\u064a\u0644 \u0627\u0644\u0622\u0644\u0629 \u0625\u0644\u0649 \u0627\u0644\u0633\u062e\u0627\u0646 \u0648\u0627\u0644\u0634\u0641\u0631\u0629 \u0648\u0627\u0644\u0636\u063a\u0637 \u0627\u0644\u0647\u064a\u062f\u0631\u0648\u0644\u064a\u0643\u064a \u0625\u0644\u0649 \u0627\u0644\u0645\u0627\u0643\u064a\u0646\u0629 \u0627\u0644\u0631\u0626\u064a\u0633\u064a\u0629. \u064a\u062a\u0645 \u062a\u0634\u063a\u064a\u0644 \u0648\u062d\u062f\u0629 \u0627\u0644\u062a\u062d\u0643\u0645 \u0639\u0646 \u0637\u0631\u064a\u0642 \u0627\u0644\u062a\u062d\u0643\u0645 \u0627\u0644\u064a\u062f\u0648\u064a. \u0647\u0646\u0627\u0643 \u0623\u0631\u0628\u0639\u0629 \u0623\u0632\u0631\u0627\u0631 \u0648\u0645\u0641\u062a\u0627\u062d \u0641\u064a \u0627\u0644\u062a\u062d\u0643\u0645 \u0627\u0644\u064a\u062f\u0648\u064a. \u062a\u0642\u0648\u0645 \u0627\u0644\u0623\u0632\u0631\u0627\u0631 \u0628\u062a\u062d\u0631\u064a\u0643 \u0627\u0644\u0645\u0634\u0627\u0628\u0643 \u0627\u0644\u0645\u062a\u062d\u0631\u0643\u0629 \u0630\u0647\u0627\u0628\u064b\u0627 \u0648\u0625\u064a\u0627\u0628\u064b\u0627. \u0627\u0644\u0645\u0641\u062a\u0627\u062d \u064a\u0642\u0648\u0645 \u0628\u062a\u0634\u063a\u064a\u0644 \u0645\u0627\u0643\u064a\u0646\u0629 \u0627\u0644\u062d\u0644\u0627\u0642\u0629.<\/p>\n<\/div><\/div><\/div><\/div><\/div><\/div><\/div><\/div><\/div><div class=\"w-tabs-section\" id=\"yaf5\"><button class=\"w-tabs-section-header with_icon\" aria-controls=\"content-yaf5\" aria-expanded=\"false\"><i class=\"fad fa-list\"><\/i><div class=\"w-tabs-section-title\">\u0627\u0644\u0645\u0648\u0627\u0635\u0641\u0627\u062a \u0627\u0644\u0641\u0646\u064a\u0629<\/div><div class=\"w-tabs-section-control\"><\/div><\/button><div  class=\"w-tabs-section-content\" id=\"content-yaf5\"><div class=\"w-tabs-section-content-h i-cf\"><div class=\"wpb_text_column\"><div class=\"wpb_wrapper\"><div id=\"g1-table-1\" class=\"g1-table g1-table--solid \">\n<table>\n<thead>\n<tr>\n<th>Teknik \u00d6zellikler \/ Technical Specifications<\/th>\n<\/tr>\n<\/thead>\n<tbody>\n<tr>\n<td>Kaynak \u00c7ap\u0131 \/ Welding Range<\/td>\n<td><strong>\u00d8 2000 mm \u2013 \u00d8 2500 mm<\/strong><br \/>\n(\u00d81800 mm, \u00d82000 mm, \u00d82200 mm,\u00d82400mm,\u00d82500 mm)<\/td>\n<\/tr>\n<tr>\n<td>Malzeme Cinsi \/ Pipe Types to Weld<\/td>\n<td>PE \u2013 PP \u2013 PVDF<\/td>\n<\/tr>\n<tr>\n<td>Boru Max. Bas\u0131n\u00e7 \/ Pipe Max. Pressure<\/td>\n<td>PN10<\/td>\n<\/tr>\n<tr>\n<td>Is\u0131t\u0131c\u0131 Elektrik G\u00fcc\u00fc \/ Heater Electric Power<\/td>\n<td>380 V \u2013 80 kW<\/td>\n<\/tr>\n<tr>\n<td>Tra\u015flay\u0131c\u0131 Elektrik G\u00fcc\u00fc \/ Trimmer Electric Power<\/td>\n<td>380 V \u2013 11 kW<\/td>\n<\/tr>\n<tr>\n<td>Hidrolik G\u00fcc\u00fc \/ Power of Hydraulic Unit<\/td>\n<td>380 V \u2013 5,5 kW<\/td>\n<\/tr>\n<tr>\n<td>Elektrik Sistemi \/ Electric System<\/td>\n<td>Trifaze \/ Triple Phase<\/td>\n<\/tr>\n<tr>\n<td>Toplam Elektrik Sarfiyat\u0131 \/ Total Electricity Consumption<\/td>\n<td>96,5 kW<\/td>\n<\/tr>\n<tr>\n<td>\u00c7al\u0131\u015fma Bas\u0131nc\u0131 \/ Operating Pressure<\/td>\n<td>270 Bar<\/td>\n<\/tr>\n<tr>\n<td>Gerekli Olan Jenerat\u00f6r G\u00fcc\u00fc \/ Required Generator Power<\/td>\n<td>120 kVA<\/td>\n<\/tr>\n<tr>\n<td>\u00c7al\u0131\u015fma S\u0131cakl\u0131\u011f\u0131 \/ Working Temperature<\/td>\n<td>(-10 C\u00b0 ~ + 40 C\u00b0)<\/td>\n<\/tr>\n<tr>\n<td>Hidrolik Ya\u011f\u0131 \/ Hydraulic Oil<\/td>\n<td>Hydraulic 46 \/ 6 lt<\/td>\n<\/tr>\n<\/tbody>\n<\/table>\n<\/div>\n<div id=\"g1-table-2\" class=\"g1-table g1-table--solid \">\n<table>\n<thead>\n<tr>\n<th>\u0130\u00e7indekiler \/ Content<\/th>\n<\/tr>\n<\/thead>\n<tbody>\n<tr>\n<td>Kullan\u0131m K\u0131lavuzu \/ User Manual<\/td>\n<td>1 ad\/ pcs<\/td>\n<\/tr>\n<tr>\n<td>Ana G\u00f6vde \/ Main Body<\/td>\n<td>1 ad\/ pcs<\/td>\n<\/tr>\n<tr>\n<td>Tra\u015flay\u0131c\u0131 \/ Trimmer<\/td>\n<td>1 ad\/ pcs<\/td>\n<\/tr>\n<tr>\n<td>Is\u0131t\u0131c\u0131 \/ Heater<\/td>\n<td>1 ad\/ pcs<\/td>\n<\/tr>\n<tr>\n<td>Muhafaza ve Destek Kutusu \/ Protective Casing<\/td>\n<td>1 ad\/ pcs<\/td>\n<\/tr>\n<tr>\n<td>Pafta \/ Stuffer<\/td>\n<td>32 ad\/ pcs<\/td>\n<\/tr>\n<tr>\n<td>Tak\u0131m \u00c7antas\u0131 \/ Tool Bag<\/td>\n<td>1 ad \/ pcs<\/td>\n<\/tr>\n<\/tbody>\n<\/table>\n<\/div>\n<div id=\"g1-table-3\" class=\"g1-table g1-table--solid \">\n<table>\n<thead>\n<tr>\n<th>Paketleme Detaylar\u0131 \/ Packaging Details<\/th>\n<\/tr>\n<\/thead>\n<tbody>\n<tr>\n<td>Ambalaj\u0131n Cinsi \/ Type of Package<\/td>\n<td>A\u00e7\u0131k-Stre\u00e7 \/ Open-Stretch<\/td>\n<\/tr>\n<tr>\n<td>Kap Adedi \/ Number of Packages<\/td>\n<td>3 paket \/ pack<\/td>\n<\/tr>\n<tr>\n<td>Ebatlar \/ Dimensions<\/td>\n<td>2,50 x 3,50 x 3,50<br \/>\n1,70 x 3,40 x 3,30<\/td>\n<\/tr>\n<tr>\n<td>Toplam Hacim \/ Total Volume<\/td>\n<td>49,69 m3<\/td>\n<\/tr>\n<tr>\n<td>Toplam Net A\u011f\u0131rl\u0131k \/ Total Net Weight<\/td>\n<td>9.500 kg<\/td>\n<\/tr>\n<tr>\n<td>Toplam Br\u00fct A\u011f\u0131rl\u0131k \/ Total Gross Weight<\/td>\n<td>9.600 kg<\/td>\n<\/tr>\n<\/tbody>\n<\/table>\n<\/div>\n<\/div><\/div><\/div><\/div><\/div><div class=\"w-tabs-section\" id=\"1593366363270-4d7a9db0-18a4899c-c303\"><button class=\"w-tabs-section-header with_icon\" aria-controls=\"content-1593366363270-4d7a9db0-18a4899c-c303\" aria-expanded=\"false\"><i class=\"fad fa-file-pdf\"><\/i><div class=\"w-tabs-section-title\">\u062f\u0644\u064a\u0644 \u0627\u0644\u0645\u0633\u062a\u062e\u062f\u0645<\/div><div class=\"w-tabs-section-control\"><\/div><\/button><div  class=\"w-tabs-section-content\" id=\"content-1593366363270-4d7a9db0-18a4899c-c303\"><div class=\"w-tabs-section-content-h i-cf\"><div class=\"w-separator size_medium\"><\/div><\/div><\/div><\/div><\/div><\/div><\/div><\/div><\/div><\/div><\/div><\/section>\n","protected":false},"excerpt":{"rendered":"<p>\u064a\u062a\u0645 \u0627\u0633\u062a\u062e\u062f\u0627\u0645\u0647 \u0644\u0644\u062d\u0627\u0645 1800 &#8211; 2000 &#8211; 2200 &#8211; 2400 &#8211; 2500 \u0645\u0645 \u0628\u0623\u0642\u0637\u0627\u0631 PE &#8211; PP &#8211; PVDF \u0648\u0627\u0644\u062a\u062c\u0647\u064a\u0632\u0627\u062a \u062d\u062a\u0649 10 \u0628\u0627\u0631. \u0625\u0646\u0647 \u064a\u0648\u0641\u0631 \u0644\u062d\u0627\u0645\u064b\u0627 \u0642\u0648\u064a\u064b\u0627 \u0648\u0633\u0647\u0644\u064b\u0627 \u0648\u0645\u062a\u0633\u0644\u0633\u0644\u064b\u0627 \u0645\u0639 \u0623\u0642\u0635\u0631 \u0639\u0645\u0644\u064a\u0629 \u0625\u0639\u062f\u0627\u062f \u0648\u0641\u0642\u064b\u0627 \u0644\u0644\u0645\u0639\u0627\u064a\u064a\u0631 \u0627\u0644\u062f\u0648\u0644\u064a\u0629 ISO 12176-1. \u064a\u0648\u0641\u0631 \u0633\u0647\u0648\u0644\u0629 \u0627\u0644\u0627\u0633\u062a\u062e\u062f\u0627\u0645 \u0628\u0641\u0636\u0644 \u0647\u064a\u0643\u0644\u0647 \u0627\u0644\u062e\u0641\u064a\u0641. \u0623\u0642\u0635\u0649 \u0636\u063a\u0637 \u0639\u0645\u0644 \u0645\u0635\u0645\u0645 \u0639\u0644\u0649 \u0623\u0646\u0647 200 \u0628\u0627\u0631. \u0625\u0646\u0647\u0627 \u0645\u0646\u0627\u0633\u0628\u0629 \u0644\u0644\u062a\u0634\u063a\u064a\u0644 \u0641\u064a \u062f\u0631\u062c\u0629 \u062d\u0631\u0627\u0631\u0629 \u0645\u062d\u064a\u0637\u0629 \u062a\u0635\u0644 \u0625\u0644\u0649 -10 \u062f\u0631\u062c\u0629 \u0645\u0626\u0648\u064a\u0629 ~ + 40 \u062f\u0631\u062c\u0629 \u0645\u0626\u0648\u064a\u0629.<\/p>\n","protected":false},"featured_media":9618,"comment_status":"open","ping_status":"closed","template":"","meta":[],"product_cat":[245],"product_tag":[],"_links":{"self":[{"href":"https:\/\/www.elborweltech.com\/ar\/wp-json\/wp\/v2\/product\/13067"}],"collection":[{"href":"https:\/\/www.elborweltech.com\/ar\/wp-json\/wp\/v2\/product"}],"about":[{"href":"https:\/\/www.elborweltech.com\/ar\/wp-json\/wp\/v2\/types\/product"}],"replies":[{"embeddable":true,"href":"https:\/\/www.elborweltech.com\/ar\/wp-json\/wp\/v2\/comments?post=13067"}],"wp:featuredmedia":[{"embeddable":true,"href":"https:\/\/www.elborweltech.com\/ar\/wp-json\/wp\/v2\/media\/9618"}],"wp:attachment":[{"href":"https:\/\/www.elborweltech.com\/ar\/wp-json\/wp\/v2\/media?parent=13067"}],"wp:term":[{"taxonomy":"product_cat","embeddable":true,"href":"https:\/\/www.elborweltech.com\/ar\/wp-json\/wp\/v2\/product_cat?post=13067"},{"taxonomy":"product_tag","embeddable":true,"href":"https:\/\/www.elborweltech.com\/ar\/wp-json\/wp\/v2\/product_tag?post=13067"}],"curies":[{"name":"wp","href":"https:\/\/api.w.org\/{rel}","templated":true}]}}