{"id":13072,"date":"2020-06-29T12:58:57","date_gmt":"2020-06-29T09:58:57","guid":{"rendered":"https:\/\/www.elborweltech.com\/product\/cnc-w1200-plastic-pipes-hydraulic-butt-welding-machine\/"},"modified":"2022-11-09T14:41:44","modified_gmt":"2022-11-09T11:41:44","slug":"%d9%85%d8%a7%d9%83%d9%8a%d9%86%d8%a9-%d9%84%d8%ad%d8%a7%d9%85-%d8%a7%d9%84%d8%a3%d9%86%d8%a7%d8%a8%d9%8a%d8%a8-%d8%a7%d9%84%d8%a8%d9%84%d8%a7%d8%b3%d8%aa%d9%8a%d9%83%d9%8a%d8%a9-%d8%a7%d9%84%d9%87-4","status":"publish","type":"product","link":"https:\/\/www.elborweltech.com\/ar\/product\/%d9%85%d8%a7%d9%83%d9%8a%d9%86%d8%a9-%d9%84%d8%ad%d8%a7%d9%85-%d8%a7%d9%84%d8%a3%d9%86%d8%a7%d8%a8%d9%8a%d8%a8-%d8%a7%d9%84%d8%a8%d9%84%d8%a7%d8%b3%d8%aa%d9%8a%d9%83%d9%8a%d8%a9-%d8%a7%d9%84%d9%87-4\/","title":{"rendered":"W1200 CNC \u0645\u0627\u0643\u064a\u0646\u0629 \u0644\u062d\u0627\u0645 \u0627\u0644\u0623\u0646\u0627\u0628\u064a\u0628 \u0627\u0644\u0628\u0644\u0627\u0633\u062a\u064a\u0643\u064a\u0629 \u0627\u0644\u0647\u064a\u062f\u0631\u0648\u0644\u064a\u0643\u064a\u0629"},"content":{"rendered":"<section class=\"l-section wpb_row height_auto\"><div class=\"l-section-h i-cf\"><div class=\"g-cols vc_row via_flex valign_top type_default stacking_default\"><div class=\"vc_col-sm-12 wpb_column vc_column_container\"><div class=\"vc_column-inner\"><div class=\"wpb_wrapper\"><div class=\"w-tabs layout_hor style_trendy switch_click has_scrolling\" style=\"--sections-title-size:1em\"><div class=\"w-tabs-list items_3 align_none\"><div class=\"w-tabs-list-h\"><button class=\"w-tabs-item active with_icon\" aria-controls=\"content-f266\" aria-expanded=\"false\"><i class=\"fad fa-file-alt\"><\/i><span class=\"w-tabs-item-title\">\u0627\u0644\u0645\u0644\u0627\u0645\u062d \u0627\u0644\u0639\u0627\u0645\u0629<\/span><\/button><button class=\"w-tabs-item with_icon\" aria-controls=\"content-ud14\" aria-expanded=\"false\"><i class=\"fad fa-list\"><\/i><span class=\"w-tabs-item-title\">\u0627\u0644\u0645\u0648\u0627\u0635\u0641\u0627\u062a \u0627\u0644\u0641\u0646\u064a\u0629<\/span><\/button><a class=\"w-tabs-item with_icon\" aria-controls=\"content-vf31\" aria-expanded=\"false\" href=\"https:\/\/www.elborweltech.com\/wp-content\/uploads\/2020\/09\/OK-CNC-W1200-USER-MANUEL.pdf\"><i class=\"fad fa-file-pdf\"><\/i><span class=\"w-tabs-item-title\">\u062f\u0644\u064a\u0644 \u0627\u0644\u0645\u0633\u062a\u062e\u062f\u0645<\/span><\/a><\/div><\/div><div class=\"w-tabs-sections titles-align_none icon_chevron cpos_right\"><div class=\"w-tabs-section active\" id=\"f266\"><button class=\"w-tabs-section-header active with_icon\" aria-controls=\"content-f266\" aria-expanded=\"true\"><i class=\"fad fa-file-alt\"><\/i><div class=\"w-tabs-section-title\">\u0627\u0644\u0645\u0644\u0627\u0645\u062d \u0627\u0644\u0639\u0627\u0645\u0629<\/div><div class=\"w-tabs-section-control\"><\/div><\/button><div  class=\"w-tabs-section-content\" id=\"content-f266\"><div class=\"w-tabs-section-content-h i-cf\"><div class=\"g-cols wpb_row via_flex valign_top type_default stacking_default\"><div class=\"vc_col-sm-6 wpb_column vc_column_container\"><div class=\"vc_column-inner\"><div class=\"wpb_wrapper\"><div class=\"w-image align_none\"><div url class=\"w-image-h\"><img width=\"800\" height=\"506\" src=\"https:\/\/www.elborweltech.com\/wp-content\/uploads\/2020\/06\/elbor-w1200-polietilen-boru-alin-kaynak-makinasi-other-1.jpg\" class=\"attachment-full size-full\" alt=\"\" decoding=\"async\" loading=\"lazy\" srcset=\"https:\/\/www.elborweltech.com\/wp-content\/uploads\/2020\/06\/elbor-w1200-polietilen-boru-alin-kaynak-makinasi-other-1.jpg 800w, https:\/\/www.elborweltech.com\/wp-content\/uploads\/2020\/06\/elbor-w1200-polietilen-boru-alin-kaynak-makinasi-other-1-300x190.jpg 300w, https:\/\/www.elborweltech.com\/wp-content\/uploads\/2020\/06\/elbor-w1200-polietilen-boru-alin-kaynak-makinasi-other-1-600x380.jpg 600w, https:\/\/www.elborweltech.com\/wp-content\/uploads\/2020\/06\/elbor-w1200-polietilen-boru-alin-kaynak-makinasi-other-1-569x360.jpg 569w\" sizes=\"(max-width: 800px) 100vw, 800px\"><\/div><\/div><\/div><\/div><\/div><div class=\"vc_col-sm-6 wpb_column vc_column_container\"><div class=\"vc_column-inner\"><div class=\"wpb_wrapper\"><h4 class=\"w-text\"><span url class=\"w-text-h\"><span class=\"w-text-value\">CNC W1200 \u0622\u0644\u0629 \u0644\u062d\u0627\u0645 \u0628\u0639\u0642\u0628 \u0627\u0644\u062c\u0633\u0645<\/span><\/span><\/h4><div class=\"w-separator size_small\"><\/div><div class=\"wpb_text_column\"><div class=\"wpb_wrapper\"><p>Ana g\u00f6vde, \u00fczerinde bulunan iki adet hareketli ve iki adet sabit kelep\u00e7e ile kaynak i\u015flemi yap\u0131lacak plastik borulara destek olarak, sabitlenmesini ve merkezlenmesini sa\u011flamaktad\u0131r.<\/p>\n<p>Sisteme hidrolik bas\u0131n\u00e7 kuvveti uygulan\u0131r. Ta\u015f\u0131y\u0131c\u0131 mil \u00fczerinde bulunan iki adet piston ile bu kuvvet hareketli kelep\u00e7eleri ileri ve geri y\u00f6nlendirerek, kaynak i\u015fleminin ger\u00e7ekle\u015fmesi i\u00e7in gereken hareketi sa\u011flar.<\/p>\n<\/div><\/div><\/div><\/div><\/div><\/div><div class=\"w-separator size_small with_line width_default thick_1 style_solid color_border align_center\"><div class=\"w-separator-h\"><\/div><\/div><div class=\"g-cols wpb_row via_flex valign_top type_default stacking_default\"><div class=\"vc_col-sm-6 wpb_column vc_column_container\"><div class=\"vc_column-inner\"><div class=\"wpb_wrapper\"><div class=\"w-image align_none\"><div url class=\"w-image-h\"><img width=\"800\" height=\"506\" src=\"https:\/\/www.elborweltech.com\/wp-content\/uploads\/2020\/06\/elbor-w1200-polietilen-boru-alin-kaynak-makinasi-other-2.jpg\" class=\"attachment-full size-full\" alt=\"\" decoding=\"async\" loading=\"lazy\" srcset=\"https:\/\/www.elborweltech.com\/wp-content\/uploads\/2020\/06\/elbor-w1200-polietilen-boru-alin-kaynak-makinasi-other-2.jpg 800w, https:\/\/www.elborweltech.com\/wp-content\/uploads\/2020\/06\/elbor-w1200-polietilen-boru-alin-kaynak-makinasi-other-2-300x190.jpg 300w, https:\/\/www.elborweltech.com\/wp-content\/uploads\/2020\/06\/elbor-w1200-polietilen-boru-alin-kaynak-makinasi-other-2-600x380.jpg 600w, https:\/\/www.elborweltech.com\/wp-content\/uploads\/2020\/06\/elbor-w1200-polietilen-boru-alin-kaynak-makinasi-other-2-569x360.jpg 569w\" sizes=\"(max-width: 800px) 100vw, 800px\"><\/div><\/div><\/div><\/div><\/div><div class=\"vc_col-sm-6 wpb_column vc_column_container\"><div class=\"vc_column-inner\"><div class=\"wpb_wrapper\"><h4 class=\"w-text\"><span url class=\"w-text-h\"><span class=\"w-text-value\">CNC W1200 \u0622\u0644\u0629 \u0644\u062d\u0627\u0645 \u0628\u0639\u0642\u0628 \u0627\u0644\u0627\u0646\u062a\u0647\u0627\u0632\u064a<\/span><\/span><\/h4><div class=\"w-separator size_small\"><\/div><div class=\"wpb_text_column\"><div class=\"wpb_wrapper\"><p>Sa\u011f ve sol taraf\u0131nda bulunan iki d\u00f6ner kanat ve bu kanatlar \u00fczerinde bulunan kesici b\u0131\u00e7aklar ile ana g\u00f6vde \u00fczerine sabitlenmi\u015f ve merkezlenmi\u015f borular\u0131n, \u0131s\u0131tma i\u015fleminden \u00f6nce al\u0131n temizli\u011fini yapan ve \u0131s\u0131tmaya haz\u0131r hale getiren al\u0131n kaynak makinesi eleman\u0131d\u0131r.<\/p>\n<p>Tra\u015flay\u0131c\u0131n\u0131n d\u00f6ner hareketi, \u00fczerinde bulunan motor ve red\u00fckt\u00f6r grubu taraf\u0131ndan sa\u011flan\u0131r.<\/p>\n<p>CNC W1200 Al\u0131n Kaynak Makinesi tra\u015flama \u00fcnitesi \u00e7apaks\u0131z ve birbirine paralel boru y\u00fczeyleri olu\u015fturur.<\/p>\n<\/div><\/div><\/div><\/div><\/div><\/div><div class=\"w-separator size_small with_line width_default thick_1 style_solid color_border align_center\"><div class=\"w-separator-h\"><\/div><\/div><div class=\"g-cols wpb_row via_flex valign_top type_default stacking_default\"><div class=\"vc_col-sm-6 wpb_column vc_column_container\"><div class=\"vc_column-inner\"><div class=\"wpb_wrapper\"><div class=\"w-image align_none\"><div url class=\"w-image-h\"><img width=\"800\" height=\"506\" src=\"https:\/\/www.elborweltech.com\/wp-content\/uploads\/2020\/06\/elbor-w1200-polietilen-boru-alin-kaynak-makinasi-other-3.jpg\" class=\"attachment-full size-full\" alt=\"\" decoding=\"async\" loading=\"lazy\" srcset=\"https:\/\/www.elborweltech.com\/wp-content\/uploads\/2020\/06\/elbor-w1200-polietilen-boru-alin-kaynak-makinasi-other-3.jpg 800w, https:\/\/www.elborweltech.com\/wp-content\/uploads\/2020\/06\/elbor-w1200-polietilen-boru-alin-kaynak-makinasi-other-3-300x190.jpg 300w, https:\/\/www.elborweltech.com\/wp-content\/uploads\/2020\/06\/elbor-w1200-polietilen-boru-alin-kaynak-makinasi-other-3-600x380.jpg 600w, https:\/\/www.elborweltech.com\/wp-content\/uploads\/2020\/06\/elbor-w1200-polietilen-boru-alin-kaynak-makinasi-other-3-569x360.jpg 569w\" sizes=\"(max-width: 800px) 100vw, 800px\"><\/div><\/div><\/div><\/div><\/div><div class=\"vc_col-sm-6 wpb_column vc_column_container\"><div class=\"vc_column-inner\"><div class=\"wpb_wrapper\"><h4 class=\"w-text\"><span url class=\"w-text-h\"><span class=\"w-text-value\">CNC W1200 \u0622\u0644\u0629 \u0644\u062d\u0627\u0645 \u0628\u0639\u0642\u0628 \u0633\u062e\u0627\u0646<\/span><\/span><\/h4><div class=\"w-separator size_small\"><\/div><div class=\"wpb_text_column\"><div class=\"wpb_wrapper\"><p>Tra\u015flama i\u015flemi ile istenilen p\u00fcr\u00fczl\u00fcl\u00fc\u011fe getirilen boru al\u0131n y\u00fczeylerini \u0131s\u0131tma plakas\u0131yla \u0131s\u0131tarak birle\u015ftirme i\u015flemine haz\u0131rlayan al\u0131n kaynak makinas\u0131 eleman\u0131d\u0131r.<\/p>\n<p>Is\u0131t\u0131c\u0131n\u0131n \u0131s\u0131 derece ayar\u0131 \u0131s\u0131t\u0131c\u0131 plakas\u0131 \u00fczerinde bulunan dijital \u0131s\u0131 ayar termostat\u0131 ile yap\u0131lmaktad\u0131r.<\/p>\n<\/div><\/div><\/div><\/div><\/div><\/div><div class=\"w-separator size_small with_line width_default thick_1 style_solid color_border align_center\"><div class=\"w-separator-h\"><\/div><\/div><div class=\"g-cols wpb_row via_flex valign_top type_default stacking_default\"><div class=\"vc_col-sm-6 wpb_column vc_column_container\"><div class=\"vc_column-inner\"><div class=\"wpb_wrapper\"><div class=\"w-image align_none\"><div url class=\"w-image-h\"><img width=\"800\" height=\"506\" src=\"https:\/\/www.elborweltech.com\/wp-content\/uploads\/2020\/06\/elbor-w1200-polietilen-boru-cnc-alin-kaynak-makinasi.jpg\" class=\"attachment-full size-full\" alt=\"\" decoding=\"async\" loading=\"lazy\" srcset=\"https:\/\/www.elborweltech.com\/wp-content\/uploads\/2020\/06\/elbor-w1200-polietilen-boru-cnc-alin-kaynak-makinasi.jpg 800w, https:\/\/www.elborweltech.com\/wp-content\/uploads\/2020\/06\/elbor-w1200-polietilen-boru-cnc-alin-kaynak-makinasi-300x190.jpg 300w, https:\/\/www.elborweltech.com\/wp-content\/uploads\/2020\/06\/elbor-w1200-polietilen-boru-cnc-alin-kaynak-makinasi-600x380.jpg 600w, https:\/\/www.elborweltech.com\/wp-content\/uploads\/2020\/06\/elbor-w1200-polietilen-boru-cnc-alin-kaynak-makinasi-569x360.jpg 569w\" sizes=\"(max-width: 800px) 100vw, 800px\"><\/div><\/div><\/div><\/div><\/div><div class=\"vc_col-sm-6 wpb_column vc_column_container\"><div class=\"vc_column-inner\"><div class=\"wpb_wrapper\"><h4 class=\"w-text\"><span url class=\"w-text-h\"><span class=\"w-text-value\">CNC W1200 \u0622\u0644\u0629 \u0644\u062d\u0627\u0645 \u0628\u0639\u0642\u0628 \u0648\u062d\u062f\u0629 \u0627\u0644\u062a\u062d\u0643\u0645 \u0627\u0644\u0647\u064a\u062f\u0631\u0648\u0644\u064a\u0643\u064a\u0629 \u0648\u0627\u0644\u0643\u0647\u0631\u0628\u0627\u0626\u064a\u0629<\/span><\/span><\/h4><div class=\"w-separator size_small\"><\/div><div class=\"wpb_text_column\"><div class=\"wpb_wrapper\"><p>Elektrik ve hidrolik kontrol \u00fcnitesi; makinenin \u00e7al\u0131\u015fmas\u0131 i\u00e7in gerekli olan elektri\u011fi \u0131s\u0131t\u0131c\u0131 ve tra\u015flay\u0131c\u0131ya hidrolik bas\u0131nc\u0131 ise ana makineye iletir.<\/p>\n<p>Kontrol \u00fcnitesi el kumandas\u0131 vas\u0131tas\u0131 ile \u00e7al\u0131\u015ft\u0131r\u0131l\u0131r. El kumandas\u0131n\u0131n \u00fczerinde d\u00f6rt buton ve bir anahtar vard\u0131r. Butonlar hareketli k\u0131ska\u00e7lar\u0131 ileri ve geri hareket ettirir. Anahtar ise tra\u015flay\u0131c\u0131y\u0131 \u00e7al\u0131\u015ft\u0131r\u0131r.<\/p>\n<\/div><\/div><\/div><\/div><\/div><\/div><div class=\"w-separator size_small with_line width_default thick_1 style_solid color_border align_center\"><div class=\"w-separator-h\"><\/div><\/div><div class=\"g-cols wpb_row via_flex valign_top type_default stacking_default\"><div class=\"vc_col-sm-6 wpb_column vc_column_container\"><div class=\"vc_column-inner\"><div class=\"wpb_wrapper\"><div class=\"w-image align_none\"><div url class=\"w-image-h\"><img width=\"800\" height=\"506\" src=\"https:\/\/www.elborweltech.com\/wp-content\/uploads\/2020\/06\/elbor-w1200-polietilen-boru-alin-kaynak-makinasi-other-5.jpg\" class=\"attachment-full size-full\" alt=\"\" decoding=\"async\" loading=\"lazy\" srcset=\"https:\/\/www.elborweltech.com\/wp-content\/uploads\/2020\/06\/elbor-w1200-polietilen-boru-alin-kaynak-makinasi-other-5.jpg 800w, https:\/\/www.elborweltech.com\/wp-content\/uploads\/2020\/06\/elbor-w1200-polietilen-boru-alin-kaynak-makinasi-other-5-300x190.jpg 300w, https:\/\/www.elborweltech.com\/wp-content\/uploads\/2020\/06\/elbor-w1200-polietilen-boru-alin-kaynak-makinasi-other-5-600x380.jpg 600w, https:\/\/www.elborweltech.com\/wp-content\/uploads\/2020\/06\/elbor-w1200-polietilen-boru-alin-kaynak-makinasi-other-5-569x360.jpg 569w\" sizes=\"(max-width: 800px) 100vw, 800px\"><\/div><\/div><\/div><\/div><\/div><div class=\"vc_col-sm-6 wpb_column vc_column_container\"><div class=\"vc_column-inner\"><div class=\"wpb_wrapper\"><h4 class=\"w-text\"><span url class=\"w-text-h\"><span class=\"w-text-value\">CNC W1200 \u0622\u0644\u0629 \u0644\u062d\u0627\u0645 \u0622\u0644\u0629 \u0627\u0644\u0636\u0645\u064a\u0645\u0629 \u0645\u0631\u0628\u0639<\/span><\/span><\/h4><div class=\"w-separator size_small\"><\/div><div class=\"wpb_text_column\"><div class=\"wpb_wrapper\"><p>\u064a\u0645\u0646\u0639 \u0627\u0644\u063a\u0644\u0627\u0641 \u0648\u0635\u0646\u062f\u0648\u0642 \u0627\u0644\u062f\u0639\u0645 \u0641\u0642\u062f\u0627\u0646 \u0627\u0644\u062d\u0631\u0627\u0631\u0629 \u0645\u0646 \u0627\u0644\u0633\u062e\u0627\u0646 \u060c \u0648\u062a\u062f\u0639\u0645 \u0623\u062f\u0627\u0629 \u0627\u0644\u062a\u0634\u0630\u064a\u0628 \u0627\u0644\u0633\u062e\u0627\u0646 \u0636\u062f \u0627\u0644\u062a\u0623\u062b\u064a\u0631\u0627\u062a \u0627\u0644\u062e\u0627\u0631\u062c\u064a\u0629 (\u0627\u0644\u0635\u062f\u0645\u0627\u062a \u0648\u0627\u0644\u0645\u0627\u0621 \u0648\u0645\u0627 \u0625\u0644\u0649 \u0630\u0644\u0643).<\/p>\n<\/div><\/div><\/div><\/div><\/div><\/div><\/div><\/div><\/div><div class=\"w-tabs-section\" id=\"ud14\"><button class=\"w-tabs-section-header with_icon\" aria-controls=\"content-ud14\" aria-expanded=\"false\"><i class=\"fad fa-list\"><\/i><div class=\"w-tabs-section-title\">\u0627\u0644\u0645\u0648\u0627\u0635\u0641\u0627\u062a \u0627\u0644\u0641\u0646\u064a\u0629<\/div><div class=\"w-tabs-section-control\"><\/div><\/button><div  class=\"w-tabs-section-content\" id=\"content-ud14\"><div class=\"w-tabs-section-content-h i-cf\"><div class=\"wpb_text_column\"><div class=\"wpb_wrapper\"><div id=\"g1-table-1\" class=\"g1-table g1-table--solid \">\n<table>\n<thead>\n<tr>\n<th>Teknik \u00d6zellikler \/ Technical Specifications<\/th>\n<\/tr>\n<\/thead>\n<tbody>\n<tr>\n<td>Kaynak \u00c7ap\u0131 \/ Welding Range<\/td>\n<td><strong>\u00d8 710 mm \u2013 \u00d8 1200 mm<\/strong><br \/>\n(\u00d8710 mm,\u00d8800 mm, \u00d8900 mm, \u00d81000 mm, \u00d81200mm)<\/td>\n<\/tr>\n<tr>\n<td>Malzeme Cinsi \/ Pipe Types to Weld<\/td>\n<td>PE \u2013 PP \u2013 PVDF<\/td>\n<\/tr>\n<tr>\n<td>Boru Max. Bas\u0131n\u00e7 \/ Pipe Max. Pressure<\/td>\n<td>PN32<\/td>\n<\/tr>\n<tr>\n<td>Is\u0131t\u0131c\u0131 Elektrik G\u00fcc\u00fc \/ Heater Electric Power<\/td>\n<td>380 V \u2013 16 kW<\/td>\n<\/tr>\n<tr>\n<td>Tra\u015flay\u0131c\u0131 Elektrik G\u00fcc\u00fc \/ Trimmer Electric Power<\/td>\n<td>380 V \u2013 3 kW<\/td>\n<\/tr>\n<tr>\n<td>Hidrolik G\u00fcc\u00fc \/ Power of Hydraulic Unit<\/td>\n<td>380 V \u2013 2,2 kW<\/td>\n<\/tr>\n<tr>\n<td>Elektrik Sistemi \/ Electric System<\/td>\n<td>Trifaze \/ Triple Phase<\/td>\n<\/tr>\n<tr>\n<td>Toplam Elektrik Sarfiyat\u0131 \/ Total Electricity Consumption<\/td>\n<td>21,20 kW<\/td>\n<\/tr>\n<tr>\n<td>\u00c7al\u0131\u015fma Bas\u0131nc\u0131 \/ Operating Pressure<\/td>\n<td>200 Bar<\/td>\n<\/tr>\n<tr>\n<td>Gerekli Olan Jenerat\u00f6r G\u00fcc\u00fc \/ Required Generator Power<\/td>\n<td>30 kVA<\/td>\n<\/tr>\n<tr>\n<td>\u00c7al\u0131\u015fma S\u0131cakl\u0131\u011f\u0131 \/ Working Temperature<\/td>\n<td>(-10 C\u00b0 ~ + 40 C\u00b0)<\/td>\n<\/tr>\n<tr>\n<td>Hidrolik Ya\u011f\u0131 \/ Hydraulic Oil<\/td>\n<td>Hydraulic 46 \/ 6 lt<\/td>\n<\/tr>\n<\/tbody>\n<\/table>\n<\/div>\n<div id=\"g1-table-2\" class=\"g1-table g1-table--solid \">\n<table>\n<thead>\n<tr>\n<th>\u0130\u00e7indekiler \/ Content<\/th>\n<\/tr>\n<\/thead>\n<tbody>\n<tr>\n<td>Kullanma Klavuzu \/ User Manual<\/td>\n<td>1 ad\/ pcs<\/td>\n<\/tr>\n<tr>\n<td>Ana G\u00f6vde \/ Main Body<\/td>\n<td>1 ad\/ pcs<\/td>\n<\/tr>\n<tr>\n<td>Tra\u015flya\u0131c\u0131 \/ Trimmer<\/td>\n<td>1 ad\/ pcs<\/td>\n<\/tr>\n<tr>\n<td>Is\u0131t\u0131c\u0131 \/ Heater<\/td>\n<td>1 ad\/ pcs<\/td>\n<\/tr>\n<tr>\n<td>Muhafaza ve Destek Kutusu \/ Protective Casing<\/td>\n<td>1 ad\/ pcs<\/td>\n<\/tr>\n<tr>\n<td>Pafta \/ Stuffer<\/td>\n<td>16 ad\/ pcs<\/td>\n<\/tr>\n<tr>\n<td>Tak\u0131m \u00c7antas\u0131 \/ Tool Bag<\/td>\n<td>1 ad \/ pcs<\/td>\n<\/tr>\n<\/tbody>\n<\/table>\n<\/div>\n<div id=\"g1-table-3\" class=\"g1-table g1-table--solid \">\n<table>\n<thead>\n<tr>\n<th colspan=\"2\">Paketleme Detaylar\u0131 \/ Packaging Details<\/th>\n<\/tr>\n<\/thead>\n<tbody>\n<tr>\n<td>Ambalaj\u0131n Cinsi \/ Type of Package<\/td>\n<td>A\u00e7\u0131k-Stre\u00e7 \/ Open-Stretch<\/td>\n<\/tr>\n<tr>\n<td>Kap Adedi \/ Number of Packages<\/td>\n<td>2 paket \/ pack<\/td>\n<\/tr>\n<tr>\n<td>Ebatlar \/ Dimensions<\/td>\n<td>1,70 x 1,82 x 1,82<br \/>\n0,63 x 1,88 x 1,89<\/td>\n<\/tr>\n<tr>\n<td>Toplam Hacim \/ Total Volume<\/td>\n<td>7,87 m3<\/td>\n<\/tr>\n<tr>\n<td>Toplam Net A\u011f\u0131rl\u0131k \/ Total Net Weight<\/td>\n<td>2.580 kg<\/td>\n<\/tr>\n<tr>\n<td>Toplam Br\u00fct A\u011f\u0131rl\u0131k \/ Total Gross Weight<\/td>\n<td>2.580 kg<\/td>\n<\/tr>\n<\/tbody>\n<\/table>\n<\/div>\n<\/div><\/div><\/div><\/div><\/div><div class=\"w-tabs-section\" id=\"vf31\"><button class=\"w-tabs-section-header with_icon\" aria-controls=\"content-vf31\" aria-expanded=\"false\"><i class=\"fad fa-file-pdf\"><\/i><div class=\"w-tabs-section-title\">\u062f\u0644\u064a\u0644 \u0627\u0644\u0645\u0633\u062a\u062e\u062f\u0645<\/div><div class=\"w-tabs-section-control\"><\/div><\/button><div  class=\"w-tabs-section-content\" id=\"content-vf31\"><div class=\"w-tabs-section-content-h i-cf\"><div class=\"w-separator size_medium\"><\/div><\/div><\/div><\/div><\/div><\/div><div class=\"w-separator size_small with_line width_default thick_1 style_solid color_border align_center\"><div class=\"w-separator-h\"><\/div><\/div><\/div><\/div><\/div><\/div><\/div><\/section>\n","protected":false},"excerpt":{"rendered":"<p>\u064a\u062a\u0645 \u0627\u0633\u062a\u062e\u062f\u0627\u0645\u0647 \u0644\u0644\u062d\u0627\u0645 710 &#8211; 800 &#8211; 900 &#8211; 1000 &#8211; 1200 \u0645\u0645 \u0628\u0623\u0642\u0637\u0627\u0631 PE &#8211; PP &#8211; PVDF \u0648\u0648\u0635\u0644\u0627\u062a \u062a\u0635\u0644 \u0625\u0644\u0649 32 \u0628\u0627\u0631\u064b\u0627. \u064a\u0648\u0641\u0631 \u0644\u062d\u0627\u0645\u064b\u0627 \u0642\u0648\u064a\u064b\u0627 \u0648\u0633\u0647\u0644\u0627\u064b \u0648\u0645\u062a\u0633\u0644\u0633\u0644\u064b\u0627 \u0645\u0639 \u0623\u0642\u0635\u0631 \u0639\u0645\u0644\u064a\u0629 \u0625\u0639\u062f\u0627\u062f \u0648\u0641\u0642\u064b\u0627 \u0644\u0644\u0645\u0639\u0627\u064a\u064a\u0631 \u0627\u0644\u062f\u0648\u0644\u064a\u0629 ISO 12176-1. \u064a\u0648\u0641\u0631 \u0633\u0647\u0648\u0644\u0629 \u0627\u0644\u0627\u0633\u062a\u062e\u062f\u0627\u0645 \u0628\u0641\u0636\u0644 \u0647\u064a\u0643\u0644\u0647 \u0627\u0644\u062e\u0641\u064a\u0641. \u0623\u0642\u0635\u0649 \u0636\u063a\u0637 \u0639\u0645\u0644 \u0645\u0635\u0645\u0645 \u0639\u0644\u0649 \u0623\u0646\u0647 200 \u0628\u0627\u0631. \u0625\u0646\u0647\u0627 \u0645\u0646\u0627\u0633\u0628\u0629 \u0644\u0644\u062a\u0634\u063a\u064a\u0644 \u0641\u064a \u062f\u0631\u062c\u0629 \u062d\u0631\u0627\u0631\u0629 \u0645\u062d\u064a\u0637\u0629 \u062a\u0635\u0644 \u0625\u0644\u0649 -10 \u062f\u0631\u062c\u0629 \u0645\u0626\u0648\u064a\u0629 ~ + 40 \u062f\u0631\u062c\u0629 \u0645\u0626\u0648\u064a\u0629.<\/p>\n","protected":false},"featured_media":9454,"comment_status":"open","ping_status":"closed","template":"","meta":[],"product_cat":[249],"product_tag":[],"_links":{"self":[{"href":"https:\/\/www.elborweltech.com\/ar\/wp-json\/wp\/v2\/product\/13072"}],"collection":[{"href":"https:\/\/www.elborweltech.com\/ar\/wp-json\/wp\/v2\/product"}],"about":[{"href":"https:\/\/www.elborweltech.com\/ar\/wp-json\/wp\/v2\/types\/product"}],"replies":[{"embeddable":true,"href":"https:\/\/www.elborweltech.com\/ar\/wp-json\/wp\/v2\/comments?post=13072"}],"wp:featuredmedia":[{"embeddable":true,"href":"https:\/\/www.elborweltech.com\/ar\/wp-json\/wp\/v2\/media\/9454"}],"wp:attachment":[{"href":"https:\/\/www.elborweltech.com\/ar\/wp-json\/wp\/v2\/media?parent=13072"}],"wp:term":[{"taxonomy":"product_cat","embeddable":true,"href":"https:\/\/www.elborweltech.com\/ar\/wp-json\/wp\/v2\/product_cat?post=13072"},{"taxonomy":"product_tag","embeddable":true,"href":"https:\/\/www.elborweltech.com\/ar\/wp-json\/wp\/v2\/product_tag?post=13072"}],"curies":[{"name":"wp","href":"https:\/\/api.w.org\/{rel}","templated":true}]}}