{"id":13099,"date":"2020-06-21T15:07:07","date_gmt":"2020-06-21T12:07:07","guid":{"rendered":"https:\/\/www.elborweltech.com\/product\/hdpe100-metal-female-threaded-transition-union\/"},"modified":"2022-11-09T14:39:45","modified_gmt":"2022-11-09T11:39:45","slug":"hdpe100-%d8%a7%d9%84%d8%a7%d9%86%d8%aa%d9%82%d8%a7%d9%84-%d8%a7%d9%84%d8%af%d8%a7%d8%ae%d9%84%d9%8a-%d8%a7%d9%84%d8%ae%d9%8a%d9%88%d8%b7-%d8%a7%d9%84%d9%85%d8%b9%d8%af%d9%86%d9%8a%d8%a9","status":"publish","type":"product","link":"https:\/\/www.elborweltech.com\/ar\/product\/hdpe100-%d8%a7%d9%84%d8%a7%d9%86%d8%aa%d9%82%d8%a7%d9%84-%d8%a7%d9%84%d8%af%d8%a7%d8%ae%d9%84%d9%8a-%d8%a7%d9%84%d8%ae%d9%8a%d9%88%d8%b7-%d8%a7%d9%84%d9%85%d8%b9%d8%af%d9%86%d9%8a%d8%a9\/","title":{"rendered":"HDPE100 + \u0627\u0644\u0627\u0646\u062a\u0642\u0627\u0644 \u0627\u0644\u062f\u0627\u062e\u0644\u064a \u0627\u0644\u062e\u064a\u0648\u0637 \u0627\u0644\u0645\u0639\u062f\u0646\u064a\u0629"},"content":{"rendered":"<div id=\"g1-table-1\" class=\"g1-table g1-table--solid \">\n<table width=\"536\">\n<tbody>\n<tr>\n<td width=\"60\">d<\/td>\n<td width=\"53\">R( inch)<\/td>\n<td width=\"108\">Article No<\/td>\n<td width=\"60\">bar<\/td>\n<td width=\"60\">L<\/td>\n<td width=\"60\">Z<\/td>\n<td width=\"75\">Weight (kg)<\/td>\n<td width=\"60\">Pack (pcs)<\/td>\n<\/tr>\n<tr>\n<td>\u00d820<\/td>\n<td>1\/2&#8221;<\/td>\n<td>\u0130D001600002077<\/td>\n<td>PN16<\/td>\n<td>46<\/td>\n<td>70<\/td>\n<td>0.048<\/td>\n<td>250<\/td>\n<\/tr>\n<tr>\n<td>\u00d825<\/td>\n<td>3\/4&#8221;<\/td>\n<td>\u0130D001600002577<\/td>\n<td>PN16<\/td>\n<td>45<\/td>\n<td>71<\/td>\n<td>0.076<\/td>\n<td>150<\/td>\n<\/tr>\n<tr>\n<td>\u00d832<\/td>\n<td>1&#8221;<\/td>\n<td>\u0130D001600003277<\/td>\n<td>PN16<\/td>\n<td>47<\/td>\n<td>81<\/td>\n<td>0.138<\/td>\n<td>100<\/td>\n<\/tr>\n<tr>\n<td>\u00d840<\/td>\n<td>1\u00a0 1\/4&#8221;<\/td>\n<td>\u0130D001600004077<\/td>\n<td>PN16<\/td>\n<td>56<\/td>\n<td>100<\/td>\n<td>0.307<\/td>\n<td>60<\/td>\n<\/tr>\n<tr>\n<td>\u00d850<\/td>\n<td>1\u00a0 1\/2&#8221;<\/td>\n<td>\u0130D001600005077<\/td>\n<td>PN16<\/td>\n<td>68<\/td>\n<td>116<\/td>\n<td>0.292<\/td>\n<td>30<\/td>\n<\/tr>\n<tr>\n<td>\u00d863<\/td>\n<td>2&#8221;<\/td>\n<td>\u0130D001600006377<\/td>\n<td>PN16<\/td>\n<td>68<\/td>\n<td>116<\/td>\n<td>0.478<\/td>\n<td>25<\/td>\n<\/tr>\n<tr>\n<td>\u00d875<\/td>\n<td>2\u00a0 1\/2&#8221;<\/td>\n<td>\u0130D001600007577<\/td>\n<td>PN16<\/td>\n<td>75<\/td>\n<td>122<\/td>\n<td>0.833<\/td>\n<td>15<\/td>\n<\/tr>\n<tr>\n<td>\u00d890<\/td>\n<td>3&#8221;<\/td>\n<td>\u0130D001600009077<\/td>\n<td>PN16<\/td>\n<td>80<\/td>\n<td>142<\/td>\n<td>1.140<\/td>\n<td>10<\/td>\n<\/tr>\n<tr>\n<td>\u00d8110<\/td>\n<td>4&#8221;<\/td>\n<td>\u0130D001600011077<\/td>\n<td>PN16<\/td>\n<td>83<\/td>\n<td>138<\/td>\n<td>1.442<\/td>\n<td>5<\/td>\n<\/tr>\n<tr>\n<td>\u00d8125<\/td>\n<td>4&#8221;<\/td>\n<td>DD001600012577<\/td>\n<td>PN16<\/td>\n<td>85<\/td>\n<td>168<\/td>\n<td>1.800<\/td>\n<td>5<\/td>\n<\/tr>\n<\/tbody>\n<\/table>\n<\/div>\n<blockquote><p>\u00a0.\u064a\u0631\u062c\u0649 \u0627\u0644\u0627\u062a\u0635\u0627\u0644 \u0628\u062e\u062f\u0645\u0629 \u0627\u0644\u0639\u0645\u0644\u0627\u0621 \u0644\u0644\u062d\u0635\u0648\u0644 \u0639\u0644\u0649 \u0645\u0639\u0644\u0648\u0645\u0627\u062a \u0627\u0644\u0645\u0646\u062a\u062c.<\/p><\/blockquote>\n","protected":false},"excerpt":{"rendered":"<p>HDPE100+ METAL \u0130\u00c7 D\u0130\u015eL\u0130 GE\u00c7\u0130\u015e<br \/>\nHDPE100+ SDR 11 (PN16) &amp; SDR 17 (PN10)<br \/>\nHDPE100+ METAL FEMALE THREADED TRANSITION UNION<br \/>\n\u041f\u042d-\u041c\u0415\u0422\u0410\u041b \u041f\u0415\u0420\u0415\u0425\u041e\u0414\u041d\u0418\u041a \u0421 \u0412\u041d\u0423\u0422\u0420\u0415\u041d\u041d\u0415\u0419 \u0420\u0415\u0417\u042c\u0411\u041e\u0419<br \/>\nStandart: TS EN 1555-3:2010 + A 1 \u2022 TS EN 12201-3 + A 1<\/p>\n","protected":false},"featured_media":8523,"comment_status":"open","ping_status":"closed","template":"","meta":[],"product_cat":[272],"product_tag":[],"_links":{"self":[{"href":"https:\/\/www.elborweltech.com\/ar\/wp-json\/wp\/v2\/product\/13099"}],"collection":[{"href":"https:\/\/www.elborweltech.com\/ar\/wp-json\/wp\/v2\/product"}],"about":[{"href":"https:\/\/www.elborweltech.com\/ar\/wp-json\/wp\/v2\/types\/product"}],"replies":[{"embeddable":true,"href":"https:\/\/www.elborweltech.com\/ar\/wp-json\/wp\/v2\/comments?post=13099"}],"wp:featuredmedia":[{"embeddable":true,"href":"https:\/\/www.elborweltech.com\/ar\/wp-json\/wp\/v2\/media\/8523"}],"wp:attachment":[{"href":"https:\/\/www.elborweltech.com\/ar\/wp-json\/wp\/v2\/media?parent=13099"}],"wp:term":[{"taxonomy":"product_cat","embeddable":true,"href":"https:\/\/www.elborweltech.com\/ar\/wp-json\/wp\/v2\/product_cat?post=13099"},{"taxonomy":"product_tag","embeddable":true,"href":"https:\/\/www.elborweltech.com\/ar\/wp-json\/wp\/v2\/product_tag?post=13099"}],"curies":[{"name":"wp","href":"https:\/\/api.w.org\/{rel}","templated":true}]}}