{"id":13101,"date":"2020-06-21T15:04:39","date_gmt":"2020-06-21T12:04:39","guid":{"rendered":"https:\/\/www.elborweltech.com\/product\/pp-covered-steel-flange-pn10-pn16\/"},"modified":"2022-11-09T14:39:44","modified_gmt":"2022-11-09T11:39:44","slug":"%d8%b4%d9%81%d8%a9-%d9%81%d9%88%d9%84%d8%a7%d8%b0%d9%8a%d8%a9-%d9%85%d8%b7%d9%84%d9%8a%d8%a9-%d8%a8%d9%80-pp-pn10-pn16-5","status":"publish","type":"product","link":"https:\/\/www.elborweltech.com\/ar\/product\/%d8%b4%d9%81%d8%a9-%d9%81%d9%88%d9%84%d8%a7%d8%b0%d9%8a%d8%a9-%d9%85%d8%b7%d9%84%d9%8a%d8%a9-%d8%a8%d9%80-pp-pn10-pn16-5\/","title":{"rendered":"\u0634\u0641\u0629 \u0641\u0648\u0644\u0627\u0630\u064a\u0629 \u0645\u0637\u0644\u064a\u0629 \u0628\u0640 PP PN10 \/ PN16.5"},"content":{"rendered":"<div class=\"row\">\n<p>&nbsp;<\/p>\n<\/div>\n<div class=\"tab-content\">\n<div id=\"tablo1\" class=\"tab-pane fade in active\" role=\"tabpanel\">\n<table border=\"0\" cellspacing=\"0\" cellpadding=\"0\">\n<tbody>\n<tr>\n<td>d<\/td>\n<td>DN<\/td>\n<td>\u00dcr\u00fcn Kodu<\/td>\n<td>D<\/td>\n<td>a<\/td>\n<td>k<\/td>\n<td>b<\/td>\n<td>\u0131<\/td>\n<td>Civata<\/td>\n<td>Delik Adedi<\/td>\n<td>A\u011f\u0131rl\u0131k<\/td>\n<td>Kutu<\/td>\n<\/tr>\n<tr>\n<td>mm<\/td>\n<td>mm<\/td>\n<td><\/td>\n<td>mm<\/td>\n<td>mm<\/td>\n<td>mm<\/td>\n<td>mm<\/td>\n<td>mm<\/td>\n<td>mm<\/td>\n<td>mm<\/td>\n<td>kg<\/td>\n<td>Adet<\/td>\n<\/tr>\n<tr>\n<td>20<\/td>\n<td>15<\/td>\n<td>001 517 7120 0020<\/td>\n<td>95<\/td>\n<td>28<\/td>\n<td>65<\/td>\n<td>12<\/td>\n<td>14<\/td>\n<td>M12<\/td>\n<td>4<\/td>\n<td>0,232<\/td>\n<td>85<\/td>\n<\/tr>\n<tr>\n<td>25<\/td>\n<td>20<\/td>\n<td>001 517 7120 0025<\/td>\n<td>105<\/td>\n<td>34<\/td>\n<td>75<\/td>\n<td>12<\/td>\n<td>14<\/td>\n<td>M12<\/td>\n<td>4<\/td>\n<td>0,288<\/td>\n<td>68<\/td>\n<\/tr>\n<tr>\n<td>32<\/td>\n<td>25<\/td>\n<td>001 517 7120 0032<\/td>\n<td>115<\/td>\n<td>42<\/td>\n<td>85<\/td>\n<td>16<\/td>\n<td>14<\/td>\n<td>M12<\/td>\n<td>4<\/td>\n<td>0,544<\/td>\n<td>52<\/td>\n<\/tr>\n<tr>\n<td>40<\/td>\n<td>32<\/td>\n<td>001 517 7120 0040<\/td>\n<td>140<\/td>\n<td>51<\/td>\n<td>100<\/td>\n<td>16<\/td>\n<td>18<\/td>\n<td>M16<\/td>\n<td>4<\/td>\n<td>0,836<\/td>\n<td>20<\/td>\n<\/tr>\n<tr>\n<td>50<\/td>\n<td>40<\/td>\n<td>001 517 7120 0050<\/td>\n<td>150<\/td>\n<td>62<\/td>\n<td>110<\/td>\n<td>18<\/td>\n<td>18<\/td>\n<td>M16<\/td>\n<td>4<\/td>\n<td>0,902<\/td>\n<td>15<\/td>\n<\/tr>\n<tr>\n<td>63<\/td>\n<td>50<\/td>\n<td>001 517 7120 0063<\/td>\n<td>165<\/td>\n<td>78<\/td>\n<td>125<\/td>\n<td>18<\/td>\n<td>18<\/td>\n<td>M16<\/td>\n<td>4<\/td>\n<td>1,074<\/td>\n<td>15<\/td>\n<\/tr>\n<tr>\n<td>75<\/td>\n<td>65<\/td>\n<td>001 517 7120 0075<\/td>\n<td>188<\/td>\n<td>92<\/td>\n<td>145<\/td>\n<td>18<\/td>\n<td>18<\/td>\n<td>M16<\/td>\n<td>4<\/td>\n<td>1,368<\/td>\n<td>15<\/td>\n<\/tr>\n<tr>\n<td>90<\/td>\n<td>80<\/td>\n<td>001 517 7120 0090<\/td>\n<td>204<\/td>\n<td>108<\/td>\n<td>160<\/td>\n<td>20<\/td>\n<td>18<\/td>\n<td>M16<\/td>\n<td>8<\/td>\n<td>1,516<\/td>\n<td>10<\/td>\n<\/tr>\n<tr>\n<td>110<\/td>\n<td>100<\/td>\n<td>001 517 7120 0110<\/td>\n<td>224<\/td>\n<td>128<\/td>\n<td>180<\/td>\n<td>20<\/td>\n<td>18<\/td>\n<td>M16<\/td>\n<td>8<\/td>\n<td>1,960<\/td>\n<td>10<\/td>\n<\/tr>\n<tr>\n<td>125<\/td>\n<td>100<\/td>\n<td>001 517 7120 0125<\/td>\n<td>224<\/td>\n<td>135<\/td>\n<td>180<\/td>\n<td>20<\/td>\n<td>18<\/td>\n<td>M16<\/td>\n<td>8<\/td>\n<td>1,938<\/td>\n<td>10<\/td>\n<\/tr>\n<tr>\n<td>140<\/td>\n<td>125<\/td>\n<td>001 517 7120 0140<\/td>\n<td>252<\/td>\n<td>158<\/td>\n<td>210<\/td>\n<td>24<\/td>\n<td>18<\/td>\n<td>M16<\/td>\n<td>8<\/td>\n<td>2,866<\/td>\n<td>6<\/td>\n<\/tr>\n<tr>\n<td>160<\/td>\n<td>150<\/td>\n<td>001 517 7120 0160<\/td>\n<td>285<\/td>\n<td>178<\/td>\n<td>240<\/td>\n<td>24<\/td>\n<td>22<\/td>\n<td>M20<\/td>\n<td>8<\/td>\n<td>3,576<\/td>\n<td>6<\/td>\n<\/tr>\n<tr>\n<td>180<\/td>\n<td>150<\/td>\n<td>001 517 7120 0180<\/td>\n<td>285<\/td>\n<td>188<\/td>\n<td>240<\/td>\n<td>24<\/td>\n<td>22<\/td>\n<td>M20<\/td>\n<td>8<\/td>\n<td>3,298<\/td>\n<td>6<\/td>\n<\/tr>\n<tr>\n<td>200<\/td>\n<td>200<\/td>\n<td>001 517 7120 0200<\/td>\n<td>340<\/td>\n<td>235<\/td>\n<td>295<\/td>\n<td>27<\/td>\n<td>22<\/td>\n<td>M20<\/td>\n<td>12<\/td>\n<td>5,032<\/td>\n<td>4<\/td>\n<\/tr>\n<tr>\n<td>225<\/td>\n<td>200<\/td>\n<td>001 517 7120 0225<\/td>\n<td>340<\/td>\n<td>238<\/td>\n<td>295<\/td>\n<td>27<\/td>\n<td>22<\/td>\n<td>M20<\/td>\n<td>12<\/td>\n<td>4,900<\/td>\n<td>4<\/td>\n<\/tr>\n<tr>\n<td>250<\/td>\n<td>250<\/td>\n<td>001 517 7120 0250<\/td>\n<td>419<\/td>\n<td>288<\/td>\n<td>355<\/td>\n<td>32<\/td>\n<td>26<\/td>\n<td>M24<\/td>\n<td>12<\/td>\n<td>10,182<\/td>\n<td>2<\/td>\n<\/tr>\n<tr>\n<td>280<\/td>\n<td>250<\/td>\n<td>001 517 7120 0280<\/td>\n<td>419<\/td>\n<td>294<\/td>\n<td>355<\/td>\n<td>32<\/td>\n<td>26<\/td>\n<td>M24<\/td>\n<td>12<\/td>\n<td>9,860<\/td>\n<td>2<\/td>\n<\/tr>\n<tr>\n<td>315<\/td>\n<td>300<\/td>\n<td>001 517 7120 0315<\/td>\n<td>478<\/td>\n<td>338<\/td>\n<td>410<\/td>\n<td>34<\/td>\n<td>26<\/td>\n<td>M24<\/td>\n<td>12<\/td>\n<td>13,150<\/td>\n<td>2<\/td>\n<\/tr>\n<tr>\n<td>355<\/td>\n<td>350<\/td>\n<td>001 517 7120 0355<\/td>\n<td>532<\/td>\n<td>376<\/td>\n<td>470<\/td>\n<td>42<\/td>\n<td>26<\/td>\n<td>M24<\/td>\n<td>16<\/td>\n<td>22,200<\/td>\n<td>1<\/td>\n<\/tr>\n<tr>\n<td>400<\/td>\n<td>400<\/td>\n<td>001 517 7120 0400<\/td>\n<td>592<\/td>\n<td>430<\/td>\n<td>525<\/td>\n<td>46<\/td>\n<td>30<\/td>\n<td>M27<\/td>\n<td>16<\/td>\n<td>26,214<\/td>\n<td>1<\/td>\n<\/tr>\n<\/tbody>\n<\/table>\n<\/div>\n<\/div>\n","protected":false},"excerpt":{"rendered":"<p>PP KAPLI \u00c7EL\u0130K FLAN\u015e PN10\/PN16<br \/>\nHDPE100+ SDR 11 (PN16) &amp; SDR 17 (PN10)<br \/>\nSTEEL FLANGE PN10\/PN16<br \/>\n\u0421\u0422\u0410\u041b\u042c\u041d\u041e\u0419 \u0424\u041b\u0410\u041d\u0415\u0426 PN10\/PN16<br \/>\nStandart: TS EN 1555-3:2010 + A 1 \u2022 TS EN 12201-3 + A 1<\/p>\n","protected":false},"featured_media":12389,"comment_status":"open","ping_status":"closed","template":"","meta":[],"product_cat":[272],"product_tag":[],"_links":{"self":[{"href":"https:\/\/www.elborweltech.com\/ar\/wp-json\/wp\/v2\/product\/13101"}],"collection":[{"href":"https:\/\/www.elborweltech.com\/ar\/wp-json\/wp\/v2\/product"}],"about":[{"href":"https:\/\/www.elborweltech.com\/ar\/wp-json\/wp\/v2\/types\/product"}],"replies":[{"embeddable":true,"href":"https:\/\/www.elborweltech.com\/ar\/wp-json\/wp\/v2\/comments?post=13101"}],"wp:featuredmedia":[{"embeddable":true,"href":"https:\/\/www.elborweltech.com\/ar\/wp-json\/wp\/v2\/media\/12389"}],"wp:attachment":[{"href":"https:\/\/www.elborweltech.com\/ar\/wp-json\/wp\/v2\/media?parent=13101"}],"wp:term":[{"taxonomy":"product_cat","embeddable":true,"href":"https:\/\/www.elborweltech.com\/ar\/wp-json\/wp\/v2\/product_cat?post=13101"},{"taxonomy":"product_tag","embeddable":true,"href":"https:\/\/www.elborweltech.com\/ar\/wp-json\/wp\/v2\/product_tag?post=13101"}],"curies":[{"name":"wp","href":"https:\/\/api.w.org\/{rel}","templated":true}]}}