{"id":13110,"date":"2020-06-21T14:04:16","date_gmt":"2020-06-21T11:04:16","guid":{"rendered":"https:\/\/www.elborweltech.com\/product\/flange-adaptor-short-type-hdpe100\/"},"modified":"2022-11-09T14:39:23","modified_gmt":"2022-11-09T11:39:23","slug":"%d9%85%d8%ad%d9%88%d9%84-%d8%a7%d9%84%d9%81%d9%84%d8%a7%d9%86%d8%b4%d8%a7%d8%aa-%d9%86%d9%88%d8%b9-%d9%82%d8%b5%d9%8a%d8%b1-hdpe100","status":"publish","type":"product","link":"https:\/\/www.elborweltech.com\/ar\/product\/%d9%85%d8%ad%d9%88%d9%84-%d8%a7%d9%84%d9%81%d9%84%d8%a7%d9%86%d8%b4%d8%a7%d8%aa-%d9%86%d9%88%d8%b9-%d9%82%d8%b5%d9%8a%d8%b1-hdpe100\/","title":{"rendered":"+ \u0645\u062d\u0648\u0644 \u0627\u0644\u0641\u0644\u0627\u0646\u0634\u0627\u062a &#8211; \u0646\u0648\u0639 \u0642\u0635\u064a\u0631 HDPE100"},"content":{"rendered":"<table width=\"637\">\n<tbody>\n<tr>\n<td width=\"60\">d<\/td>\n<td width=\"105\">Article No<\/td>\n<td width=\"48\">bar<\/td>\n<td width=\"48\">Z<\/td>\n<td width=\"41\">L1<\/td>\n<td width=\"44\">L<\/td>\n<td width=\"59\">d1<\/td>\n<td width=\"52\">d2<\/td>\n<td width=\"60\">e<\/td>\n<td width=\"60\">Weight (kg)<\/td>\n<td width=\"60\">Pack (pcs)<\/td>\n<\/tr>\n<tr>\n<td>\u00d8400<\/td>\n<td>FA101000040011<\/td>\n<td>PN10<\/td>\n<td>140<\/td>\n<td>74<\/td>\n<td>49<\/td>\n<td>419<\/td>\n<td>484<\/td>\n<td>27,00<\/td>\n<td>6,900<\/td>\n<td>1<\/td>\n<\/tr>\n<tr>\n<td>\u00d8400<\/td>\n<td>FA101600040011<\/td>\n<td>PN16<\/td>\n<td>140<\/td>\n<td>55<\/td>\n<td>56<\/td>\n<td>525<\/td>\n<td>578<\/td>\n<td>45,40<\/td>\n<td>15,000<\/td>\n<td>1<\/td>\n<\/tr>\n<tr>\n<td>\u00d8450<\/td>\n<td>FA101000045011<\/td>\n<td>PN10<\/td>\n<td>143<\/td>\n<td>67<\/td>\n<td>52<\/td>\n<td>453<\/td>\n<td>537<\/td>\n<td>29,00<\/td>\n<td>8,750<\/td>\n<td>1<\/td>\n<\/tr>\n<tr>\n<td>\u00d8450<\/td>\n<td>FA101600045011<\/td>\n<td>PN16<\/td>\n<td>143<\/td>\n<td>62<\/td>\n<td>47<\/td>\n<td>458<\/td>\n<td>532<\/td>\n<td>45,00<\/td>\n<td>11,000<\/td>\n<td>1<\/td>\n<\/tr>\n<tr>\n<td>\u00d8500<\/td>\n<td>FA101000050011<\/td>\n<td>PN10<\/td>\n<td>140<\/td>\n<td>56<\/td>\n<td>55<\/td>\n<td>525<\/td>\n<td>578<\/td>\n<td>29,70<\/td>\n<td>12,150<\/td>\n<td>1<\/td>\n<\/tr>\n<tr>\n<td>\u00d8500<\/td>\n<td>FA101600050011<\/td>\n<td>PN16<\/td>\n<td>151<\/td>\n<td>66<\/td>\n<td>62<\/td>\n<td>517<\/td>\n<td>583<\/td>\n<td>51,00<\/td>\n<td>15,000<\/td>\n<td>1<\/td>\n<\/tr>\n<tr>\n<td>\u00d8560<\/td>\n<td>FA101000056011<\/td>\n<td>PN10<\/td>\n<td>152<\/td>\n<td>59<\/td>\n<td>100<\/td>\n<td>597<\/td>\n<td>685<\/td>\n<td>36,00<\/td>\n<td>16,000<\/td>\n<td>1<\/td>\n<\/tr>\n<tr>\n<td>\u00d8560<\/td>\n<td>FA101600056011<\/td>\n<td>PN16<\/td>\n<td>152<\/td>\n<td>60<\/td>\n<td>58<\/td>\n<td>615<\/td>\n<td>685<\/td>\n<td>50,80<\/td>\n<td>22,000<\/td>\n<td>1<\/td>\n<\/tr>\n<tr>\n<td>\u00d8630<\/td>\n<td>FA101000063011<\/td>\n<td>PN10<\/td>\n<td>150<\/td>\n<td>58<\/td>\n<td>60<\/td>\n<td>642<\/td>\n<td>683<\/td>\n<td>37,40<\/td>\n<td>15,500<\/td>\n<td>1<\/td>\n<\/tr>\n<tr>\n<td>\u00d8630<\/td>\n<td>FA101600063011<\/td>\n<td>PN16<\/td>\n<td>144<\/td>\n<td>74<\/td>\n<td>54<\/td>\n<td>632<\/td>\n<td>675<\/td>\n<td>66,00<\/td>\n<td>18,000<\/td>\n<td>1<\/td>\n<\/tr>\n<tr>\n<td>\u00d8710<\/td>\n<td>FA101000071011<\/td>\n<td>PN10<\/td>\n<td>155<\/td>\n<td>60<\/td>\n<td>70<\/td>\n<td>737<\/td>\n<td>800<\/td>\n<td>42,10<\/td>\n<td>19,000<\/td>\n<td>1<\/td>\n<\/tr>\n<tr>\n<td>\u00d8710<\/td>\n<td>FA101600071011<\/td>\n<td>PN16<\/td>\n<td>155<\/td>\n<td>70<\/td>\n<td>60<\/td>\n<td>737<\/td>\n<td>800<\/td>\n<td>64,50<\/td>\n<td>25,200<\/td>\n<td>1<\/td>\n<\/tr>\n<tr>\n<td>\u00d8800<\/td>\n<td>FA101000080011<\/td>\n<td>PN10<\/td>\n<td>155<\/td>\n<td>55<\/td>\n<td>60<\/td>\n<td>840<\/td>\n<td>905<\/td>\n<td>47,40<\/td>\n<td>23,970<\/td>\n<td>1<\/td>\n<\/tr>\n<tr>\n<td>\u00d8800<\/td>\n<td>FA101600080011<\/td>\n<td>PN16<\/td>\n<td>155<\/td>\n<td>60<\/td>\n<td>55<\/td>\n<td>840<\/td>\n<td>905<\/td>\n<td>72,60<\/td>\n<td>32,120<\/td>\n<td>1<\/td>\n<\/tr>\n<tr>\n<td>\u00d8900<\/td>\n<td>FA101000090011<\/td>\n<td>PN10<\/td>\n<td>155<\/td>\n<td>60<\/td>\n<td>60<\/td>\n<td>944<\/td>\n<td>1005<\/td>\n<td>53,3<\/td>\n<td>31,510<\/td>\n<td>1<\/td>\n<\/tr>\n<tr>\n<td>\u00d8900<\/td>\n<td>FA101600090011<\/td>\n<td>PN16<\/td>\n<td>155<\/td>\n<td>60<\/td>\n<td>60<\/td>\n<td>944<\/td>\n<td>1005<\/td>\n<td>81,70<\/td>\n<td>42,100<\/td>\n<td>1<\/td>\n<\/tr>\n<tr>\n<td>\u00d81000<\/td>\n<td>FA101000100011<\/td>\n<td>PN10<\/td>\n<td>155<\/td>\n<td>60<\/td>\n<td>75<\/td>\n<td>1047<\/td>\n<td>1110<\/td>\n<td>59,3<\/td>\n<td>35,570<\/td>\n<td>1<\/td>\n<\/tr>\n<tr>\n<td>\u00d81000<\/td>\n<td>FA101600100011<\/td>\n<td>PN16<\/td>\n<td>155<\/td>\n<td>75<\/td>\n<td>60<\/td>\n<td>1047<\/td>\n<td>1110<\/td>\n<td>90,80<\/td>\n<td>45,420<\/td>\n<td>1<\/td>\n<\/tr>\n<tr>\n<td>\u00d81200<\/td>\n<td>FA101000120011<\/td>\n<td>PN10<\/td>\n<td>155<\/td>\n<td>70<\/td>\n<td>60<\/td>\n<td>1245<\/td>\n<td>1330<\/td>\n<td>71,1<\/td>\n<td>53,020<\/td>\n<td>1<\/td>\n<\/tr>\n<tr>\n<td>\u00d81400<\/td>\n<td>FA101000140011<\/td>\n<td>PN10<\/td>\n<td>200<\/td>\n<td>85<\/td>\n<td>40<\/td>\n<td>1450<\/td>\n<td>1535<\/td>\n<td>83<\/td>\n<td>90,900<\/td>\n<td>1<\/td>\n<\/tr>\n<tr>\n<td>\u00d81600<\/td>\n<td>FA101000160011<\/td>\n<td>PN10<\/td>\n<td>200<\/td>\n<td>100<\/td>\n<td>40<\/td>\n<td>1645<\/td>\n<td>1737<\/td>\n<td>94,8<\/td>\n<td>120,500<\/td>\n<td>1<\/td>\n<\/tr>\n<\/tbody>\n<\/table>\n","protected":false},"excerpt":{"rendered":"<p>FLAN\u015e ADAPT\u00d6R\u00dc- KISA T\u0130P HDPE100+<br \/>\nHDPE100+ SDR 11 (PN16) &amp; SDR 17 (PN10)<br \/>\nFLANGE ADAPTOR &#8211; SHORT TYPE HDPE100+<br \/>\n\u0412\u0422\u0423\u041b\u041a\u0410 \u041f\u041e\u0414 \u0424\u041b\u0410\u041d\u0415\u0426 (\u041a\u041e\u0420\u041e\u0422\u041a\u0418\u0419 \u0422\u0418\u041f) HDPE100+<br \/>\nStandart: TS EN 1555-3:2010 + A 1 \u2022 TS EN 12201-3 + A 1<\/p>\n","protected":false},"featured_media":8405,"comment_status":"open","ping_status":"closed","template":"","meta":[],"product_cat":[268],"product_tag":[],"_links":{"self":[{"href":"https:\/\/www.elborweltech.com\/ar\/wp-json\/wp\/v2\/product\/13110"}],"collection":[{"href":"https:\/\/www.elborweltech.com\/ar\/wp-json\/wp\/v2\/product"}],"about":[{"href":"https:\/\/www.elborweltech.com\/ar\/wp-json\/wp\/v2\/types\/product"}],"replies":[{"embeddable":true,"href":"https:\/\/www.elborweltech.com\/ar\/wp-json\/wp\/v2\/comments?post=13110"}],"wp:featuredmedia":[{"embeddable":true,"href":"https:\/\/www.elborweltech.com\/ar\/wp-json\/wp\/v2\/media\/8405"}],"wp:attachment":[{"href":"https:\/\/www.elborweltech.com\/ar\/wp-json\/wp\/v2\/media?parent=13110"}],"wp:term":[{"taxonomy":"product_cat","embeddable":true,"href":"https:\/\/www.elborweltech.com\/ar\/wp-json\/wp\/v2\/product_cat?post=13110"},{"taxonomy":"product_tag","embeddable":true,"href":"https:\/\/www.elborweltech.com\/ar\/wp-json\/wp\/v2\/product_tag?post=13110"}],"curies":[{"name":"wp","href":"https:\/\/api.w.org\/{rel}","templated":true}]}}