{"id":13117,"date":"2020-06-18T16:21:10","date_gmt":"2020-06-18T13:21:10","guid":{"rendered":"https:\/\/www.elborweltech.com\/product\/mobile-crane\/"},"modified":"2022-11-09T14:39:09","modified_gmt":"2022-11-09T11:39:09","slug":"%d8%b1%d8%a7%d9%81%d8%b9%d8%a9-%d9%85%d8%aa%d8%ad%d8%b1%d9%83%d8%a9","status":"publish","type":"product","link":"https:\/\/www.elborweltech.com\/ar\/product\/%d8%b1%d8%a7%d9%81%d8%b9%d8%a9-%d9%85%d8%aa%d8%ad%d8%b1%d9%83%d8%a9\/","title":{"rendered":"\u0631\u0627\u0641\u0639\u0629 \u0645\u062a\u062d\u0631\u0643\u0629"},"content":{"rendered":"<table>\n<thead>\n<tr>\n<th>Kod<\/th>\n<th>\u00c7ap<\/th>\n<th>Motor<\/th>\n<th>Mobil Vin\u00e7<\/th>\n<\/tr>\n<\/thead>\n<tbody>\n<tr>\n<td>MV630\/800<\/td>\n<td>630-800<\/td>\n<td>380V 1,1 KW<\/td>\n<td>ELEKTR\u0130KL\u0130 MOB\u0130L V\u0130N\u00c7<\/td>\n<\/tr>\n<tr>\n<td>MV1000\/1200<\/td>\n<td>1000-1200<\/td>\n<td>380V 1,1 KW<\/td>\n<td>ELEKTR\u0130KL\u0130 MOB\u0130L V\u0130N\u00c7<\/td>\n<\/tr>\n<tr>\n<td>MV1600<\/td>\n<td>1600<\/td>\n<td>380V 1,5 KW<\/td>\n<td>ELEKTR\u0130KL\u0130 MOB\u0130L V\u0130N\u00c7<\/td>\n<\/tr>\n<tr>\n<td>MV2000<\/td>\n<td>2000<\/td>\n<td>380V 1,5 KW<\/td>\n<td>ELEKTR\u0130KL\u0130 MOB\u0130L V\u0130N\u00c7<\/td>\n<\/tr>\n<\/tbody>\n<\/table>\n","protected":false},"excerpt":{"rendered":"<p>Elbor \u0645\u0648\u0628\u0627\u064a\u0644 \u0643\u0631\u064a\u0646<\/p>\n","protected":false},"featured_media":8302,"comment_status":"open","ping_status":"closed","template":"","meta":[],"product_cat":[209],"product_tag":[],"_links":{"self":[{"href":"https:\/\/www.elborweltech.com\/ar\/wp-json\/wp\/v2\/product\/13117"}],"collection":[{"href":"https:\/\/www.elborweltech.com\/ar\/wp-json\/wp\/v2\/product"}],"about":[{"href":"https:\/\/www.elborweltech.com\/ar\/wp-json\/wp\/v2\/types\/product"}],"replies":[{"embeddable":true,"href":"https:\/\/www.elborweltech.com\/ar\/wp-json\/wp\/v2\/comments?post=13117"}],"wp:featuredmedia":[{"embeddable":true,"href":"https:\/\/www.elborweltech.com\/ar\/wp-json\/wp\/v2\/media\/8302"}],"wp:attachment":[{"href":"https:\/\/www.elborweltech.com\/ar\/wp-json\/wp\/v2\/media?parent=13117"}],"wp:term":[{"taxonomy":"product_cat","embeddable":true,"href":"https:\/\/www.elborweltech.com\/ar\/wp-json\/wp\/v2\/product_cat?post=13117"},{"taxonomy":"product_tag","embeddable":true,"href":"https:\/\/www.elborweltech.com\/ar\/wp-json\/wp\/v2\/product_tag?post=13117"}],"curies":[{"name":"wp","href":"https:\/\/api.w.org\/{rel}","templated":true}]}}