{"id":11713,"date":"2020-06-18T15:49:04","date_gmt":"2020-06-18T12:49:04","guid":{"rendered":"https:\/\/www.elborweltech.com\/urun\/roller-1200\/"},"modified":"2022-11-09T17:01:13","modified_gmt":"2022-11-09T14:01:13","slug":"rodillo-1200","status":"publish","type":"product","link":"https:\/\/www.elborweltech.com\/es\/producto\/rodillo-1200\/","title":{"rendered":"Rodillo 1200"},"content":{"rendered":"<table>\n<thead>\n<tr>\n<th>Teknik \u00d6zellikler \/ Technical Specifications<\/th>\n<\/tr>\n<\/thead>\n<tbody>\n<tr>\n<td>\u00c7al\u0131\u015fma Aral\u0131\u011f\u0131 \/ Working Range<\/td>\n<td>\u00d8 315 \u2013 1200 mm<\/td>\n<\/tr>\n<tr>\n<td>Ebatlar \/ Dimensions<\/td>\n<td>1250 x 800 x 420 mm<\/td>\n<\/tr>\n<tr>\n<td>A\u011f\u0131rl\u0131k \/ Weight<\/td>\n<td>35 Kg<\/td>\n<\/tr>\n<\/tbody>\n<\/table>\n","protected":false},"excerpt":{"rendered":"<p>Roller 1200 se utiliza para alinear y soportar tuber\u00edas mientras se suelda.<\/p>\n<p>Con el dise\u00f1o ergon\u00f3mico del Roller 1200, los tubos llevados al nivel de la m\u00e1quina est\u00e1n expuestos a menos fricci\u00f3n y fuerza de tracci\u00f3n.<\/p>\n<p>Roller 1200 puede transportar tubos de 315 a 1200 mm. Proporciona un uso f\u00e1cil con su estructura compacta y ligera.<\/p>\n","protected":false},"featured_media":8288,"comment_status":"open","ping_status":"closed","template":"","meta":[],"product_cat":[213],"product_tag":[],"_links":{"self":[{"href":"https:\/\/www.elborweltech.com\/es\/wp-json\/wp\/v2\/product\/11713"}],"collection":[{"href":"https:\/\/www.elborweltech.com\/es\/wp-json\/wp\/v2\/product"}],"about":[{"href":"https:\/\/www.elborweltech.com\/es\/wp-json\/wp\/v2\/types\/product"}],"replies":[{"embeddable":true,"href":"https:\/\/www.elborweltech.com\/es\/wp-json\/wp\/v2\/comments?post=11713"}],"wp:featuredmedia":[{"embeddable":true,"href":"https:\/\/www.elborweltech.com\/es\/wp-json\/wp\/v2\/media\/8288"}],"wp:attachment":[{"href":"https:\/\/www.elborweltech.com\/es\/wp-json\/wp\/v2\/media?parent=11713"}],"wp:term":[{"taxonomy":"product_cat","embeddable":true,"href":"https:\/\/www.elborweltech.com\/es\/wp-json\/wp\/v2\/product_cat?post=11713"},{"taxonomy":"product_tag","embeddable":true,"href":"https:\/\/www.elborweltech.com\/es\/wp-json\/wp\/v2\/product_tag?post=11713"}],"curies":[{"name":"wp","href":"https:\/\/api.w.org\/{rel}","templated":true}]}}