{"id":12622,"date":"2020-08-13T14:34:47","date_gmt":"2020-08-13T11:34:47","guid":{"rendered":"https:\/\/www.elborweltech.com\/product\/servicio-de-valvula-ef-te\/"},"modified":"2023-02-01T13:43:36","modified_gmt":"2023-02-01T10:43:36","slug":"servicio-de-valvula-ef-te","status":"publish","type":"product","link":"https:\/\/www.elborweltech.com\/es\/producto\/servicio-de-valvula-ef-te\/","title":{"rendered":"Servicio de Valvula EF TE"},"content":{"rendered":"<div>\n<div class=\"tab-content\">\n<div id=\"tablo1\" class=\"tab-pane fade in active\" role=\"tabpanel\">\n<table style=\"height: 2558px;\" border=\"0\" width=\"458\" cellspacing=\"0\" cellpadding=\"0\">\n<tbody>\n<tr>\n<td>d<\/td>\n<td>d1<\/td>\n<td>\u00dcr\u00fcn Kodu<\/td>\n<td>le<\/td>\n<td>h<\/td>\n<td>h1<\/td>\n<td>Z<\/td>\n<td>A\u011f\u0131rl\u0131k<\/td>\n<\/tr>\n<tr>\n<td>mm<\/td>\n<td>mm<\/td>\n<td><\/td>\n<td>mm<\/td>\n<td>mm<\/td>\n<td>mm<\/td>\n<td>mm<\/td>\n<td>kg<\/td>\n<\/tr>\n<tr>\n<td>63<\/td>\n<td>63<\/td>\n<td>001 117 2072 0063<\/td>\n<td>100<\/td>\n<td>223<\/td>\n<td>114<\/td>\n<td>152<\/td>\n<td>2,360<\/td>\n<\/tr>\n<tr>\n<td>63<\/td>\n<td>50<\/td>\n<td>001 117 2072 0064<\/td>\n<td>74<\/td>\n<td>223<\/td>\n<td>114<\/td>\n<td>126<\/td>\n<td>2,330<\/td>\n<\/tr>\n<tr>\n<td>63<\/td>\n<td>40<\/td>\n<td>001 117 2072 0065<\/td>\n<td>74<\/td>\n<td>223<\/td>\n<td>114<\/td>\n<td>126<\/td>\n<td>2,320<\/td>\n<\/tr>\n<tr>\n<td>63<\/td>\n<td>32<\/td>\n<td>001 117 2072 0066<\/td>\n<td>74<\/td>\n<td>223<\/td>\n<td>114<\/td>\n<td>126<\/td>\n<td>2,300<\/td>\n<\/tr>\n<tr>\n<td>63<\/td>\n<td>25<\/td>\n<td>001 117 2072 0067<\/td>\n<td>74<\/td>\n<td>223<\/td>\n<td>114<\/td>\n<td>126<\/td>\n<td>2,280<\/td>\n<\/tr>\n<tr>\n<td>63<\/td>\n<td>20<\/td>\n<td>001 117 2072 0068<\/td>\n<td>74<\/td>\n<td>223<\/td>\n<td>114<\/td>\n<td>126<\/td>\n<td>2,270<\/td>\n<\/tr>\n<tr>\n<td>75<\/td>\n<td>63<\/td>\n<td>001 117 2072 0076<\/td>\n<td>100<\/td>\n<td>229<\/td>\n<td>120<\/td>\n<td>152<\/td>\n<td>2,490<\/td>\n<\/tr>\n<tr>\n<td>75<\/td>\n<td>50<\/td>\n<td>001 117 2072 0077<\/td>\n<td>74<\/td>\n<td>229<\/td>\n<td>120<\/td>\n<td>126<\/td>\n<td>2,460<\/td>\n<\/tr>\n<tr>\n<td>75<\/td>\n<td>40<\/td>\n<td>001 117 2072 0078<\/td>\n<td>74<\/td>\n<td>229<\/td>\n<td>120<\/td>\n<td>126<\/td>\n<td>2,450<\/td>\n<\/tr>\n<tr>\n<td>75<\/td>\n<td>32<\/td>\n<td>001 117 2072 0079<\/td>\n<td>74<\/td>\n<td>229<\/td>\n<td>120<\/td>\n<td>126<\/td>\n<td>2,430<\/td>\n<\/tr>\n<tr>\n<td>75<\/td>\n<td>25<\/td>\n<td>001 117 2072 0080<\/td>\n<td>74<\/td>\n<td>229<\/td>\n<td>120<\/td>\n<td>126<\/td>\n<td>2,410<\/td>\n<\/tr>\n<tr>\n<td>75<\/td>\n<td>20<\/td>\n<td>001 117 2072 0081<\/td>\n<td>74<\/td>\n<td>229<\/td>\n<td>120<\/td>\n<td>126<\/td>\n<td>2,400<\/td>\n<\/tr>\n<tr>\n<td>90<\/td>\n<td>63<\/td>\n<td>001 117 2072 0092<\/td>\n<td>100<\/td>\n<td>237<\/td>\n<td>128<\/td>\n<td>152<\/td>\n<td>2,450<\/td>\n<\/tr>\n<tr>\n<td>90<\/td>\n<td>50<\/td>\n<td>001 117 2072 0093<\/td>\n<td>74<\/td>\n<td>237<\/td>\n<td>128<\/td>\n<td>126<\/td>\n<td>2,420<\/td>\n<\/tr>\n<tr>\n<td>90<\/td>\n<td>40<\/td>\n<td>001 117 2072 0094<\/td>\n<td>74<\/td>\n<td>237<\/td>\n<td>128<\/td>\n<td>126<\/td>\n<td>2,410<\/td>\n<\/tr>\n<tr>\n<td>90<\/td>\n<td>32<\/td>\n<td>001 117 2072 0095<\/td>\n<td>74<\/td>\n<td>237<\/td>\n<td>128<\/td>\n<td>126<\/td>\n<td>2,390<\/td>\n<\/tr>\n<tr>\n<td>90<\/td>\n<td>25<\/td>\n<td>001 117 2072 0096<\/td>\n<td>74<\/td>\n<td>237<\/td>\n<td>128<\/td>\n<td>126<\/td>\n<td>2,370<\/td>\n<\/tr>\n<tr>\n<td>90<\/td>\n<td>20<\/td>\n<td>001 117 2072 0097<\/td>\n<td>74<\/td>\n<td>237<\/td>\n<td>128<\/td>\n<td>126<\/td>\n<td>2,360<\/td>\n<\/tr>\n<tr>\n<td>110<\/td>\n<td>63<\/td>\n<td>001 117 2072 0113<\/td>\n<td>100<\/td>\n<td>247<\/td>\n<td>138<\/td>\n<td>152<\/td>\n<td>2,510<\/td>\n<\/tr>\n<tr>\n<td>110<\/td>\n<td>50<\/td>\n<td>001 117 2072 0114<\/td>\n<td>74<\/td>\n<td>247<\/td>\n<td>138<\/td>\n<td>126<\/td>\n<td>2,480<\/td>\n<\/tr>\n<tr>\n<td>110<\/td>\n<td>40<\/td>\n<td>001 117 2072 0115<\/td>\n<td>74<\/td>\n<td>247<\/td>\n<td>138<\/td>\n<td>126<\/td>\n<td>2,470<\/td>\n<\/tr>\n<tr>\n<td>110<\/td>\n<td>32<\/td>\n<td>001 117 2072 0116<\/td>\n<td>74<\/td>\n<td>247<\/td>\n<td>138<\/td>\n<td>126<\/td>\n<td>2,450<\/td>\n<\/tr>\n<tr>\n<td>110<\/td>\n<td>25<\/td>\n<td>001 117 2072 0117<\/td>\n<td>74<\/td>\n<td>247<\/td>\n<td>138<\/td>\n<td>126<\/td>\n<td>2,430<\/td>\n<\/tr>\n<tr>\n<td>110<\/td>\n<td>20<\/td>\n<td>001 117 2072 0118<\/td>\n<td>74<\/td>\n<td>247<\/td>\n<td>138<\/td>\n<td>126<\/td>\n<td>2,420<\/td>\n<\/tr>\n<tr>\n<td>125<\/td>\n<td>63<\/td>\n<td>001 117 2072 0129<\/td>\n<td>100<\/td>\n<td>254<\/td>\n<td>145<\/td>\n<td>152<\/td>\n<td>2,540<\/td>\n<\/tr>\n<tr>\n<td>125<\/td>\n<td>50<\/td>\n<td>001 117 2072 0130<\/td>\n<td>74<\/td>\n<td>254<\/td>\n<td>145<\/td>\n<td>126<\/td>\n<td>2,510<\/td>\n<\/tr>\n<tr>\n<td>125<\/td>\n<td>40<\/td>\n<td>001 117 2072 0131<\/td>\n<td>74<\/td>\n<td>254<\/td>\n<td>145<\/td>\n<td>126<\/td>\n<td>2,500<\/td>\n<\/tr>\n<tr>\n<td>125<\/td>\n<td>32<\/td>\n<td>001 117 2072 0132<\/td>\n<td>74<\/td>\n<td>254<\/td>\n<td>145<\/td>\n<td>126<\/td>\n<td>2,480<\/td>\n<\/tr>\n<tr>\n<td>125<\/td>\n<td>25<\/td>\n<td>001 117 2072 0133<\/td>\n<td>74<\/td>\n<td>254<\/td>\n<td>145<\/td>\n<td>126<\/td>\n<td>2,460<\/td>\n<\/tr>\n<tr>\n<td>125<\/td>\n<td>20<\/td>\n<td>001 117 2072 0134<\/td>\n<td>74<\/td>\n<td>254<\/td>\n<td>145<\/td>\n<td>126<\/td>\n<td>2,520<\/td>\n<\/tr>\n<tr>\n<td>140<\/td>\n<td>63<\/td>\n<td>001 117 2072 0145<\/td>\n<td>100<\/td>\n<td>262<\/td>\n<td>153<\/td>\n<td>152<\/td>\n<td>2,540<\/td>\n<\/tr>\n<tr>\n<td>140<\/td>\n<td>50<\/td>\n<td>001 117 2072 0146<\/td>\n<td>74<\/td>\n<td>262<\/td>\n<td>153<\/td>\n<td>126<\/td>\n<td>2,510<\/td>\n<\/tr>\n<tr>\n<td>140<\/td>\n<td>40<\/td>\n<td>001 117 2072 0147<\/td>\n<td>74<\/td>\n<td>262<\/td>\n<td>153<\/td>\n<td>126<\/td>\n<td>2,500<\/td>\n<\/tr>\n<tr>\n<td>140<\/td>\n<td>32<\/td>\n<td>001 117 2072 0148<\/td>\n<td>74<\/td>\n<td>262<\/td>\n<td>153<\/td>\n<td>126<\/td>\n<td>2,480<\/td>\n<\/tr>\n<tr>\n<td>140<\/td>\n<td>25<\/td>\n<td>001 117 2072 0149<\/td>\n<td>74<\/td>\n<td>262<\/td>\n<td>153<\/td>\n<td>126<\/td>\n<td>2,460<\/td>\n<\/tr>\n<tr>\n<td>140<\/td>\n<td>20<\/td>\n<td>001 117 2072 0150<\/td>\n<td>74<\/td>\n<td>262<\/td>\n<td>153<\/td>\n<td>126<\/td>\n<td>2,450<\/td>\n<\/tr>\n<tr>\n<td>160<\/td>\n<td>63<\/td>\n<td>001 117 2072 0166<\/td>\n<td>100<\/td>\n<td>272<\/td>\n<td>163<\/td>\n<td>152<\/td>\n<td>2,550<\/td>\n<\/tr>\n<tr>\n<td>160<\/td>\n<td>50<\/td>\n<td>001 117 2072 0167<\/td>\n<td>74<\/td>\n<td>272<\/td>\n<td>163<\/td>\n<td>126<\/td>\n<td>2,520<\/td>\n<\/tr>\n<tr>\n<td>160<\/td>\n<td>40<\/td>\n<td>001 117 2072 0168<\/td>\n<td>74<\/td>\n<td>272<\/td>\n<td>163<\/td>\n<td>126<\/td>\n<td>2,510<\/td>\n<\/tr>\n<tr>\n<td>160<\/td>\n<td>32<\/td>\n<td>001 117 2072 0169<\/td>\n<td>74<\/td>\n<td>272<\/td>\n<td>163<\/td>\n<td>126<\/td>\n<td>2,490<\/td>\n<\/tr>\n<tr>\n<td>160<\/td>\n<td>25<\/td>\n<td>001 117 2072 0170<\/td>\n<td>74<\/td>\n<td>272<\/td>\n<td>163<\/td>\n<td>126<\/td>\n<td>2,470<\/td>\n<\/tr>\n<tr>\n<td>160<\/td>\n<td>20<\/td>\n<td>001 117 2072 0171<\/td>\n<td>74<\/td>\n<td>272<\/td>\n<td>163<\/td>\n<td>126<\/td>\n<td>2,460<\/td>\n<\/tr>\n<tr>\n<td>180<\/td>\n<td>63<\/td>\n<td>001 117 2072 0187<\/td>\n<td>100<\/td>\n<td>282<\/td>\n<td>173<\/td>\n<td>152<\/td>\n<td>2,650<\/td>\n<\/tr>\n<tr>\n<td>180<\/td>\n<td>50<\/td>\n<td>001 117 2072 0188<\/td>\n<td>74<\/td>\n<td>282<\/td>\n<td>173<\/td>\n<td>126<\/td>\n<td>2,620<\/td>\n<\/tr>\n<tr>\n<td>180<\/td>\n<td>40<\/td>\n<td>001 117 2072 0189<\/td>\n<td>74<\/td>\n<td>282<\/td>\n<td>173<\/td>\n<td>126<\/td>\n<td>2,610<\/td>\n<\/tr>\n<tr>\n<td>180<\/td>\n<td>32<\/td>\n<td>001 117 2072 0190<\/td>\n<td>74<\/td>\n<td>282<\/td>\n<td>173<\/td>\n<td>126<\/td>\n<td>2,590<\/td>\n<\/tr>\n<tr>\n<td>180<\/td>\n<td>25<\/td>\n<td>001 117 2072 0191<\/td>\n<td>74<\/td>\n<td>282<\/td>\n<td>173<\/td>\n<td>126<\/td>\n<td>2,570<\/td>\n<\/tr>\n<tr>\n<td>180<\/td>\n<td>20<\/td>\n<td>001 117 2072 0192<\/td>\n<td>74<\/td>\n<td>282<\/td>\n<td>173<\/td>\n<td>126<\/td>\n<td>2,560<\/td>\n<\/tr>\n<tr>\n<td>200<\/td>\n<td>63<\/td>\n<td>001 117 2072 0208<\/td>\n<td>100<\/td>\n<td>292<\/td>\n<td>183<\/td>\n<td>152<\/td>\n<td>2,670<\/td>\n<\/tr>\n<tr>\n<td>200<\/td>\n<td>50<\/td>\n<td>001 117 2072 0209<\/td>\n<td>74<\/td>\n<td>292<\/td>\n<td>183<\/td>\n<td>126<\/td>\n<td>2,640<\/td>\n<\/tr>\n<tr>\n<td>200<\/td>\n<td>40<\/td>\n<td>001 117 2072 0210<\/td>\n<td>74<\/td>\n<td>292<\/td>\n<td>183<\/td>\n<td>126<\/td>\n<td>2,630<\/td>\n<\/tr>\n<tr>\n<td>200<\/td>\n<td>32<\/td>\n<td>001 117 2072 0211<\/td>\n<td>74<\/td>\n<td>292<\/td>\n<td>183<\/td>\n<td>126<\/td>\n<td>2,610<\/td>\n<\/tr>\n<tr>\n<td>200<\/td>\n<td>25<\/td>\n<td>001 117 2072 0212<\/td>\n<td>74<\/td>\n<td>292<\/td>\n<td>183<\/td>\n<td>126<\/td>\n<td>2,590<\/td>\n<\/tr>\n<tr>\n<td>200<\/td>\n<td>20<\/td>\n<td>001 117 2072 0213<\/td>\n<td>74<\/td>\n<td>292<\/td>\n<td>183<\/td>\n<td>126<\/td>\n<td>2,580<\/td>\n<\/tr>\n<tr>\n<td>225<\/td>\n<td>63<\/td>\n<td>001 117 2072 0234<\/td>\n<td>100<\/td>\n<td>304<\/td>\n<td>195<\/td>\n<td>152<\/td>\n<td>2,670<\/td>\n<\/tr>\n<tr>\n<td>225<\/td>\n<td>50<\/td>\n<td>001 117 2072 0235<\/td>\n<td>74<\/td>\n<td>304<\/td>\n<td>195<\/td>\n<td>126<\/td>\n<td>2,640<\/td>\n<\/tr>\n<tr>\n<td>225<\/td>\n<td>40<\/td>\n<td>001 117 2072 0236<\/td>\n<td>74<\/td>\n<td>304<\/td>\n<td>195<\/td>\n<td>126<\/td>\n<td>2,630<\/td>\n<\/tr>\n<tr>\n<td>225<\/td>\n<td>32<\/td>\n<td>001 117 2072 0237<\/td>\n<td>74<\/td>\n<td>304<\/td>\n<td>195<\/td>\n<td>126<\/td>\n<td>2,610<\/td>\n<\/tr>\n<tr>\n<td>225<\/td>\n<td>25<\/td>\n<td>001 117 2072 0238<\/td>\n<td>74<\/td>\n<td>304<\/td>\n<td>195<\/td>\n<td>126<\/td>\n<td>2,590<\/td>\n<\/tr>\n<tr>\n<td>225<\/td>\n<td>20<\/td>\n<td>001 117 2072 0239<\/td>\n<td>74<\/td>\n<td>304<\/td>\n<td>195<\/td>\n<td>126<\/td>\n<td>2,580<\/td>\n<\/tr>\n<tr>\n<td>250<\/td>\n<td>63<\/td>\n<td>001 117 2072 0260<\/td>\n<td>100<\/td>\n<td>317<\/td>\n<td>208<\/td>\n<td>152<\/td>\n<td>2,690<\/td>\n<\/tr>\n<tr>\n<td>250<\/td>\n<td>50<\/td>\n<td>001 117 2072 0261<\/td>\n<td>74<\/td>\n<td>317<\/td>\n<td>208<\/td>\n<td>126<\/td>\n<td>2,660<\/td>\n<\/tr>\n<tr>\n<td>250<\/td>\n<td>40<\/td>\n<td>001 117 2072 0262<\/td>\n<td>74<\/td>\n<td>317<\/td>\n<td>208<\/td>\n<td>126<\/td>\n<td>2,650<\/td>\n<\/tr>\n<tr>\n<td>250<\/td>\n<td>32<\/td>\n<td>001 117 2072 0263<\/td>\n<td>74<\/td>\n<td>317<\/td>\n<td>208<\/td>\n<td>126<\/td>\n<td>2,630<\/td>\n<\/tr>\n<tr>\n<td>250<\/td>\n<td>25<\/td>\n<td>001 117 2072 0264<\/td>\n<td>74<\/td>\n<td>317<\/td>\n<td>208<\/td>\n<td>126<\/td>\n<td>2,610<\/td>\n<\/tr>\n<tr>\n<td>250<\/td>\n<td>20<\/td>\n<td>001 117 2072 0265<\/td>\n<td>74<\/td>\n<td>317<\/td>\n<td>208<\/td>\n<td>126<\/td>\n<td>2,600<\/td>\n<\/tr>\n<tr>\n<td>280<\/td>\n<td>63<\/td>\n<td>001 117 2072 0291<\/td>\n<td>100<\/td>\n<td>332<\/td>\n<td>223<\/td>\n<td>152<\/td>\n<td>2,890<\/td>\n<\/tr>\n<tr>\n<td>280<\/td>\n<td>50<\/td>\n<td>001 117 2072 0292<\/td>\n<td>74<\/td>\n<td>332<\/td>\n<td>223<\/td>\n<td>126<\/td>\n<td>2,860<\/td>\n<\/tr>\n<tr>\n<td>280<\/td>\n<td>40<\/td>\n<td>001 117 2072 0293<\/td>\n<td>74<\/td>\n<td>332<\/td>\n<td>223<\/td>\n<td>126<\/td>\n<td>2,850<\/td>\n<\/tr>\n<tr>\n<td>280<\/td>\n<td>32<\/td>\n<td>001 117 2072 0294<\/td>\n<td>74<\/td>\n<td>332<\/td>\n<td>223<\/td>\n<td>126<\/td>\n<td>2,830<\/td>\n<\/tr>\n<tr>\n<td>280<\/td>\n<td>25<\/td>\n<td>001 117 2072 0295<\/td>\n<td>74<\/td>\n<td>332<\/td>\n<td>223<\/td>\n<td>126<\/td>\n<td>2,810<\/td>\n<\/tr>\n<tr>\n<td>280<\/td>\n<td>20<\/td>\n<td>001 117 2072 0296<\/td>\n<td>74<\/td>\n<td>332<\/td>\n<td>223<\/td>\n<td>126<\/td>\n<td>2,800<\/td>\n<\/tr>\n<tr>\n<td>315<\/td>\n<td>63<\/td>\n<td>001 117 2072 0327<\/td>\n<td>100<\/td>\n<td>349<\/td>\n<td>240<\/td>\n<td>152<\/td>\n<td>3,090<\/td>\n<\/tr>\n<tr>\n<td>315<\/td>\n<td>50<\/td>\n<td>001 117 2072 0328<\/td>\n<td>74<\/td>\n<td>349<\/td>\n<td>240<\/td>\n<td>126<\/td>\n<td>3,060<\/td>\n<\/tr>\n<tr>\n<td>315<\/td>\n<td>40<\/td>\n<td>001 117 2072 0329<\/td>\n<td>74<\/td>\n<td>349<\/td>\n<td>240<\/td>\n<td>126<\/td>\n<td>3,050<\/td>\n<\/tr>\n<tr>\n<td>315<\/td>\n<td>32<\/td>\n<td>001 117 2072 0330<\/td>\n<td>74<\/td>\n<td>349<\/td>\n<td>240<\/td>\n<td>126<\/td>\n<td>3,030<\/td>\n<\/tr>\n<tr>\n<td>315<\/td>\n<td>25<\/td>\n<td>001 117 2072 0331<\/td>\n<td>74<\/td>\n<td>349<\/td>\n<td>240<\/td>\n<td>126<\/td>\n<td>3,010<\/td>\n<\/tr>\n<tr>\n<td>315<\/td>\n<td>20<\/td>\n<td>001 117 2072 0332<\/td>\n<td>74<\/td>\n<td>349<\/td>\n<td>240<\/td>\n<td>126<\/td>\n<td>3,000<\/td>\n<\/tr>\n<\/tbody>\n<\/table>\n<\/div>\n<\/div>\n<\/div>\n<blockquote><p>Comun\u00edquese con el servicio al cliente para obtener informaci\u00f3n sobre el producto Servicio de Valvula EF TE.<\/p><\/blockquote>\n","protected":false},"excerpt":{"rendered":"<p>EF VANALI SERV\u0130S TE 360\u00b0<br \/>\nEF TAPPING TEE (WITH VALVE) 360\u00b0<br \/>\n\u042d\u041b.\u0421\u0412\u0410\u0420\u041d\u041e\u0415 \u0421\u0415\u0414\u041b\u041e \u0421 \u0410\u0420\u041c\u0410\u0422\u0423\u0420\u041e\u0419 \u0414\u041b\u042f \u0412\u0420\u0415\u0417\u041a\u0418<br \/>\nElektrof\u00fczyon\/Electrofusion \/<br \/>\nMaterial:HDPE 100+ \/<br \/>\nStandart:TSEN1555-3:2010+A1\u2022TSEN12201-3+A1<\/p>\n","protected":false},"featured_media":12491,"comment_status":"open","ping_status":"closed","template":"","meta":[],"product_cat":[267],"product_tag":[],"_links":{"self":[{"href":"https:\/\/www.elborweltech.com\/es\/wp-json\/wp\/v2\/product\/12622"}],"collection":[{"href":"https:\/\/www.elborweltech.com\/es\/wp-json\/wp\/v2\/product"}],"about":[{"href":"https:\/\/www.elborweltech.com\/es\/wp-json\/wp\/v2\/types\/product"}],"replies":[{"embeddable":true,"href":"https:\/\/www.elborweltech.com\/es\/wp-json\/wp\/v2\/comments?post=12622"}],"wp:featuredmedia":[{"embeddable":true,"href":"https:\/\/www.elborweltech.com\/es\/wp-json\/wp\/v2\/media\/12491"}],"wp:attachment":[{"href":"https:\/\/www.elborweltech.com\/es\/wp-json\/wp\/v2\/media?parent=12622"}],"wp:term":[{"taxonomy":"product_cat","embeddable":true,"href":"https:\/\/www.elborweltech.com\/es\/wp-json\/wp\/v2\/product_cat?post=12622"},{"taxonomy":"product_tag","embeddable":true,"href":"https:\/\/www.elborweltech.com\/es\/wp-json\/wp\/v2\/product_tag?post=12622"}],"curies":[{"name":"wp","href":"https:\/\/api.w.org\/{rel}","templated":true}]}}