{"id":12623,"date":"2020-08-13T14:27:20","date_gmt":"2020-08-13T11:27:20","guid":{"rendered":"https:\/\/www.elborweltech.com\/product\/reduccion-ef\/"},"modified":"2023-02-01T13:40:38","modified_gmt":"2023-02-01T10:40:38","slug":"reduccion-ef","status":"publish","type":"product","link":"https:\/\/www.elborweltech.com\/es\/producto\/reduccion-ef\/","title":{"rendered":"Reducci\u00f3n EF"},"content":{"rendered":"<p>&nbsp;<\/p>\n<div>\n<div class=\"tab-content\">\n<div id=\"tablo1\" class=\"tab-pane fade in active\" role=\"tabpanel\">\n<table style=\"height: 520px;\" border=\"0\" width=\"448\" cellspacing=\"0\" cellpadding=\"0\">\n<tbody>\n<tr>\n<td>d1<\/td>\n<td>d2<\/td>\n<td>\u00dcr\u00fcn Kodu<\/td>\n<td>D1<\/td>\n<td>D2<\/td>\n<td>le1<\/td>\n<td>le2<\/td>\n<td>Z<\/td>\n<td>A\u011f\u0131rl\u0131k<\/td>\n<td>Kutu<\/td>\n<\/tr>\n<tr>\n<td>mm<\/td>\n<td>mm<\/td>\n<td><\/td>\n<td>mm<\/td>\n<td>mm<\/td>\n<td>mm<\/td>\n<td>mm<\/td>\n<td>mm<\/td>\n<td>kg<\/td>\n<td>Adet<\/td>\n<\/tr>\n<tr>\n<td>25<\/td>\n<td>20<\/td>\n<td>101 117 2080 0026<\/td>\n<td>34<\/td>\n<td>29<\/td>\n<td>38<\/td>\n<td>36<\/td>\n<td>77<\/td>\n<td>0,035<\/td>\n<td>75<\/td>\n<\/tr>\n<tr>\n<td>32<\/td>\n<td>25<\/td>\n<td>101 117 2080 0033<\/td>\n<td>43<\/td>\n<td>34<\/td>\n<td>39<\/td>\n<td>37<\/td>\n<td>77<\/td>\n<td>0,052<\/td>\n<td>75<\/td>\n<\/tr>\n<tr>\n<td>32<\/td>\n<td>20<\/td>\n<td>101 117 2080 0034<\/td>\n<td>43<\/td>\n<td>29<\/td>\n<td>40<\/td>\n<td>36<\/td>\n<td>77<\/td>\n<td>0,048<\/td>\n<td>75<\/td>\n<\/tr>\n<tr>\n<td>40<\/td>\n<td>32<\/td>\n<td>101 117 2080 0041<\/td>\n<td>52<\/td>\n<td>43<\/td>\n<td>46<\/td>\n<td>43<\/td>\n<td>84<\/td>\n<td>0,104<\/td>\n<td>100<\/td>\n<\/tr>\n<tr>\n<td>50<\/td>\n<td>40<\/td>\n<td>101 117 2080 0051<\/td>\n<td>62<\/td>\n<td>52<\/td>\n<td>46<\/td>\n<td>42<\/td>\n<td>91<\/td>\n<td>0,092<\/td>\n<td>80<\/td>\n<\/tr>\n<tr>\n<td>50<\/td>\n<td>32<\/td>\n<td>101 117 2080 0052<\/td>\n<td>62<\/td>\n<td>44<\/td>\n<td>46<\/td>\n<td>40<\/td>\n<td>91<\/td>\n<td>0,087<\/td>\n<td>80<\/td>\n<\/tr>\n<tr>\n<td>63<\/td>\n<td>50<\/td>\n<td>101 117 2080 0064<\/td>\n<td>78<\/td>\n<td>62<\/td>\n<td>52<\/td>\n<td>48<\/td>\n<td>102<\/td>\n<td>0,138<\/td>\n<td>60<\/td>\n<\/tr>\n<tr>\n<td>63<\/td>\n<td>40<\/td>\n<td>101 117 2080 0065<\/td>\n<td>77<\/td>\n<td>52<\/td>\n<td>52<\/td>\n<td>45<\/td>\n<td>102<\/td>\n<td>0,103<\/td>\n<td>60<\/td>\n<\/tr>\n<tr>\n<td>63<\/td>\n<td>32<\/td>\n<td>101 117 2080 0066<\/td>\n<td>78<\/td>\n<td>44<\/td>\n<td>52<\/td>\n<td>44<\/td>\n<td>102<\/td>\n<td>0,130<\/td>\n<td>60<\/td>\n<\/tr>\n<tr>\n<td>90<\/td>\n<td>63<\/td>\n<td>101 117 2080 0092<\/td>\n<td>110<\/td>\n<td>79<\/td>\n<td>62<\/td>\n<td>55<\/td>\n<td>123<\/td>\n<td>0,300<\/td>\n<td>35<\/td>\n<\/tr>\n<tr>\n<td>110<\/td>\n<td>90<\/td>\n<td>101 117 2080 0111<\/td>\n<td>134<\/td>\n<td>111<\/td>\n<td>71<\/td>\n<td>63<\/td>\n<td>138<\/td>\n<td>0,535<\/td>\n<td>20<\/td>\n<\/tr>\n<tr>\n<td>110<\/td>\n<td>63<\/td>\n<td>001 117 2080 0113<\/td>\n<td>135<\/td>\n<td>80<\/td>\n<td>71<\/td>\n<td>53<\/td>\n<td>158<\/td>\n<td>0,540<\/td>\n<td>24<\/td>\n<\/tr>\n<tr>\n<td>125<\/td>\n<td>90<\/td>\n<td>101 117 2080 0127<\/td>\n<td>152<\/td>\n<td>112<\/td>\n<td>75<\/td>\n<td>62<\/td>\n<td>145<\/td>\n<td>0,700<\/td>\n<td>12<\/td>\n<\/tr>\n<tr>\n<td>180<\/td>\n<td>125<\/td>\n<td>101 117 2080 0183<\/td>\n<td>216<\/td>\n<td>157<\/td>\n<td>115<\/td>\n<td>90<\/td>\n<td>221<\/td>\n<td>2,090<\/td>\n<td>4<\/td>\n<\/tr>\n<\/tbody>\n<\/table>\n<\/div>\n<\/div>\n<\/div>\n<blockquote><p>Comun\u00edquese con el servicio al cliente para obtener informaci\u00f3n sobre el producto Reducci\u00f3n EF.<\/p><\/blockquote>\n","protected":false},"excerpt":{"rendered":"<p>EF RED\u00dcKS\u0130YON<br \/>\nEF REDUCER<br \/>\n\u042d\u0424 \u041f\u0415\u0420\u0415\u0425\u041e\u0414\u041d\u0418\u041a<br \/>\nElektrof\u00fczyon\/Electrofusion \/<br \/>\nMaterial:HDPE 100+ \/<br \/>\nStandart:TSEN1555-3:2010+A1\u2022TSEN12201-3+A1<\/p>\n","protected":false},"featured_media":12503,"comment_status":"open","ping_status":"closed","template":"","meta":[],"product_cat":[267],"product_tag":[],"_links":{"self":[{"href":"https:\/\/www.elborweltech.com\/es\/wp-json\/wp\/v2\/product\/12623"}],"collection":[{"href":"https:\/\/www.elborweltech.com\/es\/wp-json\/wp\/v2\/product"}],"about":[{"href":"https:\/\/www.elborweltech.com\/es\/wp-json\/wp\/v2\/types\/product"}],"replies":[{"embeddable":true,"href":"https:\/\/www.elborweltech.com\/es\/wp-json\/wp\/v2\/comments?post=12623"}],"wp:featuredmedia":[{"embeddable":true,"href":"https:\/\/www.elborweltech.com\/es\/wp-json\/wp\/v2\/media\/12503"}],"wp:attachment":[{"href":"https:\/\/www.elborweltech.com\/es\/wp-json\/wp\/v2\/media?parent=12623"}],"wp:term":[{"taxonomy":"product_cat","embeddable":true,"href":"https:\/\/www.elborweltech.com\/es\/wp-json\/wp\/v2\/product_cat?post=12623"},{"taxonomy":"product_tag","embeddable":true,"href":"https:\/\/www.elborweltech.com\/es\/wp-json\/wp\/v2\/product_tag?post=12623"}],"curies":[{"name":"wp","href":"https:\/\/api.w.org\/{rel}","templated":true}]}}