{"id":12624,"date":"2020-08-13T14:22:01","date_gmt":"2020-08-13T11:22:01","guid":{"rendered":"https:\/\/www.elborweltech.com\/product\/ef-90-inegal-te\/"},"modified":"2023-02-01T13:23:49","modified_gmt":"2023-02-01T10:23:49","slug":"ef-90-te-unico","status":"publish","type":"product","link":"https:\/\/www.elborweltech.com\/es\/producto\/ef-90-te-unico\/","title":{"rendered":"EF 90 \u00b0 Te \u00danico"},"content":{"rendered":"<div id=\"g1-table-1\" class=\"g1-table g1-table--solid \">\n<table style=\"height: 536px;\" border=\"0\" width=\"457\" cellspacing=\"0\" cellpadding=\"0\">\n<tbody>\n<tr>\n<td>d1<\/td>\n<td>d2<\/td>\n<td>\u00dcr\u00fcn Kodu<\/td>\n<td>D<\/td>\n<td>Z<\/td>\n<td>le1<\/td>\n<td>le2<\/td>\n<td>A\u011f\u0131rl\u0131k<\/td>\n<td>Kutu<\/td>\n<\/tr>\n<tr>\n<td>mm<\/td>\n<td>mm<\/td>\n<td><\/td>\n<td>mm<\/td>\n<td>mm<\/td>\n<td>mm<\/td>\n<td>mm<\/td>\n<td>kg<\/td>\n<td>Adet<\/td>\n<\/tr>\n<tr>\n<td>50<\/td>\n<td>40<\/td>\n<td>001 117 2042 0051<\/td>\n<td>64<\/td>\n<td>138<\/td>\n<td>43<\/td>\n<td>49<\/td>\n<td>0,300<\/td>\n<td>25<\/td>\n<\/tr>\n<tr>\n<td>63<\/td>\n<td>50<\/td>\n<td>001 117 2042 0064<\/td>\n<td>82<\/td>\n<td>164<\/td>\n<td>49<\/td>\n<td>55<\/td>\n<td>0,330<\/td>\n<td>18<\/td>\n<\/tr>\n<tr>\n<td>63<\/td>\n<td>40<\/td>\n<td>001 117 2042 0065<\/td>\n<td>82<\/td>\n<td>164<\/td>\n<td>49<\/td>\n<td>49<\/td>\n<td>0,310<\/td>\n<td>24<\/td>\n<\/tr>\n<tr>\n<td>63<\/td>\n<td>32<\/td>\n<td>001 117 2042 0066<\/td>\n<td>82<\/td>\n<td>164<\/td>\n<td>49<\/td>\n<td>44<\/td>\n<td>0,300<\/td>\n<td>24<\/td>\n<\/tr>\n<tr>\n<td>75<\/td>\n<td>63<\/td>\n<td>001 117 2042 0076<\/td>\n<td>95<\/td>\n<td>189<\/td>\n<td>55<\/td>\n<td>63<\/td>\n<td>0,520<\/td>\n<td>14<\/td>\n<\/tr>\n<tr>\n<td>90<\/td>\n<td>63<\/td>\n<td>001 117 2042 0092<\/td>\n<td>112<\/td>\n<td>210<\/td>\n<td>65<\/td>\n<td>63<\/td>\n<td>0,740<\/td>\n<td>8<\/td>\n<\/tr>\n<tr>\n<td>110<\/td>\n<td>90<\/td>\n<td>001 117 2042 0111<\/td>\n<td>139<\/td>\n<td>260<\/td>\n<td>72<\/td>\n<td>79<\/td>\n<td>1,330<\/td>\n<td>6<\/td>\n<\/tr>\n<tr>\n<td>110<\/td>\n<td>63<\/td>\n<td>001 117 2042 0113<\/td>\n<td>139<\/td>\n<td>260<\/td>\n<td>72<\/td>\n<td>63<\/td>\n<td>1,220<\/td>\n<td>8<\/td>\n<\/tr>\n<tr>\n<td>125<\/td>\n<td>110<\/td>\n<td>001 117 2042 0126<\/td>\n<td>160<\/td>\n<td>268<\/td>\n<td>77<\/td>\n<td>82<\/td>\n<td>1,630<\/td>\n<td>4<\/td>\n<\/tr>\n<tr>\n<td>125<\/td>\n<td>90<\/td>\n<td>001 117 2042 0127<\/td>\n<td>160<\/td>\n<td>268<\/td>\n<td>77<\/td>\n<td>79<\/td>\n<td>1,550<\/td>\n<td>4<\/td>\n<\/tr>\n<tr>\n<td>125<\/td>\n<td>63<\/td>\n<td>001 117 2042 0129<\/td>\n<td>160<\/td>\n<td>268<\/td>\n<td>77<\/td>\n<td>63<\/td>\n<td>1,440<\/td>\n<td>4<\/td>\n<\/tr>\n<tr>\n<td>160<\/td>\n<td>110<\/td>\n<td>001 117 2042 0163<\/td>\n<td>195<\/td>\n<td>320<\/td>\n<td>86<\/td>\n<td>82<\/td>\n<td>2,890<\/td>\n<td>2<\/td>\n<\/tr>\n<tr>\n<td>160<\/td>\n<td>90<\/td>\n<td>001 117 2042 0164<\/td>\n<td>195<\/td>\n<td>320<\/td>\n<td>86<\/td>\n<td>79<\/td>\n<td>2,790<\/td>\n<td>2<\/td>\n<\/tr>\n<tr>\n<td>160<\/td>\n<td>63<\/td>\n<td>001 117 2042 0166<\/td>\n<td>195<\/td>\n<td>320<\/td>\n<td>86<\/td>\n<td>63<\/td>\n<td>2,700<\/td>\n<td>2<\/td>\n<\/tr>\n<tr>\n<td>180<\/td>\n<td>125<\/td>\n<td>001 117 2042 0183<\/td>\n<td>230<\/td>\n<td>340<\/td>\n<td>88<\/td>\n<td>87<\/td>\n<td>3,830<\/td>\n<td>2<\/td>\n<\/tr>\n<\/tbody>\n<\/table>\n<\/div>\n<div><\/div>\n<blockquote><p>Comun\u00edquese con el servicio al cliente para obtener informaci\u00f3n sobre el producto.<\/p><\/blockquote>\n","protected":false},"excerpt":{"rendered":"<p>EF \u0130NEGAL TE 90\u00b0<br \/>\nEF REDUCED TEE 90\u00b0<br \/>\n\u042d\u0424 \u0422\u0420\u041e\u0419\u041d\u0418\u041a-\u041f\u0415\u0420\u0415\u0425\u041e\u0414\u041d\u0418\u041a 90\u00b0<br \/>\nElektrof\u00fczyon\/Electrofusion \/<br \/>\nMaterial:HDPE 100+ \/<br \/>\nStandart:TSEN1555-3:2010+A1\u2022TSEN12201-3+A1<\/p>\n","protected":false},"featured_media":12527,"comment_status":"open","ping_status":"closed","template":"","meta":[],"product_cat":[267],"product_tag":[],"_links":{"self":[{"href":"https:\/\/www.elborweltech.com\/es\/wp-json\/wp\/v2\/product\/12624"}],"collection":[{"href":"https:\/\/www.elborweltech.com\/es\/wp-json\/wp\/v2\/product"}],"about":[{"href":"https:\/\/www.elborweltech.com\/es\/wp-json\/wp\/v2\/types\/product"}],"replies":[{"embeddable":true,"href":"https:\/\/www.elborweltech.com\/es\/wp-json\/wp\/v2\/comments?post=12624"}],"wp:featuredmedia":[{"embeddable":true,"href":"https:\/\/www.elborweltech.com\/es\/wp-json\/wp\/v2\/media\/12527"}],"wp:attachment":[{"href":"https:\/\/www.elborweltech.com\/es\/wp-json\/wp\/v2\/media?parent=12624"}],"wp:term":[{"taxonomy":"product_cat","embeddable":true,"href":"https:\/\/www.elborweltech.com\/es\/wp-json\/wp\/v2\/product_cat?post=12624"},{"taxonomy":"product_tag","embeddable":true,"href":"https:\/\/www.elborweltech.com\/es\/wp-json\/wp\/v2\/product_tag?post=12624"}],"curies":[{"name":"wp","href":"https:\/\/api.w.org\/{rel}","templated":true}]}}