{"id":12654,"date":"2020-06-28T21:36:58","date_gmt":"2020-06-28T18:36:58","guid":{"rendered":"https:\/\/www.elborweltech.com\/product\/maquina-de-soldadura-a-tope-hidraulica-para-tubos-de-plastico-cnc-w630\/"},"modified":"2024-09-19T13:04:09","modified_gmt":"2024-09-19T10:04:09","slug":"maquina-de-soldadura-a-tope-hidraulica-para-tubos-de-plastico-cnc-w630","status":"publish","type":"product","link":"https:\/\/www.elborweltech.com\/es\/producto\/maquina-de-soldadura-a-tope-hidraulica-para-tubos-de-plastico-cnc-w630\/","title":{"rendered":"CNC W630 M\u00e1quina de Soldadura A Tope Hidr\u00e1ulica Para Tubos Pl\u00e1sticos"},"content":{"rendered":"<section class=\"l-section wpb_row height_auto\"><div class=\"l-section-h i-cf\"><div class=\"g-cols vc_row via_flex valign_top type_default stacking_default\"><div class=\"vc_col-sm-12 wpb_column vc_column_container\"><div class=\"vc_column-inner\"><div class=\"wpb_wrapper\"><div class=\"w-tabs layout_hor style_trendy switch_click has_scrolling\" style=\"--sections-title-size:1em\"><div class=\"w-tabs-list items_3 align_none\"><div class=\"w-tabs-list-h\"><button class=\"w-tabs-item active with_icon\" aria-controls=\"content-kcbb\" aria-expanded=\"false\"><i class=\"fad fa-file-alt\"><\/i><span class=\"w-tabs-item-title\">Caracter\u00edsticas generales<\/span><\/button><button class=\"w-tabs-item with_icon\" aria-controls=\"content-j2fa\" aria-expanded=\"false\"><i class=\"fad fa-list\"><\/i><span class=\"w-tabs-item-title\">Especificaciones t\u00e9cnicas<\/span><\/button><a class=\"w-tabs-item with_icon\" aria-controls=\"content-w415\" aria-expanded=\"false\" href=\"https:\/\/www.elborweltech.com\/wp-content\/uploads\/2020\/09\/OK-CNC-W630-USER-MANUEL.pdf\"><i class=\"fad fa-file-pdf\"><\/i><span class=\"w-tabs-item-title\">Gu\u00eda del usuario<\/span><\/a><\/div><\/div><div class=\"w-tabs-sections titles-align_none icon_chevron cpos_right\"><div class=\"w-tabs-section active\" id=\"kcbb\"><button class=\"w-tabs-section-header active with_icon\" aria-controls=\"content-kcbb\" aria-expanded=\"true\"><i class=\"fad fa-file-alt\"><\/i><div class=\"w-tabs-section-title\">Caracter\u00edsticas generales<\/div><div class=\"w-tabs-section-control\"><\/div><\/button><div  class=\"w-tabs-section-content\" id=\"content-kcbb\"><div class=\"w-tabs-section-content-h i-cf\"><div class=\"g-cols wpb_row via_flex valign_top type_default stacking_default\"><div class=\"vc_col-sm-6 wpb_column vc_column_container has_bg_color\"><div class=\"vc_column-inner us_custom_e87f0f3d\"><div class=\"wpb_wrapper\"><div class=\"w-separator size_small\"><\/div><div class=\"w-image align_none\"><div url class=\"w-image-h\"><img width=\"800\" height=\"506\" src=\"https:\/\/www.elborweltech.com\/wp-content\/uploads\/2020\/06\/elbor-w630-polietilen-boru-alin-kaynak-makinasi-other-1.jpg\" class=\"attachment-full size-full\" alt=\"\" decoding=\"async\" loading=\"lazy\" srcset=\"https:\/\/www.elborweltech.com\/wp-content\/uploads\/2020\/06\/elbor-w630-polietilen-boru-alin-kaynak-makinasi-other-1.jpg 800w, https:\/\/www.elborweltech.com\/wp-content\/uploads\/2020\/06\/elbor-w630-polietilen-boru-alin-kaynak-makinasi-other-1-300x190.jpg 300w, https:\/\/www.elborweltech.com\/wp-content\/uploads\/2020\/06\/elbor-w630-polietilen-boru-alin-kaynak-makinasi-other-1-600x380.jpg 600w, https:\/\/www.elborweltech.com\/wp-content\/uploads\/2020\/06\/elbor-w630-polietilen-boru-alin-kaynak-makinasi-other-1-569x360.jpg 569w\" sizes=\"(max-width: 800px) 100vw, 800px\"><\/div><\/div><\/div><\/div><\/div><div class=\"vc_col-sm-6 wpb_column vc_column_container\"><div class=\"vc_column-inner\"><div class=\"wpb_wrapper\"><div class=\"wpb_text_column\"><div class=\"wpb_wrapper\"><h4>Cuerpo de m\u00e1quina de soldadura a tope CNC W630<\/h4>\n<p>El cuerpo principal soporta los tubos de pl\u00e1stico a soldar con dos abrazaderas m\u00f3viles y dos fijas, y proporciona fijaci\u00f3n y centrado.<\/p>\n<p>Se aplica fuerza de presi\u00f3n hidr\u00e1ulica al sistema. Con los dos pistones en el eje del portador, esta fuerza dirige las abrazaderas m\u00f3viles hacia adelante y hacia atr\u00e1s y proporciona el movimiento requerido para que se lleve a cabo el proceso de soldadura.<\/p>\n<\/div><\/div><\/div><\/div><\/div><\/div><div class=\"g-cols wpb_row via_flex valign_top type_default stacking_default\"><div class=\"vc_col-sm-6 wpb_column vc_column_container\"><div class=\"vc_column-inner\"><div class=\"wpb_wrapper\"><div class=\"wpb_text_column us_custom_e75e05de\"><div class=\"wpb_wrapper\"><h4>Cortadora de m\u00e1quina de soldadura a tope CNC W630<\/h4>\n<ul>\n<li>Es un elemento de m\u00e1quina de soldadura a tope que limpia el tope de los tubos fijados y centrados en el cuerpo principal con las dos cuchillas giratorias en los lados derecho e izquierdo y las cuchillas de corte en estas cuchillas antes del proceso de calentamiento.<\/li>\n<li>El motor y el grupo reductor proporcionan el movimiento giratorio de la recortadora.<\/li>\n<li>La unidad de corte de la m\u00e1quina de soldadura a tope CNC W630 crea superficies de tuber\u00eda paralelas y sin rebabas.<\/li>\n<\/ul>\n<\/div><\/div><\/div><\/div><\/div><div class=\"vc_col-sm-6 wpb_column vc_column_container has_bg_color\"><div class=\"vc_column-inner us_custom_0eb3d71a\"><div class=\"wpb_wrapper\"><div class=\"w-separator size_medium\"><\/div><div class=\"w-image align_none\"><div url class=\"w-image-h\"><img width=\"800\" height=\"506\" src=\"https:\/\/www.elborweltech.com\/wp-content\/uploads\/2020\/06\/elbor-w630-polietilen-boru-alin-kaynak-makinasi-other-2.jpg\" class=\"attachment-full size-full\" alt=\"\" decoding=\"async\" loading=\"lazy\" srcset=\"https:\/\/www.elborweltech.com\/wp-content\/uploads\/2020\/06\/elbor-w630-polietilen-boru-alin-kaynak-makinasi-other-2.jpg 800w, https:\/\/www.elborweltech.com\/wp-content\/uploads\/2020\/06\/elbor-w630-polietilen-boru-alin-kaynak-makinasi-other-2-300x190.jpg 300w, https:\/\/www.elborweltech.com\/wp-content\/uploads\/2020\/06\/elbor-w630-polietilen-boru-alin-kaynak-makinasi-other-2-600x380.jpg 600w, https:\/\/www.elborweltech.com\/wp-content\/uploads\/2020\/06\/elbor-w630-polietilen-boru-alin-kaynak-makinasi-other-2-569x360.jpg 569w\" sizes=\"(max-width: 800px) 100vw, 800px\"><\/div><\/div><\/div><\/div><\/div><\/div><div class=\"g-cols wpb_row via_flex valign_top type_default stacking_default\"><div class=\"vc_col-sm-6 wpb_column vc_column_container has_bg_color\"><div class=\"vc_column-inner us_custom_8844171a\"><div class=\"wpb_wrapper\"><div class=\"w-separator size_small\"><\/div><\/div><\/div><\/div><div class=\"vc_col-sm-6 wpb_column vc_column_container\"><div class=\"vc_column-inner\"><div class=\"wpb_wrapper\"><div class=\"wpb_text_column us_custom_c3ddf93f\"><div class=\"wpb_wrapper\"><h4>Calentador de m\u00e1quina de soldadura a tope CNC W630<\/h4>\n<p>Es el elemento de la m\u00e1quina de soldadura a tope el que prepara las superficies frontales de la tuber\u00eda, que son llevadas a la rugosidad deseada por el proceso de afeitado, para el proceso de uni\u00f3n calent\u00e1ndolas con la placa calefactora.<br \/>\nEl ajuste de temperatura del calentador se realiza con el termostato de ajuste de temperatura digital ubicado en la placa del calentador.<\/p>\n<\/div><\/div><\/div><\/div><\/div><\/div><div class=\"g-cols wpb_row via_flex valign_top type_default stacking_default\"><div class=\"vc_col-sm-6 wpb_column vc_column_container\"><div class=\"vc_column-inner us_custom_c0ff2da2\"><div class=\"wpb_wrapper\"><div class=\"wpb_text_column us_custom_37f62cf4\"><div class=\"wpb_wrapper\"><h4>Unidad de control el\u00e9ctrico e hidr\u00e1ulico de la soldadora a tope CNC W630<\/h4>\n<ul>\n<li>Unidad de control el\u00e9ctrica e hidr\u00e1ulica; la electricidad requerida para el funcionamiento de la m\u00e1quina, el calentador y la maquinilla de afeitar, y la presi\u00f3n hidr\u00e1ulica a la m\u00e1quina principal; La unidad de control es operada por el control manual.<\/li>\n<li>Hay cuatro botones y un interruptor en el control manual. Los botones mueven las abrazaderas m\u00f3viles hacia adelante y hacia atr\u00e1s, el interruptor activa la afeitadora.<\/li>\n<\/ul>\n<\/div><\/div><\/div><\/div><\/div><div class=\"vc_col-sm-6 wpb_column vc_column_container has_bg_color\"><div class=\"vc_column-inner us_custom_86a094e8\"><div class=\"wpb_wrapper\"><div class=\"w-separator size_medium\"><\/div><\/div><\/div><\/div><\/div><div class=\"g-cols wpb_row via_flex valign_top type_default stacking_default\"><div class=\"vc_col-sm-6 wpb_column vc_column_container has_bg_color\"><div class=\"vc_column-inner us_custom_e1c293ba\"><div class=\"wpb_wrapper\"><div class=\"w-separator size_medium\"><\/div><\/div><\/div><\/div><div class=\"vc_col-sm-6 wpb_column vc_column_container\"><div class=\"vc_column-inner us_custom_0cb96119\"><div class=\"wpb_wrapper\"><div class=\"wpb_text_column\"><div class=\"wpb_wrapper\"><h4>Caja de caja para m\u00e1quina de soldadura a tope CNC W630<\/h4>\n<ul>\n<li>La carcasa y la caja de soporte evitan la p\u00e9rdida de calor del calentador.<\/li>\n<li>La recortadora sostiene el calentador contra influencias externas (impacto, agua, etc.).<\/li>\n<\/ul>\n<\/div><\/div><\/div><\/div><\/div><\/div><\/div><\/div><\/div><div class=\"w-tabs-section\" id=\"j2fa\"><button class=\"w-tabs-section-header with_icon\" aria-controls=\"content-j2fa\" aria-expanded=\"false\"><i class=\"fad fa-list\"><\/i><div class=\"w-tabs-section-title\">Especificaciones t\u00e9cnicas<\/div><div class=\"w-tabs-section-control\"><\/div><\/button><div  class=\"w-tabs-section-content\" id=\"content-j2fa\"><div class=\"w-tabs-section-content-h i-cf\"><div class=\"wpb_text_column\"><div class=\"wpb_wrapper\"><div id=\"g1-table-1\" class=\"g1-table g1-table--solid \">\n<table>\n<tbody>\n<tr>\n<td>Kaynak \u00c7ap\u0131 \/ Welding Range<\/td>\n<td><strong>\u00d8 315 mm \u2013 \u00d8 630 mm<\/strong><br \/>\n(\u00d8315 mm, \u00d8355 mm, \u00d8400 mm,\u00a0\u00d8450 mm, \u00d8500 mm, \u00d8560 mm, \u00d8630 mm)<\/td>\n<\/tr>\n<tr>\n<td>Malzeme Cinsi \/ Pipe Types to Weld<\/td>\n<td>PE \u2013 PP \u2013 PVDF<\/td>\n<\/tr>\n<tr>\n<td>Boru Max. Bas\u0131n\u00e7 \/ Pipe Max. Pressure<\/td>\n<td>PN32<\/td>\n<\/tr>\n<tr>\n<td>Is\u0131t\u0131c\u0131 Elektrik G\u00fcc\u00fc \/ Heater Electric Power<\/td>\n<td>380 V \u2013 7,5 kW<\/td>\n<\/tr>\n<tr>\n<td>Tra\u015flay\u0131c\u0131 Elektrik G\u00fcc\u00fc \/ Trimmer Electric Power<\/td>\n<td>380 V \u2013 1,5 kW<\/td>\n<\/tr>\n<tr>\n<td>Hidrolik G\u00fcc\u00fc \/ Power of Hydraulic Unit<\/td>\n<td>380 V \u2013 1,1 kW<\/td>\n<\/tr>\n<tr>\n<td>Elektrik Sistemi \/ Electric System<\/td>\n<td>Trifaze \/ Triple Phase<\/td>\n<\/tr>\n<tr>\n<td>Toplam Elektrik Sarfiyat\u0131 \/ Total Electricity Consumption<\/td>\n<td>9,75 kW<\/td>\n<\/tr>\n<tr>\n<td>\u00c7al\u0131\u015fma Bas\u0131nc\u0131 \/ Operating Pressure<\/td>\n<td>150 Bar<\/td>\n<\/tr>\n<tr>\n<td>Gerekli Olan Jenerat\u00f6r G\u00fcc\u00fc \/ Required Generator Power<\/td>\n<td>15 kVA<\/td>\n<\/tr>\n<tr>\n<td>\u00c7al\u0131\u015fma S\u0131cakl\u0131\u011f\u0131 \/ Working Temperature<\/td>\n<td>(-40 C\u00b0 ~ + 40 C\u00b0)<\/td>\n<\/tr>\n<tr>\n<td>Hidrolik Ya\u011f\u0131 \/ Hydraulic Oil<\/td>\n<td>Hydraulic 46 \/ 4 lt<\/td>\n<\/tr>\n<\/tbody>\n<\/table>\n<\/div>\n<div id=\"g1-table-2\" class=\"g1-table g1-table--solid \">\n<table>\n<thead>\n<tr>\n<th>\u0130\u00e7indekiler \/ Content<\/th>\n<\/tr>\n<\/thead>\n<tbody>\n<tr>\n<td>Kullanma Klavuzu \/ User Manual<\/td>\n<td>1 ad\/ pcs<\/td>\n<\/tr>\n<tr>\n<td>Ana G\u00f6vde \/ Main Body<\/td>\n<td>1 ad\/ pcs<\/td>\n<\/tr>\n<tr>\n<td>Tra\u015flya\u0131c\u0131 \/ Trimmer<\/td>\n<td>1 ad\/ pcs<\/td>\n<\/tr>\n<tr>\n<td>Is\u0131t\u0131c\u0131 \/ Heater<\/td>\n<td>1 ad\/ pcs<\/td>\n<\/tr>\n<tr>\n<td>Muhafaza ve Destek Kutusu \/ Protective Casing<\/td>\n<td>1 ad\/ pcs<\/td>\n<\/tr>\n<tr>\n<td>Pafta \/ Stuffer<\/td>\n<td>24 ad\/ pcs<\/td>\n<\/tr>\n<tr>\n<td>Tak\u0131m \u00c7antas\u0131 \/ Tool Bag<\/td>\n<td>1 ad \/ pcs<\/td>\n<\/tr>\n<\/tbody>\n<\/table>\n<\/div>\n<div id=\"g1-table-3\" class=\"g1-table g1-table--solid \">\n<table>\n<thead>\n<tr>\n<th>Paketeleme Detaylar\u0131 \/ Packaging Details<\/th>\n<\/tr>\n<\/thead>\n<tbody>\n<tr>\n<td>Ambalaj\u0131n Cinsi \/ Type of Package<\/td>\n<td>Tahta Sand\u0131k \/ Wooden Case<\/td>\n<\/tr>\n<tr>\n<td>Kap Adedi \/ Number of Packages<\/td>\n<td>1 paket \/ pack<\/td>\n<\/tr>\n<tr>\n<td>Ebatlar \/ Dimensions<\/td>\n<td>133 x 112 x 126 cm<br \/>\n119 x 70 x 144 cm<\/td>\n<\/tr>\n<tr>\n<td>Toplam Hacim \/ Total Volume<\/td>\n<td>2,75 m3<\/td>\n<\/tr>\n<tr>\n<td>Toplam Net A\u011f\u0131rl\u0131k \/ Total Net Weight<\/td>\n<td>453 kg<\/td>\n<\/tr>\n<tr>\n<td>Toplam Br\u00fct A\u011f\u0131rl\u0131k \/ Total Gross Weight<\/td>\n<td>665 kg<\/td>\n<\/tr>\n<\/tbody>\n<\/table>\n<\/div>\n<\/div><\/div><\/div><\/div><\/div><div class=\"w-tabs-section\" id=\"w415\"><button class=\"w-tabs-section-header with_icon\" aria-controls=\"content-w415\" aria-expanded=\"false\"><i class=\"fad fa-file-pdf\"><\/i><div class=\"w-tabs-section-title\">Gu\u00eda del usuario<\/div><div class=\"w-tabs-section-control\"><\/div><\/button><div  class=\"w-tabs-section-content\" id=\"content-w415\"><div class=\"w-tabs-section-content-h i-cf\"><div class=\"w-separator size_medium\"><\/div><\/div><\/div><\/div><\/div><\/div><\/div><\/div><\/div><\/div><\/div><\/section>\n","protected":false},"excerpt":{"rendered":"<p>Se utiliza para soldar 315 &#8211; 355 &#8211; 400 &#8211; 450 &#8211; 500 &#8211; 560 &#8211; 630 mm de di\u00e1metro de tuber\u00edas y accesorios PE &#8211; PP &#8211; PVDF hasta 32 bares.<br \/>\nProporciona soldadura potente, f\u00e1cil y en serie con la operaci\u00f3n de configuraci\u00f3n m\u00e1s corta de acuerdo con las normas internacionales ISO 12176-1.<br \/>\nProporciona un uso sencillo gracias a su estructura ligera.<br \/>\nLa presi\u00f3n m\u00e1xima de trabajo est\u00e1 dise\u00f1ada como 150 bar.<br \/>\nEs adecuado para funcionar a una temperatura ambiente de -10 C \u00b0 ~ + 40 C \u00b0.<\/p>\n","protected":false},"featured_media":9297,"comment_status":"open","ping_status":"closed","template":"","meta":[],"product_cat":[252],"product_tag":[],"_links":{"self":[{"href":"https:\/\/www.elborweltech.com\/es\/wp-json\/wp\/v2\/product\/12654"}],"collection":[{"href":"https:\/\/www.elborweltech.com\/es\/wp-json\/wp\/v2\/product"}],"about":[{"href":"https:\/\/www.elborweltech.com\/es\/wp-json\/wp\/v2\/types\/product"}],"replies":[{"embeddable":true,"href":"https:\/\/www.elborweltech.com\/es\/wp-json\/wp\/v2\/comments?post=12654"}],"wp:featuredmedia":[{"embeddable":true,"href":"https:\/\/www.elborweltech.com\/es\/wp-json\/wp\/v2\/media\/9297"}],"wp:attachment":[{"href":"https:\/\/www.elborweltech.com\/es\/wp-json\/wp\/v2\/media?parent=12654"}],"wp:term":[{"taxonomy":"product_cat","embeddable":true,"href":"https:\/\/www.elborweltech.com\/es\/wp-json\/wp\/v2\/product_cat?post=12654"},{"taxonomy":"product_tag","embeddable":true,"href":"https:\/\/www.elborweltech.com\/es\/wp-json\/wp\/v2\/product_tag?post=12654"}],"curies":[{"name":"wp","href":"https:\/\/api.w.org\/{rel}","templated":true}]}}