{"id":12655,"date":"2020-06-23T14:14:18","date_gmt":"2020-06-23T11:14:18","guid":{"rendered":"https:\/\/www.elborweltech.com\/product\/maquina-de-soldadura-a-tope-hidraulica-para-tubos-de-plastico-cnc-w500\/"},"modified":"2024-09-19T11:41:46","modified_gmt":"2024-09-19T08:41:46","slug":"maquina-de-soldadura-a-tope-hidraulica-para-tubos-de-plastico-cnc-w500","status":"publish","type":"product","link":"https:\/\/www.elborweltech.com\/es\/producto\/maquina-de-soldadura-a-tope-hidraulica-para-tubos-de-plastico-cnc-w500\/","title":{"rendered":"CNC W500 M\u00e1quina de Soldadura A Tope Hidr\u00e1ulica Para Tubos Pl\u00e1sticos"},"content":{"rendered":"<section class=\"l-section wpb_row height_auto\"><div class=\"l-section-h i-cf\"><div class=\"g-cols vc_row via_flex valign_top type_default stacking_default\"><div class=\"vc_col-sm-12 wpb_column vc_column_container\"><div class=\"vc_column-inner\"><div class=\"wpb_wrapper\"><div class=\"w-tabs layout_hor style_trendy switch_click has_scrolling\" style=\"--sections-title-size:1em\"><div class=\"w-tabs-list items_3 align_none\"><div class=\"w-tabs-list-h\"><button class=\"w-tabs-item active with_icon\" aria-controls=\"content-s469\" aria-expanded=\"false\"><i class=\"fad fa-file-alt\"><\/i><span class=\"w-tabs-item-title\">Caracter\u00edsticas generales<\/span><\/button><button class=\"w-tabs-item with_icon\" aria-controls=\"content-bb73\" aria-expanded=\"false\"><i class=\"fad fa-list\"><\/i><span class=\"w-tabs-item-title\">Especificaciones t\u00e9cnicas<\/span><\/button><a class=\"w-tabs-item with_icon\" aria-controls=\"content-lcc0\" aria-expanded=\"false\" href=\"https:\/\/www.elborweltech.com\/wp-content\/uploads\/2020\/09\/OK-CNC-W500-USER-MANUEL.pdf\"><i class=\"fad fa-file-pdf\"><\/i><span class=\"w-tabs-item-title\">Gu\u00eda del usuario<\/span><\/a><\/div><\/div><div class=\"w-tabs-sections titles-align_none icon_chevron cpos_right\"><div class=\"w-tabs-section active\" id=\"s469\"><button class=\"w-tabs-section-header active with_icon\" aria-controls=\"content-s469\" aria-expanded=\"true\"><i class=\"fad fa-file-alt\"><\/i><div class=\"w-tabs-section-title\">Caracter\u00edsticas generales<\/div><div class=\"w-tabs-section-control\"><\/div><\/button><div  class=\"w-tabs-section-content\" id=\"content-s469\"><div class=\"w-tabs-section-content-h i-cf\"><div class=\"g-cols wpb_row via_flex valign_top type_default stacking_default\"><div class=\"vc_col-sm-6 wpb_column vc_column_container has_bg_color\"><div class=\"vc_column-inner us_custom_1f027e60\"><div class=\"wpb_wrapper\"><div class=\"w-separator size_small\"><\/div><\/div><\/div><\/div><div class=\"vc_col-sm-6 wpb_column vc_column_container\"><div class=\"vc_column-inner\"><div class=\"wpb_wrapper\"><div class=\"wpb_text_column us_custom_e75e05de\"><div class=\"wpb_wrapper\"><h4>Cuerpo de m\u00e1quina de soldadura a tope CNC W500<\/h4>\n<ul>\n<li>El cuerpo principal soporta los tubos de pl\u00e1stico a soldar con dos abrazaderas m\u00f3viles y dos fijas, y proporciona fijaci\u00f3n y centrado.<\/li>\n<li>Se aplica fuerza de presi\u00f3n hidr\u00e1ulica al sistema. Con los dos pistones en el eje del portador, esta fuerza dirige las abrazaderas m\u00f3viles hacia adelante y hacia atr\u00e1s y proporciona el movimiento requerido para que se lleve a cabo el proceso de soldadura.<\/li>\n<\/ul>\n<\/div><\/div><\/div><\/div><\/div><\/div><div class=\"g-cols wpb_row via_flex valign_top type_default stacking_default\"><div class=\"vc_col-sm-6 wpb_column vc_column_container\"><div class=\"vc_column-inner\"><div class=\"wpb_wrapper\"><div class=\"wpb_text_column us_custom_e75e05de\"><div class=\"wpb_wrapper\"><h4>M\u00e1quina cortadora de soldadura a tope CNC W500<\/h4>\n<ul>\n<li>Es un elemento de m\u00e1quina de soldadura a tope que limpia el tope de los tubos fijados y centrados en el cuerpo principal con las dos cuchillas giratorias en los lados derecho e izquierdo y las cuchillas de corte en estas cuchillas antes del proceso de calentamiento.<\/li>\n<li>El motor y el grupo reductor proporcionan el movimiento giratorio de la recortadora.<\/li>\n<li>La unidad de afeitado de la m\u00e1quina de soldadura a tope CNC W500 crea superficies de tuber\u00eda paralelas y sin rebabas.<\/li>\n<\/ul>\n<\/div><\/div><\/div><\/div><\/div><div class=\"vc_col-sm-6 wpb_column vc_column_container has_bg_color\"><div class=\"vc_column-inner us_custom_78607932\"><div class=\"wpb_wrapper\"><div class=\"w-separator size_medium\"><\/div><\/div><\/div><\/div><\/div><div class=\"g-cols wpb_row via_flex valign_top type_default stacking_default\"><div class=\"vc_col-sm-6 wpb_column vc_column_container has_bg_color\"><div class=\"vc_column-inner us_custom_8844171a\"><div class=\"wpb_wrapper\"><div class=\"w-separator size_small\"><\/div><\/div><\/div><\/div><div class=\"vc_col-sm-6 wpb_column vc_column_container\"><div class=\"vc_column-inner\"><div class=\"wpb_wrapper\"><div class=\"wpb_text_column us_custom_c3ddf93f\"><div class=\"wpb_wrapper\"><h4>Calentador de m\u00e1quina de soldadura a tope CNC W500<\/h4>\n<p>Es el elemento de la m\u00e1quina de soldadura a tope el que prepara las superficies frontales de la tuber\u00eda, que son llevadas a la rugosidad deseada por el proceso de afeitado, para el proceso de uni\u00f3n calent\u00e1ndolas con la placa calefactora.<br \/>\nEl ajuste de temperatura del calentador se realiza con el termostato de ajuste de temperatura digital ubicado en la placa del calentador.<\/p>\n<\/div><\/div><\/div><\/div><\/div><\/div><div class=\"g-cols wpb_row via_flex valign_top type_default stacking_default\"><div class=\"vc_col-sm-6 wpb_column vc_column_container\"><div class=\"vc_column-inner us_custom_c0ff2da2\"><div class=\"wpb_wrapper\"><div class=\"wpb_text_column us_custom_37f62cf4\"><div class=\"wpb_wrapper\"><h4>Unidad de control el\u00e9ctrico e hidr\u00e1ulico de la soldadora a tope CNC W500<\/h4>\n<ul>\n<li>Unidad de control el\u00e9ctrica e hidr\u00e1ulica; la electricidad requerida para el funcionamiento de la m\u00e1quina, el calentador y la maquinilla de afeitar, y la presi\u00f3n hidr\u00e1ulica a la m\u00e1quina principal; La unidad de control es operada por el control manual.<\/li>\n<li>Hay cuatro botones y un interruptor en el control manual. Los botones mueven las abrazaderas m\u00f3viles hacia adelante y hacia atr\u00e1s, el interruptor activa la afeitadora.<\/li>\n<\/ul>\n<\/div><\/div><\/div><\/div><\/div><div class=\"vc_col-sm-6 wpb_column vc_column_container has_bg_color\"><div class=\"vc_column-inner us_custom_86a094e8\"><div class=\"wpb_wrapper\"><div class=\"w-separator size_medium\"><\/div><\/div><\/div><\/div><\/div><div class=\"g-cols wpb_row via_flex valign_top type_default stacking_default\"><div class=\"vc_col-sm-6 wpb_column vc_column_container has_bg_color\"><div class=\"vc_column-inner us_custom_e1c293ba\"><div class=\"wpb_wrapper\"><div class=\"w-separator size_medium\"><\/div><\/div><\/div><\/div><div class=\"vc_col-sm-6 wpb_column vc_column_container\"><div class=\"vc_column-inner us_custom_0cb96119\"><div class=\"wpb_wrapper\"><div class=\"wpb_text_column\"><div class=\"wpb_wrapper\"><h4>Caja de caja para m\u00e1quina de soldadura a tope CNC W500<\/h4>\n<ul>\n<li>La carcasa y la caja de soporte evitan la p\u00e9rdida de calor del calentador.<\/li>\n<li>La recortadora sostiene el calentador contra influencias externas (impacto, agua, etc.).<\/li>\n<\/ul>\n<\/div><\/div><\/div><\/div><\/div><\/div><\/div><\/div><\/div><div class=\"w-tabs-section\" id=\"bb73\"><button class=\"w-tabs-section-header with_icon\" aria-controls=\"content-bb73\" aria-expanded=\"false\"><i class=\"fad fa-list\"><\/i><div class=\"w-tabs-section-title\">Especificaciones t\u00e9cnicas<\/div><div class=\"w-tabs-section-control\"><\/div><\/button><div  class=\"w-tabs-section-content\" id=\"content-bb73\"><div class=\"w-tabs-section-content-h i-cf\"><div class=\"wpb_text_column\"><div class=\"wpb_wrapper\"><div id=\"g1-table-1\" class=\"g1-table g1-table--solid \">\n<table>\n<thead>\n<tr>\n<th>Teknik \u00d6zellikler \/ Technical Specifications<\/th>\n<\/tr>\n<\/thead>\n<tbody>\n<tr>\n<td>Kaynak \u00c7ap\u0131 \/ Welding Range<\/td>\n<td><strong>\u00d8 180 mm \u2013 \u00d8 500 mm<\/strong><br \/>\n(\u00d8180 mm, \u00d8200 mm, \u00d8225 mm, \u00d8250 mm, \u00d8280 mm,\u00a0\u00d8315 mm, \u00d8355 mm, \u00d8400 mm, \u00d8450 mm, \u00d8500 mm)<\/td>\n<\/tr>\n<tr>\n<td>Malzeme Cinsi \/ Pipe Types to Weld<\/td>\n<td>PE \u2013 PP \u2013 PVDF<\/td>\n<\/tr>\n<tr>\n<td>Boru Max. Bas\u0131n\u00e7 \/ Pipe Max. Pressure<\/td>\n<td>PN32<\/td>\n<\/tr>\n<tr>\n<td>Is\u0131t\u0131c\u0131 Elektrik G\u00fcc\u00fc \/ Heater Electric Power<\/td>\n<td>380 V \u2013 5,5 kW<\/td>\n<\/tr>\n<tr>\n<td>Tra\u015flay\u0131c\u0131 Elektrik G\u00fcc\u00fc \/ Trimmer Electric Power<\/td>\n<td>380 V \u2013 1,1 kW<\/td>\n<\/tr>\n<tr>\n<td>Hidrolik G\u00fcc\u00fc \/ Power of Hydraulic Unit<\/td>\n<td>380 V \u2013 1,1 kW<\/td>\n<\/tr>\n<tr>\n<td>Elektrik Sistemi \/ Electric System<\/td>\n<td>Trifaze \/ Triple Phase<\/td>\n<\/tr>\n<tr>\n<td>Toplam Elektrik Sarfiyat\u0131 \/ Total Electricity Consumption<\/td>\n<td>7,15 kW<\/td>\n<\/tr>\n<tr>\n<td>\u00c7al\u0131\u015fma Bas\u0131nc\u0131 \/ Operating Pressure<\/td>\n<td>150 Bar<\/td>\n<\/tr>\n<tr>\n<td>Gerekli Olan Jenerat\u00f6r G\u00fcc\u00fc \/ Required Generator Power<\/td>\n<td>12 kVA<\/td>\n<\/tr>\n<tr>\n<td>\u00c7al\u0131\u015fma S\u0131cakl\u0131\u011f\u0131 \/ Working Temperature<\/td>\n<td>(-10 C\u00b0 ~ + 40 C\u00b0)<\/td>\n<\/tr>\n<tr>\n<td>Hidrolik Ya\u011f\u0131 \/ Hydraulic Oil<\/td>\n<td>Hydraulic 46 \/ 4 lt<\/td>\n<\/tr>\n<\/tbody>\n<\/table>\n<\/div>\n<div id=\"g1-table-2\" class=\"g1-table g1-table--solid \">\n<table>\n<thead>\n<tr>\n<th>\u0130\u00e7indekiler \/ Content<\/th>\n<\/tr>\n<\/thead>\n<tbody>\n<tr>\n<td>Kullanma Klavuzu \/ User Manual<\/td>\n<td>1 ad\/ pcs<\/td>\n<\/tr>\n<tr>\n<td>Ana G\u00f6vde \/ Main Body<\/td>\n<td>1 ad\/ pcs<\/td>\n<\/tr>\n<tr>\n<td>Tra\u015flya\u0131c\u0131 \/ Trimmer<\/td>\n<td>1 ad\/ pcs<\/td>\n<\/tr>\n<tr>\n<td>Is\u0131t\u0131c\u0131 \/ Heater<\/td>\n<td>1 ad\/ pcs<\/td>\n<\/tr>\n<tr>\n<td>Muhafaza ve Destek Kutusu \/ Protective Casing<\/td>\n<td>1 ad\/ pcs<\/td>\n<\/tr>\n<tr>\n<td>Pafta \/ Stuffer<\/td>\n<td>36 ad\/ pcs<\/td>\n<\/tr>\n<tr>\n<td>Tak\u0131m \u00c7antas\u0131 \/ Tool Bag<\/td>\n<td>1 ad \/ pcs<\/td>\n<\/tr>\n<\/tbody>\n<\/table>\n<\/div>\n<div id=\"g1-table-3\" class=\"g1-table g1-table--solid \">\n<table>\n<thead>\n<tr>\n<th>Paketeleme Detaylar\u0131 \/ Packaging Details<\/th>\n<\/tr>\n<\/thead>\n<tbody>\n<tr>\n<td>Ambalaj\u0131n Cinsi \/ Type of Package<\/td>\n<td>Tahta Sand\u0131k \/ Wooden Case<\/td>\n<\/tr>\n<tr>\n<td>Kap Adedi \/ Number of Packages<\/td>\n<td>1 paket \/ pack<\/td>\n<\/tr>\n<tr>\n<td>Ebatlar \/ Dimensions<\/td>\n<td>143 x 137 x 127 cm<\/td>\n<\/tr>\n<tr>\n<td>Toplam Hacim \/ Total Volume<\/td>\n<td>2,44 m3<\/td>\n<\/tr>\n<tr>\n<td>Toplam Net A\u011f\u0131rl\u0131k \/ Total Net Weight<\/td>\n<td>391 kg<\/td>\n<\/tr>\n<tr>\n<td>Toplam Br\u00fct A\u011f\u0131rl\u0131k \/ Total Gross Weight<\/td>\n<td>467 kg<\/td>\n<\/tr>\n<\/tbody>\n<\/table>\n<\/div>\n<\/div><\/div><\/div><\/div><\/div><div class=\"w-tabs-section\" id=\"lcc0\"><button class=\"w-tabs-section-header with_icon\" aria-controls=\"content-lcc0\" aria-expanded=\"false\"><i class=\"fad fa-file-pdf\"><\/i><div class=\"w-tabs-section-title\">Gu\u00eda del usuario<\/div><div class=\"w-tabs-section-control\"><\/div><\/button><div  class=\"w-tabs-section-content\" id=\"content-lcc0\"><div class=\"w-tabs-section-content-h i-cf\"><div class=\"w-separator size_medium\"><\/div><\/div><\/div><\/div><\/div><\/div><\/div><\/div><\/div><\/div><\/div><\/section>\n","protected":false},"excerpt":{"rendered":"<ul>\n<li>Se utiliza para soldar 180 &#8211; 200 &#8211; 225 &#8211; 250 &#8211; 280 &#8211; 315 &#8211; 355 &#8211; 400 &#8211; 450 &#8211; 500 mm de di\u00e1metro de tuber\u00edas y accesorios PE &#8211; PP &#8211; PVDF hasta 32 bares.<\/li>\n<li>Proporciona la configuraci\u00f3n operativa m\u00e1s corta, una soldadura potente, f\u00e1cil y r\u00e1pida de acuerdo con las normas internacionales ISO 12176-1.<\/li>\n<li>Proporciona un uso sencillo gracias a su estructura ligera.<\/li>\n<li>La presi\u00f3n m\u00e1xima de trabajo est\u00e1 dise\u00f1ada como 150 bar.<\/li>\n<li>Es adecuado para funcionar a una temperatura ambiente de -10 C \u00b0 ~ + 40 C \u00b0.<\/li>\n<\/ul>\n","protected":false},"featured_media":10613,"comment_status":"open","ping_status":"closed","template":"","meta":[],"product_cat":[252],"product_tag":[],"_links":{"self":[{"href":"https:\/\/www.elborweltech.com\/es\/wp-json\/wp\/v2\/product\/12655"}],"collection":[{"href":"https:\/\/www.elborweltech.com\/es\/wp-json\/wp\/v2\/product"}],"about":[{"href":"https:\/\/www.elborweltech.com\/es\/wp-json\/wp\/v2\/types\/product"}],"replies":[{"embeddable":true,"href":"https:\/\/www.elborweltech.com\/es\/wp-json\/wp\/v2\/comments?post=12655"}],"wp:featuredmedia":[{"embeddable":true,"href":"https:\/\/www.elborweltech.com\/es\/wp-json\/wp\/v2\/media\/10613"}],"wp:attachment":[{"href":"https:\/\/www.elborweltech.com\/es\/wp-json\/wp\/v2\/media?parent=12655"}],"wp:term":[{"taxonomy":"product_cat","embeddable":true,"href":"https:\/\/www.elborweltech.com\/es\/wp-json\/wp\/v2\/product_cat?post=12655"},{"taxonomy":"product_tag","embeddable":true,"href":"https:\/\/www.elborweltech.com\/es\/wp-json\/wp\/v2\/product_tag?post=12655"}],"curies":[{"name":"wp","href":"https:\/\/api.w.org\/{rel}","templated":true}]}}