{"id":12684,"date":"2020-06-21T14:32:28","date_gmt":"2020-06-21T11:32:28","guid":{"rendered":"https:\/\/www.elborweltech.com\/product\/acoplador-ef-hdpe100\/"},"modified":"2023-02-01T11:42:45","modified_gmt":"2023-02-01T08:42:45","slug":"acoplador-ef-hdpe100","status":"publish","type":"product","link":"https:\/\/www.elborweltech.com\/es\/producto\/acoplador-ef-hdpe100\/","title":{"rendered":"Acoplador EF HDPE100+"},"content":{"rendered":"<div id=\"g1-table-1\" class=\"g1-table g1-table--solid \">\n<table style=\"height: 988px;\" border=\"0\" width=\"457\" cellspacing=\"0\" cellpadding=\"0\">\n<tbody>\n<tr>\n<td>d<\/td>\n<td>\u00dcr\u00fcn Kodu<\/td>\n<td>D<\/td>\n<td>Z<\/td>\n<td>A\u011f\u0131rl\u0131k<\/td>\n<td>Kutu<\/td>\n<\/tr>\n<tr>\n<td>mm<\/td>\n<td><\/td>\n<td>mm<\/td>\n<td>mm<\/td>\n<td>kg<\/td>\n<td>Adet<\/td>\n<\/tr>\n<tr>\n<td>20<\/td>\n<td>101 117 2160 0020<\/td>\n<td>29<\/td>\n<td>77<\/td>\n<td>0,033<\/td>\n<td>80<\/td>\n<\/tr>\n<tr>\n<td>25<\/td>\n<td>101 117 2160 0025<\/td>\n<td>34<\/td>\n<td>77<\/td>\n<td>0,037<\/td>\n<td>80<\/td>\n<\/tr>\n<tr>\n<td>32<\/td>\n<td>101 117 2160 0032<\/td>\n<td>43<\/td>\n<td>77<\/td>\n<td>0,057<\/td>\n<td>75<\/td>\n<\/tr>\n<tr>\n<td>40<\/td>\n<td>101 117 2160 0040<\/td>\n<td>52<\/td>\n<td>90<\/td>\n<td>0,080<\/td>\n<td>90<\/td>\n<\/tr>\n<tr>\n<td>50<\/td>\n<td>101 117 2160 0050<\/td>\n<td>62<\/td>\n<td>91<\/td>\n<td>0,096<\/td>\n<td>70<\/td>\n<\/tr>\n<tr>\n<td>63<\/td>\n<td>001 117 2160 0063<\/td>\n<td>80<\/td>\n<td>98<\/td>\n<td>0,164<\/td>\n<td>18<\/td>\n<\/tr>\n<tr>\n<td>75<\/td>\n<td>001 117 2160 0075<\/td>\n<td>94<\/td>\n<td>110<\/td>\n<td>0,221<\/td>\n<td>16<\/td>\n<\/tr>\n<tr>\n<td>90<\/td>\n<td>001 117 2160 0090<\/td>\n<td>111<\/td>\n<td>124<\/td>\n<td>0,378<\/td>\n<td>12<\/td>\n<\/tr>\n<tr>\n<td>110<\/td>\n<td>001 117 2160 0110<\/td>\n<td>136<\/td>\n<td>144<\/td>\n<td>0,652<\/td>\n<td>15<\/td>\n<\/tr>\n<tr>\n<td>125<\/td>\n<td>001 117 2160 0125<\/td>\n<td>151<\/td>\n<td>154<\/td>\n<td>0,769<\/td>\n<td>15<\/td>\n<\/tr>\n<tr>\n<td>140<\/td>\n<td>001 117 2160 0140<\/td>\n<td>169<\/td>\n<td>162<\/td>\n<td>0,944<\/td>\n<td>10<\/td>\n<\/tr>\n<tr>\n<td>160<\/td>\n<td>001 117 2160 0160<\/td>\n<td>193<\/td>\n<td>172<\/td>\n<td>1,327<\/td>\n<td>8<\/td>\n<\/tr>\n<tr>\n<td>180<\/td>\n<td>001 117 2160 0180<\/td>\n<td>217<\/td>\n<td>184<\/td>\n<td>1,907<\/td>\n<td>6<\/td>\n<\/tr>\n<tr>\n<td>200<\/td>\n<td>001 117 2160 0200<\/td>\n<td>241<\/td>\n<td>198<\/td>\n<td>2,445<\/td>\n<td>4<\/td>\n<\/tr>\n<tr>\n<td>225<\/td>\n<td>001 117 2160 0225<\/td>\n<td>271<\/td>\n<td>212<\/td>\n<td>3,269<\/td>\n<td>4<\/td>\n<\/tr>\n<tr>\n<td>250<\/td>\n<td>001 117 2160 0250<\/td>\n<td>304<\/td>\n<td>228<\/td>\n<td>4,391<\/td>\n<td>2<\/td>\n<\/tr>\n<tr>\n<td>280<\/td>\n<td>001 117 2160 0280<\/td>\n<td>340<\/td>\n<td>244<\/td>\n<td>6,080<\/td>\n<td>1<\/td>\n<\/tr>\n<tr>\n<td>315<\/td>\n<td>001 117 2160 0315<\/td>\n<td>380<\/td>\n<td>264<\/td>\n<td>7,940<\/td>\n<td>1<\/td>\n<\/tr>\n<tr>\n<td>355<\/td>\n<td>001 117 2160 0355<\/td>\n<td>433<\/td>\n<td>280<\/td>\n<td>10,330<\/td>\n<td>1<\/td>\n<\/tr>\n<tr>\n<td>400<\/td>\n<td>001 117 2160 0400<\/td>\n<td>488<\/td>\n<td>300<\/td>\n<td>14,320<\/td>\n<td>1<\/td>\n<\/tr>\n<tr>\n<td>450<\/td>\n<td>109 117 2160 0450<\/td>\n<td>560<\/td>\n<td>320<\/td>\n<td>19,100<\/td>\n<td>1<\/td>\n<\/tr>\n<tr>\n<td>*500<\/td>\n<td>109 117 2160 0500<\/td>\n<td>621<\/td>\n<td>360<\/td>\n<td>27,860<\/td>\n<td>1<\/td>\n<\/tr>\n<tr>\n<td>*560<\/td>\n<td>109 117 2160 0560<\/td>\n<td>695<\/td>\n<td>390<\/td>\n<td>38,800<\/td>\n<td>1<\/td>\n<\/tr>\n<tr>\n<td>*630<\/td>\n<td>109 117 2160 0630<\/td>\n<td>780<\/td>\n<td>430<\/td>\n<td>52,200<\/td>\n<td>1<\/td>\n<\/tr>\n<tr>\n<td>*710<\/td>\n<td>109 117 2160 0710<\/td>\n<td>882<\/td>\n<td>475<\/td>\n<td>71,200<\/td>\n<td>1<\/td>\n<\/tr>\n<tr>\n<td>*800<\/td>\n<td>109 117 2160 0800<\/td>\n<td>993<\/td>\n<td>520<\/td>\n<td>101,200<\/td>\n<td>1<\/td>\n<\/tr>\n<tr>\n<td>*900<\/td>\n<td>109 117 2160 0900<\/td>\n<td>1115<\/td>\n<td>550<\/td>\n<td>137,700<\/td>\n<td>1<\/td>\n<\/tr>\n<tr>\n<td>*1000<\/td>\n<td>109 117 2160 1000<\/td>\n<td>1238<\/td>\n<td>600<\/td>\n<td>187,700<\/td>\n<td>1<\/td>\n<\/tr>\n<tr>\n<td>*1200<\/td>\n<td>109 117 2160 1200<\/td>\n<td>1483<\/td>\n<td>650<\/td>\n<td>294,500<\/td>\n<td>1<\/td>\n<\/tr>\n<\/tbody>\n<\/table>\n<\/div>\n<blockquote><p>Comun\u00edquese con el servicio al cliente para obtener informaci\u00f3n sobre el producto.<\/p><\/blockquote>\n","protected":false},"excerpt":{"rendered":"<p>EF MAN\u015eON HDPE100+<br \/>\nEF COUPLER HDPE100+<br \/>\nHDPE100+ SDR 11<br \/>\nHDPE100+ SDR 11EF Coupler<br \/>\n\u042d\u041b.\u0421\u0412\u0410\u0420\u041d\u0410\u042f \u041c\u0423\u0424\u0422\u0410 HDPE100+<br \/>\nStandart: TS EN 1555-3:2010 + A 1 \u2022 TS EN 12201-3 + A 1<\/p>\n","protected":false},"featured_media":12509,"comment_status":"open","ping_status":"closed","template":"","meta":[],"product_cat":[267],"product_tag":[],"_links":{"self":[{"href":"https:\/\/www.elborweltech.com\/es\/wp-json\/wp\/v2\/product\/12684"}],"collection":[{"href":"https:\/\/www.elborweltech.com\/es\/wp-json\/wp\/v2\/product"}],"about":[{"href":"https:\/\/www.elborweltech.com\/es\/wp-json\/wp\/v2\/types\/product"}],"replies":[{"embeddable":true,"href":"https:\/\/www.elborweltech.com\/es\/wp-json\/wp\/v2\/comments?post=12684"}],"wp:featuredmedia":[{"embeddable":true,"href":"https:\/\/www.elborweltech.com\/es\/wp-json\/wp\/v2\/media\/12509"}],"wp:attachment":[{"href":"https:\/\/www.elborweltech.com\/es\/wp-json\/wp\/v2\/media?parent=12684"}],"wp:term":[{"taxonomy":"product_cat","embeddable":true,"href":"https:\/\/www.elborweltech.com\/es\/wp-json\/wp\/v2\/product_cat?post=12684"},{"taxonomy":"product_tag","embeddable":true,"href":"https:\/\/www.elborweltech.com\/es\/wp-json\/wp\/v2\/product_tag?post=12684"}],"curies":[{"name":"wp","href":"https:\/\/api.w.org\/{rel}","templated":true}]}}