{"id":12698,"date":"2020-06-18T15:53:01","date_gmt":"2020-06-18T12:53:01","guid":{"rendered":"https:\/\/www.elborweltech.com\/product\/rodillo-630\/"},"modified":"2022-11-09T16:20:38","modified_gmt":"2022-11-09T13:20:38","slug":"rodillo-630","status":"publish","type":"product","link":"https:\/\/www.elborweltech.com\/es\/producto\/rodillo-630\/","title":{"rendered":"Rodillo 630"},"content":{"rendered":"<table>\n<thead>\n<tr>\n<th style=\"width: 60%;\">Teknik \u00d6zellikler \/ Technical Specifications<\/th>\n<\/tr>\n<\/thead>\n<tbody>\n<tr>\n<td>\u00c7al\u0131\u015fma Aral\u0131\u011f\u0131 \/ Working Range<\/td>\n<td>\u00d8 315 &#8211; 630 mm<\/td>\n<\/tr>\n<tr>\n<td>Ebatlar \/ Dimensions<\/td>\n<td>350 x 200 x 600 mm<\/td>\n<\/tr>\n<tr>\n<td>A\u011f\u0131rl\u0131k \/ Weight<\/td>\n<td>11 Kg<\/td>\n<\/tr>\n<\/tbody>\n<\/table>\n<p><iframe loading=\"lazy\" src=\"https:\/\/drive.google.com\/file\/d\/1vSy1ZkoBE4Akmb2SKn-tW9OsmdsScBUP\/preview\" width=\"100%\" height=\"575\"><\/iframe><\/p>\n","protected":false},"excerpt":{"rendered":"<p>Se utiliza para alinear y soportar tuber\u00edas durante la soldadura.<\/p>\n<p>Con el dise\u00f1o ergon\u00f3mico del Roller 630, los tubos llevados al nivel de la m\u00e1quina est\u00e1n expuestos a menos fricci\u00f3n y fuerza de tracci\u00f3n.<\/p>\n<p>Puede transportar tubos de 315-630 mm. Proporciona un uso f\u00e1cil con su estructura compacta y ligera.<\/p>\n","protected":false},"featured_media":8294,"comment_status":"open","ping_status":"closed","template":"","meta":[],"product_cat":[213],"product_tag":[],"_links":{"self":[{"href":"https:\/\/www.elborweltech.com\/es\/wp-json\/wp\/v2\/product\/12698"}],"collection":[{"href":"https:\/\/www.elborweltech.com\/es\/wp-json\/wp\/v2\/product"}],"about":[{"href":"https:\/\/www.elborweltech.com\/es\/wp-json\/wp\/v2\/types\/product"}],"replies":[{"embeddable":true,"href":"https:\/\/www.elborweltech.com\/es\/wp-json\/wp\/v2\/comments?post=12698"}],"wp:featuredmedia":[{"embeddable":true,"href":"https:\/\/www.elborweltech.com\/es\/wp-json\/wp\/v2\/media\/8294"}],"wp:attachment":[{"href":"https:\/\/www.elborweltech.com\/es\/wp-json\/wp\/v2\/media?parent=12698"}],"wp:term":[{"taxonomy":"product_cat","embeddable":true,"href":"https:\/\/www.elborweltech.com\/es\/wp-json\/wp\/v2\/product_cat?post=12698"},{"taxonomy":"product_tag","embeddable":true,"href":"https:\/\/www.elborweltech.com\/es\/wp-json\/wp\/v2\/product_tag?post=12698"}],"curies":[{"name":"wp","href":"https:\/\/api.w.org\/{rel}","templated":true}]}}