{"id":13618,"date":"2020-09-28T23:52:04","date_gmt":"2020-09-28T20:52:07","guid":{"rendered":"https:\/\/www.elborweltech.com\/?post_type=product&#038;p=13618"},"modified":"2024-07-25T10:09:11","modified_gmt":"2024-07-25T07:09:11","slug":"we630-maquina-hidraulica-de-soldadura-a-tope-y-codo-para-tubos-de-plastico","status":"publish","type":"product","link":"https:\/\/www.elborweltech.com\/es\/producto\/we630-maquina-hidraulica-de-soldadura-a-tope-y-codo-para-tubos-de-plastico\/","title":{"rendered":"WE630 M\u00e1quina Hidr\u00e1ulica Para Soldar A Tope Y Codos Para Tubos de Pl\u00e1stico"},"content":{"rendered":"<section class=\"l-section wpb_row height_auto\"><div class=\"l-section-h i-cf\"><div class=\"g-cols vc_row via_flex valign_top type_default stacking_default\"><div class=\"vc_col-sm-12 wpb_column vc_column_container\"><div class=\"vc_column-inner\"><div class=\"wpb_wrapper\"><div class=\"w-tabs layout_hor style_trendy switch_click has_scrolling\" style=\"--sections-title-size:1em\"><div class=\"w-tabs-list items_3 align_none\"><div class=\"w-tabs-list-h\"><button class=\"w-tabs-item active with_icon\" aria-controls=\"content-f4d0\" aria-expanded=\"false\"><i class=\"fad fa-file-alt\"><\/i><span class=\"w-tabs-item-title\">Especificaciones<\/span><\/button><button class=\"w-tabs-item with_icon\" aria-controls=\"content-ebe5\" aria-expanded=\"false\"><i class=\"fad fa-list\"><\/i><span class=\"w-tabs-item-title\">Especificaciones t\u00e9cnicas<\/span><\/button><a class=\"w-tabs-item with_icon\" aria-controls=\"content-sd89\" aria-expanded=\"false\" href=\"https:\/\/www.elborweltech.com\/wp-content\/uploads\/2020\/09\/OK-W630-ELBOW-MACHINE-USER-MANUEL.pdf\"><i class=\"fad fa-file-pdf\"><\/i><span class=\"w-tabs-item-title\">Gu\u00eda del usuario<\/span><\/a><\/div><\/div><div class=\"w-tabs-sections titles-align_none icon_chevron cpos_right\"><div class=\"w-tabs-section active\" id=\"f4d0\"><button class=\"w-tabs-section-header active with_icon\" aria-controls=\"content-f4d0\" aria-expanded=\"true\"><i class=\"fad fa-file-alt\"><\/i><div class=\"w-tabs-section-title\">Especificaciones<\/div><div class=\"w-tabs-section-control\"><\/div><\/button><div  class=\"w-tabs-section-content\" id=\"content-f4d0\"><div class=\"w-tabs-section-content-h i-cf\"><div class=\"g-cols wpb_row via_flex valign_top type_default stacking_default\"><div class=\"vc_col-sm-6 wpb_column vc_column_container\"><div class=\"vc_column-inner\"><div class=\"wpb_wrapper\"><div class=\"w-image style_shadow-2 align_none\"><div url class=\"w-image-h\"><div class=\"w-image-shadow\" style=\"background-image:url(https:\/\/www.elborweltech.com\/wp-content\/uploads\/2020\/09\/acili_2.jpg);\"><\/div><img width=\"800\" height=\"613\" src=\"https:\/\/www.elborweltech.com\/wp-content\/uploads\/2020\/09\/acili_2.jpg\" class=\"attachment-full size-full\" alt=\"\" decoding=\"async\" loading=\"lazy\" srcset=\"https:\/\/www.elborweltech.com\/wp-content\/uploads\/2020\/09\/acili_2.jpg 800w, https:\/\/www.elborweltech.com\/wp-content\/uploads\/2020\/09\/acili_2-300x230.jpg 300w, https:\/\/www.elborweltech.com\/wp-content\/uploads\/2020\/09\/acili_2-522x400.jpg 522w, https:\/\/www.elborweltech.com\/wp-content\/uploads\/2020\/09\/acili_2-470x360.jpg 470w, https:\/\/www.elborweltech.com\/wp-content\/uploads\/2020\/09\/acili_2-84x64.jpg 84w\" sizes=\"(max-width: 800px) 100vw, 800px\"><\/div><\/div><\/div><\/div><\/div><div class=\"vc_col-sm-6 wpb_column vc_column_container\"><div class=\"vc_column-inner\"><div class=\"wpb_wrapper\"><h4 class=\"w-text\"><span url class=\"w-text-h\"><span class=\"w-text-value\">Cuerpo de la m\u00e1quina de soldadura a tope WE630<\/span><\/span><\/h4><div class=\"w-separator size_small\"><\/div><div class=\"wpb_text_column\"><div class=\"wpb_wrapper\"><p>El cuerpo principal soporta los tubos de pl\u00e1stico a soldar con los Matrices angulares deseados conectados a una abrazadera m\u00f3vil y una fija en el medio, y proporciona fijaci\u00f3n y centrado.<\/p>\n<p>Se aplica fuerza de presi\u00f3n hidr\u00e1ulica al sistema. Con los dos pistones en el eje del portador, esta fuerza dirige las abrazaderas m\u00f3viles hacia adelante y hacia atr\u00e1s y proporciona el movimiento requerido para que tenga lugar el proceso de soldadura.<\/p>\n<\/div><\/div><\/div><\/div><\/div><\/div><div class=\"w-separator size_small with_line width_default thick_1 style_solid color_border align_center\"><div class=\"w-separator-h\"><\/div><\/div><div class=\"g-cols wpb_row via_flex valign_top type_default stacking_default\"><div class=\"vc_col-sm-6 wpb_column vc_column_container\"><div class=\"vc_column-inner\"><div class=\"wpb_wrapper\"><div class=\"w-image style_shadow-2 align_none\"><div url class=\"w-image-h\"><div class=\"w-image-shadow\" style=\"background-image:url(https:\/\/www.elborweltech.com\/wp-content\/uploads\/2020\/07\/elbor-w630-polietilen-boru-alin-kaynak-makinasi-other-2.jpg);\"><\/div><img width=\"800\" height=\"506\" src=\"https:\/\/www.elborweltech.com\/wp-content\/uploads\/2020\/07\/elbor-w630-polietilen-boru-alin-kaynak-makinasi-other-2.jpg\" class=\"attachment-full size-full\" alt=\"\" decoding=\"async\" loading=\"lazy\" srcset=\"https:\/\/www.elborweltech.com\/wp-content\/uploads\/2020\/07\/elbor-w630-polietilen-boru-alin-kaynak-makinasi-other-2.jpg 800w, https:\/\/www.elborweltech.com\/wp-content\/uploads\/2020\/07\/elbor-w630-polietilen-boru-alin-kaynak-makinasi-other-2-300x190.jpg 300w, https:\/\/www.elborweltech.com\/wp-content\/uploads\/2020\/07\/elbor-w630-polietilen-boru-alin-kaynak-makinasi-other-2-600x380.jpg 600w, https:\/\/www.elborweltech.com\/wp-content\/uploads\/2020\/07\/elbor-w630-polietilen-boru-alin-kaynak-makinasi-other-2-569x360.jpg 569w\" sizes=\"(max-width: 800px) 100vw, 800px\"><\/div><\/div><\/div><\/div><\/div><div class=\"vc_col-sm-6 wpb_column vc_column_container\"><div class=\"vc_column-inner\"><div class=\"wpb_wrapper\"><h4 class=\"w-text\"><span url class=\"w-text-h\"><span class=\"w-text-value\">Cortadora de m\u00e1quina de soldadura a tope WE630<\/span><\/span><\/h4><div class=\"w-separator size_small\"><\/div><div class=\"wpb_text_column\"><div class=\"wpb_wrapper\"><p>Es el elemento de la m\u00e1quina de soldadura a tope que limpia la zona frontal de los tubos fijados y centrados en el cuerpo principal con las dos cuchillas giratorias en los lados derecho e izquierdo y las cuchillas de corte en estas cuchillas, antes del proceso de calentamiento y lo prepara para calentar.<\/p>\n<p>El movimiento rotatorio de la recortadora es proporcionado por el motor y el grupo reductor en \u00e9l.<\/p>\n<p>La unidad recortadora de la m\u00e1quina de soldadura a tope W500 crea superficies de tuber\u00edas paralelas y sin rebabas.<\/p>\n<\/div><\/div><\/div><\/div><\/div><\/div><div class=\"w-separator size_small with_line width_default thick_1 style_solid color_border align_center\"><div class=\"w-separator-h\"><\/div><\/div><div class=\"g-cols wpb_row via_flex valign_top type_default stacking_default\"><div class=\"vc_col-sm-6 wpb_column vc_column_container\"><div class=\"vc_column-inner\"><div class=\"wpb_wrapper\"><div class=\"w-image style_shadow-2 align_none\"><div url class=\"w-image-h\"><div class=\"w-image-shadow\" style=\"background-image:url(https:\/\/www.elborweltech.com\/wp-content\/uploads\/2020\/07\/elbor-w630-polietilen-boru-alin-kaynak-makinasi-other-3.jpg);\"><\/div><img width=\"800\" height=\"506\" src=\"https:\/\/www.elborweltech.com\/wp-content\/uploads\/2020\/07\/elbor-w630-polietilen-boru-alin-kaynak-makinasi-other-3.jpg\" class=\"attachment-full size-full\" alt=\"\" decoding=\"async\" loading=\"lazy\" srcset=\"https:\/\/www.elborweltech.com\/wp-content\/uploads\/2020\/07\/elbor-w630-polietilen-boru-alin-kaynak-makinasi-other-3.jpg 800w, https:\/\/www.elborweltech.com\/wp-content\/uploads\/2020\/07\/elbor-w630-polietilen-boru-alin-kaynak-makinasi-other-3-300x190.jpg 300w, https:\/\/www.elborweltech.com\/wp-content\/uploads\/2020\/07\/elbor-w630-polietilen-boru-alin-kaynak-makinasi-other-3-600x380.jpg 600w, https:\/\/www.elborweltech.com\/wp-content\/uploads\/2020\/07\/elbor-w630-polietilen-boru-alin-kaynak-makinasi-other-3-569x360.jpg 569w\" sizes=\"(max-width: 800px) 100vw, 800px\"><\/div><\/div><\/div><\/div><\/div><div class=\"vc_col-sm-6 wpb_column vc_column_container\"><div class=\"vc_column-inner\"><div class=\"wpb_wrapper\"><h4 class=\"w-text\"><span url class=\"w-text-h\"><span class=\"w-text-value\">Calentador de m\u00e1quina de soldadura a tope WE630<\/span><\/span><\/h4><div class=\"w-separator size_small\"><\/div><div class=\"wpb_text_column\"><div class=\"wpb_wrapper\"><p>Es el elemento de la m\u00e1quina de soldadura a tope el que prepara las superficies de la cara de la tuber\u00eda, que se llevan a la rugosidad deseada por el proceso de afeitado, para el proceso de uni\u00f3n calent\u00e1ndolas con la placa calefactora.<\/p>\n<p>El ajuste de temperatura del calentador se realiza con el termostato de ajuste de temperatura digital ubicado en la placa del calentador.<\/p>\n<\/div><\/div><\/div><\/div><\/div><\/div><div class=\"w-separator size_small with_line width_default thick_1 style_solid color_border align_center\"><div class=\"w-separator-h\"><\/div><\/div><div class=\"g-cols wpb_row via_flex valign_top type_default stacking_default\"><div class=\"vc_col-sm-6 wpb_column vc_column_container\"><div class=\"vc_column-inner\"><div class=\"wpb_wrapper\"><div class=\"w-image style_shadow-2 align_none\"><div url class=\"w-image-h\"><div class=\"w-image-shadow\" style=\"background-image:url(https:\/\/www.elborweltech.com\/wp-content\/uploads\/2020\/07\/elbor-w500-polietilen-boru-alin-kaynak-makinasi-other-4.jpg);\"><\/div><img width=\"800\" height=\"506\" src=\"https:\/\/www.elborweltech.com\/wp-content\/uploads\/2020\/07\/elbor-w500-polietilen-boru-alin-kaynak-makinasi-other-4.jpg\" class=\"attachment-full size-full\" alt=\"\" decoding=\"async\" loading=\"lazy\" srcset=\"https:\/\/www.elborweltech.com\/wp-content\/uploads\/2020\/07\/elbor-w500-polietilen-boru-alin-kaynak-makinasi-other-4.jpg 800w, https:\/\/www.elborweltech.com\/wp-content\/uploads\/2020\/07\/elbor-w500-polietilen-boru-alin-kaynak-makinasi-other-4-300x190.jpg 300w, https:\/\/www.elborweltech.com\/wp-content\/uploads\/2020\/07\/elbor-w500-polietilen-boru-alin-kaynak-makinasi-other-4-600x380.jpg 600w, https:\/\/www.elborweltech.com\/wp-content\/uploads\/2020\/07\/elbor-w500-polietilen-boru-alin-kaynak-makinasi-other-4-569x360.jpg 569w\" sizes=\"(max-width: 800px) 100vw, 800px\"><\/div><\/div><\/div><\/div><\/div><div class=\"vc_col-sm-6 wpb_column vc_column_container\"><div class=\"vc_column-inner\"><div class=\"wpb_wrapper\"><h4 class=\"w-text\"><span url class=\"w-text-h\"><span class=\"w-text-value\">Unidad de control hidr\u00e1ulico y el\u00e9ctrico de la soldadora a tope WE630<\/span><\/span><\/h4><div class=\"w-separator size_small\"><\/div><div class=\"wpb_text_column\"><div class=\"wpb_wrapper\"><p>Unidad de control el\u00e9ctrica e hidr\u00e1ulica; la electricidad requerida para el funcionamiento de la m\u00e1quina, el calentador y la maquinilla de afeitar, y la presi\u00f3n hidr\u00e1ulica a la m\u00e1quina principal; La unidad de control se maneja mediante un control manual.<\/p>\n<p>Hay cuatro botones y un interruptor en el control manual. Los botones mueven las abrazaderas m\u00f3viles hacia adelante y hacia atr\u00e1s, y el interruptor activa la afeitadora.<\/p>\n<\/div><\/div><\/div><\/div><\/div><\/div><div class=\"w-separator size_small with_line width_default thick_1 style_solid color_border align_center\"><div class=\"w-separator-h\"><\/div><\/div><div class=\"g-cols wpb_row via_flex valign_top type_default stacking_default\"><div class=\"vc_col-sm-6 wpb_column vc_column_container\"><div class=\"vc_column-inner\"><div class=\"wpb_wrapper\"><div class=\"w-image style_shadow-2 align_none\"><div url class=\"w-image-h\"><div class=\"w-image-shadow\" style=\"background-image:url(https:\/\/www.elborweltech.com\/wp-content\/uploads\/2020\/07\/elbor-w500-polietilen-boru-alin-kaynak-makinasi-other-5.jpg);\"><\/div><img width=\"800\" height=\"506\" src=\"https:\/\/www.elborweltech.com\/wp-content\/uploads\/2020\/07\/elbor-w500-polietilen-boru-alin-kaynak-makinasi-other-5.jpg\" class=\"attachment-full size-full\" alt=\"\" decoding=\"async\" loading=\"lazy\" srcset=\"https:\/\/www.elborweltech.com\/wp-content\/uploads\/2020\/07\/elbor-w500-polietilen-boru-alin-kaynak-makinasi-other-5.jpg 800w, https:\/\/www.elborweltech.com\/wp-content\/uploads\/2020\/07\/elbor-w500-polietilen-boru-alin-kaynak-makinasi-other-5-300x190.jpg 300w, https:\/\/www.elborweltech.com\/wp-content\/uploads\/2020\/07\/elbor-w500-polietilen-boru-alin-kaynak-makinasi-other-5-600x380.jpg 600w, https:\/\/www.elborweltech.com\/wp-content\/uploads\/2020\/07\/elbor-w500-polietilen-boru-alin-kaynak-makinasi-other-5-569x360.jpg 569w\" sizes=\"(max-width: 800px) 100vw, 800px\"><\/div><\/div><\/div><\/div><\/div><div class=\"vc_col-sm-6 wpb_column vc_column_container\"><div class=\"vc_column-inner\"><div class=\"wpb_wrapper\"><h4 class=\"w-text\"><span url class=\"w-text-h\"><span class=\"w-text-value\">Caja del recinto de la m\u00e1quina de soldadura a tope WE630<\/span><\/span><\/h4><div class=\"w-separator size_small\"><\/div><div class=\"wpb_text_column\"><div class=\"wpb_wrapper\"><p>La carcasa y la caja de soporte evitan la p\u00e9rdida de calor del calentador y protegen el recortador de influencias externas (impacto, agua, etc.) al sostener el calentador.<\/p>\n<\/div><\/div><\/div><\/div><\/div><\/div><\/div><\/div><\/div><div class=\"w-tabs-section\" id=\"ebe5\"><button class=\"w-tabs-section-header with_icon\" aria-controls=\"content-ebe5\" aria-expanded=\"false\"><i class=\"fad fa-list\"><\/i><div class=\"w-tabs-section-title\">Especificaciones t\u00e9cnicas<\/div><div class=\"w-tabs-section-control\"><\/div><\/button><div  class=\"w-tabs-section-content\" id=\"content-ebe5\"><div class=\"w-tabs-section-content-h i-cf\"><div class=\"wpb_text_column\"><div class=\"wpb_wrapper\"><div id=\"g1-table-1\" class=\"g1-table g1-table--solid \">\n<table>\n<thead>\n<tr>\n<th>Teknik \u00d6zellikler \/ Technical Specifications<\/th>\n<\/tr>\n<\/thead>\n<tbody>\n<tr>\n<td>Kaynak \u00c7ap\u0131 \/ Welding Range<\/td>\n<td><strong>\u00d8 315 mm \u2013 \u00d8 630 mm<\/strong><br \/>\n(\u00d8315 mm, \u00d8355 mm, \u00d8400 mm, \u00d8450 mm, \u00d8500 mm, \u00d8560 mm.<br \/>\n30\u00b0,45\u00b0,60\u00b0,90\u00b0 Dirsek\/Elbow \u00d8630 mm Boru\/Pipe)<\/td>\n<\/tr>\n<tr>\n<td>Malzeme Cinsi \/ Pipe Types to Weld<\/td>\n<td>PE \u2013 PP \u2013 PVDF<\/td>\n<\/tr>\n<tr>\n<td>Boru Max. Bas\u0131n\u00e7 \/ Pipe Max. Pressure<\/td>\n<td>PN32<\/td>\n<\/tr>\n<tr>\n<td>Is\u0131t\u0131c\u0131 Elektrik G\u00fcc\u00fc \/ Heater Electric Power<\/td>\n<td>380 V \u2013 7,5 kW<\/td>\n<\/tr>\n<tr>\n<td>Tra\u015flay\u0131c\u0131 Elektrik G\u00fcc\u00fc \/ Trimmer Electric Power<\/td>\n<td>380 V \u2013 2,2 kW<\/td>\n<\/tr>\n<tr>\n<td>Hidrolik G\u00fcc\u00fc \/ Power of Hydraulic Unit<\/td>\n<td>380 V \u2013 1,5 kW<\/td>\n<\/tr>\n<tr>\n<td>Elektrik Sistemi \/ Electric System<\/td>\n<td>Trifaze \/ Triple Phase<\/td>\n<\/tr>\n<tr>\n<td>Toplam Elektrik Sarfiyat\u0131 \/ Total Electricity Consumption<\/td>\n<td>11,20 kW<\/td>\n<\/tr>\n<tr>\n<td>\u00c7al\u0131\u015fma Bas\u0131nc\u0131 \/ Operating Pressure<\/td>\n<td>150 Bar<\/td>\n<\/tr>\n<tr>\n<td>Gerekli Olan Jenerat\u00f6r G\u00fcc\u00fc \/ Required Generator Power<\/td>\n<td>15 kVA<\/td>\n<\/tr>\n<tr>\n<td>\u00c7al\u0131\u015fma S\u0131cakl\u0131\u011f\u0131 \/ Working Temperature<\/td>\n<td>(-10 C\u00b0 ~ + 40 C\u00b0)<\/td>\n<\/tr>\n<tr>\n<td>Hidrolik Ya\u011f\u0131 \/ Hydraulic Oil<\/td>\n<td>Hydraulic 46 \/ 4 lt<\/td>\n<\/tr>\n<\/tbody>\n<\/table>\n<\/div>\n<div id=\"g1-table-2\" class=\"g1-table g1-table--solid \">\n<table>\n<thead>\n<tr>\n<th>\u0130\u00e7indekiler \/ Content<\/th>\n<\/tr>\n<\/thead>\n<tbody>\n<tr>\n<td>Kullanma Klavuzu \/ User Manual<\/td>\n<td>1 ad\/ pcs<\/td>\n<\/tr>\n<tr>\n<td>Ana G\u00f6vde \/ Main Body<\/td>\n<td>1 ad\/ pcs<\/td>\n<\/tr>\n<tr>\n<td>Tra\u015flya\u0131c\u0131 \/ Trimmer<\/td>\n<td>1 ad\/ pcs<\/td>\n<\/tr>\n<tr>\n<td>Is\u0131t\u0131c\u0131 \/ Heater<\/td>\n<td>1 ad\/ pcs<\/td>\n<\/tr>\n<tr>\n<td>Muhafaza ve Destek Kutusu \/ Protective Casing<\/td>\n<td>1 ad\/ pcs<\/td>\n<\/tr>\n<tr>\n<td>Pafta \/ Stuffer<\/td>\n<td>96 ad\/ pcs<\/td>\n<\/tr>\n<tr>\n<td>Tak\u0131m \u00c7antas\u0131 \/ Tool Bag<\/td>\n<td>1 ad \/ pcs<\/td>\n<\/tr>\n<\/tbody>\n<\/table>\n<\/div>\n<div id=\"g1-table-3\" class=\"g1-table g1-table--solid \">\n<table>\n<thead>\n<tr>\n<th>Paketeleme Detaylar\u0131 \/ Packaging Details<\/th>\n<\/tr>\n<\/thead>\n<tbody>\n<tr>\n<td>Ambalaj\u0131n Cinsi \/ Type of Package<\/td>\n<td>Tahta Sand\u0131k \/ Wooden Case<\/td>\n<\/tr>\n<tr>\n<td>Kap Adedi \/ Number of Packages<\/td>\n<td>2 paket \/ pack<\/td>\n<\/tr>\n<tr>\n<td>Ebatlar \/ Dimensions<\/td>\n<td>1,17 x 1,30 x 1,33<br \/>\n1,06 x 0,66 x 1,42<\/td>\n<\/tr>\n<tr>\n<td>Toplam Hacim \/ Total Volume<\/td>\n<td>2,75 m3<\/td>\n<\/tr>\n<tr>\n<td>Toplam Net A\u011f\u0131rl\u0131k \/ Total Net Weight<\/td>\n<td>575 kg<\/td>\n<\/tr>\n<tr>\n<td>Toplam Br\u00fct A\u011f\u0131rl\u0131k \/ Total Gross Weight<\/td>\n<td>665 kg<\/td>\n<\/tr>\n<\/tbody>\n<\/table>\n<\/div>\n<\/div><\/div><\/div><\/div><\/div><div class=\"w-tabs-section\" id=\"sd89\"><button class=\"w-tabs-section-header with_icon\" aria-controls=\"content-sd89\" aria-expanded=\"false\"><i class=\"fad fa-file-pdf\"><\/i><div class=\"w-tabs-section-title\">Gu\u00eda del usuario<\/div><div class=\"w-tabs-section-control\"><\/div><\/button><div  class=\"w-tabs-section-content\" id=\"content-sd89\"><div class=\"w-tabs-section-content-h i-cf\"><div class=\"wpb_text_column\"><div class=\"wpb_wrapper\"><\/div><\/div><\/div><\/div><\/div><\/div><\/div><\/div><\/div><\/div><\/div><\/div><\/section>\n","protected":false},"excerpt":{"rendered":"<p>Se utiliza para soldar 315 \u2013 355 \u2013 400 \u2013 450 \u2013 500 \u2013 560 mm de di\u00e1metro de tuber\u00edas y accesorios PE &#8211; PP &#8211; PVDF hasta 32 bares.<br \/>\nProporciona soldadura potente, f\u00e1cil y en serie con la operaci\u00f3n de configuraci\u00f3n m\u00e1s corta de acuerdo con las normas internacionales ISO 12176-1.<br \/>\nProporciona un uso sencillo gracias a su estructura ligera.<br \/>\nLa presi\u00f3n m\u00e1xima de trabajo est\u00e1 dise\u00f1ada como 150 bar.<br \/>\nEs adecuado para funcionar a una temperatura ambiente de -10 C \u00b0 ~ + 40 C \u00b0.<\/p>\n","protected":false},"featured_media":14257,"comment_status":"open","ping_status":"closed","template":"","meta":[],"product_cat":[285],"product_tag":[],"_links":{"self":[{"href":"https:\/\/www.elborweltech.com\/es\/wp-json\/wp\/v2\/product\/13618"}],"collection":[{"href":"https:\/\/www.elborweltech.com\/es\/wp-json\/wp\/v2\/product"}],"about":[{"href":"https:\/\/www.elborweltech.com\/es\/wp-json\/wp\/v2\/types\/product"}],"replies":[{"embeddable":true,"href":"https:\/\/www.elborweltech.com\/es\/wp-json\/wp\/v2\/comments?post=13618"}],"wp:featuredmedia":[{"embeddable":true,"href":"https:\/\/www.elborweltech.com\/es\/wp-json\/wp\/v2\/media\/14257"}],"wp:attachment":[{"href":"https:\/\/www.elborweltech.com\/es\/wp-json\/wp\/v2\/media?parent=13618"}],"wp:term":[{"taxonomy":"product_cat","embeddable":true,"href":"https:\/\/www.elborweltech.com\/es\/wp-json\/wp\/v2\/product_cat?post=13618"},{"taxonomy":"product_tag","embeddable":true,"href":"https:\/\/www.elborweltech.com\/es\/wp-json\/wp\/v2\/product_tag?post=13618"}],"curies":[{"name":"wp","href":"https:\/\/api.w.org\/{rel}","templated":true}]}}