{"id":11711,"date":"2020-06-18T15:49:04","date_gmt":"2020-06-18T12:49:04","guid":{"rendered":"https:\/\/www.elborweltech.com\/urun\/roller-1200\/"},"modified":"2023-01-14T03:32:39","modified_gmt":"2023-01-14T00:32:39","slug":"rouleau-1200","status":"publish","type":"product","link":"https:\/\/www.elborweltech.com\/fr\/produit\/rouleau-1200\/","title":{"rendered":"Rouleau 1200"},"content":{"rendered":"<table>\n<thead>\n<tr>\n<th>Teknik \u00d6zellikler \/ Technical Specifications<\/th>\n<\/tr>\n<\/thead>\n<tbody>\n<tr>\n<td>\u00c7al\u0131\u015fma Aral\u0131\u011f\u0131 \/ Working Range<\/td>\n<td>\u00d8 315 \u2013 1200 mm<\/td>\n<\/tr>\n<tr>\n<td>Ebatlar \/ Dimensions<\/td>\n<td>1250 x 800 x 420 mm<\/td>\n<\/tr>\n<tr>\n<td>A\u011f\u0131rl\u0131k \/ Weight<\/td>\n<td>35 Kg<\/td>\n<\/tr>\n<\/tbody>\n<\/table>\n","protected":false},"excerpt":{"rendered":"<p>Le rouleau 1200 est utilis\u00e9 pour aligner et soutenir les tuyaux pendant le soudage.<\/p>\n<p>Gr\u00e2ce \u00e0 la conception ergonomique du Roller 1200, les tuyaux amen\u00e9s au niveau de la machine sont expos\u00e9s \u00e0 moins de friction et de force de traction.<\/p>\n<p>Le Rouleau 1200 peut transporter des tuyaux de 315 \u00e0 1200 mm. Il offre une utilisation facile gr\u00e2ce \u00e0 sa structure compacte et l\u00e9g\u00e8re.<\/p>\n","protected":false},"featured_media":8286,"comment_status":"open","ping_status":"closed","template":"","meta":[],"product_cat":[211],"product_tag":[],"_links":{"self":[{"href":"https:\/\/www.elborweltech.com\/fr\/wp-json\/wp\/v2\/product\/11711"}],"collection":[{"href":"https:\/\/www.elborweltech.com\/fr\/wp-json\/wp\/v2\/product"}],"about":[{"href":"https:\/\/www.elborweltech.com\/fr\/wp-json\/wp\/v2\/types\/product"}],"replies":[{"embeddable":true,"href":"https:\/\/www.elborweltech.com\/fr\/wp-json\/wp\/v2\/comments?post=11711"}],"wp:featuredmedia":[{"embeddable":true,"href":"https:\/\/www.elborweltech.com\/fr\/wp-json\/wp\/v2\/media\/8286"}],"wp:attachment":[{"href":"https:\/\/www.elborweltech.com\/fr\/wp-json\/wp\/v2\/media?parent=11711"}],"wp:term":[{"taxonomy":"product_cat","embeddable":true,"href":"https:\/\/www.elborweltech.com\/fr\/wp-json\/wp\/v2\/product_cat?post=11711"},{"taxonomy":"product_tag","embeddable":true,"href":"https:\/\/www.elborweltech.com\/fr\/wp-json\/wp\/v2\/product_tag?post=11711"}],"curies":[{"name":"wp","href":"https:\/\/api.w.org\/{rel}","templated":true}]}}