{"id":12716,"date":"2020-07-23T14:58:46","date_gmt":"2020-07-23T11:58:46","guid":{"rendered":"https:\/\/www.elborweltech.com\/product\/w250-machine-a-souder-hydraulique-pour-tuyau-en-plastique\/"},"modified":"2025-12-01T14:53:03","modified_gmt":"2025-12-01T11:53:03","slug":"w250-machine-a-souder-hydraulique-pour-tuyau-en-plastique","status":"publish","type":"product","link":"https:\/\/www.elborweltech.com\/fr\/produit\/w250-machine-a-souder-hydraulique-pour-tuyau-en-plastique\/","title":{"rendered":"W250 Machine \u00c0 Souder Hydraulique Pour Tuyau En Plastique"},"content":{"rendered":"<section class=\"l-section wpb_row height_auto\"><div class=\"l-section-h i-cf\"><div class=\"g-cols vc_row via_flex valign_top type_default stacking_default\"><div class=\"vc_col-sm-12 wpb_column vc_column_container\"><div class=\"vc_column-inner\"><div class=\"wpb_wrapper\"><div class=\"w-tabs layout_hor style_trendy switch_click has_scrolling\" style=\"--sections-title-size:1em\"><div class=\"w-tabs-list items_3 align_none\"><div class=\"w-tabs-list-h\"><button class=\"w-tabs-item active with_icon\" aria-controls=\"content-1593365875054-2237e875-928c899c-c303\" aria-expanded=\"false\"><i class=\"fad fa-file-alt\"><\/i><span class=\"w-tabs-item-title\">Caract\u00e9ristiques g\u00e9n\u00e9rales<\/span><\/button><button class=\"w-tabs-item with_icon\" aria-controls=\"content-1593365875079-18e4f304-c316899c-c303\" aria-expanded=\"false\"><i class=\"fad fa-list\"><\/i><span class=\"w-tabs-item-title\">Sp\u00e9cifications Techniques<\/span><\/button><a class=\"w-tabs-item with_icon\" aria-controls=\"content-gda4\" aria-expanded=\"false\" href=\"https:\/\/www.elborweltech.com\/wp-content\/uploads\/OK-W250-USER-MANUEL-20-cm2-_compressed.pdf\"><i class=\"fad fa-file-pdf\"><\/i><span class=\"w-tabs-item-title\">Mode d&#8217;emploi<\/span><\/a><\/div><\/div><div class=\"w-tabs-sections titles-align_none icon_chevron cpos_right\"><div class=\"w-tabs-section active\" id=\"1593365875054-2237e875-928c899c-c303\"><button class=\"w-tabs-section-header active with_icon\" aria-controls=\"content-1593365875054-2237e875-928c899c-c303\" aria-expanded=\"true\"><i class=\"fad fa-file-alt\"><\/i><div class=\"w-tabs-section-title\">Caract\u00e9ristiques g\u00e9n\u00e9rales<\/div><div class=\"w-tabs-section-control\"><\/div><\/button><div  class=\"w-tabs-section-content\" id=\"content-1593365875054-2237e875-928c899c-c303\"><div class=\"w-tabs-section-content-h i-cf\"><div class=\"g-cols wpb_row via_flex valign_top type_default stacking_default\"><div class=\"vc_col-sm-6 wpb_column vc_column_container\"><div class=\"vc_column-inner\"><div class=\"wpb_wrapper\"><div class=\"w-image style_shadow-2 align_none\"><div url class=\"w-image-h\"><div class=\"w-image-shadow\" style=\"background-image:url(https:\/\/www.elborweltech.com\/wp-content\/uploads\/2020\/07\/elbor-w250-polietilen-boru-alin-kaynak-makinasi-other-1.jpg);\"><\/div><img width=\"800\" height=\"506\" src=\"https:\/\/www.elborweltech.com\/wp-content\/uploads\/2020\/07\/elbor-w250-polietilen-boru-alin-kaynak-makinasi-other-1.jpg\" class=\"attachment-full size-full\" alt=\"\" decoding=\"async\" loading=\"lazy\" srcset=\"https:\/\/www.elborweltech.com\/wp-content\/uploads\/2020\/07\/elbor-w250-polietilen-boru-alin-kaynak-makinasi-other-1.jpg 800w, https:\/\/www.elborweltech.com\/wp-content\/uploads\/2020\/07\/elbor-w250-polietilen-boru-alin-kaynak-makinasi-other-1-300x190.jpg 300w, https:\/\/www.elborweltech.com\/wp-content\/uploads\/2020\/07\/elbor-w250-polietilen-boru-alin-kaynak-makinasi-other-1-600x380.jpg 600w, https:\/\/www.elborweltech.com\/wp-content\/uploads\/2020\/07\/elbor-w250-polietilen-boru-alin-kaynak-makinasi-other-1-569x360.jpg 569w\" sizes=\"(max-width: 800px) 100vw, 800px\"><\/div><\/div><\/div><\/div><\/div><div class=\"vc_col-sm-6 wpb_column vc_column_container\"><div class=\"vc_column-inner\"><div class=\"wpb_wrapper\"><h4 class=\"w-text\"><span url class=\"w-text-h\"><span class=\"w-text-value\">Corps de machine de soudage bout \u00e0 bout W250<\/span><\/span><\/h4><div class=\"w-separator size_small\"><\/div><div class=\"wpb_text_column\"><div class=\"wpb_wrapper\"><p>Le corps principal supporte les tuyaux en plastique \u00e0 souder avec deux pinces mobiles et deux fixes, et assure la fixation et le centrage.<\/p>\n<\/div><\/div><\/div><\/div><\/div><\/div><div class=\"w-separator size_small with_line width_default thick_1 style_solid color_border align_center\"><div class=\"w-separator-h\"><\/div><\/div><div class=\"g-cols wpb_row via_flex valign_top type_default stacking_default\"><div class=\"vc_col-sm-6 wpb_column vc_column_container\"><div class=\"vc_column-inner\"><div class=\"wpb_wrapper\"><div class=\"w-image style_shadow-2 align_none\"><div url class=\"w-image-h\"><div class=\"w-image-shadow\" style=\"background-image:url(https:\/\/www.elborweltech.com\/wp-content\/uploads\/2020\/07\/elbor-w250-polietilen-boru-alin-kaynak-makinasi-other-2.jpg);\"><\/div><img width=\"800\" height=\"506\" src=\"https:\/\/www.elborweltech.com\/wp-content\/uploads\/2020\/07\/elbor-w250-polietilen-boru-alin-kaynak-makinasi-other-2.jpg\" class=\"attachment-full size-full\" alt=\"\" decoding=\"async\" loading=\"lazy\" srcset=\"https:\/\/www.elborweltech.com\/wp-content\/uploads\/2020\/07\/elbor-w250-polietilen-boru-alin-kaynak-makinasi-other-2.jpg 800w, https:\/\/www.elborweltech.com\/wp-content\/uploads\/2020\/07\/elbor-w250-polietilen-boru-alin-kaynak-makinasi-other-2-300x190.jpg 300w, https:\/\/www.elborweltech.com\/wp-content\/uploads\/2020\/07\/elbor-w250-polietilen-boru-alin-kaynak-makinasi-other-2-600x380.jpg 600w, https:\/\/www.elborweltech.com\/wp-content\/uploads\/2020\/07\/elbor-w250-polietilen-boru-alin-kaynak-makinasi-other-2-569x360.jpg 569w\" sizes=\"(max-width: 800px) 100vw, 800px\"><\/div><\/div><\/div><\/div><\/div><div class=\"vc_col-sm-6 wpb_column vc_column_container\"><div class=\"vc_column-inner\"><div class=\"wpb_wrapper\"><h4 class=\"w-text\"><span url class=\"w-text-h\"><span class=\"w-text-value\">Tondeuse de machine de soudage bout \u00e0 bout W250<\/span><\/span><\/h4><div class=\"w-separator size_small\"><\/div><div class=\"wpb_text_column\"><div class=\"wpb_wrapper\"><p>C&rsquo;est l&rsquo;\u00e9l\u00e9ment de la machine de soudage bout \u00e0 bout qui nettoie la zone frontale des tuyaux fix\u00e9s et centr\u00e9s sur le corps principal avec les deux lames rotatives sur les c\u00f4t\u00e9s droit et gauche et les lames de coupe sur ces lames, avant le processus de chauffage et le pr\u00e9pare au chauffage.<\/p>\n<p>Le mouvement de rotation de la tondeuse est assur\u00e9 par le groupe moteur et r\u00e9ducteur sur celui-ci.<br \/>\nL&rsquo;unit\u00e9 de coupe de la machine de soudage bout \u00e0 bout W250 cr\u00e9e des surfaces de tuyaux parall\u00e8les et sans bavures.<\/p>\n<\/div><\/div><\/div><\/div><\/div><\/div><div class=\"w-separator size_small with_line width_default thick_1 style_solid color_border align_center\"><div class=\"w-separator-h\"><\/div><\/div><div class=\"g-cols wpb_row via_flex valign_top type_default stacking_default\"><div class=\"vc_col-sm-6 wpb_column vc_column_container\"><div class=\"vc_column-inner\"><div class=\"wpb_wrapper\"><div class=\"w-image style_shadow-2 align_none\"><div url class=\"w-image-h\"><div class=\"w-image-shadow\" style=\"background-image:url(https:\/\/www.elborweltech.com\/wp-content\/uploads\/2020\/07\/elbor-w250-polietilen-boru-alin-kaynak-makinasi-other-3.jpg);\"><\/div><img width=\"800\" height=\"506\" src=\"https:\/\/www.elborweltech.com\/wp-content\/uploads\/2020\/07\/elbor-w250-polietilen-boru-alin-kaynak-makinasi-other-3.jpg\" class=\"attachment-full size-full\" alt=\"\" decoding=\"async\" loading=\"lazy\" srcset=\"https:\/\/www.elborweltech.com\/wp-content\/uploads\/2020\/07\/elbor-w250-polietilen-boru-alin-kaynak-makinasi-other-3.jpg 800w, https:\/\/www.elborweltech.com\/wp-content\/uploads\/2020\/07\/elbor-w250-polietilen-boru-alin-kaynak-makinasi-other-3-300x190.jpg 300w, https:\/\/www.elborweltech.com\/wp-content\/uploads\/2020\/07\/elbor-w250-polietilen-boru-alin-kaynak-makinasi-other-3-600x380.jpg 600w, https:\/\/www.elborweltech.com\/wp-content\/uploads\/2020\/07\/elbor-w250-polietilen-boru-alin-kaynak-makinasi-other-3-569x360.jpg 569w\" sizes=\"(max-width: 800px) 100vw, 800px\"><\/div><\/div><\/div><\/div><\/div><div class=\"vc_col-sm-6 wpb_column vc_column_container\"><div class=\"vc_column-inner\"><div class=\"wpb_wrapper\"><h4 class=\"w-text\"><span url class=\"w-text-h\"><span class=\"w-text-value\">R\u00e9chauffeur de machine de soudage bout \u00e0 bout W250<\/span><\/span><\/h4><div class=\"w-separator size_small\"><\/div><div class=\"wpb_text_column\"><div class=\"wpb_wrapper\"><p>C&rsquo;est l&rsquo;\u00e9l\u00e9ment de la machine de soudage bout \u00e0 bout qui pr\u00e9pare les surfaces de face du tuyau, qui sont amen\u00e9es \u00e0 la rugosit\u00e9 souhait\u00e9e par le processus de rasage, pour le processus d&rsquo;assemblage en les chauffant avec la plaque chauffante.<\/p>\n<p>Le r\u00e9glage de la temp\u00e9rature du r\u00e9chauffeur se fait avec le thermostat num\u00e9rique de r\u00e9glage de la temp\u00e9rature situ\u00e9 sur la plaque chauffante.<\/p>\n<\/div><\/div><\/div><\/div><\/div><\/div><div class=\"w-separator size_small with_line width_default thick_1 style_solid color_border align_center\"><div class=\"w-separator-h\"><\/div><\/div><div class=\"g-cols wpb_row via_flex valign_top type_default stacking_default\"><div class=\"vc_col-sm-6 wpb_column vc_column_container\"><div class=\"vc_column-inner\"><div class=\"wpb_wrapper\"><div class=\"w-image style_shadow-2 align_none\"><div url class=\"w-image-h\"><div class=\"w-image-shadow\" style=\"background-image:url(https:\/\/www.elborweltech.com\/wp-content\/uploads\/2020\/07\/elbor-w250-polietilen-boru-alin-kaynak-makinasi-other-4.jpg);\"><\/div><img width=\"800\" height=\"506\" src=\"https:\/\/www.elborweltech.com\/wp-content\/uploads\/2020\/07\/elbor-w250-polietilen-boru-alin-kaynak-makinasi-other-4.jpg\" class=\"attachment-full size-full\" alt=\"\" decoding=\"async\" loading=\"lazy\" srcset=\"https:\/\/www.elborweltech.com\/wp-content\/uploads\/2020\/07\/elbor-w250-polietilen-boru-alin-kaynak-makinasi-other-4.jpg 800w, https:\/\/www.elborweltech.com\/wp-content\/uploads\/2020\/07\/elbor-w250-polietilen-boru-alin-kaynak-makinasi-other-4-300x190.jpg 300w, https:\/\/www.elborweltech.com\/wp-content\/uploads\/2020\/07\/elbor-w250-polietilen-boru-alin-kaynak-makinasi-other-4-600x380.jpg 600w, https:\/\/www.elborweltech.com\/wp-content\/uploads\/2020\/07\/elbor-w250-polietilen-boru-alin-kaynak-makinasi-other-4-569x360.jpg 569w\" sizes=\"(max-width: 800px) 100vw, 800px\"><\/div><\/div><\/div><\/div><\/div><div class=\"vc_col-sm-6 wpb_column vc_column_container\"><div class=\"vc_column-inner\"><div class=\"wpb_wrapper\"><h4 class=\"w-text\"><span url class=\"w-text-h\"><span class=\"w-text-value\">Unit\u00e9 de commande hydraulique et \u00e9lectrique de machine de soudage bout \u00e0 bout W250<\/span><\/span><\/h4><div class=\"w-separator size_small\"><\/div><div class=\"wpb_text_column\"><div class=\"wpb_wrapper\"><p>Unit\u00e9 de commande \u00e9lectrique et hydraulique; l&rsquo;\u00e9lectricit\u00e9 n\u00e9cessaire au fonctionnement de la machine, du chauffage et du rasoir, et la pression hydraulique \u00e0 la machine principale; L&rsquo;unit\u00e9 de commande est actionn\u00e9e au moyen d&rsquo;une commande manuelle.<\/p>\n<p>Il y a quatre boutons et un interrupteur sur la commande manuelle. Les boutons d\u00e9placent les pinces mobiles d&rsquo;avant en arri\u00e8re et l&rsquo;interrupteur active le rasoir.<\/p>\n<\/div><\/div><\/div><\/div><\/div><\/div><div class=\"w-separator size_small with_line width_default thick_1 style_solid color_border align_center\"><div class=\"w-separator-h\"><\/div><\/div><div class=\"g-cols wpb_row via_flex valign_top type_default stacking_default\"><div class=\"vc_col-sm-6 wpb_column vc_column_container\"><div class=\"vc_column-inner\"><div class=\"wpb_wrapper\"><div class=\"w-image style_shadow-2 align_none\"><div url class=\"w-image-h\"><div class=\"w-image-shadow\" style=\"background-image:url(https:\/\/www.elborweltech.com\/wp-content\/uploads\/2020\/07\/elbor-w250-polietilen-boru-alin-kaynak-makinasi-other-5.jpg);\"><\/div><img width=\"800\" height=\"506\" src=\"https:\/\/www.elborweltech.com\/wp-content\/uploads\/2020\/07\/elbor-w250-polietilen-boru-alin-kaynak-makinasi-other-5.jpg\" class=\"attachment-full size-full\" alt=\"\" decoding=\"async\" loading=\"lazy\" srcset=\"https:\/\/www.elborweltech.com\/wp-content\/uploads\/2020\/07\/elbor-w250-polietilen-boru-alin-kaynak-makinasi-other-5.jpg 800w, https:\/\/www.elborweltech.com\/wp-content\/uploads\/2020\/07\/elbor-w250-polietilen-boru-alin-kaynak-makinasi-other-5-300x190.jpg 300w, https:\/\/www.elborweltech.com\/wp-content\/uploads\/2020\/07\/elbor-w250-polietilen-boru-alin-kaynak-makinasi-other-5-600x380.jpg 600w, https:\/\/www.elborweltech.com\/wp-content\/uploads\/2020\/07\/elbor-w250-polietilen-boru-alin-kaynak-makinasi-other-5-569x360.jpg 569w\" sizes=\"(max-width: 800px) 100vw, 800px\"><\/div><\/div><\/div><\/div><\/div><div class=\"vc_col-sm-6 wpb_column vc_column_container\"><div class=\"vc_column-inner\"><div class=\"wpb_wrapper\"><h4 class=\"w-text\"><span url class=\"w-text-h\"><span class=\"w-text-value\">Bo\u00eete de bo\u00eetier de machine de soudage bout \u00e0 bout W250<\/span><\/span><\/h4><div class=\"w-separator size_small\"><\/div><div class=\"wpb_text_column\"><div class=\"wpb_wrapper\"><p>Le bo\u00eetier et le bo\u00eetier de support emp\u00eachent la perte de chaleur du r\u00e9chauffeur et le coupe-herbe prot\u00e8ge contre les influences ext\u00e9rieures (chocs, eau, etc.) en soutenant le r\u00e9chauffeur.<\/p>\n<\/div><\/div><\/div><\/div><\/div><\/div><\/div><\/div><\/div><div class=\"w-tabs-section\" id=\"1593365875079-18e4f304-c316899c-c303\"><button class=\"w-tabs-section-header with_icon\" aria-controls=\"content-1593365875079-18e4f304-c316899c-c303\" aria-expanded=\"false\"><i class=\"fad fa-list\"><\/i><div class=\"w-tabs-section-title\">Sp\u00e9cifications Techniques<\/div><div class=\"w-tabs-section-control\"><\/div><\/button><div  class=\"w-tabs-section-content\" id=\"content-1593365875079-18e4f304-c316899c-c303\"><div class=\"w-tabs-section-content-h i-cf\"><div class=\"wpb_text_column\"><div class=\"wpb_wrapper\"><div id=\"g1-table-1\" class=\"g1-table g1-table--solid \">\n<table>\n<thead>\n<tr>\n<th>Teknik \u00d6zellikler \/ Technical Specifications<\/th>\n<\/tr>\n<\/thead>\n<tbody>\n<tr>\n<td>Kaynak \u00c7ap\u0131 \/ Welding Range<\/td>\n<td><strong>\u00d8 63 mm \u2013 \u00d8 250 mm<\/strong><br \/>\n(\u00d863 mm, \u00d875 mm, \u00d890 mm, \u00d8110 mm, \u00d8125 mm, \u00d8140 mm, \u00d8160 mm, \u00d8180 mm, \u00d8200 mm, \u00d8225 mm, \u00d8250 mm)<\/td>\n<\/tr>\n<tr>\n<td>Malzeme Cinsi \/ Pipe Types to Weld<\/td>\n<td>PE \u2013 PP \u2013 PVDF<\/td>\n<\/tr>\n<tr>\n<td>Boru Max. Bas\u0131n\u00e7 \/ Pipe Max. Pressure<\/td>\n<td>PN32<\/td>\n<\/tr>\n<tr>\n<td>Is\u0131t\u0131c\u0131 Elektrik G\u00fcc\u00fc \/ Heater Electric Power<\/td>\n<td>220 V \u2013 2,8 kW<\/td>\n<\/tr>\n<tr>\n<td>Tra\u015flay\u0131c\u0131 Elektrik G\u00fcc\u00fc \/ Trimmer Electric Power<\/td>\n<td>220 V \u2013 0,75 kW<\/td>\n<\/tr>\n<tr>\n<td>Hidrolik G\u00fcc\u00fc \/ Power of Hydraulic Unit<\/td>\n<td>220 V \u2013 0,75 kW<\/td>\n<\/tr>\n<tr>\n<td>Elektrik Sistemi \/ Electric System<\/td>\n<td>Monofaze<\/td>\n<\/tr>\n<tr>\n<td>Toplam Elektrik Sarfiyat\u0131 \/ Total Electricity Consumption<\/td>\n<td>4,1 kW<\/td>\n<\/tr>\n<tr>\n<td>\u00c7al\u0131\u015fma Bas\u0131nc\u0131 \/ Operating Pressure<\/td>\n<td>150 Bar<\/td>\n<\/tr>\n<tr>\n<td>Gerekli Olan Jenerat\u00f6r G\u00fcc\u00fc \/ Required Generator Power<\/td>\n<td>6 kVA<\/td>\n<\/tr>\n<tr>\n<td>\u00c7al\u0131\u015fma S\u0131cakl\u0131\u011f\u0131 \/ Working Temperature<\/td>\n<td>(-40 C\u00b0 ~ + 40 C\u00b0)<\/td>\n<\/tr>\n<tr>\n<td>Hidrolik Ya\u011f\u0131 \/ Hydraulic Oil<\/td>\n<td>Hydraulic 46 \/ 4 lt<\/td>\n<\/tr>\n<\/tbody>\n<\/table>\n<\/div>\n<div id=\"g1-table-2\" class=\"g1-table g1-table--solid \">\n<table>\n<thead>\n<tr>\n<th>\u0130\u00e7indekiler \/ Content<\/th>\n<\/tr>\n<\/thead>\n<tbody>\n<tr>\n<td>Kullanma Klavuzu \/ User Manual<\/td>\n<td>1 ad\/ pcs<\/td>\n<\/tr>\n<tr>\n<td>Ana G\u00f6vde \/ Main Body<\/td>\n<td>1 ad\/ pcs<\/td>\n<\/tr>\n<tr>\n<td>Tra\u015flya\u0131c\u0131 \/ Trimmer<\/td>\n<td>1 ad\/ pcs<\/td>\n<\/tr>\n<tr>\n<td>Is\u0131t\u0131c\u0131 \/ Heater<\/td>\n<td>1 ad\/ pcs<\/td>\n<\/tr>\n<tr>\n<td>Muhafaza ve Destek Kutusu \/ Protective Casing<\/td>\n<td>1 ad\/ pcs<\/td>\n<\/tr>\n<tr>\n<td>Pafta \/ Stuffer<\/td>\n<td>80 ad\/ pcs<\/td>\n<\/tr>\n<tr>\n<td>Tak\u0131m \u00c7antas\u0131 \/ Tool Bag<\/td>\n<td>1 ad \/ pcs<\/td>\n<\/tr>\n<\/tbody>\n<\/table>\n<\/div>\n<div id=\"g1-table-3\" class=\"g1-table g1-table--solid \">\n<table>\n<thead>\n<tr>\n<th>Paketeleme Detaylar\u0131 \/ Packaging Details<\/th>\n<\/tr>\n<\/thead>\n<tbody>\n<tr>\n<td>Ambalaj\u0131n Cinsi \/ Type of Package<\/td>\n<td>Tahta Sand\u0131k \/ Wooden Case<\/td>\n<\/tr>\n<tr>\n<td>Kap Adedi \/ Number of Packages<\/td>\n<td>1 paket \/ pack<\/td>\n<\/tr>\n<tr>\n<td>Ebatlar \/ Dimensions<\/td>\n<td>124 x 107 x 94 cm<\/td>\n<\/tr>\n<tr>\n<td>Toplam Hacim \/ Total Volume<\/td>\n<td>1,07 m3<\/td>\n<\/tr>\n<tr>\n<td>Toplam Net A\u011f\u0131rl\u0131k \/ Total Net Weight<\/td>\n<td>177 kg<\/td>\n<\/tr>\n<tr>\n<td>Toplam Br\u00fct A\u011f\u0131rl\u0131k \/ Total Gross Weight<\/td>\n<td>234 kg<\/td>\n<\/tr>\n<\/tbody>\n<\/table>\n<\/div>\n<\/div><\/div><\/div><\/div><\/div><div class=\"w-tabs-section\" id=\"gda4\"><button class=\"w-tabs-section-header with_icon\" aria-controls=\"content-gda4\" aria-expanded=\"false\"><i class=\"fad fa-file-pdf\"><\/i><div class=\"w-tabs-section-title\">Mode d&#8217;emploi<\/div><div class=\"w-tabs-section-control\"><\/div><\/button><div  class=\"w-tabs-section-content\" id=\"content-gda4\"><div class=\"w-tabs-section-content-h i-cf\"><div class=\"wpb_text_column\"><div class=\"wpb_wrapper\"><\/div><\/div><\/div><\/div><\/div><\/div><\/div><\/div><\/div><\/div><\/div><\/div><\/section>\n","protected":false},"excerpt":{"rendered":"<ul>\n<li>Il est utilis\u00e9 pour le soudage de diam\u00e8tres 63 &#8211; 75 &#8211; 90 &#8211; 110 &#8211; 125 &#8211; 140 &#8211; 160 &#8211; 180 &#8211; 200 &#8211; 225 &#8211; 250 mm de tuyaux et raccords PE &#8211; PP &#8211; PVDF jusqu&rsquo;\u00e0 32 bars.<\/li>\n<li>Il offre la configuration op\u00e9rationnelle la plus courte, un soudage puissant, facile et rapide conform\u00e9ment aux normes internationales ISO 12176-1.<\/li>\n<li>Il offre une utilisation facile gr\u00e2ce \u00e0 sa structure l\u00e9g\u00e8re.<\/li>\n<li>La pression de service maximale est de 150 bars.<\/li>\n<li>Il convient pour un fonctionnement \u00e0 une temp\u00e9rature ambiante de -10 C \u00b0 ~ + 40 C \u00b0.<\/li>\n<\/ul>\n","protected":false},"featured_media":10300,"comment_status":"open","ping_status":"closed","template":"","meta":[],"product_cat":[246],"product_tag":[],"_links":{"self":[{"href":"https:\/\/www.elborweltech.com\/fr\/wp-json\/wp\/v2\/product\/12716"}],"collection":[{"href":"https:\/\/www.elborweltech.com\/fr\/wp-json\/wp\/v2\/product"}],"about":[{"href":"https:\/\/www.elborweltech.com\/fr\/wp-json\/wp\/v2\/types\/product"}],"replies":[{"embeddable":true,"href":"https:\/\/www.elborweltech.com\/fr\/wp-json\/wp\/v2\/comments?post=12716"}],"wp:featuredmedia":[{"embeddable":true,"href":"https:\/\/www.elborweltech.com\/fr\/wp-json\/wp\/v2\/media\/10300"}],"wp:attachment":[{"href":"https:\/\/www.elborweltech.com\/fr\/wp-json\/wp\/v2\/media?parent=12716"}],"wp:term":[{"taxonomy":"product_cat","embeddable":true,"href":"https:\/\/www.elborweltech.com\/fr\/wp-json\/wp\/v2\/product_cat?post=12716"},{"taxonomy":"product_tag","embeddable":true,"href":"https:\/\/www.elborweltech.com\/fr\/wp-json\/wp\/v2\/product_tag?post=12716"}],"curies":[{"name":"wp","href":"https:\/\/api.w.org\/{rel}","templated":true}]}}