{"id":12778,"date":"2020-06-18T15:53:01","date_gmt":"2020-06-18T12:53:01","guid":{"rendered":"https:\/\/www.elborweltech.com\/product\/rouleau-630\/"},"modified":"2023-01-14T03:40:25","modified_gmt":"2023-01-14T00:40:25","slug":"rouleau-630","status":"publish","type":"product","link":"https:\/\/www.elborweltech.com\/fr\/produit\/rouleau-630\/","title":{"rendered":"Rouleau 630"},"content":{"rendered":"<table>\n<thead>\n<tr>\n<th style=\"width: 60%;\">Teknik \u00d6zellikler \/ Technical Specifications<\/th>\n<\/tr>\n<\/thead>\n<tbody>\n<tr>\n<td>\u00c7al\u0131\u015fma Aral\u0131\u011f\u0131 \/ Working Range<\/td>\n<td>\u00d8 315 &#8211; 630 mm<\/td>\n<\/tr>\n<tr>\n<td>Ebatlar \/ Dimensions<\/td>\n<td>350 x 200 x 600 mm<\/td>\n<\/tr>\n<tr>\n<td>A\u011f\u0131rl\u0131k \/ Weight<\/td>\n<td>11 Kg<\/td>\n<\/tr>\n<\/tbody>\n<\/table>\n<p><iframe loading=\"lazy\" src=\"https:\/\/drive.google.com\/file\/d\/1vSy1ZkoBE4Akmb2SKn-tW9OsmdsScBUP\/preview\" width=\"100%\" height=\"575\"><\/iframe><\/p>\n","protected":false},"excerpt":{"rendered":"<p>Il est utilis\u00e9 pour aligner et soutenir les tuyaux pendant le soudage.<\/p>\n<p>Avec la conception ergonomique du Rouleau 630, les tuyaux amen\u00e9s au niveau de la machine sont expos\u00e9s \u00e0 moins de friction et de force de traction.<\/p>\n<p>Il peut transporter des tuyaux de 315 \u00e0 630 mm. Il offre une utilisation facile gr\u00e2ce \u00e0 sa structure compacte et l\u00e9g\u00e8re.<\/p>\n","protected":false},"featured_media":8292,"comment_status":"open","ping_status":"closed","template":"","meta":[],"product_cat":[211],"product_tag":[],"_links":{"self":[{"href":"https:\/\/www.elborweltech.com\/fr\/wp-json\/wp\/v2\/product\/12778"}],"collection":[{"href":"https:\/\/www.elborweltech.com\/fr\/wp-json\/wp\/v2\/product"}],"about":[{"href":"https:\/\/www.elborweltech.com\/fr\/wp-json\/wp\/v2\/types\/product"}],"replies":[{"embeddable":true,"href":"https:\/\/www.elborweltech.com\/fr\/wp-json\/wp\/v2\/comments?post=12778"}],"wp:featuredmedia":[{"embeddable":true,"href":"https:\/\/www.elborweltech.com\/fr\/wp-json\/wp\/v2\/media\/8292"}],"wp:attachment":[{"href":"https:\/\/www.elborweltech.com\/fr\/wp-json\/wp\/v2\/media?parent=12778"}],"wp:term":[{"taxonomy":"product_cat","embeddable":true,"href":"https:\/\/www.elborweltech.com\/fr\/wp-json\/wp\/v2\/product_cat?post=12778"},{"taxonomy":"product_tag","embeddable":true,"href":"https:\/\/www.elborweltech.com\/fr\/wp-json\/wp\/v2\/product_tag?post=12778"}],"curies":[{"name":"wp","href":"https:\/\/api.w.org\/{rel}","templated":true}]}}