{"id":14175,"date":"2020-10-24T20:51:53","date_gmt":"2020-10-24T17:51:53","guid":{"rendered":"https:\/\/www.elborweltech.com\/?post_type=product&#038;p=14175"},"modified":"2022-11-30T17:17:36","modified_gmt":"2022-11-30T14:17:36","slug":"echelles-prv","status":"publish","type":"product","link":"https:\/\/www.elborweltech.com\/fr\/produit\/echelles-prv\/","title":{"rendered":"\u00c9chelles PRV"},"content":{"rendered":"<table>\n<thead>\n<tr>\n<th>Teknik \u00d6zellikler \/ Technical Specifications<\/th>\n<\/tr>\n<\/thead>\n<tbody>\n<tr>\n<td>\u00c7al\u0131\u015fma Aral\u0131\u011f\u0131 \/ Working Range<\/td>\n<td>\u00d8 315 \u2013 1200 mm<\/td>\n<\/tr>\n<tr>\n<td>Ebatlar \/ Dimensions<\/td>\n<td>1250 x 800 x 420 mm<\/td>\n<\/tr>\n<tr>\n<td>A\u011f\u0131rl\u0131k \/ Weight<\/td>\n<td>35 Kg<\/td>\n<\/tr>\n<\/tbody>\n<\/table>\n","protected":false},"excerpt":{"rendered":"<p>Les \u00e9chelles en PRV avec les caract\u00e9ristiques suivantes ont des propri\u00e9t\u00e9s sup\u00e9rieures aux \u00e9chelles m\u00e9talliques et sont g\u00e9n\u00e9ralement utilis\u00e9es dans les installations de traitement de l&rsquo;eau, les usines chimiques, les tours de refroidissement, les centrales \u00e9lectriques, etc.<\/p>\n","protected":false},"featured_media":14179,"comment_status":"open","ping_status":"closed","template":"","meta":[],"product_cat":[292],"product_tag":[],"_links":{"self":[{"href":"https:\/\/www.elborweltech.com\/fr\/wp-json\/wp\/v2\/product\/14175"}],"collection":[{"href":"https:\/\/www.elborweltech.com\/fr\/wp-json\/wp\/v2\/product"}],"about":[{"href":"https:\/\/www.elborweltech.com\/fr\/wp-json\/wp\/v2\/types\/product"}],"replies":[{"embeddable":true,"href":"https:\/\/www.elborweltech.com\/fr\/wp-json\/wp\/v2\/comments?post=14175"}],"wp:featuredmedia":[{"embeddable":true,"href":"https:\/\/www.elborweltech.com\/fr\/wp-json\/wp\/v2\/media\/14179"}],"wp:attachment":[{"href":"https:\/\/www.elborweltech.com\/fr\/wp-json\/wp\/v2\/media?parent=14175"}],"wp:term":[{"taxonomy":"product_cat","embeddable":true,"href":"https:\/\/www.elborweltech.com\/fr\/wp-json\/wp\/v2\/product_cat?post=14175"},{"taxonomy":"product_tag","embeddable":true,"href":"https:\/\/www.elborweltech.com\/fr\/wp-json\/wp\/v2\/product_tag?post=14175"}],"curies":[{"name":"wp","href":"https:\/\/api.w.org\/{rel}","templated":true}]}}