{"id":14524,"date":"2020-12-15T16:43:25","date_gmt":"2020-12-15T13:43:26","guid":{"rendered":"https:\/\/www.elborweltech.com\/?post_type=product&#038;p=14524"},"modified":"2023-01-14T03:24:08","modified_gmt":"2023-01-14T00:24:08","slug":"machine-de-soudage-geomembran","status":"publish","type":"product","link":"https:\/\/www.elborweltech.com\/fr\/produit\/machine-de-soudage-geomembran\/","title":{"rendered":"Machine de Soudage Geomembran"},"content":{"rendered":"<section class=\"l-section wpb_row height_custom\"><div class=\"l-section-h i-cf\"><div class=\"g-cols vc_row via_flex valign_top type_default stacking_default\"><div class=\"vc_col-sm-12 wpb_column vc_column_container\"><div class=\"vc_column-inner\"><div class=\"wpb_wrapper\"><div class=\"w-tabs layout_hor style_trendy switch_click has_scrolling\" style=\"--sections-title-size:1em\"><div class=\"w-tabs-list items_2 align_none\"><div class=\"w-tabs-list-h\"><button class=\"w-tabs-item active with_icon\" aria-controls=\"content-d42f\" aria-expanded=\"false\"><i class=\"fas fa-file-alt\"><\/i><span class=\"w-tabs-item-title\">Sp\u00e9cifications Techniques<\/span><\/button><a class=\"w-tabs-item with_icon\" aria-controls=\"content-o6c6\" aria-expanded=\"false\" href=\"https:\/\/www.elborweltech.com\/wp-content\/uploads\/2020\/12\/WAC100-WEDGE-WELDER-ROBOT-MANUEL.pdf\"><i class=\"fas fa-file-pdf\"><\/i><span class=\"w-tabs-item-title\">Mode d&#8217;emploi<\/span><\/a><\/div><\/div><div class=\"w-tabs-sections titles-align_none icon_chevron cpos_right\"><div class=\"w-tabs-section active\" id=\"d42f\"><button class=\"w-tabs-section-header active with_icon\" aria-controls=\"content-d42f\" aria-expanded=\"true\"><i class=\"fas fa-file-alt\"><\/i><div class=\"w-tabs-section-title\">Sp\u00e9cifications Techniques<\/div><div class=\"w-tabs-section-control\"><\/div><\/button><div  class=\"w-tabs-section-content\" id=\"content-d42f\"><div class=\"w-tabs-section-content-h i-cf\"><div class=\"wpb_text_column\"><div class=\"wpb_wrapper\"><table>\n<tbody>\n<tr>\n<td width=\"197\">Voltage<\/td>\n<td width=\"174\">220 V<\/td>\n<\/tr>\n<tr>\n<td width=\"197\">Power Consumption<\/td>\n<td width=\"174\">\u00a01500 W<\/td>\n<\/tr>\n<tr>\n<td width=\"197\">Temperature<\/td>\n<td width=\"174\">\u00a00 \u2013 450 \u02daC<\/td>\n<\/tr>\n<tr>\n<td width=\"197\">Travel speed<\/td>\n<td width=\"174\">\u00a01.2\u2013 4 m\/min<\/td>\n<\/tr>\n<tr>\n<td width=\"197\">Material Thickness<\/td>\n<td width=\"174\">0.5 \u2013 3 mm<\/td>\n<\/tr>\n<tr>\n<td width=\"197\">Weight<\/td>\n<td width=\"174\">6.3 \u00a0kg<\/td>\n<\/tr>\n<tr>\n<td width=\"197\">Dimension<\/td>\n<td width=\"174\">300x220x200 mm<\/td>\n<\/tr>\n<\/tbody>\n<\/table>\n<\/div><\/div><\/div><\/div><\/div><div class=\"w-tabs-section\" id=\"o6c6\"><button class=\"w-tabs-section-header with_icon\" aria-controls=\"content-o6c6\" aria-expanded=\"false\"><i class=\"fas fa-file-pdf\"><\/i><div class=\"w-tabs-section-title\">Mode d&#8217;emploi<\/div><div class=\"w-tabs-section-control\"><\/div><\/button><div  class=\"w-tabs-section-content\" id=\"content-o6c6\"><div class=\"w-tabs-section-content-h i-cf\"><div class=\"w-separator size_medium\"><\/div><\/div><\/div><\/div><\/div><\/div><\/div><\/div><\/div><\/div><\/div><\/section>\n<p>Machine de Soudage Geomembran<\/p>\n","protected":false},"excerpt":{"rendered":"<ul>\n<li>Petit et l\u00e9ger<\/li>\n<li>Soudeuse \u00e0 grande vitesse<\/li>\n<li>Facile \u00e0 utiliser<\/li>\n<li>Haute qualit\u00e9 de soudage<\/li>\n<li>Affichage num\u00e9rique de la temp\u00e9rature et de la vitesse<\/li>\n<li>Syst\u00e8me de contr\u00f4le en boucle ferm\u00e9e<\/li>\n<\/ul>\n","protected":false},"featured_media":14554,"comment_status":"open","ping_status":"closed","template":"","meta":[],"product_cat":[288],"product_tag":[],"_links":{"self":[{"href":"https:\/\/www.elborweltech.com\/fr\/wp-json\/wp\/v2\/product\/14524"}],"collection":[{"href":"https:\/\/www.elborweltech.com\/fr\/wp-json\/wp\/v2\/product"}],"about":[{"href":"https:\/\/www.elborweltech.com\/fr\/wp-json\/wp\/v2\/types\/product"}],"replies":[{"embeddable":true,"href":"https:\/\/www.elborweltech.com\/fr\/wp-json\/wp\/v2\/comments?post=14524"}],"wp:featuredmedia":[{"embeddable":true,"href":"https:\/\/www.elborweltech.com\/fr\/wp-json\/wp\/v2\/media\/14554"}],"wp:attachment":[{"href":"https:\/\/www.elborweltech.com\/fr\/wp-json\/wp\/v2\/media?parent=14524"}],"wp:term":[{"taxonomy":"product_cat","embeddable":true,"href":"https:\/\/www.elborweltech.com\/fr\/wp-json\/wp\/v2\/product_cat?post=14524"},{"taxonomy":"product_tag","embeddable":true,"href":"https:\/\/www.elborweltech.com\/fr\/wp-json\/wp\/v2\/product_tag?post=14524"}],"curies":[{"name":"wp","href":"https:\/\/api.w.org\/{rel}","templated":true}]}}