{"id":14543,"date":"2020-12-15T17:13:16","date_gmt":"2020-12-15T14:13:17","guid":{"rendered":"https:\/\/www.elborweltech.com\/?post_type=product&#038;p=14543"},"modified":"2023-01-14T03:16:42","modified_gmt":"2023-01-14T00:16:42","slug":"dispositif-de-test-dair-comprime","status":"publish","type":"product","link":"https:\/\/www.elborweltech.com\/fr\/produit\/dispositif-de-test-dair-comprime\/","title":{"rendered":"Dispositif de Test D&rsquo;air Comprim\u00e9"},"content":{"rendered":"","protected":false},"excerpt":{"rendered":"<p>Diff\u00e9rents tests sont effectu\u00e9s pour mesurer la qualit\u00e9 de la source g\u00e9omembranaire. Ces types de tests de pression d&rsquo;air sont g\u00e9n\u00e9ralement faciles \u00e0 r\u00e9aliser sur site. Le Dispositif de Test D&rsquo;air Comprim\u00e9 est essentiel, en particulier dans les grands projets de soudage de membranes.<\/p>\n","protected":false},"featured_media":14561,"comment_status":"open","ping_status":"closed","template":"","meta":[],"product_cat":[288],"product_tag":[],"_links":{"self":[{"href":"https:\/\/www.elborweltech.com\/fr\/wp-json\/wp\/v2\/product\/14543"}],"collection":[{"href":"https:\/\/www.elborweltech.com\/fr\/wp-json\/wp\/v2\/product"}],"about":[{"href":"https:\/\/www.elborweltech.com\/fr\/wp-json\/wp\/v2\/types\/product"}],"replies":[{"embeddable":true,"href":"https:\/\/www.elborweltech.com\/fr\/wp-json\/wp\/v2\/comments?post=14543"}],"wp:featuredmedia":[{"embeddable":true,"href":"https:\/\/www.elborweltech.com\/fr\/wp-json\/wp\/v2\/media\/14561"}],"wp:attachment":[{"href":"https:\/\/www.elborweltech.com\/fr\/wp-json\/wp\/v2\/media?parent=14543"}],"wp:term":[{"taxonomy":"product_cat","embeddable":true,"href":"https:\/\/www.elborweltech.com\/fr\/wp-json\/wp\/v2\/product_cat?post=14543"},{"taxonomy":"product_tag","embeddable":true,"href":"https:\/\/www.elborweltech.com\/fr\/wp-json\/wp\/v2\/product_tag?post=14543"}],"curies":[{"name":"wp","href":"https:\/\/api.w.org\/{rel}","templated":true}]}}