{"id":14925,"date":"2021-03-03T18:19:00","date_gmt":"2021-03-03T15:19:01","guid":{"rendered":"https:\/\/www.elborweltech.com\/?post_type=product&#038;p=14925"},"modified":"2023-01-14T13:53:48","modified_gmt":"2023-01-14T10:53:48","slug":"tuyau-de-protection-de-cable-f-o-a-oeil-unique","status":"publish","type":"product","link":"https:\/\/www.elborweltech.com\/fr\/produit\/tuyau-de-protection-de-cable-f-o-a-oeil-unique\/","title":{"rendered":"Tuyau de protection de c\u00e2ble F\/O \u00e0 \u0153il unique"},"content":{"rendered":"<p>Tuyau de protection de c\u00e2ble F\/O \u00e0 \u0153il unique<\/p>\n","protected":false},"excerpt":{"rendered":"<p>Tuyau de protection de c\u00e2ble F\/O \u00e0 \u0153il unique<\/p>\n","protected":false},"featured_media":14936,"comment_status":"open","ping_status":"closed","template":"","meta":[],"product_cat":[326],"product_tag":[],"_links":{"self":[{"href":"https:\/\/www.elborweltech.com\/fr\/wp-json\/wp\/v2\/product\/14925"}],"collection":[{"href":"https:\/\/www.elborweltech.com\/fr\/wp-json\/wp\/v2\/product"}],"about":[{"href":"https:\/\/www.elborweltech.com\/fr\/wp-json\/wp\/v2\/types\/product"}],"replies":[{"embeddable":true,"href":"https:\/\/www.elborweltech.com\/fr\/wp-json\/wp\/v2\/comments?post=14925"}],"wp:featuredmedia":[{"embeddable":true,"href":"https:\/\/www.elborweltech.com\/fr\/wp-json\/wp\/v2\/media\/14936"}],"wp:attachment":[{"href":"https:\/\/www.elborweltech.com\/fr\/wp-json\/wp\/v2\/media?parent=14925"}],"wp:term":[{"taxonomy":"product_cat","embeddable":true,"href":"https:\/\/www.elborweltech.com\/fr\/wp-json\/wp\/v2\/product_cat?post=14925"},{"taxonomy":"product_tag","embeddable":true,"href":"https:\/\/www.elborweltech.com\/fr\/wp-json\/wp\/v2\/product_tag?post=14925"}],"curies":[{"name":"wp","href":"https:\/\/api.w.org\/{rel}","templated":true}]}}