{"id":11712,"date":"2020-06-18T15:49:04","date_gmt":"2020-06-18T12:49:04","guid":{"rendered":"https:\/\/www.elborweltech.com\/urun\/roller-1200\/"},"modified":"2022-11-09T13:53:01","modified_gmt":"2022-11-09T10:53:01","slug":"%d1%80%d0%be%d0%bb%d0%b8%d0%ba-1200","status":"publish","type":"product","link":"https:\/\/www.elborweltech.com\/ru\/product\/%d1%80%d0%be%d0%bb%d0%b8%d0%ba-1200\/","title":{"rendered":"\u0420\u041e\u041b\u0418\u041a 1200"},"content":{"rendered":"<table>\n<thead>\n<tr>\n<th>Teknik \u00d6zellikler \/ Technical Specifications<\/th>\n<\/tr>\n<\/thead>\n<tbody>\n<tr>\n<td>\u00c7al\u0131\u015fma Aral\u0131\u011f\u0131 \/ Working Range<\/td>\n<td>\u00d8 315 \u2013 1200 mm<\/td>\n<\/tr>\n<tr>\n<td>Ebatlar \/ Dimensions<\/td>\n<td>1250 x 800 x 420 mm<\/td>\n<\/tr>\n<tr>\n<td>A\u011f\u0131rl\u0131k \/ Weight<\/td>\n<td>35 Kg<\/td>\n<\/tr>\n<\/tbody>\n<\/table>\n","protected":false},"excerpt":{"rendered":"<p>\u0420\u043e\u043b\u0438\u043a 1200 \u0438\u0441\u043f\u043e\u043b\u044c\u0437\u0443\u0435\u0442\u0441\u044f \u0434\u043b\u044f \u0432\u044b\u0440\u0430\u0432\u043d\u0438\u0432\u0430\u043d\u0438\u044f \u0438 \u043f\u043e\u0434\u0434\u0435\u0440\u0436\u043a\u0438 \u0442\u0440\u0443\u0431 \u0432\u043e \u0432\u0440\u0435\u043c\u044f \u0441\u0432\u0430\u0440\u043a\u0438.<\/p>\n<p>\u0411\u043b\u0430\u0433\u043e\u0434\u0430\u0440\u044f \u044d\u0440\u0433\u043e\u043d\u043e\u043c\u0438\u0447\u043d\u043e\u0439 \u043a\u043e\u043d\u0441\u0442\u0440\u0443\u043a\u0446\u0438\u0438 Roller 1200 \u0442\u0440\u0443\u0431\u044b, \u043f\u043e\u0434\u0432\u0435\u0434\u0435\u043d\u043d\u044b\u0435 \u043a \u043c\u0430\u0448\u0438\u043d\u043d\u043e\u043c\u0443 \u0443\u0440\u043e\u0432\u043d\u044e, \u043f\u043e\u0434\u0432\u0435\u0440\u0433\u0430\u044e\u0442\u0441\u044f \u043c\u0435\u043d\u044c\u0448\u0435\u043c\u0443 \u0442\u0440\u0435\u043d\u0438\u044e \u0438 \u0442\u044f\u0433\u043e\u0432\u043e\u043c\u0443 \u0443\u0441\u0438\u043b\u0438\u044e.<\/p>\n<p>\u041a\u0430\u0442\u043e\u043a 1200 \u043c\u043e\u0436\u0435\u0442 \u043f\u0435\u0440\u0435\u043d\u043e\u0441\u0438\u0442\u044c \u0442\u0440\u0443\u0431\u044b \u0434\u0438\u0430\u043c\u0435\u0442\u0440\u043e\u043c 315 &#8212; 1200 \u043c\u043c. \u041e\u043d \u043e\u0431\u0435\u0441\u043f\u0435\u0447\u0438\u0432\u0430\u0435\u0442 \u043f\u0440\u043e\u0441\u0442\u043e\u0442\u0443 \u0438\u0441\u043f\u043e\u043b\u044c\u0437\u043e\u0432\u0430\u043d\u0438\u044f \u0431\u043b\u0430\u0433\u043e\u0434\u0430\u0440\u044f \u0441\u0432\u043e\u0435\u0439 \u043a\u043e\u043c\u043f\u0430\u043a\u0442\u043d\u043e\u0439 \u0438 \u043b\u0435\u0433\u043a\u043e\u0439 \u043a\u043e\u043d\u0441\u0442\u0440\u0443\u043a\u0446\u0438\u0438.<\/p>\n","protected":false},"featured_media":8287,"comment_status":"open","ping_status":"closed","template":"","meta":[],"product_cat":[212],"product_tag":[],"_links":{"self":[{"href":"https:\/\/www.elborweltech.com\/ru\/wp-json\/wp\/v2\/product\/11712"}],"collection":[{"href":"https:\/\/www.elborweltech.com\/ru\/wp-json\/wp\/v2\/product"}],"about":[{"href":"https:\/\/www.elborweltech.com\/ru\/wp-json\/wp\/v2\/types\/product"}],"replies":[{"embeddable":true,"href":"https:\/\/www.elborweltech.com\/ru\/wp-json\/wp\/v2\/comments?post=11712"}],"wp:featuredmedia":[{"embeddable":true,"href":"https:\/\/www.elborweltech.com\/ru\/wp-json\/wp\/v2\/media\/8287"}],"wp:attachment":[{"href":"https:\/\/www.elborweltech.com\/ru\/wp-json\/wp\/v2\/media?parent=11712"}],"wp:term":[{"taxonomy":"product_cat","embeddable":true,"href":"https:\/\/www.elborweltech.com\/ru\/wp-json\/wp\/v2\/product_cat?post=11712"},{"taxonomy":"product_tag","embeddable":true,"href":"https:\/\/www.elborweltech.com\/ru\/wp-json\/wp\/v2\/product_tag?post=11712"}],"curies":[{"name":"wp","href":"https:\/\/api.w.org\/{rel}","templated":true}]}}