{"id":12795,"date":"2020-08-13T14:22:01","date_gmt":"2020-08-13T11:22:01","guid":{"rendered":"https:\/\/www.elborweltech.com\/product\/%d1%8d%d1%84-%d1%82%d1%80%d0%be%d0%b9%d0%bd%d0%b8%d0%ba-%d0%bf%d0%b5%d1%80%d0%b5%d1%85%d0%be%d0%b4%d0%bd%d0%b8%d0%ba-90\/"},"modified":"2022-11-09T13:52:56","modified_gmt":"2022-11-09T10:52:56","slug":"%d1%8d%d1%84-%d1%82%d1%80%d0%be%d0%b9%d0%bd%d0%b8%d0%ba-%d0%bf%d0%b5%d1%80%d0%b5%d1%85%d0%be%d0%b4%d0%bd%d0%b8%d0%ba-90","status":"publish","type":"product","link":"https:\/\/www.elborweltech.com\/ru\/product\/%d1%8d%d1%84-%d1%82%d1%80%d0%be%d0%b9%d0%bd%d0%b8%d0%ba-%d0%bf%d0%b5%d1%80%d0%b5%d1%85%d0%be%d0%b4%d0%bd%d0%b8%d0%ba-90\/","title":{"rendered":"\u042d\u0424 \u0422\u0420\u041e\u0419\u041d\u0418\u041a-\u041f\u0415\u0420\u0415\u0425\u041e\u0414\u041d\u0418\u041a 90\u00b0"},"content":{"rendered":"<div id=\"g1-table-1\" class=\"g1-table g1-table--solid \">\n<table style=\"height: 536px;\" border=\"0\" width=\"457\" cellspacing=\"0\" cellpadding=\"0\">\n<tbody>\n<tr>\n<td>d1<\/td>\n<td>d2<\/td>\n<td>\u00dcr\u00fcn Kodu<\/td>\n<td>D<\/td>\n<td>Z<\/td>\n<td>le1<\/td>\n<td>le2<\/td>\n<td>A\u011f\u0131rl\u0131k<\/td>\n<td>Kutu<\/td>\n<\/tr>\n<tr>\n<td>mm<\/td>\n<td>mm<\/td>\n<td><\/td>\n<td>mm<\/td>\n<td>mm<\/td>\n<td>mm<\/td>\n<td>mm<\/td>\n<td>kg<\/td>\n<td>Adet<\/td>\n<\/tr>\n<tr>\n<td>50<\/td>\n<td>40<\/td>\n<td>001 117 2042 0051<\/td>\n<td>64<\/td>\n<td>138<\/td>\n<td>43<\/td>\n<td>49<\/td>\n<td>0,300<\/td>\n<td>25<\/td>\n<\/tr>\n<tr>\n<td>63<\/td>\n<td>50<\/td>\n<td>001 117 2042 0064<\/td>\n<td>82<\/td>\n<td>164<\/td>\n<td>49<\/td>\n<td>55<\/td>\n<td>0,330<\/td>\n<td>18<\/td>\n<\/tr>\n<tr>\n<td>63<\/td>\n<td>40<\/td>\n<td>001 117 2042 0065<\/td>\n<td>82<\/td>\n<td>164<\/td>\n<td>49<\/td>\n<td>49<\/td>\n<td>0,310<\/td>\n<td>24<\/td>\n<\/tr>\n<tr>\n<td>63<\/td>\n<td>32<\/td>\n<td>001 117 2042 0066<\/td>\n<td>82<\/td>\n<td>164<\/td>\n<td>49<\/td>\n<td>44<\/td>\n<td>0,300<\/td>\n<td>24<\/td>\n<\/tr>\n<tr>\n<td>75<\/td>\n<td>63<\/td>\n<td>001 117 2042 0076<\/td>\n<td>95<\/td>\n<td>189<\/td>\n<td>55<\/td>\n<td>63<\/td>\n<td>0,520<\/td>\n<td>14<\/td>\n<\/tr>\n<tr>\n<td>90<\/td>\n<td>63<\/td>\n<td>001 117 2042 0092<\/td>\n<td>112<\/td>\n<td>210<\/td>\n<td>65<\/td>\n<td>63<\/td>\n<td>0,740<\/td>\n<td>8<\/td>\n<\/tr>\n<tr>\n<td>110<\/td>\n<td>90<\/td>\n<td>001 117 2042 0111<\/td>\n<td>139<\/td>\n<td>260<\/td>\n<td>72<\/td>\n<td>79<\/td>\n<td>1,330<\/td>\n<td>6<\/td>\n<\/tr>\n<tr>\n<td>110<\/td>\n<td>63<\/td>\n<td>001 117 2042 0113<\/td>\n<td>139<\/td>\n<td>260<\/td>\n<td>72<\/td>\n<td>63<\/td>\n<td>1,220<\/td>\n<td>8<\/td>\n<\/tr>\n<tr>\n<td>125<\/td>\n<td>110<\/td>\n<td>001 117 2042 0126<\/td>\n<td>160<\/td>\n<td>268<\/td>\n<td>77<\/td>\n<td>82<\/td>\n<td>1,630<\/td>\n<td>4<\/td>\n<\/tr>\n<tr>\n<td>125<\/td>\n<td>90<\/td>\n<td>001 117 2042 0127<\/td>\n<td>160<\/td>\n<td>268<\/td>\n<td>77<\/td>\n<td>79<\/td>\n<td>1,550<\/td>\n<td>4<\/td>\n<\/tr>\n<tr>\n<td>125<\/td>\n<td>63<\/td>\n<td>001 117 2042 0129<\/td>\n<td>160<\/td>\n<td>268<\/td>\n<td>77<\/td>\n<td>63<\/td>\n<td>1,440<\/td>\n<td>4<\/td>\n<\/tr>\n<tr>\n<td>160<\/td>\n<td>110<\/td>\n<td>001 117 2042 0163<\/td>\n<td>195<\/td>\n<td>320<\/td>\n<td>86<\/td>\n<td>82<\/td>\n<td>2,890<\/td>\n<td>2<\/td>\n<\/tr>\n<tr>\n<td>160<\/td>\n<td>90<\/td>\n<td>001 117 2042 0164<\/td>\n<td>195<\/td>\n<td>320<\/td>\n<td>86<\/td>\n<td>79<\/td>\n<td>2,790<\/td>\n<td>2<\/td>\n<\/tr>\n<tr>\n<td>160<\/td>\n<td>63<\/td>\n<td>001 117 2042 0166<\/td>\n<td>195<\/td>\n<td>320<\/td>\n<td>86<\/td>\n<td>63<\/td>\n<td>2,700<\/td>\n<td>2<\/td>\n<\/tr>\n<tr>\n<td>180<\/td>\n<td>125<\/td>\n<td>001 117 2042 0183<\/td>\n<td>230<\/td>\n<td>340<\/td>\n<td>88<\/td>\n<td>87<\/td>\n<td>3,830<\/td>\n<td>2<\/td>\n<\/tr>\n<\/tbody>\n<\/table>\n<\/div>\n<div><\/div>\n<blockquote><p>\u041f\u043e\u0436\u0430\u043b\u0443\u0439\u0441\u0442\u0430, \u0441\u0432\u044f\u0436\u0438\u0442\u0435\u0441\u044c \u0441\u043e \u0441\u043b\u0443\u0436\u0431\u043e\u0439 \u043f\u043e\u0434\u0434\u0435\u0440\u0436\u043a\u0438 \u043a\u043b\u0438\u0435\u043d\u0442\u043e\u0432 \u0434\u043b\u044f \u043f\u043e\u043b\u0443\u0447\u0435\u043d\u0438\u044f \u0438\u043d\u0444\u043e\u0440\u043c\u0430\u0446\u0438\u0438 \u043e \u043f\u0440\u043e\u0434\u0443\u043a\u0442\u0435.<\/p><\/blockquote>\n","protected":false},"excerpt":{"rendered":"<p>EF \u0130NEGAL TE 90\u00b0<br \/>\nEF REDUCED TEE 90\u00b0<br \/>\n\u042d\u0424 \u0422\u0420\u041e\u0419\u041d\u0418\u041a-\u041f\u0415\u0420\u0415\u0425\u041e\u0414\u041d\u0418\u041a 90\u00b0<br \/>\nElektrof\u00fczyon\/Electrofusion \/<br \/>\nMaterial:HDPE 100+ \/<br \/>\nStandart:TSEN1555-3:2010+A1\u2022TSEN12201-3+A1<\/p>\n","protected":false},"featured_media":12526,"comment_status":"open","ping_status":"closed","template":"","meta":[],"product_cat":[266],"product_tag":[],"_links":{"self":[{"href":"https:\/\/www.elborweltech.com\/ru\/wp-json\/wp\/v2\/product\/12795"}],"collection":[{"href":"https:\/\/www.elborweltech.com\/ru\/wp-json\/wp\/v2\/product"}],"about":[{"href":"https:\/\/www.elborweltech.com\/ru\/wp-json\/wp\/v2\/types\/product"}],"replies":[{"embeddable":true,"href":"https:\/\/www.elborweltech.com\/ru\/wp-json\/wp\/v2\/comments?post=12795"}],"wp:featuredmedia":[{"embeddable":true,"href":"https:\/\/www.elborweltech.com\/ru\/wp-json\/wp\/v2\/media\/12526"}],"wp:attachment":[{"href":"https:\/\/www.elborweltech.com\/ru\/wp-json\/wp\/v2\/media?parent=12795"}],"wp:term":[{"taxonomy":"product_cat","embeddable":true,"href":"https:\/\/www.elborweltech.com\/ru\/wp-json\/wp\/v2\/product_cat?post=12795"},{"taxonomy":"product_tag","embeddable":true,"href":"https:\/\/www.elborweltech.com\/ru\/wp-json\/wp\/v2\/product_tag?post=12795"}],"curies":[{"name":"wp","href":"https:\/\/api.w.org\/{rel}","templated":true}]}}