{"id":12797,"date":"2020-08-13T12:34:41","date_gmt":"2020-08-13T09:34:41","guid":{"rendered":"https:\/\/www.elborweltech.com\/product\/%d1%8d%d1%84-%d0%be%d1%82%d0%b2%d0%be%d0%b4-90\/"},"modified":"2022-11-09T13:52:51","modified_gmt":"2022-11-09T10:52:51","slug":"%d1%8d%d1%84-%d0%be%d1%82%d0%b2%d0%be%d0%b4-90","status":"publish","type":"product","link":"https:\/\/www.elborweltech.com\/ru\/product\/%d1%8d%d1%84-%d0%be%d1%82%d0%b2%d0%be%d0%b4-90\/","title":{"rendered":"\u042d\u0424 \u041e\u0422\u0412\u041e\u0414 90\u00b0"},"content":{"rendered":"<div id=\"g1-table-1\" class=\"g1-table g1-table--solid \">\n<table style=\"height: 447px;\" border=\"0\" width=\"459\" cellspacing=\"0\" cellpadding=\"0\">\n<tbody>\n<tr>\n<td>d<\/td>\n<td>\u00dcr\u00fcn No<\/td>\n<td>D<\/td>\n<td>Z<\/td>\n<td>le<\/td>\n<td>A\u011f\u0131rl\u0131k<\/td>\n<td>Box<\/td>\n<\/tr>\n<tr>\n<td>mm<\/td>\n<td><\/td>\n<td>mm<\/td>\n<td>mm<\/td>\n<td>mm<\/td>\n<td>kg<\/td>\n<td>Piece<\/td>\n<\/tr>\n<tr>\n<td>20<\/td>\n<td>101 117 2021 0020<\/td>\n<td>36<\/td>\n<td>82<\/td>\n<td>44<\/td>\n<td>0,141<\/td>\n<td>40<\/td>\n<\/tr>\n<tr>\n<td>25<\/td>\n<td>101 117 2021 0025<\/td>\n<td>34<\/td>\n<td>73<\/td>\n<td>38<\/td>\n<td>0,062<\/td>\n<td>100<\/td>\n<\/tr>\n<tr>\n<td>32<\/td>\n<td>101 117 2021 0032<\/td>\n<td>44<\/td>\n<td>84<\/td>\n<td>40<\/td>\n<td>0,097<\/td>\n<td>80<\/td>\n<\/tr>\n<tr>\n<td>40<\/td>\n<td>101 117 2021 0040<\/td>\n<td>67<\/td>\n<td>116<\/td>\n<td>50<\/td>\n<td>0,340<\/td>\n<td>55<\/td>\n<\/tr>\n<tr>\n<td>50<\/td>\n<td>101 117 2021 0050<\/td>\n<td>63<\/td>\n<td>107<\/td>\n<td>42<\/td>\n<td>0,170<\/td>\n<td>50<\/td>\n<\/tr>\n<tr>\n<td>63<\/td>\n<td>101 117 2021 0063<\/td>\n<td>80<\/td>\n<td>123<\/td>\n<td>50<\/td>\n<td>0,294<\/td>\n<td>25<\/td>\n<\/tr>\n<tr>\n<td>75<\/td>\n<td>101 117 2021 0075<\/td>\n<td>95<\/td>\n<td>141<\/td>\n<td>53<\/td>\n<td>0,425<\/td>\n<td>16<\/td>\n<\/tr>\n<tr>\n<td>90<\/td>\n<td>101 117 2021 0090<\/td>\n<td>113<\/td>\n<td>165<\/td>\n<td>59<\/td>\n<td>0,685<\/td>\n<td>15<\/td>\n<\/tr>\n<tr>\n<td>110<\/td>\n<td>101 117 2021 0110<\/td>\n<td>137<\/td>\n<td>205<\/td>\n<td>71<\/td>\n<td>1,120<\/td>\n<td>6<\/td>\n<\/tr>\n<tr>\n<td>125<\/td>\n<td>101 117 2021 0125<\/td>\n<td>154<\/td>\n<td>228<\/td>\n<td>72<\/td>\n<td>1,570<\/td>\n<td>6<\/td>\n<\/tr>\n<tr>\n<td>160<\/td>\n<td>101 117 2021 0160<\/td>\n<td>213<\/td>\n<td>320<\/td>\n<td>104<\/td>\n<td>4,262<\/td>\n<td>2<\/td>\n<\/tr>\n<tr>\n<td>180<\/td>\n<td>101 117 2021 0180<\/td>\n<td>213<\/td>\n<td>320<\/td>\n<td>104<\/td>\n<td>4,676<\/td>\n<td>2<\/td>\n<\/tr>\n<\/tbody>\n<\/table>\n<\/div>\n<blockquote><p>\u041f\u043e\u0436\u0430\u043b\u0443\u0439\u0441\u0442\u0430, \u0441\u0432\u044f\u0436\u0438\u0442\u0435\u0441\u044c \u0441\u043e \u0441\u043b\u0443\u0436\u0431\u043e\u0439 \u043f\u043e\u0434\u0434\u0435\u0440\u0436\u043a\u0438 \u043a\u043b\u0438\u0435\u043d\u0442\u043e\u0432 \u0434\u043b\u044f \u043f\u043e\u043b\u0443\u0447\u0435\u043d\u0438\u044f \u0438\u043d\u0444\u043e\u0440\u043c\u0430\u0446\u0438\u0438 \u043e \u043f\u0440\u043e\u0434\u0443\u043a\u0442\u0435.<\/p><\/blockquote>\n","protected":false},"excerpt":{"rendered":"<p>EF D\u0130RSEK 90\u00b0<br \/>\nEF ELBOW 90\u00b0<br \/>\n\u042d\u0424 \u041e\u0422\u0412\u041e\u0414 90\u00b0<br \/>\nElektrof\u00fczyon\/Electrofusion \/<br \/>\nMaterial:HDPE 100+<br \/>\nStandart:TSEN1555-3:2010+A1\u2022TSEN12201-3+A1<\/p>\n","protected":false},"featured_media":12520,"comment_status":"open","ping_status":"closed","template":"","meta":[],"product_cat":[266],"product_tag":[],"_links":{"self":[{"href":"https:\/\/www.elborweltech.com\/ru\/wp-json\/wp\/v2\/product\/12797"}],"collection":[{"href":"https:\/\/www.elborweltech.com\/ru\/wp-json\/wp\/v2\/product"}],"about":[{"href":"https:\/\/www.elborweltech.com\/ru\/wp-json\/wp\/v2\/types\/product"}],"replies":[{"embeddable":true,"href":"https:\/\/www.elborweltech.com\/ru\/wp-json\/wp\/v2\/comments?post=12797"}],"wp:featuredmedia":[{"embeddable":true,"href":"https:\/\/www.elborweltech.com\/ru\/wp-json\/wp\/v2\/media\/12520"}],"wp:attachment":[{"href":"https:\/\/www.elborweltech.com\/ru\/wp-json\/wp\/v2\/media?parent=12797"}],"wp:term":[{"taxonomy":"product_cat","embeddable":true,"href":"https:\/\/www.elborweltech.com\/ru\/wp-json\/wp\/v2\/product_cat?post=12797"},{"taxonomy":"product_tag","embeddable":true,"href":"https:\/\/www.elborweltech.com\/ru\/wp-json\/wp\/v2\/product_tag?post=12797"}],"curies":[{"name":"wp","href":"https:\/\/api.w.org\/{rel}","templated":true}]}}