{"id":12798,"date":"2020-08-12T12:11:06","date_gmt":"2020-08-12T09:11:06","guid":{"rendered":"https:\/\/www.elborweltech.com\/product\/%d1%8d%d1%84-%d0%be%d1%82%d0%b2%d0%be%d0%b4-45\/"},"modified":"2022-11-09T13:52:50","modified_gmt":"2022-11-09T10:52:50","slug":"%d1%8d%d1%84-%d0%be%d1%82%d0%b2%d0%be%d0%b4-45","status":"publish","type":"product","link":"https:\/\/www.elborweltech.com\/ru\/product\/%d1%8d%d1%84-%d0%be%d1%82%d0%b2%d0%be%d0%b4-45\/","title":{"rendered":"\u042d\u0424 \u041e\u0422\u0412\u041e\u0414 45\u00b0"},"content":{"rendered":"<div id=\"g1-table-1\" class=\"g1-table g1-table--solid \">\n<table style=\"height: 380px;\" border=\"0\" width=\"445\" cellspacing=\"0\" cellpadding=\"0\">\n<tbody>\n<tr>\n<td>d<\/td>\n<td>\u00dcr\u00fcn Kodu<\/td>\n<td>D<\/td>\n<td>Z<\/td>\n<td>le<\/td>\n<td>A\u011f\u0131rl\u0131k<\/td>\n<td>Kutu<\/td>\n<\/tr>\n<tr>\n<td>mm<\/td>\n<td><\/td>\n<td>mm<\/td>\n<td>mm<\/td>\n<td>mm<\/td>\n<td>kg<\/td>\n<td>Adet<\/td>\n<\/tr>\n<tr>\n<td>32<\/td>\n<td>101 117 2022 0032<\/td>\n<td>44<\/td>\n<td>95<\/td>\n<td>39<\/td>\n<td>0,080<\/td>\n<td>100<\/td>\n<\/tr>\n<tr>\n<td>40<\/td>\n<td>101 117 2022 0040<\/td>\n<td>53<\/td>\n<td>108<\/td>\n<td>42<\/td>\n<td>0,100<\/td>\n<td>70<\/td>\n<\/tr>\n<tr>\n<td>50<\/td>\n<td>101 117 2022 0050<\/td>\n<td>64<\/td>\n<td>124<\/td>\n<td>45<\/td>\n<td>0,134<\/td>\n<td>50<\/td>\n<\/tr>\n<tr>\n<td>63<\/td>\n<td>101 117 2022 0063<\/td>\n<td>79<\/td>\n<td>137<\/td>\n<td>50<\/td>\n<td>0,250<\/td>\n<td>30<\/td>\n<\/tr>\n<tr>\n<td>75<\/td>\n<td>101 117 2022 0075<\/td>\n<td>97<\/td>\n<td>165<\/td>\n<td>62<\/td>\n<td>0,427<\/td>\n<td>20<\/td>\n<\/tr>\n<tr>\n<td>90<\/td>\n<td>101 117 2022 0090<\/td>\n<td>117<\/td>\n<td>192<\/td>\n<td>82<\/td>\n<td>0,765<\/td>\n<td>18<\/td>\n<\/tr>\n<tr>\n<td>110<\/td>\n<td>101 117 2022 0110<\/td>\n<td>137<\/td>\n<td>213<\/td>\n<td>75<\/td>\n<td>0,894<\/td>\n<td>10<\/td>\n<\/tr>\n<tr>\n<td>125<\/td>\n<td>101 117 2022 0125<\/td>\n<td>154<\/td>\n<td>240<\/td>\n<td>81<\/td>\n<td>1,220<\/td>\n<td>6<\/td>\n<\/tr>\n<tr>\n<td>160<\/td>\n<td>101 117 2022 0160<\/td>\n<td>217<\/td>\n<td>320<\/td>\n<td>105<\/td>\n<td>2,674<\/td>\n<td>2<\/td>\n<\/tr>\n<tr>\n<td>180<\/td>\n<td>101 117 2022 0180<\/td>\n<td>217<\/td>\n<td>320<\/td>\n<td>105<\/td>\n<td>3,266<\/td>\n<td>2<\/td>\n<\/tr>\n<\/tbody>\n<\/table>\n<\/div>\n<blockquote><p>\u041f\u043e\u0436\u0430\u043b\u0443\u0439\u0441\u0442\u0430, \u0441\u0432\u044f\u0436\u0438\u0442\u0435\u0441\u044c \u0441\u043e \u0441\u043b\u0443\u0436\u0431\u043e\u0439 \u043f\u043e\u0434\u0434\u0435\u0440\u0436\u043a\u0438 \u043a\u043b\u0438\u0435\u043d\u0442\u043e\u0432 \u0434\u043b\u044f \u043f\u043e\u043b\u0443\u0447\u0435\u043d\u0438\u044f \u0438\u043d\u0444\u043e\u0440\u043c\u0430\u0446\u0438\u0438 \u043e \u043f\u0440\u043e\u0434\u0443\u043a\u0442\u0435.<\/p><\/blockquote>\n","protected":false},"excerpt":{"rendered":"<p>EF D\u0130RSEK 45\u00b0<br \/>\nEF ELBOW 45\u00b0<br \/>\n\u042d\u0424 \u041e\u0422\u0412\u041e\u0414 45\u00b0<br \/>\nElektrof\u00fczyon\/Electrofusion \/<br \/>\nMaterial:HDPE 100+<br \/>\nStandart:TSEN1555-3:2010+A1\u2022TSEN12201-3+A1<\/p>\n","protected":false},"featured_media":12465,"comment_status":"open","ping_status":"closed","template":"","meta":[],"product_cat":[266],"product_tag":[],"_links":{"self":[{"href":"https:\/\/www.elborweltech.com\/ru\/wp-json\/wp\/v2\/product\/12798"}],"collection":[{"href":"https:\/\/www.elborweltech.com\/ru\/wp-json\/wp\/v2\/product"}],"about":[{"href":"https:\/\/www.elborweltech.com\/ru\/wp-json\/wp\/v2\/types\/product"}],"replies":[{"embeddable":true,"href":"https:\/\/www.elborweltech.com\/ru\/wp-json\/wp\/v2\/comments?post=12798"}],"wp:featuredmedia":[{"embeddable":true,"href":"https:\/\/www.elborweltech.com\/ru\/wp-json\/wp\/v2\/media\/12465"}],"wp:attachment":[{"href":"https:\/\/www.elborweltech.com\/ru\/wp-json\/wp\/v2\/media?parent=12798"}],"wp:term":[{"taxonomy":"product_cat","embeddable":true,"href":"https:\/\/www.elborweltech.com\/ru\/wp-json\/wp\/v2\/product_cat?post=12798"},{"taxonomy":"product_tag","embeddable":true,"href":"https:\/\/www.elborweltech.com\/ru\/wp-json\/wp\/v2\/product_tag?post=12798"}],"curies":[{"name":"wp","href":"https:\/\/api.w.org\/{rel}","templated":true}]}}