{"id":12824,"date":"2020-06-23T14:14:18","date_gmt":"2020-06-23T11:14:18","guid":{"rendered":"https:\/\/www.elborweltech.com\/product\/%d0%b3%d0%b8%d0%b4%d1%80%d0%b0%d0%b2%d0%bb%d0%b8%d1%87%d0%b5%d1%81%d0%ba%d0%b0%d1%8f-%d1%81%d0%b2%d0%b0%d1%80%d0%ba%d0%b0-%d0%b4%d0%bb%d1%8f-%d0%bf%d0%bb%d0%b0%d1%81%d1%82%d0%b8%d0%ba%d0%be%d0%b2-2\/"},"modified":"2024-09-19T11:39:44","modified_gmt":"2024-09-19T08:39:44","slug":"%d0%b3%d0%b8%d0%b4%d1%80%d0%b0%d0%b2%d0%bb%d0%b8%d1%87%d0%b5%d1%81%d0%ba%d0%b0%d1%8f-%d1%81%d0%b2%d0%b0%d1%80%d0%ba%d0%b0-%d0%b4%d0%bb%d1%8f-%d0%bf%d0%bb%d0%b0%d1%81%d1%82%d0%b8%d0%ba%d0%be%d0%b2-2","status":"publish","type":"product","link":"https:\/\/www.elborweltech.com\/ru\/product\/%d0%b3%d0%b8%d0%b4%d1%80%d0%b0%d0%b2%d0%bb%d0%b8%d1%87%d0%b5%d1%81%d0%ba%d0%b0%d1%8f-%d1%81%d0%b2%d0%b0%d1%80%d0%ba%d0%b0-%d0%b4%d0%bb%d1%8f-%d0%bf%d0%bb%d0%b0%d1%81%d1%82%d0%b8%d0%ba%d0%be%d0%b2-2\/","title":{"rendered":"CNC W500 \u0413\u0418\u0414\u0420\u0410\u0412\u041b\u0418\u0427\u0415\u0421\u041a\u0410\u042f \u0421\u0412\u0410\u0420\u041a\u0410 \u0414\u041b\u042f \u041f\u041b\u0410\u0421\u0422\u0418\u041a\u041e\u0412\u042b\u0425 \u0422\u0420\u0423\u0411"},"content":{"rendered":"<section class=\"l-section wpb_row height_auto\"><div class=\"l-section-h i-cf\"><div class=\"g-cols vc_row via_flex valign_top type_default stacking_default\"><div class=\"vc_col-sm-12 wpb_column vc_column_container\"><div class=\"vc_column-inner\"><div class=\"wpb_wrapper\"><div class=\"w-tabs layout_hor style_trendy switch_click has_scrolling\" style=\"--sections-title-size:1em\"><div class=\"w-tabs-list items_3 align_none\"><div class=\"w-tabs-list-h\"><button class=\"w-tabs-item active with_icon\" aria-controls=\"content-jce6\" aria-expanded=\"false\"><i class=\"fad fa-file-alt\"><\/i><span class=\"w-tabs-item-title\">\u041e\u0431\u0449\u0438\u0435 \u043e\u0441\u043e\u0431\u0435\u043d\u043d\u043e\u0441\u0442\u0438<\/span><\/button><button class=\"w-tabs-item with_icon\" aria-controls=\"content-c740\" aria-expanded=\"false\"><i class=\"fad fa-list\"><\/i><span class=\"w-tabs-item-title\">\u0422\u0435\u0445\u043d\u0438\u0447\u0435\u0441\u043a\u0438\u0435 \u0445\u0430\u0440\u0430\u043a\u0442\u0435\u0440\u0438\u0441\u0442\u0438\u043a\u0438<\/span><\/button><a class=\"w-tabs-item with_icon\" aria-controls=\"content-g8ca\" aria-expanded=\"false\" href=\"https:\/\/www.elborweltech.com\/wp-content\/uploads\/2020\/09\/OK-CNC-W500-USER-MANUEL.pdf\"><i class=\"fad fa-file-pdf\"><\/i><span class=\"w-tabs-item-title\">\u0413\u0438\u0434 \u043f\u043e\u043b\u044c\u0437\u043e\u0432\u0430\u0442\u0435\u043b\u044f<\/span><\/a><\/div><\/div><div class=\"w-tabs-sections titles-align_none icon_chevron cpos_right\"><div class=\"w-tabs-section active\" id=\"jce6\"><button class=\"w-tabs-section-header active with_icon\" aria-controls=\"content-jce6\" aria-expanded=\"true\"><i class=\"fad fa-file-alt\"><\/i><div class=\"w-tabs-section-title\">\u041e\u0431\u0449\u0438\u0435 \u043e\u0441\u043e\u0431\u0435\u043d\u043d\u043e\u0441\u0442\u0438<\/div><div class=\"w-tabs-section-control\"><\/div><\/button><div  class=\"w-tabs-section-content\" id=\"content-jce6\"><div class=\"w-tabs-section-content-h i-cf\"><div class=\"g-cols wpb_row via_flex valign_top type_default stacking_default\"><div class=\"vc_col-sm-6 wpb_column vc_column_container has_bg_color\"><div class=\"vc_column-inner us_custom_1f027e60\"><div class=\"wpb_wrapper\"><div class=\"w-separator size_small\"><\/div><\/div><\/div><\/div><div class=\"vc_col-sm-6 wpb_column vc_column_container\"><div class=\"vc_column-inner\"><div class=\"wpb_wrapper\"><div class=\"wpb_text_column us_custom_e75e05de\"><div class=\"wpb_wrapper\"><h4>\u041a\u043e\u0440\u043f\u0443\u0441 \u043c\u0430\u0448\u0438\u043d\u044b \u0434\u043b\u044f \u0441\u0442\u044b\u043a\u043e\u0432\u043e\u0439 \u0441\u0432\u0430\u0440\u043a\u0438 W500<\/h4>\n<ul>\n<li>\u041e\u0441\u043d\u043e\u0432\u043d\u043e\u0439 \u043a\u043e\u0440\u043f\u0443\u0441 \u043f\u043e\u0434\u0434\u0435\u0440\u0436\u0438\u0432\u0430\u0435\u0442 \u0441\u0432\u0430\u0440\u0438\u0432\u0430\u0435\u043c\u044b\u0435 \u043f\u043b\u0430\u0441\u0442\u0438\u043a\u043e\u0432\u044b\u0435 \u0442\u0440\u0443\u0431\u044b \u0441 \u043f\u043e\u043c\u043e\u0449\u044c\u044e \u0434\u0432\u0443\u0445 \u043f\u043e\u0434\u0432\u0438\u0436\u043d\u044b\u0445 \u0438 \u0434\u0432\u0443\u0445 \u0444\u0438\u043a\u0441\u0438\u0440\u043e\u0432\u0430\u043d\u043d\u044b\u0445 \u0437\u0430\u0436\u0438\u043c\u043e\u0432 \u043d\u0430 \u043d\u0435\u043c \u0438 \u043e\u0431\u0435\u0441\u043f\u0435\u0447\u0438\u0432\u0430\u0435\u0442 \u0444\u0438\u043a\u0441\u0430\u0446\u0438\u044e \u0438 \u0446\u0435\u043d\u0442\u0440\u0438\u0440\u043e\u0432\u0430\u043d\u0438\u0435.<\/li>\n<li>\u041a \u0441\u0438\u0441\u0442\u0435\u043c\u0435 \u043f\u0440\u0438\u043b\u043e\u0436\u0435\u043d\u0430 \u0441\u0438\u043b\u0430 \u0433\u0438\u0434\u0440\u0430\u0432\u043b\u0438\u0447\u0435\u0441\u043a\u043e\u0433\u043e \u0434\u0430\u0432\u043b\u0435\u043d\u0438\u044f. \u0421 \u0434\u0432\u0443\u043c\u044f \u043f\u043e\u0440\u0448\u043d\u044f\u043c\u0438 \u043d\u0430 \u043d\u0435\u0441\u0443\u0449\u0435\u043c \u0432\u0430\u043b\u0443 \u044d\u0442\u0430 \u0441\u0438\u043b\u0430 \u043d\u0430\u043f\u0440\u0430\u0432\u043b\u044f\u0435\u0442 \u043f\u043e\u0434\u0432\u0438\u0436\u043d\u044b\u0435 \u0437\u0430\u0436\u0438\u043c\u044b \u0432\u043f\u0435\u0440\u0435\u0434 \u0438 \u043d\u0430\u0437\u0430\u0434 \u0438 \u043e\u0431\u0435\u0441\u043f\u0435\u0447\u0438\u0432\u0430\u0435\u0442 \u0434\u0432\u0438\u0436\u0435\u043d\u0438\u0435, \u043d\u0435\u043e\u0431\u0445\u043e\u0434\u0438\u043c\u043e\u0435 \u0434\u043b\u044f \u043f\u0440\u043e\u0446\u0435\u0441\u0441\u0430 \u0441\u0432\u0430\u0440\u043a\u0438.<\/li>\n<\/ul>\n<\/div><\/div><\/div><\/div><\/div><\/div><div class=\"g-cols wpb_row via_flex valign_top type_default stacking_default\"><div class=\"vc_col-sm-6 wpb_column vc_column_container\"><div class=\"vc_column-inner\"><div class=\"wpb_wrapper\"><div class=\"wpb_text_column us_custom_e75e05de\"><div class=\"wpb_wrapper\"><h4>\u0422\u0440\u0438\u043c\u043c\u0435\u0440 \u0434\u043b\u044f \u0441\u0442\u044b\u043a\u043e\u0432\u043e\u0439 \u0441\u0432\u0430\u0440\u043a\u0438 W500 \u0441 \u0427\u041f\u0423<\/h4>\n<ul>\n<li>\u042d\u0442\u043e \u044d\u043b\u0435\u043c\u0435\u043d\u0442 \u043c\u0430\u0448\u0438\u043d\u044b \u0434\u043b\u044f \u0441\u0442\u044b\u043a\u043e\u0432\u043e\u0439 \u0441\u0432\u0430\u0440\u043a\u0438, \u043a\u043e\u0442\u043e\u0440\u044b\u0439 \u043e\u0447\u0438\u0449\u0430\u0435\u0442 \u0441\u0442\u044b\u043a \u0442\u0440\u0443\u0431, \u0437\u0430\u043a\u0440\u0435\u043f\u043b\u0435\u043d\u043d\u044b\u0445 \u0438 \u0446\u0435\u043d\u0442\u0440\u0438\u0440\u043e\u0432\u0430\u043d\u043d\u044b\u0445 \u043d\u0430 \u043e\u0441\u043d\u043e\u0432\u043d\u043e\u043c \u043a\u043e\u0440\u043f\u0443\u0441\u0435, \u0441 \u043f\u043e\u043c\u043e\u0449\u044c\u044e \u0434\u0432\u0443\u0445 \u0432\u0440\u0430\u0449\u0430\u044e\u0449\u0438\u0445\u0441\u044f \u043b\u0435\u0437\u0432\u0438\u0439 \u0441 \u043f\u0440\u0430\u0432\u043e\u0439 \u0438 \u043b\u0435\u0432\u043e\u0439 \u0441\u0442\u043e\u0440\u043e\u043d\u044b \u0438 \u0440\u0435\u0436\u0443\u0449\u0438\u0445 \u043b\u0435\u0437\u0432\u0438\u0439 \u043d\u0430 \u044d\u0442\u0438\u0445 \u043b\u0435\u0437\u0432\u0438\u044f\u0445 \u043f\u0435\u0440\u0435\u0434 \u043f\u0440\u043e\u0446\u0435\u0441\u0441\u043e\u043c \u043d\u0430\u0433\u0440\u0435\u0432\u0430.<\/li>\n<li>\u0412\u0440\u0430\u0449\u0430\u0442\u0435\u043b\u044c\u043d\u043e\u0435 \u0434\u0432\u0438\u0436\u0435\u043d\u0438\u0435 \u0442\u0440\u0438\u043c\u043c\u0435\u0440\u0430 \u043e\u0431\u0435\u0441\u043f\u0435\u0447\u0438\u0432\u0430\u0435\u0442\u0441\u044f \u0440\u0430\u0441\u043f\u043e\u043b\u043e\u0436\u0435\u043d\u043d\u044b\u043c \u043d\u0430 \u043d\u0435\u043c \u0434\u0432\u0438\u0433\u0430\u0442\u0435\u043b\u0435\u043c \u0438 \u0433\u0440\u0443\u043f\u043f\u043e\u0439 \u0440\u0435\u0434\u0443\u043a\u0442\u043e\u0440\u043e\u0432.<\/li>\n<li>\u041e\u0431\u0440\u0435\u0437\u043d\u043e\u0439 \u0430\u0433\u0440\u0435\u0433\u0430\u0442 \u0434\u043b\u044f \u0441\u0442\u044b\u043a\u043e\u0432\u043e\u0439 \u0441\u0432\u0430\u0440\u043a\u0438 \u0441\u0442\u0430\u043d\u043a\u0430 W500 \u0441 \u0427\u041f\u0423 \u0441\u043e\u0437\u0434\u0430\u0435\u0442 \u043f\u0430\u0440\u0430\u043b\u043b\u0435\u043b\u044c\u043d\u044b\u0435 \u043f\u043e\u0432\u0435\u0440\u0445\u043d\u043e\u0441\u0442\u0438 \u0442\u0440\u0443\u0431 \u0431\u0435\u0437 \u0437\u0430\u0443\u0441\u0435\u043d\u0446\u0435\u0432.<\/li>\n<\/ul>\n<\/div><\/div><\/div><\/div><\/div><div class=\"vc_col-sm-6 wpb_column vc_column_container has_bg_color\"><div class=\"vc_column-inner us_custom_78607932\"><div class=\"wpb_wrapper\"><div class=\"w-separator size_medium\"><\/div><\/div><\/div><\/div><\/div><div class=\"g-cols wpb_row via_flex valign_top type_default stacking_default\"><div class=\"vc_col-sm-6 wpb_column vc_column_container has_bg_color\"><div class=\"vc_column-inner us_custom_8844171a\"><div class=\"wpb_wrapper\"><div class=\"w-separator size_small\"><\/div><\/div><\/div><\/div><div class=\"vc_col-sm-6 wpb_column vc_column_container\"><div class=\"vc_column-inner\"><div class=\"wpb_wrapper\"><div class=\"wpb_text_column us_custom_c3ddf93f\"><div class=\"wpb_wrapper\"><h4>\u041d\u0430\u0433\u0440\u0435\u0432\u0430\u0442\u0435\u043b\u044c \u0434\u043b\u044f \u043c\u0430\u0448\u0438\u043d\u044b \u0434\u043b\u044f \u0441\u0442\u044b\u043a\u043e\u0432\u043e\u0439 \u0441\u0432\u0430\u0440\u043a\u0438 W500<\/h4>\n<p>\u042d\u0442\u043e \u044d\u043b\u0435\u043c\u0435\u043d\u0442 \u043c\u0430\u0448\u0438\u043d\u044b \u0434\u043b\u044f \u0441\u0442\u044b\u043a\u043e\u0432\u043e\u0439 \u0441\u0432\u0430\u0440\u043a\u0438, \u043a\u043e\u0442\u043e\u0440\u044b\u0439 \u043f\u043e\u0434\u0433\u043e\u0442\u0430\u0432\u043b\u0438\u0432\u0430\u0435\u0442 \u0441\u0442\u044b\u043a\u043e\u0432\u044b\u0435 \u043f\u043e\u0432\u0435\u0440\u0445\u043d\u043e\u0441\u0442\u0438 \u0442\u0440\u0443\u0431, \u043a\u043e\u0442\u043e\u0440\u044b\u0435 \u0432 \u043f\u0440\u043e\u0446\u0435\u0441\u0441\u0435 \u0431\u0440\u0438\u0442\u044c\u044f \u0434\u043e\u0432\u043e\u0434\u044f\u0442\u0441\u044f \u0434\u043e \u0436\u0435\u043b\u0430\u0435\u043c\u043e\u0439 \u0448\u0435\u0440\u043e\u0445\u043e\u0432\u0430\u0442\u043e\u0441\u0442\u0438, \u043a \u043f\u0440\u043e\u0446\u0435\u0441\u0441\u0443 \u0441\u043e\u0435\u0434\u0438\u043d\u0435\u043d\u0438\u044f \u043f\u0443\u0442\u0435\u043c \u043d\u0430\u0433\u0440\u0435\u0432\u0430 \u0441 \u043f\u043e\u043c\u043e\u0449\u044c\u044e \u043d\u0430\u0433\u0440\u0435\u0432\u0430\u0442\u0435\u043b\u044c\u043d\u043e\u0439 \u043f\u043b\u0430\u0441\u0442\u0438\u043d\u044b.<br \/>\n\u0420\u0435\u0433\u0443\u043b\u0438\u0440\u043e\u0432\u043a\u0430 \u0442\u0435\u043c\u043f\u0435\u0440\u0430\u0442\u0443\u0440\u044b \u043d\u0430\u0433\u0440\u0435\u0432\u0430\u0442\u0435\u043b\u044f \u043e\u0441\u0443\u0449\u0435\u0441\u0442\u0432\u043b\u044f\u0435\u0442\u0441\u044f \u0441 \u043f\u043e\u043c\u043e\u0449\u044c\u044e \u0442\u0435\u0440\u043c\u043e\u0441\u0442\u0430\u0442\u0430 \u0446\u0438\u0444\u0440\u043e\u0432\u043e\u0439 \u0440\u0435\u0433\u0443\u043b\u0438\u0440\u043e\u0432\u043a\u0438 \u0442\u0435\u043c\u043f\u0435\u0440\u0430\u0442\u0443\u0440\u044b, \u0440\u0430\u0441\u043f\u043e\u043b\u043e\u0436\u0435\u043d\u043d\u043e\u0433\u043e \u043d\u0430 \u043f\u043b\u0430\u0441\u0442\u0438\u043d\u0435 \u043d\u0430\u0433\u0440\u0435\u0432\u0430\u0442\u0435\u043b\u044f.<\/p>\n<\/div><\/div><\/div><\/div><\/div><\/div><div class=\"g-cols wpb_row via_flex valign_top type_default stacking_default\"><div class=\"vc_col-sm-6 wpb_column vc_column_container\"><div class=\"vc_column-inner us_custom_c0ff2da2\"><div class=\"wpb_wrapper\"><div class=\"wpb_text_column us_custom_37f62cf4\"><div class=\"wpb_wrapper\"><h4>\u0413\u0438\u0434\u0440\u0430\u0432\u043b\u0438\u0447\u0435\u0441\u043a\u0438\u0439 \u0438 \u044d\u043b\u0435\u043a\u0442\u0440\u0438\u0447\u0435\u0441\u043a\u0438\u0439 \u0431\u043b\u043e\u043a \u0443\u043f\u0440\u0430\u0432\u043b\u0435\u043d\u0438\u044f \u0434\u043b\u044f \u0441\u0442\u044b\u043a\u043e\u0432\u043e\u0439 \u0441\u0432\u0430\u0440\u043e\u0447\u043d\u043e\u0439 \u043c\u0430\u0448\u0438\u043d\u044b W500<\/h4>\n<ul>\n<li>\u042d\u043b\u0435\u043a\u0442\u0440\u043e\u0433\u0438\u0434\u0440\u0430\u0432\u043b\u0438\u0447\u0435\u0441\u043a\u0438\u0439 \u0431\u043b\u043e\u043a \u0443\u043f\u0440\u0430\u0432\u043b\u0435\u043d\u0438\u044f; \u044d\u043b\u0435\u043a\u0442\u0440\u0438\u0447\u0435\u0441\u0442\u0432\u043e, \u043d\u0435\u043e\u0431\u0445\u043e\u0434\u0438\u043c\u043e\u0435 \u0434\u043b\u044f \u0440\u0430\u0431\u043e\u0442\u044b \u043c\u0430\u0448\u0438\u043d\u044b, \u043d\u0430\u0433\u0440\u0435\u0432\u0430\u0442\u0435\u043b\u044f \u0438 \u0431\u0440\u0438\u0442\u0432\u044b, \u0430 \u0442\u0430\u043a\u0436\u0435 \u0433\u0438\u0434\u0440\u0430\u0432\u043b\u0438\u0447\u0435\u0441\u043a\u043e\u0435 \u0434\u0430\u0432\u043b\u0435\u043d\u0438\u0435 \u043d\u0430 \u0433\u043b\u0430\u0432\u043d\u0443\u044e \u043c\u0430\u0448\u0438\u043d\u0443; \u0411\u043b\u043e\u043a \u0443\u043f\u0440\u0430\u0432\u043b\u0435\u043d\u0438\u044f \u0443\u043f\u0440\u0430\u0432\u043b\u044f\u0435\u0442\u0441\u044f \u0440\u0443\u0447\u043d\u044b\u043c \u0443\u043f\u0440\u0430\u0432\u043b\u0435\u043d\u0438\u0435\u043c.<\/li>\n<li>\u041d\u0430 \u0440\u0443\u0447\u043d\u043e\u043c \u0443\u043f\u0440\u0430\u0432\u043b\u0435\u043d\u0438\u0438 \u0447\u0435\u0442\u044b\u0440\u0435 \u043a\u043d\u043e\u043f\u043a\u0438 \u0438 \u043f\u0435\u0440\u0435\u043a\u043b\u044e\u0447\u0430\u0442\u0435\u043b\u044c. \u041a\u043d\u043e\u043f\u043a\u0438 \u043f\u0435\u0440\u0435\u043c\u0435\u0449\u0430\u044e\u0442 \u043f\u043e\u0434\u0432\u0438\u0436\u043d\u044b\u0435 \u0437\u0430\u0436\u0438\u043c\u044b \u0432\u043f\u0435\u0440\u0435\u0434 \u0438 \u043d\u0430\u0437\u0430\u0434, \u043f\u0435\u0440\u0435\u043a\u043b\u044e\u0447\u0430\u0442\u0435\u043b\u044c \u0430\u043a\u0442\u0438\u0432\u0438\u0440\u0443\u0435\u0442 \u0431\u0440\u0438\u0442\u0432\u0443.<\/li>\n<\/ul>\n<\/div><\/div><\/div><\/div><\/div><div class=\"vc_col-sm-6 wpb_column vc_column_container has_bg_color\"><div class=\"vc_column-inner us_custom_86a094e8\"><div class=\"wpb_wrapper\"><div class=\"w-separator size_medium\"><\/div><\/div><\/div><\/div><\/div><div class=\"g-cols wpb_row via_flex valign_top type_default stacking_default\"><div class=\"vc_col-sm-6 wpb_column vc_column_container has_bg_color\"><div class=\"vc_column-inner us_custom_e1c293ba\"><div class=\"wpb_wrapper\"><div class=\"w-separator size_medium\"><\/div><\/div><\/div><\/div><div class=\"vc_col-sm-6 wpb_column vc_column_container\"><div class=\"vc_column-inner us_custom_0cb96119\"><div class=\"wpb_wrapper\"><div class=\"wpb_text_column\"><div class=\"wpb_wrapper\"><h4>\u041a\u043e\u0440\u043f\u0443\u0441 \u0434\u043b\u044f \u0441\u0442\u044b\u043a\u043e\u0432\u043e\u0439 \u0441\u0432\u0430\u0440\u043e\u0447\u043d\u043e\u0439 \u043c\u0430\u0448\u0438\u043d\u044b \u0441 \u0427\u041f\u0423 W500<\/h4>\n<ul>\n<li>\u041a\u043e\u0440\u043f\u0443\u0441 \u0438 \u043e\u043f\u043e\u0440\u043d\u0430\u044f \u043a\u043e\u0440\u043e\u0431\u043a\u0430 \u043f\u0440\u0435\u0434\u043e\u0442\u0432\u0440\u0430\u0449\u0430\u044e\u0442 \u043f\u043e\u0442\u0435\u0440\u044e \u0442\u0435\u043f\u043b\u0430 \u043e\u0442 \u043d\u0430\u0433\u0440\u0435\u0432\u0430\u0442\u0435\u043b\u044f.<\/li>\n<li>\u0422\u0440\u0438\u043c\u043c\u0435\u0440 \u043f\u043e\u0434\u0434\u0435\u0440\u0436\u0438\u0432\u0430\u0435\u0442 \u043d\u0430\u0433\u0440\u0435\u0432\u0430\u0442\u0435\u043b\u044c \u0438 \u0437\u0430\u0449\u0438\u0449\u0430\u0435\u0442 \u043e\u0442 \u0432\u043d\u0435\u0448\u043d\u0438\u0445 \u0432\u043e\u0437\u0434\u0435\u0439\u0441\u0442\u0432\u0438\u0439 (\u0443\u0434\u0430\u0440\u044b, \u0432\u043e\u0434\u0430 \u0438 \u0442. \u0434.).<\/li>\n<\/ul>\n<\/div><\/div><\/div><\/div><\/div><\/div><\/div><\/div><\/div><div class=\"w-tabs-section\" id=\"c740\"><button class=\"w-tabs-section-header with_icon\" aria-controls=\"content-c740\" aria-expanded=\"false\"><i class=\"fad fa-list\"><\/i><div class=\"w-tabs-section-title\">\u0422\u0435\u0445\u043d\u0438\u0447\u0435\u0441\u043a\u0438\u0435 \u0445\u0430\u0440\u0430\u043a\u0442\u0435\u0440\u0438\u0441\u0442\u0438\u043a\u0438<\/div><div class=\"w-tabs-section-control\"><\/div><\/button><div  class=\"w-tabs-section-content\" id=\"content-c740\"><div class=\"w-tabs-section-content-h i-cf\"><div class=\"wpb_text_column\"><div class=\"wpb_wrapper\"><div id=\"g1-table-1\" class=\"g1-table g1-table--solid \">\n<table>\n<thead>\n<tr>\n<th>Teknik \u00d6zellikler \/ Technical Specifications<\/th>\n<\/tr>\n<\/thead>\n<tbody>\n<tr>\n<td>Kaynak \u00c7ap\u0131 \/ Welding Range<\/td>\n<td><strong>\u00d8 180 mm \u2013 \u00d8 500 mm<\/strong><br \/>\n(\u00d8180 mm, \u00d8200 mm, \u00d8225 mm, \u00d8250 mm, \u00d8280 mm,\u00a0\u00d8315 mm, \u00d8355 mm, \u00d8400 mm, \u00d8450 mm, \u00d8500 mm)<\/td>\n<\/tr>\n<tr>\n<td>Malzeme Cinsi \/ Pipe Types to Weld<\/td>\n<td>PE \u2013 PP \u2013 PVDF<\/td>\n<\/tr>\n<tr>\n<td>Boru Max. Bas\u0131n\u00e7 \/ Pipe Max. Pressure<\/td>\n<td>PN32<\/td>\n<\/tr>\n<tr>\n<td>Is\u0131t\u0131c\u0131 Elektrik G\u00fcc\u00fc \/ Heater Electric Power<\/td>\n<td>380 V \u2013 5,5 kW<\/td>\n<\/tr>\n<tr>\n<td>Tra\u015flay\u0131c\u0131 Elektrik G\u00fcc\u00fc \/ Trimmer Electric Power<\/td>\n<td>380 V \u2013 1,1 kW<\/td>\n<\/tr>\n<tr>\n<td>Hidrolik G\u00fcc\u00fc \/ Power of Hydraulic Unit<\/td>\n<td>380 V \u2013 1,1 kW<\/td>\n<\/tr>\n<tr>\n<td>Elektrik Sistemi \/ Electric System<\/td>\n<td>Trifaze \/ Triple Phase<\/td>\n<\/tr>\n<tr>\n<td>Toplam Elektrik Sarfiyat\u0131 \/ Total Electricity Consumption<\/td>\n<td>7,15 kW<\/td>\n<\/tr>\n<tr>\n<td>\u00c7al\u0131\u015fma Bas\u0131nc\u0131 \/ Operating Pressure<\/td>\n<td>150 Bar<\/td>\n<\/tr>\n<tr>\n<td>Gerekli Olan Jenerat\u00f6r G\u00fcc\u00fc \/ Required Generator Power<\/td>\n<td>12 kVA<\/td>\n<\/tr>\n<tr>\n<td>\u00c7al\u0131\u015fma S\u0131cakl\u0131\u011f\u0131 \/ Working Temperature<\/td>\n<td>(-10 C\u00b0 ~ + 40 C\u00b0)<\/td>\n<\/tr>\n<tr>\n<td>Hidrolik Ya\u011f\u0131 \/ Hydraulic Oil<\/td>\n<td>Hydraulic 46 \/ 4 lt<\/td>\n<\/tr>\n<\/tbody>\n<\/table>\n<\/div>\n<div id=\"g1-table-2\" class=\"g1-table g1-table--solid \">\n<table>\n<thead>\n<tr>\n<th>\u0130\u00e7indekiler \/ Content<\/th>\n<\/tr>\n<\/thead>\n<tbody>\n<tr>\n<td>Kullanma Klavuzu \/ User Manual<\/td>\n<td>1 ad\/ pcs<\/td>\n<\/tr>\n<tr>\n<td>Ana G\u00f6vde \/ Main Body<\/td>\n<td>1 ad\/ pcs<\/td>\n<\/tr>\n<tr>\n<td>Tra\u015flya\u0131c\u0131 \/ Trimmer<\/td>\n<td>1 ad\/ pcs<\/td>\n<\/tr>\n<tr>\n<td>Is\u0131t\u0131c\u0131 \/ Heater<\/td>\n<td>1 ad\/ pcs<\/td>\n<\/tr>\n<tr>\n<td>Muhafaza ve Destek Kutusu \/ Protective Casing<\/td>\n<td>1 ad\/ pcs<\/td>\n<\/tr>\n<tr>\n<td>Pafta \/ Stuffer<\/td>\n<td>36 ad\/ pcs<\/td>\n<\/tr>\n<tr>\n<td>Tak\u0131m \u00c7antas\u0131 \/ Tool Bag<\/td>\n<td>1 ad \/ pcs<\/td>\n<\/tr>\n<\/tbody>\n<\/table>\n<\/div>\n<div id=\"g1-table-3\" class=\"g1-table g1-table--solid \">\n<table>\n<thead>\n<tr>\n<th>Paketeleme Detaylar\u0131 \/ Packaging Details<\/th>\n<\/tr>\n<\/thead>\n<tbody>\n<tr>\n<td>Ambalaj\u0131n Cinsi \/ Type of Package<\/td>\n<td>Tahta Sand\u0131k \/ Wooden Case<\/td>\n<\/tr>\n<tr>\n<td>Kap Adedi \/ Number of Packages<\/td>\n<td>1 paket \/ pack<\/td>\n<\/tr>\n<tr>\n<td>Ebatlar \/ Dimensions<\/td>\n<td>143 x 137 x 127 cm<\/td>\n<\/tr>\n<tr>\n<td>Toplam Hacim \/ Total Volume<\/td>\n<td>2,44 m3<\/td>\n<\/tr>\n<tr>\n<td>Toplam Net A\u011f\u0131rl\u0131k \/ Total Net Weight<\/td>\n<td>391 kg<\/td>\n<\/tr>\n<tr>\n<td>Toplam Br\u00fct A\u011f\u0131rl\u0131k \/ Total Gross Weight<\/td>\n<td>467 kg<\/td>\n<\/tr>\n<\/tbody>\n<\/table>\n<\/div>\n<\/div><\/div><\/div><\/div><\/div><div class=\"w-tabs-section\" id=\"g8ca\"><button class=\"w-tabs-section-header with_icon\" aria-controls=\"content-g8ca\" aria-expanded=\"false\"><i class=\"fad fa-file-pdf\"><\/i><div class=\"w-tabs-section-title\">\u0413\u0438\u0434 \u043f\u043e\u043b\u044c\u0437\u043e\u0432\u0430\u0442\u0435\u043b\u044f<\/div><div class=\"w-tabs-section-control\"><\/div><\/button><div  class=\"w-tabs-section-content\" id=\"content-g8ca\"><div class=\"w-tabs-section-content-h i-cf\"><div class=\"w-separator size_medium\"><\/div><\/div><\/div><\/div><\/div><\/div><\/div><\/div><\/div><\/div><\/div><\/section>\n","protected":false},"excerpt":{"rendered":"<ul>\n<li>\u041f\u0440\u0438\u043c\u0435\u043d\u044f\u0435\u0442\u0441\u044f \u0434\u043b\u044f \u0441\u0432\u0430\u0440\u043a\u0438 \u0442\u0440\u0443\u0431 \u0438 \u0444\u0430\u0441\u043e\u043d\u043d\u044b\u0445 \u0447\u0430\u0441\u0442\u0435\u0439 \u0438\u0437 \u041f\u042d &#8212; \u041f\u041f &#8212; \u041f\u0412\u0414\u0424 \u0434\u0438\u0430\u043c\u0435\u0442\u0440\u043e\u043c 180 &#8212; 200 &#8212; 225 &#8212; 250 &#8212; 280 &#8212; 315 &#8212; 355 &#8212; 400 &#8212; 450 &#8212; 500 \u043c\u043c \u0434\u043e 32 \u0431\u0430\u0440.<\/li>\n<li>\u041e\u043d \u043e\u0431\u0435\u0441\u043f\u0435\u0447\u0438\u0432\u0430\u0435\u0442 \u043a\u0440\u0430\u0442\u0447\u0430\u0439\u0448\u0443\u044e \u043d\u0430\u0441\u0442\u0440\u043e\u0439\u043a\u0443, \u043c\u043e\u0449\u043d\u0443\u044e, \u043f\u0440\u043e\u0441\u0442\u0443\u044e \u0438 \u0431\u044b\u0441\u0442\u0440\u0443\u044e \u0441\u0432\u0430\u0440\u043a\u0443 \u0432 \u0441\u043e\u043e\u0442\u0432\u0435\u0442\u0441\u0442\u0432\u0438\u0438 \u0441 \u043c\u0435\u0436\u0434\u0443\u043d\u0430\u0440\u043e\u0434\u043d\u044b\u043c\u0438 \u0441\u0442\u0430\u043d\u0434\u0430\u0440\u0442\u0430\u043c\u0438 ISO 12176-1.<\/li>\n<li>\u041e\u043d \u043f\u0440\u043e\u0441\u0442 \u0432 \u0438\u0441\u043f\u043e\u043b\u044c\u0437\u043e\u0432\u0430\u043d\u0438\u0438 \u0431\u043b\u0430\u0433\u043e\u0434\u0430\u0440\u044f \u0441\u0432\u043e\u0435\u0439 \u043b\u0435\u0433\u043a\u043e\u0439 \u043a\u043e\u043d\u0441\u0442\u0440\u0443\u043a\u0446\u0438\u0438.<\/li>\n<li>\u041c\u0430\u043a\u0441\u0438\u043c\u0430\u043b\u044c\u043d\u043e\u0435 \u0440\u0430\u0431\u043e\u0447\u0435\u0435 \u0434\u0430\u0432\u043b\u0435\u043d\u0438\u0435 \u0441\u043e\u0441\u0442\u0430\u0432\u043b\u044f\u0435\u0442 150 \u0431\u0430\u0440.<\/li>\n<li>\u041e\u043d \u043f\u043e\u0434\u0445\u043e\u0434\u0438\u0442 \u0434\u043b\u044f \u0440\u0430\u0431\u043e\u0442\u044b \u043f\u0440\u0438 \u0442\u0435\u043c\u043f\u0435\u0440\u0430\u0442\u0443\u0440\u0435 \u043e\u043a\u0440\u0443\u0436\u0430\u044e\u0449\u0435\u0439 \u0441\u0440\u0435\u0434\u044b \u043e\u0442 -10 \u00b0 C \u0434\u043e + 40 \u00b0 C.<\/li>\n<\/ul>\n","protected":false},"featured_media":10612,"comment_status":"open","ping_status":"closed","template":"","meta":[],"product_cat":[251],"product_tag":[],"_links":{"self":[{"href":"https:\/\/www.elborweltech.com\/ru\/wp-json\/wp\/v2\/product\/12824"}],"collection":[{"href":"https:\/\/www.elborweltech.com\/ru\/wp-json\/wp\/v2\/product"}],"about":[{"href":"https:\/\/www.elborweltech.com\/ru\/wp-json\/wp\/v2\/types\/product"}],"replies":[{"embeddable":true,"href":"https:\/\/www.elborweltech.com\/ru\/wp-json\/wp\/v2\/comments?post=12824"}],"wp:featuredmedia":[{"embeddable":true,"href":"https:\/\/www.elborweltech.com\/ru\/wp-json\/wp\/v2\/media\/10612"}],"wp:attachment":[{"href":"https:\/\/www.elborweltech.com\/ru\/wp-json\/wp\/v2\/media?parent=12824"}],"wp:term":[{"taxonomy":"product_cat","embeddable":true,"href":"https:\/\/www.elborweltech.com\/ru\/wp-json\/wp\/v2\/product_cat?post=12824"},{"taxonomy":"product_tag","embeddable":true,"href":"https:\/\/www.elborweltech.com\/ru\/wp-json\/wp\/v2\/product_tag?post=12824"}],"curies":[{"name":"wp","href":"https:\/\/api.w.org\/{rel}","templated":true}]}}