{"id":12836,"date":"2020-06-22T13:40:47","date_gmt":"2020-06-22T10:40:47","guid":{"rendered":"https:\/\/www.elborweltech.com\/product\/%d0%b2%d1%82%d1%83%d0%bb%d0%ba%d0%b0-%d0%bf%d0%be%d0%b4-%d1%84%d0%bb%d0%b0%d0%bd%d0%b5%d1%86-hdpe100\/"},"modified":"2022-11-09T13:51:35","modified_gmt":"2022-11-09T10:51:35","slug":"%d0%b2%d1%82%d1%83%d0%bb%d0%ba%d0%b0-%d0%bf%d0%be%d0%b4-%d1%84%d0%bb%d0%b0%d0%bd%d0%b5%d1%86-hdpe100","status":"publish","type":"product","link":"https:\/\/www.elborweltech.com\/ru\/product\/%d0%b2%d1%82%d1%83%d0%bb%d0%ba%d0%b0-%d0%bf%d0%be%d0%b4-%d1%84%d0%bb%d0%b0%d0%bd%d0%b5%d1%86-hdpe100\/","title":{"rendered":"\u0412\u0422\u0423\u041b\u041a\u0410 \u041f\u041e\u0414 \u0424\u041b\u0410\u041d\u0415\u0426 HDPE100+"},"content":{"rendered":"<table width=\"702\">\n<tbody>\n<tr>\n<td width=\"60\">d-d1<\/td>\n<td width=\"101\">Article No<\/td>\n<td width=\"60\">bar<\/td>\n<td width=\"60\">Z<\/td>\n<td width=\"60\">L1<\/td>\n<td width=\"60\">L<\/td>\n<td width=\"60\">d1<\/td>\n<td width=\"60\">d2<\/td>\n<td width=\"60\">e<\/td>\n<td width=\"61\">Weight (kg)<\/td>\n<td width=\"60\">Pack (pcs)<\/td>\n<\/tr>\n<tr>\n<td>\u00d820<\/td>\n<td>FA001600002011<\/td>\n<td>PN16<\/td>\n<td>67<\/td>\n<td>11<\/td>\n<td>50<\/td>\n<td>27<\/td>\n<td>44<\/td>\n<td>2,6<\/td>\n<td>0,03<\/td>\n<td>400<\/td>\n<\/tr>\n<tr>\n<td>\u00d825<\/td>\n<td>FA001600002511<\/td>\n<td>PN16<\/td>\n<td>64<\/td>\n<td>10<\/td>\n<td>45<\/td>\n<td>33<\/td>\n<td>57<\/td>\n<td>2,3<\/td>\n<td>0,04<\/td>\n<td>300<\/td>\n<\/tr>\n<tr>\n<td>\u00d832<\/td>\n<td>FA001600003211<\/td>\n<td>PN16<\/td>\n<td>88<\/td>\n<td>10<\/td>\n<td>55<\/td>\n<td>43<\/td>\n<td>67<\/td>\n<td>3,0<\/td>\n<td>0,06<\/td>\n<td>100<\/td>\n<\/tr>\n<tr>\n<td>\u00d840<\/td>\n<td>FA001600004011<\/td>\n<td>PN16<\/td>\n<td>87<\/td>\n<td>13<\/td>\n<td>57<\/td>\n<td>50<\/td>\n<td>76<\/td>\n<td>3,7<\/td>\n<td>0,08<\/td>\n<td>75<\/td>\n<\/tr>\n<tr>\n<td>\u00d850<\/td>\n<td>FA001600005011<\/td>\n<td>PN16<\/td>\n<td>91<\/td>\n<td>13<\/td>\n<td>50<\/td>\n<td>61<\/td>\n<td>87<\/td>\n<td>4,6<\/td>\n<td>0,12<\/td>\n<td>48<\/td>\n<\/tr>\n<tr>\n<td>\u00d863<\/td>\n<td>FA001600006311<\/td>\n<td>PN16<\/td>\n<td>101<\/td>\n<td>17<\/td>\n<td>62<\/td>\n<td>71<\/td>\n<td>98<\/td>\n<td>6,4<\/td>\n<td>0,20<\/td>\n<td>70<\/td>\n<\/tr>\n<tr>\n<td>\u00d875<\/td>\n<td>FA001600007511<\/td>\n<td>PN16<\/td>\n<td>120<\/td>\n<td>16<\/td>\n<td>80<\/td>\n<td>84<\/td>\n<td>110<\/td>\n<td>8,2<\/td>\n<td>0,28<\/td>\n<td>18<\/td>\n<\/tr>\n<tr>\n<td>\u00d890<\/td>\n<td>FA001000009044<\/td>\n<td>PN10<\/td>\n<td>133<\/td>\n<td>18<\/td>\n<td>105<\/td>\n<td>102<\/td>\n<td>132<\/td>\n<td>6,2<\/td>\n<td>0,33<\/td>\n<td>25<\/td>\n<\/tr>\n<tr>\n<td>\u00d890<\/td>\n<td>FA001600009011<\/td>\n<td>PN16<\/td>\n<td>133<\/td>\n<td>17<\/td>\n<td>105<\/td>\n<td>102<\/td>\n<td>132<\/td>\n<td>8,2<\/td>\n<td>0,40<\/td>\n<td>25<\/td>\n<\/tr>\n<tr>\n<td>\u00d8110<\/td>\n<td>FA001000011044<\/td>\n<td>PN10<\/td>\n<td>149<\/td>\n<td>18<\/td>\n<td>120<\/td>\n<td>120<\/td>\n<td>157<\/td>\n<td>7,2<\/td>\n<td>0,53<\/td>\n<td>20<\/td>\n<\/tr>\n<tr>\n<td>\u00d8110<\/td>\n<td>FA001600011044<\/td>\n<td>PN16<\/td>\n<td>149<\/td>\n<td>18<\/td>\n<td>115<\/td>\n<td>120<\/td>\n<td>157<\/td>\n<td>10,2<\/td>\n<td>0,65<\/td>\n<td>20<\/td>\n<\/tr>\n<tr>\n<td>\u00d8125<\/td>\n<td>FA001000012544<\/td>\n<td>PN10<\/td>\n<td>171<\/td>\n<td>23<\/td>\n<td>134<\/td>\n<td>130<\/td>\n<td>158<\/td>\n<td>8,2<\/td>\n<td>0,65<\/td>\n<td>14<\/td>\n<\/tr>\n<tr>\n<td>\u00d8125<\/td>\n<td>FA001600012544<\/td>\n<td>PN16<\/td>\n<td>171<\/td>\n<td>23<\/td>\n<td>131<\/td>\n<td>130<\/td>\n<td>158<\/td>\n<td>12,0<\/td>\n<td>0,86<\/td>\n<td>14<\/td>\n<\/tr>\n<tr>\n<td>\u00d8140<\/td>\n<td>FA001000014044<\/td>\n<td>PN10<\/td>\n<td>188<\/td>\n<td>22<\/td>\n<td>151<\/td>\n<td>150<\/td>\n<td>185<\/td>\n<td>9,3<\/td>\n<td>0,95<\/td>\n<td>12<\/td>\n<\/tr>\n<tr>\n<td>\u00d8140<\/td>\n<td>FA001600014044<\/td>\n<td>PN16<\/td>\n<td>188<\/td>\n<td>22<\/td>\n<td>151<\/td>\n<td>150<\/td>\n<td>185<\/td>\n<td>13,2<\/td>\n<td>1,21<\/td>\n<td>12<\/td>\n<\/tr>\n<tr>\n<td>\u00d8160<\/td>\n<td>FA001000016044<\/td>\n<td>PN10<\/td>\n<td>176<\/td>\n<td>23<\/td>\n<td>138<\/td>\n<td>170<\/td>\n<td>213<\/td>\n<td>11,5<\/td>\n<td>1,26<\/td>\n<td>6<\/td>\n<\/tr>\n<tr>\n<td>\u00d8160<\/td>\n<td>FA001600016044<\/td>\n<td>PN16<\/td>\n<td>176<\/td>\n<td>23<\/td>\n<td>138<\/td>\n<td>170<\/td>\n<td>213<\/td>\n<td>15,5<\/td>\n<td>1,55<\/td>\n<td>6<\/td>\n<\/tr>\n<tr>\n<td>\u00d8180<\/td>\n<td>FA001000018044<\/td>\n<td>PN10<\/td>\n<td>193<\/td>\n<td>25<\/td>\n<td>137<\/td>\n<td>185<\/td>\n<td>222<\/td>\n<td>11,8<\/td>\n<td>1,60<\/td>\n<td>4<\/td>\n<\/tr>\n<tr>\n<td>\u00d8180<\/td>\n<td>FA001600018044<\/td>\n<td>PN16<\/td>\n<td>193<\/td>\n<td>25<\/td>\n<td>137<\/td>\n<td>185<\/td>\n<td>222<\/td>\n<td>17,0<\/td>\n<td>2,00<\/td>\n<td>4<\/td>\n<\/tr>\n<tr>\n<td>\u00d8200<\/td>\n<td>FA001000020044<\/td>\n<td>PN10<\/td>\n<td>197<\/td>\n<td>30<\/td>\n<td>135<\/td>\n<td>220<\/td>\n<td>270<\/td>\n<td>13,0<\/td>\n<td>2,40<\/td>\n<td>2<\/td>\n<\/tr>\n<tr>\n<td>\u00d8200<\/td>\n<td>FA001600020044<\/td>\n<td>PN16<\/td>\n<td>197<\/td>\n<td>30<\/td>\n<td>135<\/td>\n<td>220<\/td>\n<td>270<\/td>\n<td>18,9<\/td>\n<td>2,90<\/td>\n<td>2<\/td>\n<\/tr>\n<tr>\n<td>\u00d8225<\/td>\n<td>FA001000022544<\/td>\n<td>PN10<\/td>\n<td>196<\/td>\n<td>30<\/td>\n<td>145<\/td>\n<td>230<\/td>\n<td>270<\/td>\n<td>13,8<\/td>\n<td>2,40<\/td>\n<td>1<\/td>\n<\/tr>\n<tr>\n<td>\u00d8225<\/td>\n<td>FA001600022544<\/td>\n<td>PN16<\/td>\n<td>196<\/td>\n<td>30<\/td>\n<td>145<\/td>\n<td>230<\/td>\n<td>270<\/td>\n<td>21,6<\/td>\n<td>3,30<\/td>\n<td>1<\/td>\n<\/tr>\n<tr>\n<td>\u00d8250<\/td>\n<td>FA001000025044<\/td>\n<td>PN10<\/td>\n<td>221<\/td>\n<td>36<\/td>\n<td>132<\/td>\n<td>265<\/td>\n<td>319<\/td>\n<td>17,0<\/td>\n<td>4,00<\/td>\n<td>1<\/td>\n<\/tr>\n<tr>\n<td>\u00d8250<\/td>\n<td>FA001600025044<\/td>\n<td>PN16<\/td>\n<td>221<\/td>\n<td>36<\/td>\n<td>132<\/td>\n<td>265<\/td>\n<td>319<\/td>\n<td>23,5<\/td>\n<td>4,90<\/td>\n<td>1<\/td>\n<\/tr>\n<tr>\n<td>\u00d8280<\/td>\n<td>FA001000028044<\/td>\n<td>PN10<\/td>\n<td>240<\/td>\n<td>39<\/td>\n<td>155<\/td>\n<td>290<\/td>\n<td>335<\/td>\n<td>18,5<\/td>\n<td>4,36<\/td>\n<td>1<\/td>\n<\/tr>\n<tr>\n<td>\u00d8280<\/td>\n<td>FA001600028044<\/td>\n<td>PN16<\/td>\n<td>240<\/td>\n<td>39<\/td>\n<td>155<\/td>\n<td>290<\/td>\n<td>335<\/td>\n<td>28,0<\/td>\n<td>6,20<\/td>\n<td>1<\/td>\n<\/tr>\n<tr>\n<td>\u00d8315<\/td>\n<td>FA001000031544<\/td>\n<td>PN10<\/td>\n<td>249<\/td>\n<td>40<\/td>\n<td>167<\/td>\n<td>339<\/td>\n<td>376<\/td>\n<td>21,0<\/td>\n<td>6,15<\/td>\n<td>1<\/td>\n<\/tr>\n<tr>\n<td>\u00d8315<\/td>\n<td>FA001600031544<\/td>\n<td>PN16<\/td>\n<td>249<\/td>\n<td>37<\/td>\n<td>169<\/td>\n<td>335<\/td>\n<td>375<\/td>\n<td>31,0<\/td>\n<td>7,75<\/td>\n<td>1<\/td>\n<\/tr>\n<tr>\n<td>\u00d8355<\/td>\n<td>FA001000035544<\/td>\n<td>PN10<\/td>\n<td>260<\/td>\n<td>36<\/td>\n<td>180<\/td>\n<td>377<\/td>\n<td>423<\/td>\n<td>22,0<\/td>\n<td>7,50<\/td>\n<td>1<\/td>\n<\/tr>\n<tr>\n<td>\u00d8355<\/td>\n<td>FA001600035544<\/td>\n<td>PN16<\/td>\n<td>260<\/td>\n<td>36<\/td>\n<td>170<\/td>\n<td>317<\/td>\n<td>377<\/td>\n<td>30,0<\/td>\n<td>10,50<\/td>\n<td>1<\/td>\n<\/tr>\n<tr>\n<td>\u00d8400<\/td>\n<td>FA001000040044<\/td>\n<td>PN10<\/td>\n<td>242<\/td>\n<td>49<\/td>\n<td>155<\/td>\n<td>418<\/td>\n<td>482<\/td>\n<td>25,0<\/td>\n<td>9,80<\/td>\n<td>1<\/td>\n<\/tr>\n<tr>\n<td>\u00d8400<\/td>\n<td>FA001600040044<\/td>\n<td>PN16<\/td>\n<td>237<\/td>\n<td>49<\/td>\n<td>154<\/td>\n<td>417<\/td>\n<td>485<\/td>\n<td>41,0<\/td>\n<td>13,20<\/td>\n<td>1<\/td>\n<\/tr>\n<tr>\n<td>\u00d8450<\/td>\n<td>FA001000045044<\/td>\n<td>PN10<\/td>\n<td>275<\/td>\n<td>51<\/td>\n<td>190<\/td>\n<td>455<\/td>\n<td>531<\/td>\n<td>31,0<\/td>\n<td>13,40<\/td>\n<td>1<\/td>\n<\/tr>\n<tr>\n<td>\u00d8450<\/td>\n<td>FA001600045044<\/td>\n<td>PN16<\/td>\n<td>277<\/td>\n<td>48<\/td>\n<td>185<\/td>\n<td>456<\/td>\n<td>530<\/td>\n<td>44,0<\/td>\n<td>17,40<\/td>\n<td>1<\/td>\n<\/tr>\n<tr>\n<td>\u00d8500<\/td>\n<td>FA001000050044<\/td>\n<td>PN10<\/td>\n<td>273<\/td>\n<td>58<\/td>\n<td>185<\/td>\n<td>520<\/td>\n<td>580<\/td>\n<td>32,0<\/td>\n<td>16,50<\/td>\n<td>1<\/td>\n<\/tr>\n<tr>\n<td>\u00d8500<\/td>\n<td>FA001600050044<\/td>\n<td>PN16<\/td>\n<td>278<\/td>\n<td>56<\/td>\n<td>190<\/td>\n<td>526<\/td>\n<td>584<\/td>\n<td>49,0<\/td>\n<td>22,40<\/td>\n<td>1<\/td>\n<\/tr>\n<tr>\n<td>\u00d8560<\/td>\n<td>FA001000056044<\/td>\n<td>PN10<\/td>\n<td>274<\/td>\n<td>52<\/td>\n<td>191<\/td>\n<td>594<\/td>\n<td>682<\/td>\n<td>36,0<\/td>\n<td>24,00<\/td>\n<td>1<\/td>\n<\/tr>\n<tr>\n<td>\u00d8560<\/td>\n<td>FA001600056044<\/td>\n<td>PN16<\/td>\n<td>274<\/td>\n<td>52<\/td>\n<td>175<\/td>\n<td>615<\/td>\n<td>682<\/td>\n<td>50,8<\/td>\n<td>30,45<\/td>\n<td>1<\/td>\n<\/tr>\n<tr>\n<td>\u00d8630<\/td>\n<td>FA001000063044<\/td>\n<td>PN10<\/td>\n<td>275<\/td>\n<td>55<\/td>\n<td>200<\/td>\n<td>640<\/td>\n<td>682<\/td>\n<td>37,4<\/td>\n<td>29,10<\/td>\n<td>1<\/td>\n<\/tr>\n<tr>\n<td>\u00d8630<\/td>\n<td>FA001600063044<\/td>\n<td>PN16<\/td>\n<td>275<\/td>\n<td>55<\/td>\n<td>200<\/td>\n<td>640<\/td>\n<td>682<\/td>\n<td>57,2<\/td>\n<td>39,15<\/td>\n<td>1<\/td>\n<\/tr>\n<\/tbody>\n<\/table>\n","protected":false},"excerpt":{"rendered":"<p>FLAN\u015e ADAPT\u00d6R\u00dc HDPE100+<br \/>\nHDPE100+ SDR 11 (PN16) &amp; SDR 17 (PN10)<br \/>\nFLANGE ADAPTOR HDPE100+<br \/>\n\u0412\u0422\u0423\u041b\u041a\u0410 \u041f\u041e\u0414 \u0424\u041b\u0410\u041d\u0415\u0426 HDPE100+<br \/>\nStandart: TS EN 1555-3:2010 + A 1 \u2022 TS EN 12201-3 + A 1<\/p>\n","protected":false},"featured_media":8643,"comment_status":"open","ping_status":"closed","template":"","meta":[],"product_cat":[270],"product_tag":[],"_links":{"self":[{"href":"https:\/\/www.elborweltech.com\/ru\/wp-json\/wp\/v2\/product\/12836"}],"collection":[{"href":"https:\/\/www.elborweltech.com\/ru\/wp-json\/wp\/v2\/product"}],"about":[{"href":"https:\/\/www.elborweltech.com\/ru\/wp-json\/wp\/v2\/types\/product"}],"replies":[{"embeddable":true,"href":"https:\/\/www.elborweltech.com\/ru\/wp-json\/wp\/v2\/comments?post=12836"}],"wp:featuredmedia":[{"embeddable":true,"href":"https:\/\/www.elborweltech.com\/ru\/wp-json\/wp\/v2\/media\/8643"}],"wp:attachment":[{"href":"https:\/\/www.elborweltech.com\/ru\/wp-json\/wp\/v2\/media?parent=12836"}],"wp:term":[{"taxonomy":"product_cat","embeddable":true,"href":"https:\/\/www.elborweltech.com\/ru\/wp-json\/wp\/v2\/product_cat?post=12836"},{"taxonomy":"product_tag","embeddable":true,"href":"https:\/\/www.elborweltech.com\/ru\/wp-json\/wp\/v2\/product_tag?post=12836"}],"curies":[{"name":"wp","href":"https:\/\/api.w.org\/{rel}","templated":true}]}}