{"id":12852,"date":"2020-06-21T14:40:21","date_gmt":"2020-06-21T11:40:21","guid":{"rendered":"https:\/\/www.elborweltech.com\/product\/%d0%bf%d0%b5%d1%80%d0%b5%d1%85%d0%be%d0%b4%d0%bd%d0%b8%d0%ba-%d0%b4%d0%bb%d1%8f-%d0%b1%d0%b5%d1%82%d0%be%d0%bd%d0%b0\/"},"modified":"2022-11-09T13:51:11","modified_gmt":"2022-11-09T10:51:11","slug":"%d0%bf%d0%b5%d1%80%d0%b5%d1%85%d0%be%d0%b4%d0%bd%d0%b8%d0%ba-%d0%b4%d0%bb%d1%8f-%d0%b1%d0%b5%d1%82%d0%be%d0%bd%d0%b0","status":"publish","type":"product","link":"https:\/\/www.elborweltech.com\/ru\/product\/%d0%bf%d0%b5%d1%80%d0%b5%d1%85%d0%be%d0%b4%d0%bd%d0%b8%d0%ba-%d0%b4%d0%bb%d1%8f-%d0%b1%d0%b5%d1%82%d0%be%d0%bd%d0%b0\/","title":{"rendered":"\u041f\u0415\u0420\u0415\u0425\u041e\u0414\u041d\u0418\u041a \u0414\u041b\u042f \u0411\u0415\u0422\u041e\u041d\u0410"},"content":{"rendered":"<div id=\"g1-table-1\" class=\"g1-table g1-table--solid \">\n<table width=\"696\">\n<tbody>\n<tr>\n<td width=\"87\">d<\/td>\n<td width=\"87\">Article No<\/td>\n<td width=\"87\">Bar<\/td>\n<td width=\"87\">L<\/td>\n<td width=\"87\">Z<\/td>\n<td width=\"87\">e<\/td>\n<td width=\"87\">Weight<\/td>\n<td width=\"87\">Pack (pc)<\/td>\n<\/tr>\n<tr>\n<td rowspan=\"2\">\u00d863<\/td>\n<td>BG001000006312<\/td>\n<td>PN10<\/td>\n<td>0,13<\/td>\n<td>0,4<\/td>\n<td>3,8<\/td>\n<td>0,288<\/td>\n<td>1<\/td>\n<\/tr>\n<tr>\n<td>BG001600006312<\/td>\n<td>PN16<\/td>\n<td>0,13<\/td>\n<td>0,4<\/td>\n<td>5,8<\/td>\n<td>0,420<\/td>\n<td>1<\/td>\n<\/tr>\n<tr>\n<td rowspan=\"2\">\u00d875<\/td>\n<td>BG001000007512<\/td>\n<td>PN10<\/td>\n<td>0,15<\/td>\n<td>0,4<\/td>\n<td>4,5<\/td>\n<td>0,408<\/td>\n<td>1<\/td>\n<\/tr>\n<tr>\n<td>BG001600007512<\/td>\n<td>PN16<\/td>\n<td>0,15<\/td>\n<td>0,4<\/td>\n<td>6,8<\/td>\n<td>0,588<\/td>\n<td>1<\/td>\n<\/tr>\n<tr>\n<td rowspan=\"2\">\u00d890<\/td>\n<td>BG001000009012<\/td>\n<td>PN10<\/td>\n<td>0,18<\/td>\n<td>0,4<\/td>\n<td>5,4<\/td>\n<td>0,584<\/td>\n<td>1<\/td>\n<\/tr>\n<tr>\n<td>BG001600009012<\/td>\n<td>PN16<\/td>\n<td>0,18<\/td>\n<td>0,4<\/td>\n<td>8,2<\/td>\n<td>0,848<\/td>\n<td>1<\/td>\n<\/tr>\n<tr>\n<td rowspan=\"2\">\u00d8110<\/td>\n<td>BG001000011012<\/td>\n<td>PN10<\/td>\n<td>0,22<\/td>\n<td>0,5<\/td>\n<td>6,6<\/td>\n<td>1,085<\/td>\n<td>1<\/td>\n<\/tr>\n<tr>\n<td>BG001600011012<\/td>\n<td>PN16<\/td>\n<td>0,22<\/td>\n<td>0,5<\/td>\n<td>10,0<\/td>\n<td>1,570<\/td>\n<td>1<\/td>\n<\/tr>\n<tr>\n<td rowspan=\"2\">\u00d8125<\/td>\n<td>BG001000012512<\/td>\n<td>PN10<\/td>\n<td>0,25<\/td>\n<td>0,5<\/td>\n<td>7,4<\/td>\n<td>1,380<\/td>\n<td>1<\/td>\n<\/tr>\n<tr>\n<td>BG001600012512<\/td>\n<td>PN16<\/td>\n<td>0,25<\/td>\n<td>0,5<\/td>\n<td>11,4<\/td>\n<td>2,040<\/td>\n<td>1<\/td>\n<\/tr>\n<tr>\n<td rowspan=\"2\">\u00d8140<\/td>\n<td>BG001000014012<\/td>\n<td>PN10<\/td>\n<td>0,28<\/td>\n<td>0,5<\/td>\n<td>8,3<\/td>\n<td>1,730<\/td>\n<td>1<\/td>\n<\/tr>\n<tr>\n<td>BG001600014012<\/td>\n<td>PN16<\/td>\n<td>0,28<\/td>\n<td>0,5<\/td>\n<td>12,7<\/td>\n<td>2,540<\/td>\n<td>1<\/td>\n<\/tr>\n<tr>\n<td rowspan=\"2\">\u00d8160<\/td>\n<td>BG001000016012<\/td>\n<td>PN10<\/td>\n<td>0,32<\/td>\n<td>0,5<\/td>\n<td>9,5<\/td>\n<td>2,260<\/td>\n<td>1<\/td>\n<\/tr>\n<tr>\n<td>BG001600016012<\/td>\n<td>PN16<\/td>\n<td>0,32<\/td>\n<td>0,5<\/td>\n<td>14,6<\/td>\n<td>3,335<\/td>\n<td>1<\/td>\n<\/tr>\n<tr>\n<td rowspan=\"2\">\u00d8180<\/td>\n<td>BG001000018012<\/td>\n<td>PN10<\/td>\n<td>0,36<\/td>\n<td>0,6<\/td>\n<td>10,7<\/td>\n<td>3,426<\/td>\n<td>1<\/td>\n<\/tr>\n<tr>\n<td>BG001600018012<\/td>\n<td>PN16<\/td>\n<td>0,36<\/td>\n<td>0,6<\/td>\n<td>16,4<\/td>\n<td>5,052<\/td>\n<td>1<\/td>\n<\/tr>\n<tr>\n<td rowspan=\"2\">\u00d8200<\/td>\n<td>BG001000020012<\/td>\n<td>PN10<\/td>\n<td>0,40<\/td>\n<td>0,6<\/td>\n<td>11,9<\/td>\n<td>4,230<\/td>\n<td>1<\/td>\n<\/tr>\n<tr>\n<td>BG001600020012<\/td>\n<td>PN16<\/td>\n<td>0,40<\/td>\n<td>0,6<\/td>\n<td>18,2<\/td>\n<td>6,240<\/td>\n<td>1<\/td>\n<\/tr>\n<tr>\n<td rowspan=\"2\">\u00d8225<\/td>\n<td>BG001000022512<\/td>\n<td>PN10<\/td>\n<td>0,45<\/td>\n<td>0,6<\/td>\n<td>13,4<\/td>\n<td>5,358<\/td>\n<td>1<\/td>\n<\/tr>\n<tr>\n<td>BG001600022512<\/td>\n<td>PN16<\/td>\n<td>0,45<\/td>\n<td>0,6<\/td>\n<td>20,5<\/td>\n<td>7,860<\/td>\n<td>1<\/td>\n<\/tr>\n<tr>\n<td rowspan=\"2\">\u00d8250<\/td>\n<td>BG001000025012<\/td>\n<td>PN10<\/td>\n<td>0,50<\/td>\n<td>0,6<\/td>\n<td>14,8<\/td>\n<td>6,600<\/td>\n<td>1<\/td>\n<\/tr>\n<tr>\n<td>BG001600025012<\/td>\n<td>PN16<\/td>\n<td>0,50<\/td>\n<td>0,6<\/td>\n<td>22,7<\/td>\n<td>9,720<\/td>\n<td>1<\/td>\n<\/tr>\n<tr>\n<td rowspan=\"2\">\u00d8280<\/td>\n<td>BG001000028012<\/td>\n<td>PN10<\/td>\n<td>0,56<\/td>\n<td>0,6<\/td>\n<td>16,6<\/td>\n<td>8,220<\/td>\n<td>1<\/td>\n<\/tr>\n<tr>\n<td>BG001600028012<\/td>\n<td>PN16<\/td>\n<td>0,56<\/td>\n<td>0,6<\/td>\n<td>25,4<\/td>\n<td>12,180<\/td>\n<td>1<\/td>\n<\/tr>\n<tr>\n<td rowspan=\"2\">\u00d8315<\/td>\n<td>BG001000031512<\/td>\n<td>PN10<\/td>\n<td>0,63<\/td>\n<td>0,7<\/td>\n<td>18,7<\/td>\n<td>12,180<\/td>\n<td>1<\/td>\n<\/tr>\n<tr>\n<td>BG001600031512<\/td>\n<td>PN16<\/td>\n<td>0,63<\/td>\n<td>0,7<\/td>\n<td>28,6<\/td>\n<td>17,920<\/td>\n<td>1<\/td>\n<\/tr>\n<tr>\n<td rowspan=\"2\">\u00d8355<\/td>\n<td>BG001000035512<\/td>\n<td>PN10<\/td>\n<td>0,71<\/td>\n<td>0,7<\/td>\n<td>21,1<\/td>\n<td>15,470<\/td>\n<td>1<\/td>\n<\/tr>\n<tr>\n<td>BG001600035512<\/td>\n<td>PN16<\/td>\n<td>0,71<\/td>\n<td>0,7<\/td>\n<td>32,2<\/td>\n<td>22,750<\/td>\n<td>1<\/td>\n<\/tr>\n<tr>\n<td rowspan=\"2\">\u00d8400<\/td>\n<td>BG001000040012<\/td>\n<td>PN10<\/td>\n<td>0,80<\/td>\n<td>0,8<\/td>\n<td>23,7<\/td>\n<td>22,400<\/td>\n<td>1<\/td>\n<\/tr>\n<tr>\n<td>BG001600040012<\/td>\n<td>PN16<\/td>\n<td>0,80<\/td>\n<td>0,8<\/td>\n<td>36,3<\/td>\n<td>33,040<\/td>\n<td>1<\/td>\n<\/tr>\n<tr>\n<td rowspan=\"2\">\u00d8450<\/td>\n<td>BG001000045012<\/td>\n<td>PN10<\/td>\n<td>0,90<\/td>\n<td>0,8<\/td>\n<td>26,7<\/td>\n<td>28,320<\/td>\n<td>1<\/td>\n<\/tr>\n<tr>\n<td>BG001600045012<\/td>\n<td>PN16<\/td>\n<td>0,90<\/td>\n<td>0,8<\/td>\n<td>40,9<\/td>\n<td>41,840<\/td>\n<td>1<\/td>\n<\/tr>\n<tr>\n<td rowspan=\"2\">\u00d8500<\/td>\n<td>BG001000050012<\/td>\n<td>PN10<\/td>\n<td>1,00<\/td>\n<td>0,9<\/td>\n<td>29,7<\/td>\n<td>39,420<\/td>\n<td>1<\/td>\n<\/tr>\n<tr>\n<td>BG001600050012<\/td>\n<td>PN16<\/td>\n<td>1,00<\/td>\n<td>0,9<\/td>\n<td>45,4<\/td>\n<td>58,050<\/td>\n<td>1<\/td>\n<\/tr>\n<tr>\n<td rowspan=\"2\">\u00d8560<\/td>\n<td>BG001000056012<\/td>\n<td>PN10<\/td>\n<td>1,12<\/td>\n<td>1,00<\/td>\n<td>33,2<\/td>\n<td>54,800<\/td>\n<td>1<\/td>\n<\/tr>\n<tr>\n<td>BG001600056012<\/td>\n<td>PN16<\/td>\n<td>1,12<\/td>\n<td>1,00<\/td>\n<td>50,8<\/td>\n<td>80,800<\/td>\n<td>1<\/td>\n<\/tr>\n<tr>\n<td rowspan=\"2\">\u00d8630<\/td>\n<td>BG001000063012<\/td>\n<td>PN10<\/td>\n<td>1,26<\/td>\n<td>1,00<\/td>\n<td>37,4<\/td>\n<td>69,400<\/td>\n<td>1<\/td>\n<\/tr>\n<tr>\n<td>BG001600063012<\/td>\n<td>PN16<\/td>\n<td>1,26<\/td>\n<td>1,00<\/td>\n<td>57,2<\/td>\n<td>102,000<\/td>\n<td>1<\/td>\n<\/tr>\n<\/tbody>\n<\/table>\n<\/div>\n<blockquote><p>\u041f\u043e\u0436\u0430\u043b\u0443\u0439\u0441\u0442\u0430, \u0441\u0432\u044f\u0436\u0438\u0442\u0435\u0441\u044c \u0441\u043e \u0441\u043b\u0443\u0436\u0431\u043e\u0439 \u043f\u043e\u0434\u0434\u0435\u0440\u0436\u043a\u0438 \u043a\u043b\u0438\u0435\u043d\u0442\u043e\u0432 \u0434\u043b\u044f \u043f\u043e\u043b\u0443\u0447\u0435\u043d\u0438\u044f \u0438\u043d\u0444\u043e\u0440\u043c\u0430\u0446\u0438\u0438 \u043e \u043f\u0440\u043e\u0434\u0443\u043a\u0442\u0435.<\/p><\/blockquote>\n","protected":false},"excerpt":{"rendered":"<p>BETON GE\u00c7\u0130\u015e ADAPT\u00d6R\u00dc HDPE100+<br \/>\nPUDDLE FLANGE HDPE100+<br \/>\n\u041f\u0415\u0420\u0415\u0425\u041e\u0414\u041d\u0418\u041a \u0414\u041b\u042f \u0411\u0415\u0422\u041e\u041d\u0410<br \/>\nKonfeksiyon \/ Fabricated<br \/>\nMaterial:HDPE100+<br \/>\nStandart: TS EN 1555-3:2010 + A 1 \u2022 TS EN 12201-3 + A 1<\/p>\n","protected":false},"featured_media":8476,"comment_status":"open","ping_status":"closed","template":"","meta":[],"product_cat":[238],"product_tag":[],"_links":{"self":[{"href":"https:\/\/www.elborweltech.com\/ru\/wp-json\/wp\/v2\/product\/12852"}],"collection":[{"href":"https:\/\/www.elborweltech.com\/ru\/wp-json\/wp\/v2\/product"}],"about":[{"href":"https:\/\/www.elborweltech.com\/ru\/wp-json\/wp\/v2\/types\/product"}],"replies":[{"embeddable":true,"href":"https:\/\/www.elborweltech.com\/ru\/wp-json\/wp\/v2\/comments?post=12852"}],"wp:featuredmedia":[{"embeddable":true,"href":"https:\/\/www.elborweltech.com\/ru\/wp-json\/wp\/v2\/media\/8476"}],"wp:attachment":[{"href":"https:\/\/www.elborweltech.com\/ru\/wp-json\/wp\/v2\/media?parent=12852"}],"wp:term":[{"taxonomy":"product_cat","embeddable":true,"href":"https:\/\/www.elborweltech.com\/ru\/wp-json\/wp\/v2\/product_cat?post=12852"},{"taxonomy":"product_tag","embeddable":true,"href":"https:\/\/www.elborweltech.com\/ru\/wp-json\/wp\/v2\/product_tag?post=12852"}],"curies":[{"name":"wp","href":"https:\/\/api.w.org\/{rel}","templated":true}]}}