{"id":12856,"date":"2020-06-21T14:13:44","date_gmt":"2020-06-21T11:13:44","guid":{"rendered":"https:\/\/www.elborweltech.com\/product\/%d0%bf%d0%b5%d1%80%d0%b5%d1%85%d0%be%d0%b4%d0%bd%d0%b8%d0%ba-%d0%ba%d0%be%d1%80%d0%be%d1%82%d0%ba%d0%b8%d0%b9-%d1%81%d1%82%d1%83%d0%bf%d0%b5%d0%bd%d1%87%d0%b0%d1%82%d1%8b%d0%b9-hdpe100\/"},"modified":"2022-11-09T13:51:04","modified_gmt":"2022-11-09T10:51:04","slug":"%d0%bf%d0%b5%d1%80%d0%b5%d1%85%d0%be%d0%b4%d0%bd%d0%b8%d0%ba-%d0%ba%d0%be%d1%80%d0%be%d1%82%d0%ba%d0%b8%d0%b9-%d1%81%d1%82%d1%83%d0%bf%d0%b5%d0%bd%d1%87%d0%b0%d1%82%d1%8b%d0%b9-hdpe100","status":"publish","type":"product","link":"https:\/\/www.elborweltech.com\/ru\/product\/%d0%bf%d0%b5%d1%80%d0%b5%d1%85%d0%be%d0%b4%d0%bd%d0%b8%d0%ba-%d0%ba%d0%be%d1%80%d0%be%d1%82%d0%ba%d0%b8%d0%b9-%d1%81%d1%82%d1%83%d0%bf%d0%b5%d0%bd%d1%87%d0%b0%d1%82%d1%8b%d0%b9-hdpe100\/","title":{"rendered":"\u041f\u0415\u0420\u0415\u0425\u041e\u0414\u041d\u0418\u041a &#8212; \u041a\u041e\u0420\u041e\u0422\u041a\u0418\u0419 \u0421\u0422\u0423\u041f\u0415\u041d\u0427\u0410\u0422\u042b\u0419 HDPE100+"},"content":{"rendered":"<table width=\"708\">\n<tbody>\n<tr>\n<td width=\"60\">d1-d2<\/td>\n<td width=\"113\">Article No<\/td>\n<td width=\"72\">Bar<\/td>\n<td width=\"60\">L<\/td>\n<td width=\"60\">Z<\/td>\n<td width=\"60\">L1<\/td>\n<td width=\"75\">e1<\/td>\n<td width=\"60\">e2<\/td>\n<td width=\"88\">Weight (kg)<\/td>\n<td width=\"60\">Pack (pcs)<\/td>\n<\/tr>\n<tr>\n<td>\u00d8225-160<\/td>\n<td>KR001622516033<\/td>\n<td>PN16<\/td>\n<td>*<\/td>\n<td>*<\/td>\n<td>*<\/td>\n<td>*<\/td>\n<td>*<\/td>\n<td>*<\/td>\n<td>*<\/td>\n<\/tr>\n<tr>\n<td><\/td>\n<td>KR001022516033<\/td>\n<td>PN10<\/td>\n<td>*<\/td>\n<td>*<\/td>\n<td>*<\/td>\n<td>*<\/td>\n<td>*<\/td>\n<td>*<\/td>\n<td>*<\/td>\n<\/tr>\n<tr>\n<td>\u00d8315-225<\/td>\n<td>KR001631522533<\/td>\n<td>PN16<\/td>\n<td>*<\/td>\n<td>*<\/td>\n<td>*<\/td>\n<td>*<\/td>\n<td>*<\/td>\n<td>*<\/td>\n<td>*<\/td>\n<\/tr>\n<tr>\n<td><\/td>\n<td>KR001031522533<\/td>\n<td>PN10<\/td>\n<td>*<\/td>\n<td>*<\/td>\n<td>*<\/td>\n<td>*<\/td>\n<td>*<\/td>\n<td>*<\/td>\n<td>*<\/td>\n<\/tr>\n<tr>\n<td>\u00d8450-315<\/td>\n<td>KR001645031533<\/td>\n<td>PN16<\/td>\n<td>*<\/td>\n<td>*<\/td>\n<td>*<\/td>\n<td>*<\/td>\n<td>*<\/td>\n<td>*<\/td>\n<td>*<\/td>\n<\/tr>\n<tr>\n<td><\/td>\n<td>KR001045031533<\/td>\n<td>PN10<\/td>\n<td>*<\/td>\n<td>*<\/td>\n<td>*<\/td>\n<td>*<\/td>\n<td>*<\/td>\n<td>*<\/td>\n<td>*<\/td>\n<\/tr>\n<tr>\n<td>\u00d8450-400<\/td>\n<td>KR001645040033<\/td>\n<td>PN16<\/td>\n<td>512<\/td>\n<td>212<\/td>\n<td>199<\/td>\n<td>40,9<\/td>\n<td>36,3<\/td>\n<td>24.820<\/td>\n<td>1<\/td>\n<\/tr>\n<tr>\n<td><\/td>\n<td>KR001045040033<\/td>\n<td>PN10<\/td>\n<td>512<\/td>\n<td>212<\/td>\n<td>199<\/td>\n<td>26,7<\/td>\n<td>23,7<\/td>\n<td>16.800<\/td>\n<td>1<\/td>\n<\/tr>\n<tr>\n<td>\u00d8500-400<\/td>\n<td>KR001650040033<\/td>\n<td>PN16<\/td>\n<td>640<\/td>\n<td>233<\/td>\n<td>199<\/td>\n<td>45,4<\/td>\n<td>36,3<\/td>\n<td>35.820<\/td>\n<td>1<\/td>\n<\/tr>\n<tr>\n<td><\/td>\n<td>KR001050040033<\/td>\n<td>PN10<\/td>\n<td>640<\/td>\n<td>233<\/td>\n<td>199<\/td>\n<td>29,7<\/td>\n<td>23,7<\/td>\n<td>24.150<\/td>\n<td>1<\/td>\n<\/tr>\n<tr>\n<td>\u00d8500-450<\/td>\n<td>KR001650045033<\/td>\n<td>PN16<\/td>\n<td>555<\/td>\n<td>233<\/td>\n<td>215<\/td>\n<td>45,4<\/td>\n<td>40,9<\/td>\n<td>33.590<\/td>\n<td>1<\/td>\n<\/tr>\n<tr>\n<td><\/td>\n<td>KR001050045033<\/td>\n<td>PN10<\/td>\n<td>555<\/td>\n<td>233<\/td>\n<td>215<\/td>\n<td>29,7<\/td>\n<td>26,7<\/td>\n<td>22.700<\/td>\n<td>1<\/td>\n<\/tr>\n<tr>\n<td>\u00d8560-400<\/td>\n<td>KR001656040033<\/td>\n<td>PN16<\/td>\n<td>710<\/td>\n<td>256<\/td>\n<td>199<\/td>\n<td>50,8<\/td>\n<td>36,3<\/td>\n<td>46.590<\/td>\n<td>1<\/td>\n<\/tr>\n<tr>\n<td><\/td>\n<td>KR001056040033<\/td>\n<td>PN10<\/td>\n<td>710<\/td>\n<td>256<\/td>\n<td>199<\/td>\n<td>33,2<\/td>\n<td>23,7<\/td>\n<td>31.250<\/td>\n<td>1<\/td>\n<\/tr>\n<tr>\n<td>\u00d8560-450<\/td>\n<td>KR001656045033<\/td>\n<td>PN16<\/td>\n<td>629<\/td>\n<td>256<\/td>\n<td>215<\/td>\n<td>50,8<\/td>\n<td>40,9<\/td>\n<td>44.180<\/td>\n<td>1<\/td>\n<\/tr>\n<tr>\n<td><\/td>\n<td>KR001056045033<\/td>\n<td>PN10<\/td>\n<td>629<\/td>\n<td>256<\/td>\n<td>215<\/td>\n<td>33,2<\/td>\n<td>26,7<\/td>\n<td>29.800<\/td>\n<td>1<\/td>\n<\/tr>\n<tr>\n<td>\u00d8560-500<\/td>\n<td>KR001656050033<\/td>\n<td>PN16<\/td>\n<td>595<\/td>\n<td>256<\/td>\n<td>232<\/td>\n<td>50,8<\/td>\n<td>45,4<\/td>\n<td>44.470<\/td>\n<td>1<\/td>\n<\/tr>\n<tr>\n<td><\/td>\n<td>KR001056050033<\/td>\n<td>PN10<\/td>\n<td>595<\/td>\n<td>256<\/td>\n<td>232<\/td>\n<td>33,2<\/td>\n<td>29,7<\/td>\n<td>30.350<\/td>\n<td>1<\/td>\n<\/tr>\n<tr>\n<td>\u00d8630-400<\/td>\n<td>KR001663040033<\/td>\n<td>PN16<\/td>\n<td>753<\/td>\n<td>277<\/td>\n<td>199<\/td>\n<td>57,2<\/td>\n<td>36,3<\/td>\n<td>61.010<\/td>\n<td>1<\/td>\n<\/tr>\n<tr>\n<td><\/td>\n<td>KR001063040033<\/td>\n<td>PN10<\/td>\n<td>753<\/td>\n<td>277<\/td>\n<td>199<\/td>\n<td>37,4<\/td>\n<td>23,7<\/td>\n<td>41.350<\/td>\n<td>1<\/td>\n<\/tr>\n<tr>\n<td>\u00d8630-450<\/td>\n<td>KR001663045033<\/td>\n<td>PN16<\/td>\n<td>699<\/td>\n<td>277<\/td>\n<td>215<\/td>\n<td>57,2<\/td>\n<td>40,9<\/td>\n<td>59.220<\/td>\n<td>1<\/td>\n<\/tr>\n<tr>\n<td><\/td>\n<td>KR001063045033<\/td>\n<td>PN10<\/td>\n<td>699<\/td>\n<td>277<\/td>\n<td>215<\/td>\n<td>37,4<\/td>\n<td>26,7<\/td>\n<td>39.850<\/td>\n<td>1<\/td>\n<\/tr>\n<tr>\n<td>\u00d8630-500<\/td>\n<td>KR001663050033<\/td>\n<td>PN16<\/td>\n<td>645<\/td>\n<td>277<\/td>\n<td>232<\/td>\n<td>57,2<\/td>\n<td>45,4<\/td>\n<td>60.170<\/td>\n<td>1<\/td>\n<\/tr>\n<tr>\n<td><\/td>\n<td>KR001063050033<\/td>\n<td>PN10<\/td>\n<td>645<\/td>\n<td>277<\/td>\n<td>232<\/td>\n<td>37,4<\/td>\n<td>29,7<\/td>\n<td>40.350<\/td>\n<td>1<\/td>\n<\/tr>\n<tr>\n<td>\u00d8630-560<\/td>\n<td>KR001663056033<\/td>\n<td>PN16<\/td>\n<td>629<\/td>\n<td>277<\/td>\n<td>255<\/td>\n<td>57,2<\/td>\n<td>50,8<\/td>\n<td>62.450<\/td>\n<td>1<\/td>\n<\/tr>\n<tr>\n<td><\/td>\n<td>KR001063056033<\/td>\n<td>PN10<\/td>\n<td>629<\/td>\n<td>277<\/td>\n<td>255<\/td>\n<td>37,4<\/td>\n<td>33,2<\/td>\n<td>41.550<\/td>\n<td>1<\/td>\n<\/tr>\n<tr>\n<td>\u00d8900-630<\/td>\n<td>KR001690063033<\/td>\n<td>PN16<\/td>\n<td>*<\/td>\n<td>*<\/td>\n<td>*<\/td>\n<td>*<\/td>\n<td>*<\/td>\n<td>*<\/td>\n<td>*<\/td>\n<\/tr>\n<tr>\n<td><\/td>\n<td>KR001090063033<\/td>\n<td>PN10<\/td>\n<td>*<\/td>\n<td>*<\/td>\n<td>*<\/td>\n<td>*<\/td>\n<td>*<\/td>\n<td>*<\/td>\n<td>*<\/td>\n<\/tr>\n<\/tbody>\n<\/table>\n","protected":false},"excerpt":{"rendered":"<p>RED\u00dcKS\u0130YON &#8212; KISA KADEMEL\u0130 HDPE100+<br \/>\nHDPE100+ SDR 11 (PN16) &amp; SDR 17 (PN10)<br \/>\nREDUCER &#8212; SHORT STEPPED HDPE100+ \/<br \/>\n\u041f\u0415\u0420\u0415\u0425\u041e\u0414\u041d\u0418\u041a &#8212; \u041a\u041e\u0420\u041e\u0422\u041a\u0418\u0419 \u0421\u0422\u0423\u041f\u0415\u041d\u0427\u0410\u0422\u042b\u0419 HDPE100+<br \/>\nStandart: TS EN 1555-3:2010 + A 1 \u2022 TS EN 12201-3 + A 1<\/p>\n","protected":false},"featured_media":8428,"comment_status":"open","ping_status":"closed","template":"","meta":[],"product_cat":[270],"product_tag":[],"_links":{"self":[{"href":"https:\/\/www.elborweltech.com\/ru\/wp-json\/wp\/v2\/product\/12856"}],"collection":[{"href":"https:\/\/www.elborweltech.com\/ru\/wp-json\/wp\/v2\/product"}],"about":[{"href":"https:\/\/www.elborweltech.com\/ru\/wp-json\/wp\/v2\/types\/product"}],"replies":[{"embeddable":true,"href":"https:\/\/www.elborweltech.com\/ru\/wp-json\/wp\/v2\/comments?post=12856"}],"wp:featuredmedia":[{"embeddable":true,"href":"https:\/\/www.elborweltech.com\/ru\/wp-json\/wp\/v2\/media\/8428"}],"wp:attachment":[{"href":"https:\/\/www.elborweltech.com\/ru\/wp-json\/wp\/v2\/media?parent=12856"}],"wp:term":[{"taxonomy":"product_cat","embeddable":true,"href":"https:\/\/www.elborweltech.com\/ru\/wp-json\/wp\/v2\/product_cat?post=12856"},{"taxonomy":"product_tag","embeddable":true,"href":"https:\/\/www.elborweltech.com\/ru\/wp-json\/wp\/v2\/product_tag?post=12856"}],"curies":[{"name":"wp","href":"https:\/\/api.w.org\/{rel}","templated":true}]}}