{"id":14176,"date":"2020-10-24T20:51:53","date_gmt":"2020-10-24T17:51:54","guid":{"rendered":"https:\/\/www.elborweltech.com\/?post_type=product&#038;p=14176"},"modified":"2022-11-30T17:37:52","modified_gmt":"2022-11-30T14:37:52","slug":"%d0%b2%d1%80%d0%bf-%d0%bb%d0%b5%d1%81%d1%82%d0%bd%d0%b8%d1%86%d0%b0","status":"publish","type":"product","link":"https:\/\/www.elborweltech.com\/ru\/product\/%d0%b2%d1%80%d0%bf-%d0%bb%d0%b5%d1%81%d1%82%d0%bd%d0%b8%d1%86%d0%b0\/","title":{"rendered":"\u0412\u0420\u041f \u043b\u0435\u0441\u0442\u043d\u0438\u0446\u0430"},"content":{"rendered":"<table>\n<thead>\n<tr>\n<th>Teknik \u00d6zellikler \/ Technical Specifications<\/th>\n<\/tr>\n<\/thead>\n<tbody>\n<tr>\n<td>\u00c7al\u0131\u015fma Aral\u0131\u011f\u0131 \/ Working Range<\/td>\n<td>\u00d8 315 \u2013 1200 mm<\/td>\n<\/tr>\n<tr>\n<td>Ebatlar \/ Dimensions<\/td>\n<td>1250 x 800 x 420 mm<\/td>\n<\/tr>\n<tr>\n<td>A\u011f\u0131rl\u0131k \/ Weight<\/td>\n<td>35 Kg<\/td>\n<\/tr>\n<\/tbody>\n<\/table>\n","protected":false},"excerpt":{"rendered":"<p>\u041b\u0435\u0441\u0442\u043d\u0438\u0446\u044b \u0438\u0437 \u0441\u0442\u0435\u043a\u043b\u043e\u043f\u043b\u0430\u0441\u0442\u0438\u043a\u0430 \u0441\u043e \u0441\u043b\u0435\u0434\u0443\u044e\u0449\u0438\u043c\u0438 \u0445\u0430\u0440\u0430\u043a\u0442\u0435\u0440\u0438\u0441\u0442\u0438\u043a\u0430\u043c\u0438 \u043e\u0431\u043b\u0430\u0434\u0430\u044e\u0442 \u0441\u0432\u043e\u0439\u0441\u0442\u0432\u0430\u043c\u0438, \u043f\u0440\u0435\u0432\u043e\u0441\u0445\u043e\u0434\u044f\u0449\u0438\u043c\u0438 \u043c\u0435\u0442\u0430\u043b\u043b\u0438\u0447\u0435\u0441\u043a\u0438\u0435 \u043b\u0435\u0441\u0442\u043d\u0438\u0446\u044b, \u0438 \u043e\u0431\u044b\u0447\u043d\u043e \u0438\u0441\u043f\u043e\u043b\u044c\u0437\u0443\u044e\u0442\u0441\u044f \u043d\u0430 \u0432\u043e\u0434\u043e\u043e\u0447\u0438\u0441\u0442\u043d\u044b\u0445 \u0441\u043e\u043e\u0440\u0443\u0436\u0435\u043d\u0438\u044f\u0445, \u0445\u0438\u043c\u0438\u0447\u0435\u0441\u043a\u0438\u0445 \u0437\u0430\u0432\u043e\u0434\u0430\u0445, \u0433\u0440\u0430\u0434\u0438\u0440\u043d\u044f\u0445, \u044d\u043b\u0435\u043a\u0442\u0440\u043e\u0441\u0442\u0430\u043d\u0446\u0438\u044f\u0445 \u0438 \u0442. \u0434.<\/p>\n","protected":false},"featured_media":14180,"comment_status":"open","ping_status":"closed","template":"","meta":[],"product_cat":[293],"product_tag":[],"_links":{"self":[{"href":"https:\/\/www.elborweltech.com\/ru\/wp-json\/wp\/v2\/product\/14176"}],"collection":[{"href":"https:\/\/www.elborweltech.com\/ru\/wp-json\/wp\/v2\/product"}],"about":[{"href":"https:\/\/www.elborweltech.com\/ru\/wp-json\/wp\/v2\/types\/product"}],"replies":[{"embeddable":true,"href":"https:\/\/www.elborweltech.com\/ru\/wp-json\/wp\/v2\/comments?post=14176"}],"wp:featuredmedia":[{"embeddable":true,"href":"https:\/\/www.elborweltech.com\/ru\/wp-json\/wp\/v2\/media\/14180"}],"wp:attachment":[{"href":"https:\/\/www.elborweltech.com\/ru\/wp-json\/wp\/v2\/media?parent=14176"}],"wp:term":[{"taxonomy":"product_cat","embeddable":true,"href":"https:\/\/www.elborweltech.com\/ru\/wp-json\/wp\/v2\/product_cat?post=14176"},{"taxonomy":"product_tag","embeddable":true,"href":"https:\/\/www.elborweltech.com\/ru\/wp-json\/wp\/v2\/product_tag?post=14176"}],"curies":[{"name":"wp","href":"https:\/\/api.w.org\/{rel}","templated":true}]}}