{"id":12269,"date":"2020-08-12T12:11:06","date_gmt":"2020-08-12T09:11:06","guid":{"rendered":"https:\/\/www.elborweltech.com\/?post_type=product&#038;p=12269"},"modified":"2022-12-08T12:44:37","modified_gmt":"2022-12-08T09:44:37","slug":"ef-dirsek-45","status":"publish","type":"product","link":"https:\/\/www.elborweltech.com\/tr\/urun\/ef-dirsek-45\/","title":{"rendered":"EF Dirsek 45\u00b0"},"content":{"rendered":"<div id=\"footable_parent_17389\"\n         class=\" footable_parent ninja_table_wrapper loading_ninja_table wp_table_data_press_parent semantic_ui \">\n                <table data-ninja_table_instance=\"ninja_table_instance_0\" data-footable_id=\"17389\" data-filter-delay=\"1000\" aria-label=\"EF Dirsek 45\u00b0\"            id=\"footable_17389\"\n           data-unique_identifier=\"ninja_table_unique_id_375685228_17389\"\n           class=\" foo-table ninja_footable foo_table_17389 ninja_table_unique_id_375685228_17389 ui table  nt_type_legacy_table fixed selectable celled striped vertical_centered  footable-paging-right ninja_table_search_disabled ninja_table_pro\">\n                <colgroup>\n                            <col class=\"ninja_column_0 \">\n                            <col class=\"ninja_column_1 \">\n                            <col class=\"ninja_column_2 \">\n                            <col class=\"ninja_column_3 \">\n                            <col class=\"ninja_column_4 \">\n                            <col class=\"ninja_column_5 \">\n                            <col class=\"ninja_column_6 \">\n                    <\/colgroup>\n        <thead>\n<tr class=\"footable-header\">\n                                                                                                                        <th scope=\"col\"  class=\"ninja_column_0 ninja_clmn_nm_d \">d<\/th><th scope=\"col\"  class=\"ninja_column_1 ninja_clmn_nm_rnkodu \">\u00dcr\u00fcn Kodu<\/th><th scope=\"col\"  class=\"ninja_column_2 ninja_clmn_nm_d_1 \">D<\/th><th scope=\"col\"  class=\"ninja_column_3 ninja_clmn_nm_z \">Z<\/th><th scope=\"col\"  class=\"ninja_column_4 ninja_clmn_nm_le \">le<\/th><th scope=\"col\"  class=\"ninja_column_5 ninja_clmn_nm_arlk \">A\u011f\u0131rl\u0131k<\/th><th scope=\"col\"  class=\"ninja_column_6 ninja_clmn_nm_kutu \">Kutu<\/th><\/tr>\n<\/thead>\n<tbody>\n\n        <tr data-row_id=\"1475\" class=\"ninja_table_row_0 nt_row_id_1475\">\n            <td>mm<\/td><td><\/td><td>mm<\/td><td>mm<\/td><td>mm<\/td><td>kg<\/td><td>Adet<\/td>        <\/tr>\n            <tr data-row_id=\"1476\" class=\"ninja_table_row_1 nt_row_id_1476\">\n            <td>32<\/td><td>101 117 2022 0032<\/td><td>44<\/td><td>95<\/td><td>39<\/td><td>0,08<\/td><td>100<\/td>        <\/tr>\n            <tr data-row_id=\"1477\" class=\"ninja_table_row_2 nt_row_id_1477\">\n            <td>40<\/td><td>101 117 2022 0040<\/td><td>53<\/td><td>108<\/td><td>42<\/td><td>0,1<\/td><td>70<\/td>        <\/tr>\n            <tr data-row_id=\"1478\" class=\"ninja_table_row_3 nt_row_id_1478\">\n            <td>50<\/td><td>101 117 2022 0050<\/td><td>64<\/td><td>124<\/td><td>45<\/td><td>0,134<\/td><td>50<\/td>        <\/tr>\n            <tr data-row_id=\"1479\" class=\"ninja_table_row_4 nt_row_id_1479\">\n            <td>63<\/td><td>101 117 2022 0063<\/td><td>79<\/td><td>137<\/td><td>50<\/td><td>0,25<\/td><td>30<\/td>        <\/tr>\n            <tr data-row_id=\"1480\" class=\"ninja_table_row_5 nt_row_id_1480\">\n            <td>75<\/td><td>101 117 2022 0075<\/td><td>97<\/td><td>165<\/td><td>62<\/td><td>0,427<\/td><td>20<\/td>        <\/tr>\n            <tr data-row_id=\"1481\" class=\"ninja_table_row_6 nt_row_id_1481\">\n            <td>90<\/td><td>101 117 2022 0090<\/td><td>117<\/td><td>192<\/td><td>82<\/td><td>0,765<\/td><td>18<\/td>        <\/tr>\n            <tr data-row_id=\"1482\" class=\"ninja_table_row_7 nt_row_id_1482\">\n            <td>110<\/td><td>101 117 2022 0110<\/td><td>137<\/td><td>213<\/td><td>75<\/td><td>0,894<\/td><td>10<\/td>        <\/tr>\n            <tr data-row_id=\"1483\" class=\"ninja_table_row_8 nt_row_id_1483\">\n            <td>125<\/td><td>101 117 2022 0125<\/td><td>154<\/td><td>240<\/td><td>81<\/td><td>1,22<\/td><td>6<\/td>        <\/tr>\n            <tr data-row_id=\"1484\" class=\"ninja_table_row_9 nt_row_id_1484\">\n            <td>160<\/td><td>101 117 2022 0160<\/td><td>217<\/td><td>320<\/td><td>105<\/td><td>2,674<\/td><td>2<\/td>        <\/tr>\n    <\/tbody><!--ninja_tobody_rendering_done-->\n    <\/table>\n    \n    \n    \n<\/div>\n\n","protected":false},"excerpt":{"rendered":"<p>EF D\u0130RSEK 45\u00b0<br \/>\nEF ELBOW 45\u00b0<br \/>\n\u042d\u0424 \u041e\u0422\u0412\u041e\u0414 45\u00b0<br \/>\nElektrof\u00fczyon\/Electrofusion \/<br \/>\nMaterial:HDPE 100+<br \/>\nStandart:TSEN1555-3:2010+A1\u2022TSEN12201-3+A1<\/p>\n","protected":false},"featured_media":12461,"comment_status":"open","ping_status":"closed","template":"","meta":[],"product_cat":[120],"product_tag":[],"_links":{"self":[{"href":"https:\/\/www.elborweltech.com\/tr\/wp-json\/wp\/v2\/product\/12269"}],"collection":[{"href":"https:\/\/www.elborweltech.com\/tr\/wp-json\/wp\/v2\/product"}],"about":[{"href":"https:\/\/www.elborweltech.com\/tr\/wp-json\/wp\/v2\/types\/product"}],"replies":[{"embeddable":true,"href":"https:\/\/www.elborweltech.com\/tr\/wp-json\/wp\/v2\/comments?post=12269"}],"wp:featuredmedia":[{"embeddable":true,"href":"https:\/\/www.elborweltech.com\/tr\/wp-json\/wp\/v2\/media\/12461"}],"wp:attachment":[{"href":"https:\/\/www.elborweltech.com\/tr\/wp-json\/wp\/v2\/media?parent=12269"}],"wp:term":[{"taxonomy":"product_cat","embeddable":true,"href":"https:\/\/www.elborweltech.com\/tr\/wp-json\/wp\/v2\/product_cat?post=12269"},{"taxonomy":"product_tag","embeddable":true,"href":"https:\/\/www.elborweltech.com\/tr\/wp-json\/wp\/v2\/product_tag?post=12269"}],"curies":[{"name":"wp","href":"https:\/\/api.w.org\/{rel}","templated":true}]}}