{"id":12330,"date":"2020-08-13T12:42:09","date_gmt":"2020-08-13T09:42:09","guid":{"rendered":"https:\/\/www.elborweltech.com\/?post_type=product&#038;p=12330"},"modified":"2022-11-10T16:40:33","modified_gmt":"2022-11-10T13:40:33","slug":"ef-90-esit-te","status":"publish","type":"product","link":"https:\/\/www.elborweltech.com\/tr\/urun\/ef-90-esit-te\/","title":{"rendered":"EF 90\u00b0 E\u015fit TE"},"content":{"rendered":"<div id=\"g1-table-1\" class=\"g1-table g1-table--solid \">\n<table style=\"height: 448px;\" border=\"0\" width=\"453\" cellspacing=\"0\" cellpadding=\"0\">\n<tbody>\n<tr>\n<td>d<\/td>\n<td>\u00dcr\u00fcn Kodu<\/td>\n<td>D<\/td>\n<td>Z<\/td>\n<td>le1<\/td>\n<td>le2<\/td>\n<td>A\u011f\u0131rl\u0131k<\/td>\n<td>Kutu<\/td>\n<\/tr>\n<tr>\n<td>mm<\/td>\n<td><\/td>\n<td>mm<\/td>\n<td>mm<\/td>\n<td>mm<\/td>\n<td>mm<\/td>\n<td>kg<\/td>\n<td>Adet<\/td>\n<\/tr>\n<tr>\n<td>20<\/td>\n<td>101 117 2041 0020<\/td>\n<td>44<\/td>\n<td>98<\/td>\n<td>35<\/td>\n<td>65<\/td>\n<td>0,130<\/td>\n<td>75<\/td>\n<\/tr>\n<tr>\n<td>25<\/td>\n<td>101 117 2041 0025<\/td>\n<td>44<\/td>\n<td>98<\/td>\n<td>35<\/td>\n<td>65<\/td>\n<td>0,120<\/td>\n<td>75<\/td>\n<\/tr>\n<tr>\n<td>32<\/td>\n<td>101 117 2041 0032<\/td>\n<td>44<\/td>\n<td>98<\/td>\n<td>35<\/td>\n<td>65<\/td>\n<td>0,100<\/td>\n<td>50<\/td>\n<\/tr>\n<tr>\n<td>40<\/td>\n<td>101 117 2041 0040<\/td>\n<td>52<\/td>\n<td>131<\/td>\n<td>44<\/td>\n<td>59<\/td>\n<td>0,163<\/td>\n<td>18<\/td>\n<\/tr>\n<tr>\n<td>50<\/td>\n<td>001 117 2041 0050<\/td>\n<td>64<\/td>\n<td>138<\/td>\n<td>43<\/td>\n<td>55<\/td>\n<td>0,190<\/td>\n<td>25<\/td>\n<\/tr>\n<tr>\n<td>63<\/td>\n<td>001 117 2041 0063<\/td>\n<td>82<\/td>\n<td>164<\/td>\n<td>49<\/td>\n<td>63<\/td>\n<td>0,360<\/td>\n<td>20<\/td>\n<\/tr>\n<tr>\n<td>75<\/td>\n<td>001 117 2041 0075<\/td>\n<td>95<\/td>\n<td>189<\/td>\n<td>55<\/td>\n<td>70<\/td>\n<td>0,550<\/td>\n<td>14<\/td>\n<\/tr>\n<tr>\n<td>90<\/td>\n<td>001 117 2041 0090<\/td>\n<td>112<\/td>\n<td>210<\/td>\n<td>65<\/td>\n<td>79<\/td>\n<td>0,820<\/td>\n<td>7<\/td>\n<\/tr>\n<tr>\n<td>110<\/td>\n<td>001 117 2041 0110<\/td>\n<td>139<\/td>\n<td>260<\/td>\n<td>72<\/td>\n<td>82<\/td>\n<td>1,450<\/td>\n<td>6<\/td>\n<\/tr>\n<tr>\n<td>125<\/td>\n<td>001 117 2041 0125<\/td>\n<td>160<\/td>\n<td>268<\/td>\n<td>77<\/td>\n<td>87<\/td>\n<td>2,240<\/td>\n<td>4<\/td>\n<\/tr>\n<tr>\n<td>160<\/td>\n<td>001 117 2041 0160<\/td>\n<td>195<\/td>\n<td>320<\/td>\n<td>86<\/td>\n<td>98<\/td>\n<td>3,340<\/td>\n<td>2<\/td>\n<\/tr>\n<tr>\n<td>180<\/td>\n<td>001 117 2041 0180<\/td>\n<td>230<\/td>\n<td>340<\/td>\n<td>88<\/td>\n<td>105<\/td>\n<td>5,300<\/td>\n<td>2<\/td>\n<\/tr>\n<\/tbody>\n<\/table>\n<\/div>\n<blockquote><p>\u00dcr\u00fcn bilgisi i\u00e7in m\u00fc\u015fteri hizmetleri ile g\u00f6r\u00fc\u015f\u00fcn\u00fcz.<\/p><\/blockquote>\n","protected":false},"excerpt":{"rendered":"<p>EF E\u015e\u0130T TE 90\u00b0<br \/>\nEF EQUAL TEE 90\u00b0<br \/>\n\u042d\u0424 \u0422\u0420\u041e\u0419\u041d\u0418\u041a 90\u00b0<br \/>\nElektrof\u00fczyon\/Electrofusion \/<br \/>\nMaterial:HDPE100+ \/<br \/>\nStandart:TSEN1555-3:2010+A1\u2022TSEN12201-3+A1<\/p>\n","protected":false},"featured_media":12528,"comment_status":"open","ping_status":"closed","template":"","meta":[],"product_cat":[120],"product_tag":[],"_links":{"self":[{"href":"https:\/\/www.elborweltech.com\/tr\/wp-json\/wp\/v2\/product\/12330"}],"collection":[{"href":"https:\/\/www.elborweltech.com\/tr\/wp-json\/wp\/v2\/product"}],"about":[{"href":"https:\/\/www.elborweltech.com\/tr\/wp-json\/wp\/v2\/types\/product"}],"replies":[{"embeddable":true,"href":"https:\/\/www.elborweltech.com\/tr\/wp-json\/wp\/v2\/comments?post=12330"}],"wp:featuredmedia":[{"embeddable":true,"href":"https:\/\/www.elborweltech.com\/tr\/wp-json\/wp\/v2\/media\/12528"}],"wp:attachment":[{"href":"https:\/\/www.elborweltech.com\/tr\/wp-json\/wp\/v2\/media?parent=12330"}],"wp:term":[{"taxonomy":"product_cat","embeddable":true,"href":"https:\/\/www.elborweltech.com\/tr\/wp-json\/wp\/v2\/product_cat?post=12330"},{"taxonomy":"product_tag","embeddable":true,"href":"https:\/\/www.elborweltech.com\/tr\/wp-json\/wp\/v2\/product_tag?post=12330"}],"curies":[{"name":"wp","href":"https:\/\/api.w.org\/{rel}","templated":true}]}}