{"id":12425,"date":"2020-08-13T17:17:15","date_gmt":"2020-08-13T14:17:15","guid":{"rendered":"https:\/\/www.elborweltech.com\/?post_type=product&#038;p=12425"},"modified":"2022-11-10T17:00:23","modified_gmt":"2022-11-10T14:00:23","slug":"ef-kep-kor-tapa","status":"publish","type":"product","link":"https:\/\/www.elborweltech.com\/tr\/urun\/ef-kep-kor-tapa\/","title":{"rendered":"EF KEP (K\u00f6r Tapa)"},"content":{"rendered":"<div>\n<div class=\"tab-content\">\n<div id=\"tablo1\" class=\"tab-pane fade in active\" role=\"tabpanel\">\n<table width=\"617\">\n<tbody>\n<tr>\n<td width=\"71\">d<\/td>\n<td width=\"129\">Article No<\/td>\n<td width=\"97\">Bar<\/td>\n<td width=\"71\">d1<\/td>\n<td width=\"71\">L<\/td>\n<td width=\"107\">Weight (kg)<\/td>\n<td width=\"71\">Pack (pcs)<\/td>\n<\/tr>\n<tr>\n<td width=\"71\">\u00d820<\/td>\n<td>KE001600002014<\/td>\n<td>PN16<\/td>\n<td width=\"71\">30<\/td>\n<td width=\"71\">75<\/td>\n<td width=\"107\">0,038<\/td>\n<td width=\"71\">1<\/td>\n<\/tr>\n<tr>\n<td width=\"71\">\u00d825<\/td>\n<td>KE001600002514<\/td>\n<td>PN16<\/td>\n<td width=\"71\">36<\/td>\n<td width=\"71\">81<\/td>\n<td width=\"107\">0,049<\/td>\n<td width=\"71\">1<\/td>\n<\/tr>\n<tr>\n<td width=\"71\">\u00d832<\/td>\n<td>KE001600003214<\/td>\n<td>PN16<\/td>\n<td width=\"71\">43<\/td>\n<td width=\"71\">87<\/td>\n<td width=\"107\">0,068<\/td>\n<td width=\"71\">1<\/td>\n<\/tr>\n<tr>\n<td width=\"71\">\u00d840<\/td>\n<td>KE001600004014<\/td>\n<td>PN16<\/td>\n<td width=\"71\">53<\/td>\n<td width=\"71\">90<\/td>\n<td width=\"107\">0,1<\/td>\n<td width=\"71\">1<\/td>\n<\/tr>\n<tr>\n<td width=\"71\">\u00d850<\/td>\n<td>KE001600005014<\/td>\n<td>PN16<\/td>\n<td width=\"71\">65<\/td>\n<td width=\"71\">104<\/td>\n<td width=\"107\">0,159<\/td>\n<td width=\"71\">1<\/td>\n<\/tr>\n<tr>\n<td width=\"71\">\u00d863<\/td>\n<td>KE001600006314<\/td>\n<td>PN16<\/td>\n<td width=\"71\">80<\/td>\n<td width=\"71\">112<\/td>\n<td width=\"107\">0,245<\/td>\n<td width=\"71\">1<\/td>\n<\/tr>\n<tr>\n<td width=\"71\">\u00d875<\/td>\n<td>KE001600007514<\/td>\n<td>PN16<\/td>\n<td width=\"71\">95<\/td>\n<td width=\"71\">125<\/td>\n<td width=\"107\">0,412<\/td>\n<td width=\"71\">1<\/td>\n<\/tr>\n<tr>\n<td width=\"71\">\u00d890<\/td>\n<td>KE001600009014<\/td>\n<td>PN16<\/td>\n<td width=\"71\">110<\/td>\n<td width=\"71\">137<\/td>\n<td width=\"107\">0,585<\/td>\n<td width=\"71\">1<\/td>\n<\/tr>\n<tr>\n<td width=\"71\">\u00d8110<\/td>\n<td>KE001600011014<\/td>\n<td>PN16<\/td>\n<td width=\"71\">144<\/td>\n<td width=\"71\">153<\/td>\n<td width=\"107\">0,887<\/td>\n<td width=\"71\">1<\/td>\n<\/tr>\n<tr>\n<td width=\"71\">\u00d8125<\/td>\n<td>KE001600012514<\/td>\n<td>PN16<\/td>\n<td width=\"71\">149<\/td>\n<td width=\"71\">170<\/td>\n<td width=\"107\">1,29<\/td>\n<td width=\"71\">1<\/td>\n<\/tr>\n<tr>\n<td width=\"71\">\u00d8140<\/td>\n<td>KE001600014014<\/td>\n<td>PN16<\/td>\n<td width=\"71\">169<\/td>\n<td width=\"71\">173<\/td>\n<td width=\"107\">1,52<\/td>\n<td width=\"71\">1<\/td>\n<\/tr>\n<tr>\n<td width=\"71\">\u00d8160<\/td>\n<td>KE001600016014<\/td>\n<td>PN16<\/td>\n<td width=\"71\">191<\/td>\n<td width=\"71\">189<\/td>\n<td width=\"107\">2,198<\/td>\n<td width=\"71\">1<\/td>\n<\/tr>\n<tr>\n<td width=\"71\">\u00d8180<\/td>\n<td>KE001600018014<\/td>\n<td>PN16<\/td>\n<td width=\"71\">217<\/td>\n<td width=\"71\">201<\/td>\n<td width=\"107\">3,072<\/td>\n<td width=\"71\">1<\/td>\n<\/tr>\n<tr>\n<td width=\"71\">\u00d8200<\/td>\n<td>KE001600020014<\/td>\n<td>PN16<\/td>\n<td width=\"71\">241<\/td>\n<td width=\"71\">212<\/td>\n<td width=\"107\">4,509<\/td>\n<td width=\"71\">1<\/td>\n<\/tr>\n<tr>\n<td width=\"71\">\u00d8225<\/td>\n<td>KE001600022514<\/td>\n<td>PN16<\/td>\n<td width=\"71\">276<\/td>\n<td width=\"71\">231<\/td>\n<td width=\"107\">5,857<\/td>\n<td width=\"71\">1<\/td>\n<\/tr>\n<tr>\n<td width=\"71\">\u00d8250<\/td>\n<td>KE001600025014<\/td>\n<td>PN16<\/td>\n<td width=\"71\">301<\/td>\n<td width=\"71\">245<\/td>\n<td width=\"107\">7,274<\/td>\n<td width=\"71\">1<\/td>\n<\/tr>\n<tr>\n<td width=\"71\">\u00d8280<\/td>\n<td>KE001600028014<\/td>\n<td>PN16<\/td>\n<td width=\"71\">348<\/td>\n<td width=\"71\">256<\/td>\n<td width=\"107\">10,506<\/td>\n<td width=\"71\">1<\/td>\n<\/tr>\n<tr>\n<td width=\"71\">\u00d8315<\/td>\n<td>KE001600031514<\/td>\n<td>PN16<\/td>\n<td width=\"71\">382<\/td>\n<td width=\"71\">277<\/td>\n<td width=\"107\">13,75<\/td>\n<td width=\"71\">1<\/td>\n<\/tr>\n<tr>\n<td width=\"71\">\u00d8355<\/td>\n<td>KE001600035514<\/td>\n<td>PN16<\/td>\n<td width=\"71\">428<\/td>\n<td width=\"71\">279<\/td>\n<td width=\"107\">17,489<\/td>\n<td width=\"71\">1<\/td>\n<\/tr>\n<tr>\n<td width=\"71\">\u00d8400<\/td>\n<td>KE001600040014<\/td>\n<td>PN16<\/td>\n<td width=\"71\">489<\/td>\n<td width=\"71\">276<\/td>\n<td width=\"107\">23,747<\/td>\n<td width=\"71\">1<\/td>\n<\/tr>\n<\/tbody>\n<\/table>\n<\/div>\n<\/div>\n<\/div>\n<blockquote><p>\u00dcr\u00fcn bilgisi i\u00e7in m\u00fc\u015fteri hizmetleri ile g\u00f6r\u00fc\u015f\u00fcn\u00fcz.<\/p><\/blockquote>\n","protected":false},"excerpt":{"rendered":"<p>EF KEP (K\u00d6R TAPA)<br \/>\nEF CAP<br \/>\n\u042d\u0424 \u0417\u0410\u0413\u041b\u0423\u0428\u041a\u0410<br \/>\nElektrof\u00fczyon \/ Electrofusion<br \/>\nMaterial:HDPE 100+<br \/>\nStandart: TS EN 1555-3:2010 + A 1 \u2022 TS EN 12201-3 + A 1<\/p>\n","protected":false},"featured_media":12510,"comment_status":"open","ping_status":"closed","template":"","meta":[],"product_cat":[120],"product_tag":[],"_links":{"self":[{"href":"https:\/\/www.elborweltech.com\/tr\/wp-json\/wp\/v2\/product\/12425"}],"collection":[{"href":"https:\/\/www.elborweltech.com\/tr\/wp-json\/wp\/v2\/product"}],"about":[{"href":"https:\/\/www.elborweltech.com\/tr\/wp-json\/wp\/v2\/types\/product"}],"replies":[{"embeddable":true,"href":"https:\/\/www.elborweltech.com\/tr\/wp-json\/wp\/v2\/comments?post=12425"}],"wp:featuredmedia":[{"embeddable":true,"href":"https:\/\/www.elborweltech.com\/tr\/wp-json\/wp\/v2\/media\/12510"}],"wp:attachment":[{"href":"https:\/\/www.elborweltech.com\/tr\/wp-json\/wp\/v2\/media?parent=12425"}],"wp:term":[{"taxonomy":"product_cat","embeddable":true,"href":"https:\/\/www.elborweltech.com\/tr\/wp-json\/wp\/v2\/product_cat?post=12425"},{"taxonomy":"product_tag","embeddable":true,"href":"https:\/\/www.elborweltech.com\/tr\/wp-json\/wp\/v2\/product_tag?post=12425"}],"curies":[{"name":"wp","href":"https:\/\/api.w.org\/{rel}","templated":true}]}}