{"id":13505,"date":"2020-09-21T19:28:43","date_gmt":"2020-09-21T16:28:43","guid":{"rendered":"https:\/\/www.elborweltech.com\/?post_type=product&#038;p=13505"},"modified":"2022-11-11T10:57:45","modified_gmt":"2022-11-11T07:57:45","slug":"cnc-w400-plastik-boru-monofaze-hidrolik-alin-kaynak-makinesi","status":"publish","type":"product","link":"https:\/\/www.elborweltech.com\/tr\/urun\/cnc-w400-plastik-boru-monofaze-hidrolik-alin-kaynak-makinesi\/","title":{"rendered":"Cnc W400m Plastik Boru Monofaze Hidrolik Al\u0131n Kaynak Makinesi"},"content":{"rendered":"<section class=\"l-section wpb_row height_auto\"><div class=\"l-section-h i-cf\"><div class=\"g-cols vc_row via_flex valign_top type_default stacking_default\"><div class=\"vc_col-sm-12 wpb_column vc_column_container\"><div class=\"vc_column-inner\"><div class=\"wpb_wrapper\"><div class=\"w-tabs layout_hor style_trendy switch_click has_scrolling\" style=\"--sections-title-size:1em\"><div class=\"w-tabs-list items_3 align_none\"><div class=\"w-tabs-list-h\"><button class=\"w-tabs-item active with_icon\" aria-controls=\"content-of1a\" aria-expanded=\"false\"><i class=\"fad fa-file-alt\"><\/i><span class=\"w-tabs-item-title\">Genel \u00d6zellikler<\/span><\/button><button class=\"w-tabs-item with_icon\" aria-controls=\"content-a318\" aria-expanded=\"false\"><i class=\"fad fa-list\"><\/i><span class=\"w-tabs-item-title\">Teknik \u00d6zellikler<\/span><\/button><a class=\"w-tabs-item with_icon\" aria-controls=\"content-e540\" aria-expanded=\"false\" href=\"https:\/\/www.elborweltech.com\/wp-content\/uploads\/2020\/09\/OK-CNC-W400-MONOFAZE-USER-MANUEL.pdf\"><i class=\"fad fa-file-pdf\"><\/i><span class=\"w-tabs-item-title\">Kullan\u0131m K\u0131lavuzu<\/span><\/a><\/div><\/div><div class=\"w-tabs-sections titles-align_none icon_chevron cpos_right\"><div class=\"w-tabs-section active\" id=\"of1a\"><button class=\"w-tabs-section-header active with_icon\" aria-controls=\"content-of1a\" aria-expanded=\"true\"><i class=\"fad fa-file-alt\"><\/i><div class=\"w-tabs-section-title\">Genel \u00d6zellikler<\/div><div class=\"w-tabs-section-control\"><\/div><\/button><div  class=\"w-tabs-section-content\" id=\"content-of1a\"><div class=\"w-tabs-section-content-h i-cf\"><div class=\"g-cols wpb_row via_flex valign_top type_default stacking_default\"><div class=\"vc_col-sm-6 wpb_column vc_column_container has_bg_color\"><div class=\"vc_column-inner us_custom_1f027e60\"><div class=\"wpb_wrapper\"><div class=\"w-separator size_small\"><\/div><\/div><\/div><\/div><div class=\"vc_col-sm-6 wpb_column vc_column_container\"><div class=\"vc_column-inner\"><div class=\"wpb_wrapper\"><div class=\"wpb_text_column us_custom_e75e05de\"><div class=\"wpb_wrapper\"><h4>CNC W400 Monofaze Al\u0131n Kaynak Makine G\u00f6vdesi<\/h4>\n<ul>\n<li>Ana g\u00f6vde, \u00fczerinde bulunan iki adet hareketli ve iki adet sabit kelep\u00e7e ile kaynak i\u015flemi yap\u0131lacak plastik borulara destek olarak, sabitlenmesini ve merkezlenmesini sa\u011flamaktad\u0131r.<\/li>\n<li>Sisteme hidrolik bas\u0131n\u00e7 kuvveti uygulan\u0131r. Ta\u015f\u0131y\u0131c\u0131 mil \u00fczerinde bulunan iki adet piston ile bu kuvvet hareketli kelep\u00e7eleri ileri ve geri y\u00f6nlendirerek, kaynak i\u015fleminin ger\u00e7ekle\u015fmesi i\u00e7in gereken hareketi sa\u011flar.<\/li>\n<\/ul>\n<\/div><\/div><\/div><\/div><\/div><\/div><div class=\"g-cols wpb_row via_flex valign_top type_default stacking_default\"><div class=\"vc_col-sm-6 wpb_column vc_column_container\"><div class=\"vc_column-inner\"><div class=\"wpb_wrapper\"><div class=\"wpb_text_column us_custom_e75e05de\"><div class=\"wpb_wrapper\"><h4>CNC W400 Monofaze Al\u0131n Kaynak Makine Tra\u015flay\u0131c\u0131s\u0131<\/h4>\n<ul>\n<li>Sa\u011f ve sol taraf\u0131nda bulunan iki d\u00f6ner kanat ve bu kanatlar \u00fczerinde bulunan kesici b\u0131\u00e7aklar ile ana g\u00f6vde \u00fczerine sabitlenmi\u015f ve merkezlenmi\u015f borular\u0131n, \u0131s\u0131tma i\u015fleminden \u00f6nce al\u0131n temizli\u011fini yapan ve \u0131s\u0131tmaya haz\u0131r hale getiren al\u0131n kaynak makinas\u0131 eleman\u0131d\u0131r.<\/li>\n<li>Tra\u015flay\u0131c\u0131n\u0131n d\u00f6ner hareketi, \u00fczerinde bulunan motor ve red\u00fckt\u00f6r grubu taraf\u0131ndan sa\u011flan\u0131r.<\/li>\n<li>CNC W400 Al\u0131n Kaynak Makinesi tra\u015flama \u00fcnitesi \u00e7apaks\u0131z ve birbirine paralel boru y\u00fczeyleri olu\u015fturur.<\/li>\n<\/ul>\n<\/div><\/div><\/div><\/div><\/div><div class=\"vc_col-sm-6 wpb_column vc_column_container has_bg_color\"><div class=\"vc_column-inner us_custom_78607932\"><div class=\"wpb_wrapper\"><div class=\"w-separator size_medium\"><\/div><\/div><\/div><\/div><\/div><div class=\"g-cols wpb_row via_flex valign_top type_default stacking_default\"><div class=\"vc_col-sm-6 wpb_column vc_column_container has_bg_color\"><div class=\"vc_column-inner us_custom_8844171a\"><div class=\"wpb_wrapper\"><div class=\"w-separator size_small\"><\/div><\/div><\/div><\/div><div class=\"vc_col-sm-6 wpb_column vc_column_container\"><div class=\"vc_column-inner\"><div class=\"wpb_wrapper\"><div class=\"wpb_text_column us_custom_c3ddf93f\"><div class=\"wpb_wrapper\"><h4>CNC W400 Monofaze Al\u0131n Kaynak Makine Is\u0131t\u0131s\u0131c\u0131<\/h4>\n<p>Tra\u015flama i\u015flemi ile istenilen p\u00fcr\u00fczl\u00fcl\u00fc\u011fe getirilen boru al\u0131n y\u00fczeylerini \u0131s\u0131tma plakas\u0131yla \u0131s\u0131tarak birle\u015ftirme i\u015flemine haz\u0131rlayan al\u0131n kaynak makinas\u0131 eleman\u0131d\u0131r.<br \/>\nIs\u0131t\u0131c\u0131n\u0131n \u0131s\u0131 derece ayar\u0131 \u0131s\u0131t\u0131c\u0131 plakas\u0131 \u00fczerinde bulunan dijital \u0131s\u0131 ayar termostat\u0131 ile yap\u0131lmaktad\u0131r.<\/p>\n<\/div><\/div><\/div><\/div><\/div><\/div><div class=\"g-cols wpb_row via_flex valign_top type_default stacking_default\"><div class=\"vc_col-sm-6 wpb_column vc_column_container\"><div class=\"vc_column-inner us_custom_c0ff2da2\"><div class=\"wpb_wrapper\"><div class=\"wpb_text_column us_custom_37f62cf4\"><div class=\"wpb_wrapper\"><h4>CNC W400 Monofaze Al\u0131n Kaynak Makine Hidrolik ve Elektrik Kontrol \u00dcnitesi<\/h4>\n<ul>\n<li>Elektrik ve hidrolik kontrol \u00fcnitesi; makinenin \u00e7al\u0131\u015fmas\u0131 i\u00e7in gerekli olan elektri\u011fi \u0131s\u0131t\u0131c\u0131 ve tra\u015flay\u0131c\u0131ya hidrolik bas\u0131nc\u0131 ise ana makineye; kontrol \u00fcnitesi el kumandas\u0131 vas\u0131tas\u0131 ile \u00e7al\u0131\u015ft\u0131r\u0131l\u0131r.<\/li>\n<li>El kumandas\u0131n\u0131n \u00fczerinde d\u00f6rt buton ve bir anahtar vard\u0131r. Butonlar hareketli k\u0131ska\u00e7lar\u0131 ileri ve geri hareket, anahtar ise tra\u015flay\u0131c\u0131y\u0131 \u00e7al\u0131\u015ft\u0131r\u0131r.<\/li>\n<\/ul>\n<\/div><\/div><\/div><\/div><\/div><div class=\"vc_col-sm-6 wpb_column vc_column_container has_bg_color\"><div class=\"vc_column-inner us_custom_86a094e8\"><div class=\"wpb_wrapper\"><div class=\"w-separator size_medium\"><\/div><\/div><\/div><\/div><\/div><div class=\"g-cols wpb_row via_flex valign_top type_default stacking_default\"><div class=\"vc_col-sm-6 wpb_column vc_column_container has_bg_color\"><div class=\"vc_column-inner us_custom_e1c293ba\"><div class=\"wpb_wrapper\"><div class=\"w-separator size_medium\"><\/div><\/div><\/div><\/div><div class=\"vc_col-sm-6 wpb_column vc_column_container\"><div class=\"vc_column-inner us_custom_0cb96119\"><div class=\"wpb_wrapper\"><div class=\"wpb_text_column\"><div class=\"wpb_wrapper\"><h4>CNC W400 Al\u0131n Kaynak Makine Muhafaza Kutusu<\/h4>\n<ul>\n<li>Muhafaza ve destek kutusu, \u0131s\u0131t\u0131c\u0131n\u0131n \u0131s\u0131 kayb\u0131n\u0131 \u00f6nler.<\/li>\n<li>Tra\u015flay\u0131c\u0131, \u0131s\u0131t\u0131c\u0131ya destek olarak d\u0131\u015far\u0131dan gelecek etkilere kar\u015f\u0131 (darbe, su, vb.) korur.<\/li>\n<\/ul>\n<\/div><\/div><\/div><\/div><\/div><\/div><\/div><\/div><\/div><div class=\"w-tabs-section\" id=\"a318\"><button class=\"w-tabs-section-header with_icon\" aria-controls=\"content-a318\" aria-expanded=\"false\"><i class=\"fad fa-list\"><\/i><div class=\"w-tabs-section-title\">Teknik \u00d6zellikler<\/div><div class=\"w-tabs-section-control\"><\/div><\/button><div  class=\"w-tabs-section-content\" id=\"content-a318\"><div class=\"w-tabs-section-content-h i-cf\"><div class=\"wpb_text_column\"><div class=\"wpb_wrapper\"><div id=\"footable_parent_16487\"\n         class=\" footable_parent ninja_table_wrapper loading_ninja_table wp_table_data_press_parent semantic_ui \">\n                <table data-ninja_table_instance=\"ninja_table_instance_0\" data-footable_id=\"16487\" data-filter-delay=\"1000\" aria-label=\"Cnc W400m\"            id=\"footable_16487\"\n           data-unique_identifier=\"ninja_table_unique_id_2061446476_16487\"\n           class=\" foo-table ninja_footable foo_table_16487 ninja_table_unique_id_2061446476_16487 ui table  nt_type_legacy_table fixed selectable celled striped vertical_centered  footable-paging-right ninja_table_search_disabled ninja_table_pro\">\n                <colgroup>\n                            <col class=\"ninja_column_0 \">\n                            <col class=\"ninja_column_1 \">\n                    <\/colgroup>\n        <thead>\n<tr class=\"footable-header\">\n                                        <th scope=\"col\"  class=\"ninja_column_0 ninja_clmn_nm_teknikzelliklertechnicalspecifications \">Teknik \u00d6zellikler \/ Technical Specifications<\/th><th scope=\"col\"  class=\"ninja_column_1 ninja_clmn_nm_ninja_column_2 \"><\/th><\/tr>\n<\/thead>\n<tbody>\n\n        <tr data-row_id=\"946\" class=\"ninja_table_row_0 nt_row_id_946\">\n            <td>Kaynak \u00c7ap\u0131 \/ Welding Range<\/td><td>\u00d8 160 mm \u2013 \u00d8 400 mm (\u00d8160 mm, \u00d8180 mm, \u00d8200 mm, \u00d8225 mm, \u00d8250 mm, \u00d8280 mm, \u00d8315 mm, \u00d8355 mm, \u00d8400 mm)<\/td>        <\/tr>\n            <tr data-row_id=\"947\" class=\"ninja_table_row_1 nt_row_id_947\">\n            <td>Malzeme Cinsi \/ Pipe Types to Weld<\/td><td>PE \u2013 PP \u2013 PVDF<\/td>        <\/tr>\n            <tr data-row_id=\"948\" class=\"ninja_table_row_2 nt_row_id_948\">\n            <td>Boru Max. Bas\u0131n\u00e7 \/ Pipe Max. Pressure<\/td><td>PN32<\/td>        <\/tr>\n            <tr data-row_id=\"949\" class=\"ninja_table_row_3 nt_row_id_949\">\n            <td>Is\u0131t\u0131c\u0131 Elektrik G\u00fcc\u00fc \/ Heater Electric Power<\/td><td>220 V \u2013 4,5 kW<\/td>        <\/tr>\n            <tr data-row_id=\"950\" class=\"ninja_table_row_4 nt_row_id_950\">\n            <td>Tra\u015flay\u0131c\u0131 Elektrik G\u00fcc\u00fc \/ Trimmer Electric Power<\/td><td>220 V \u2013 1,1 kW<\/td>        <\/tr>\n            <tr data-row_id=\"951\" class=\"ninja_table_row_5 nt_row_id_951\">\n            <td>Hidrolik G\u00fcc\u00fc \/ Power of Hydraulic Unit<\/td><td>220 V \u2013 0,75 kW<\/td>        <\/tr>\n            <tr data-row_id=\"952\" class=\"ninja_table_row_6 nt_row_id_952\">\n            <td>Elektrik Sistemi \/ Electric System<\/td><td>Monofaze \/ Mono Phase<\/td>        <\/tr>\n            <tr data-row_id=\"953\" class=\"ninja_table_row_7 nt_row_id_953\">\n            <td>Toplam Elektrik Sarfiyat\u0131 \/ Total Electricity Consumption<\/td><td>7,35 kW<\/td>        <\/tr>\n            <tr data-row_id=\"954\" class=\"ninja_table_row_8 nt_row_id_954\">\n            <td>\u00c7al\u0131\u015fma Bas\u0131nc\u0131 \/ Operating Pressure<\/td><td>150 Bar<\/td>        <\/tr>\n            <tr data-row_id=\"955\" class=\"ninja_table_row_9 nt_row_id_955\">\n            <td>Gerekli Olan Jenerat\u00f6r G\u00fcc\u00fc \/ Required Generator Power<\/td><td>12 kVA<\/td>        <\/tr>\n            <tr data-row_id=\"956\" class=\"ninja_table_row_10 nt_row_id_956\">\n            <td>\u00c7al\u0131\u015fma S\u0131cakl\u0131\u011f\u0131 \/ Working Temperature<\/td><td>(-10 C\u00b0 ~ + 40 C\u00b0)<\/td>        <\/tr>\n            <tr data-row_id=\"957\" class=\"ninja_table_row_11 nt_row_id_957\">\n            <td>Hidrolik Ya\u011f\u0131 \/ Hydraulic Oil<\/td><td>Hydraulic 46 \/ 4 lt<\/td>        <\/tr>\n            <tr data-row_id=\"958\" class=\"ninja_table_row_12 nt_row_id_958\">\n            <td colspan=\"2\"><b>\u0130\u00e7indekiler \/ Content<\/b><\/td><td class=\"ninja_temp_cell\"><\/td>        <\/tr>\n            <tr data-row_id=\"959\" class=\"ninja_table_row_13 nt_row_id_959\">\n            <td>Kullanma Klavuzu \/ User Manual<\/td><td>1 ad\/ pcs<\/td>        <\/tr>\n            <tr data-row_id=\"960\" class=\"ninja_table_row_14 nt_row_id_960\">\n            <td>Ana G\u00f6vde \/ Main Body<\/td><td>1 ad\/ pcs<\/td>        <\/tr>\n            <tr data-row_id=\"961\" class=\"ninja_table_row_15 nt_row_id_961\">\n            <td>Tra\u015flya\u0131c\u0131 \/ Trimmer<\/td><td>1 ad\/ pcs<\/td>        <\/tr>\n            <tr data-row_id=\"962\" class=\"ninja_table_row_16 nt_row_id_962\">\n            <td>Is\u0131t\u0131c\u0131 \/ Heater<\/td><td>1 ad\/ pcs<\/td>        <\/tr>\n            <tr data-row_id=\"963\" class=\"ninja_table_row_17 nt_row_id_963\">\n            <td>Muhafaza ve Destek Kutusu \/ Protective Casing<\/td><td>1 ad\/ pcs<\/td>        <\/tr>\n            <tr data-row_id=\"964\" class=\"ninja_table_row_18 nt_row_id_964\">\n            <td>Pafta \/ Stuffer<\/td><td>32 ad\/ pcs<\/td>        <\/tr>\n            <tr data-row_id=\"965\" class=\"ninja_table_row_19 nt_row_id_965\">\n            <td>Tak\u0131m \u00c7antas\u0131 \/ Tool Bag<\/td><td>1 ad \/ pcs<\/td>        <\/tr>\n            <tr data-row_id=\"966\" class=\"ninja_table_row_20 nt_row_id_966\">\n            <td>Paketleme Detaylar\u0131 \/ Packaging Details<\/td><td><\/td>        <\/tr>\n            <tr data-row_id=\"967\" class=\"ninja_table_row_21 nt_row_id_967\">\n            <td>Ambalaj\u0131n Cinsi \/ Type of Package<\/td><td>Tahta Sand\u0131k \/ Wooden Case<\/td>        <\/tr>\n            <tr data-row_id=\"968\" class=\"ninja_table_row_22 nt_row_id_968\">\n            <td>Kap Adedi \/ Number of Packages<\/td><td>1 paket \/ pack<\/td>        <\/tr>\n            <tr data-row_id=\"969\" class=\"ninja_table_row_23 nt_row_id_969\">\n            <td>Ebatlar \/ Dimensions<\/td><td>1,28 x 1,36 x 1,20<\/td>        <\/tr>\n            <tr data-row_id=\"970\" class=\"ninja_table_row_24 nt_row_id_970\">\n            <td>Toplam Hacim \/ Total Volume<\/td><td>2,10 m3<\/td>        <\/tr>\n            <tr data-row_id=\"971\" class=\"ninja_table_row_25 nt_row_id_971\">\n            <td>Toplam Net A\u011f\u0131rl\u0131k \/ Total Net Weight<\/td><td>360 kg<\/td>        <\/tr>\n            <tr data-row_id=\"972\" class=\"ninja_table_row_26 nt_row_id_972\">\n            <td>Toplam Br\u00fct A\u011f\u0131rl\u0131k \/ Total Gross Weight<\/td><td>450 kg<\/td>        <\/tr>\n            <tr data-row_id=\"973\" class=\"ninja_table_row_27 nt_row_id_973\">\n            <td colspan=\"2\"><b>Paketleme Detaylar\u0131 \/ Packaging Details<\/b><\/td><td class=\"ninja_temp_cell\"><\/td>        <\/tr>\n            <tr data-row_id=\"974\" class=\"ninja_table_row_28 nt_row_id_974\">\n            <td>Ambalaj\u0131n Cinsi \/ Type of Package<\/td><td>Tahta Sand\u0131k \/ Wooden Case<\/td>        <\/tr>\n            <tr data-row_id=\"975\" class=\"ninja_table_row_29 nt_row_id_975\">\n            <td>Kap Adedi \/ Number of Packages<\/td><td>1 paket \/ pack<\/td>        <\/tr>\n            <tr data-row_id=\"976\" class=\"ninja_table_row_30 nt_row_id_976\">\n            <td>Ebatlar \/ Dimensions<\/td><td>1,26 x 1,30 x 1,21<\/td>        <\/tr>\n            <tr data-row_id=\"977\" class=\"ninja_table_row_31 nt_row_id_977\">\n            <td>Toplam Hacim \/ Total Volume<\/td><td>1,98 m3<\/td>        <\/tr>\n            <tr data-row_id=\"978\" class=\"ninja_table_row_32 nt_row_id_978\">\n            <td>Toplam Net A\u011f\u0131rl\u0131k \/ Total Net Weight<\/td><td>364 kg<\/td>        <\/tr>\n            <tr data-row_id=\"979\" class=\"ninja_table_row_33 nt_row_id_979\">\n            <td>Toplam Br\u00fct A\u011f\u0131rl\u0131k \/ Total Gross Weight<\/td><td>428 kg<\/td>        <\/tr>\n    <\/tbody><!--ninja_tobody_rendering_done-->\n    <\/table>\n    \n    \n    \n<\/div>\n\n<\/div><\/div><\/div><\/div><\/div><div class=\"w-tabs-section\" id=\"e540\"><button class=\"w-tabs-section-header with_icon\" aria-controls=\"content-e540\" aria-expanded=\"false\"><i class=\"fad fa-file-pdf\"><\/i><div class=\"w-tabs-section-title\">Kullan\u0131m K\u0131lavuzu<\/div><div class=\"w-tabs-section-control\"><\/div><\/button><div  class=\"w-tabs-section-content\" id=\"content-e540\"><div class=\"w-tabs-section-content-h i-cf\"><div class=\"w-separator size_medium\"><\/div><\/div><\/div><\/div><\/div><\/div><\/div><\/div><\/div><\/div><\/div><\/section>\n","protected":false},"excerpt":{"rendered":"<p>32 Bar\u2019a kadar PE \u2013 PP \u2013 PVDF boru ve fittings\u2019lerin 160 \u2013 180 \u2013 200 \u2013 225 \u2013 250 \u2013 280 \u2013 315 \u2013 355 \u2013 400 mm \u00e7aplar\u0131n\u0131n kayna\u011f\u0131nda kullan\u0131l\u0131r.<br \/>\nISO 12176 \u2013 1 uluslararas\u0131 standartlara uygun olarak operasyonel en k\u0131sa kuruluma sahip, g\u00fc\u00e7l\u00fc, kolay ve seri kaynak imkan\u0131 sa\u011flar.<br \/>\nHafif yap\u0131s\u0131 sayesinde kolay kullan\u0131m imkan\u0131 sa\u011flar.<br \/>\nMaksimum \u00e7al\u0131\u015fma bas\u0131nc\u0131 150 Bar olarak dizayn edilmi\u015ftir.<br \/>\n-10 C\u00b0 ~+40 C\u00b0 ortam s\u0131cakl\u0131\u011f\u0131nda \u00e7al\u0131\u015ft\u0131r\u0131lmaya uygundur.<\/p>\n","protected":false},"featured_media":10608,"comment_status":"open","ping_status":"closed","template":"","meta":[],"product_cat":[114],"product_tag":[],"_links":{"self":[{"href":"https:\/\/www.elborweltech.com\/tr\/wp-json\/wp\/v2\/product\/13505"}],"collection":[{"href":"https:\/\/www.elborweltech.com\/tr\/wp-json\/wp\/v2\/product"}],"about":[{"href":"https:\/\/www.elborweltech.com\/tr\/wp-json\/wp\/v2\/types\/product"}],"replies":[{"embeddable":true,"href":"https:\/\/www.elborweltech.com\/tr\/wp-json\/wp\/v2\/comments?post=13505"}],"wp:featuredmedia":[{"embeddable":true,"href":"https:\/\/www.elborweltech.com\/tr\/wp-json\/wp\/v2\/media\/10608"}],"wp:attachment":[{"href":"https:\/\/www.elborweltech.com\/tr\/wp-json\/wp\/v2\/media?parent=13505"}],"wp:term":[{"taxonomy":"product_cat","embeddable":true,"href":"https:\/\/www.elborweltech.com\/tr\/wp-json\/wp\/v2\/product_cat?post=13505"},{"taxonomy":"product_tag","embeddable":true,"href":"https:\/\/www.elborweltech.com\/tr\/wp-json\/wp\/v2\/product_tag?post=13505"}],"curies":[{"name":"wp","href":"https:\/\/api.w.org\/{rel}","templated":true}]}}