{"id":13615,"date":"2020-09-28T23:52:04","date_gmt":"2020-09-28T20:52:04","guid":{"rendered":"https:\/\/www.elborweltech.com\/?post_type=product&#038;p=13615"},"modified":"2022-11-11T11:33:56","modified_gmt":"2022-11-11T08:33:56","slug":"we630-plastik-boru-hidrolik-alin-kaynak-dirsek-makinesi","status":"publish","type":"product","link":"https:\/\/www.elborweltech.com\/tr\/urun\/we630-plastik-boru-hidrolik-alin-kaynak-dirsek-makinesi\/","title":{"rendered":"WE630 Plastik Boru Hidrolik Al\u0131n Kaynak &#038; Dirsek Makinesi"},"content":{"rendered":"<section class=\"l-section wpb_row height_auto\"><div class=\"l-section-h i-cf\"><div class=\"g-cols vc_row via_flex valign_top type_default stacking_default\"><div class=\"vc_col-sm-12 wpb_column vc_column_container\"><div class=\"vc_column-inner\"><div class=\"wpb_wrapper\"><div class=\"w-tabs layout_hor style_trendy switch_click has_scrolling\" style=\"--sections-title-size:1em\"><div class=\"w-tabs-list items_3 align_none\"><div class=\"w-tabs-list-h\"><button class=\"w-tabs-item active with_icon\" aria-controls=\"content-n22f\" aria-expanded=\"false\"><i class=\"fad fa-file-alt\"><\/i><span class=\"w-tabs-item-title\">Genel \u00d6zellikler<\/span><\/button><button class=\"w-tabs-item with_icon\" aria-controls=\"content-oa6c\" aria-expanded=\"false\"><i class=\"fad fa-list\"><\/i><span class=\"w-tabs-item-title\">Teknik \u00d6zellikler<\/span><\/button><a class=\"w-tabs-item with_icon\" aria-controls=\"content-sdad\" aria-expanded=\"false\" href=\"https:\/\/www.elborweltech.com\/wp-content\/uploads\/2020\/09\/OK-W630-ELBOW-MACHINE-USER-MANUEL.pdf\"><i class=\"fad fa-file-pdf\"><\/i><span class=\"w-tabs-item-title\">Kullan\u0131m K\u0131lavuzu<\/span><\/a><\/div><\/div><div class=\"w-tabs-sections titles-align_none icon_chevron cpos_right\"><div class=\"w-tabs-section active\" id=\"n22f\"><button class=\"w-tabs-section-header active with_icon\" aria-controls=\"content-n22f\" aria-expanded=\"true\"><i class=\"fad fa-file-alt\"><\/i><div class=\"w-tabs-section-title\">Genel \u00d6zellikler<\/div><div class=\"w-tabs-section-control\"><\/div><\/button><div  class=\"w-tabs-section-content\" id=\"content-n22f\"><div class=\"w-tabs-section-content-h i-cf\"><div class=\"g-cols wpb_row via_flex valign_top type_default stacking_default\"><div class=\"vc_col-sm-6 wpb_column vc_column_container\"><div class=\"vc_column-inner\"><div class=\"wpb_wrapper\"><div class=\"w-image style_shadow-2 align_none\"><div url class=\"w-image-h\"><div class=\"w-image-shadow\" style=\"background-image:url(https:\/\/www.elborweltech.com\/wp-content\/uploads\/2020\/09\/acili_2.jpg);\"><\/div><img width=\"800\" height=\"613\" src=\"https:\/\/www.elborweltech.com\/wp-content\/uploads\/2020\/09\/acili_2.jpg\" class=\"attachment-full size-full\" alt=\"\" decoding=\"async\" loading=\"lazy\" srcset=\"https:\/\/www.elborweltech.com\/wp-content\/uploads\/2020\/09\/acili_2.jpg 800w, https:\/\/www.elborweltech.com\/wp-content\/uploads\/2020\/09\/acili_2-300x230.jpg 300w, https:\/\/www.elborweltech.com\/wp-content\/uploads\/2020\/09\/acili_2-522x400.jpg 522w, https:\/\/www.elborweltech.com\/wp-content\/uploads\/2020\/09\/acili_2-470x360.jpg 470w, https:\/\/www.elborweltech.com\/wp-content\/uploads\/2020\/09\/acili_2-84x64.jpg 84w\" sizes=\"(max-width: 800px) 100vw, 800px\"><\/div><\/div><\/div><\/div><\/div><div class=\"vc_col-sm-6 wpb_column vc_column_container\"><div class=\"vc_column-inner\"><div class=\"wpb_wrapper\"><h4 class=\"w-text\"><span url class=\"w-text-h\"><span class=\"w-text-value\">WE630 Al\u0131n Kaynak Makine G\u00f6vdesi<\/span><\/span><\/h4><div class=\"w-separator size_small\"><\/div><div class=\"wpb_text_column\"><div class=\"wpb_wrapper\"><p>Ana g\u00f6vde, \u00fczerinde bulunan ortada bulunan Bir adet hareketli ve Bir adet sabit kelep\u00e7elere istenen A\u00e7\u0131l\u0131 Paftalar ba\u011flanm\u0131\u015f halde kaynak i\u015flemi yap\u0131lacak plastik borulara destek olarak, sabitlenmesini ve merkezlenmesini sa\u011flamaktad\u0131r.<\/p>\n<p>Sisteme hidrolik bas\u0131n\u00e7 kuvveti uygulan\u0131r. Ta\u015f\u0131y\u0131c\u0131 mil \u00fczerinde bulunan iki adet piston ile bu kuvvet hareketli kelep\u00e7eleri ileri ve geri y\u00f6nlendirerek, kaynak i\u015fleminin ger\u00e7ekle\u015fmesi i\u00e7in gereken hareketi sa\u011flar.<\/p>\n<\/div><\/div><\/div><\/div><\/div><\/div><div class=\"w-separator size_small with_line width_default thick_1 style_solid color_border align_center\"><div class=\"w-separator-h\"><\/div><\/div><div class=\"g-cols wpb_row via_flex valign_top type_default stacking_default\"><div class=\"vc_col-sm-6 wpb_column vc_column_container\"><div class=\"vc_column-inner\"><div class=\"wpb_wrapper\"><div class=\"w-image style_shadow-2 align_none\"><div url class=\"w-image-h\"><div class=\"w-image-shadow\" style=\"background-image:url(https:\/\/www.elborweltech.com\/wp-content\/uploads\/2020\/07\/elbor-w630-polietilen-boru-alin-kaynak-makinasi-other-2.jpg);\"><\/div><img width=\"800\" height=\"506\" src=\"https:\/\/www.elborweltech.com\/wp-content\/uploads\/2020\/07\/elbor-w630-polietilen-boru-alin-kaynak-makinasi-other-2.jpg\" class=\"attachment-full size-full\" alt=\"\" decoding=\"async\" loading=\"lazy\" srcset=\"https:\/\/www.elborweltech.com\/wp-content\/uploads\/2020\/07\/elbor-w630-polietilen-boru-alin-kaynak-makinasi-other-2.jpg 800w, https:\/\/www.elborweltech.com\/wp-content\/uploads\/2020\/07\/elbor-w630-polietilen-boru-alin-kaynak-makinasi-other-2-300x190.jpg 300w, https:\/\/www.elborweltech.com\/wp-content\/uploads\/2020\/07\/elbor-w630-polietilen-boru-alin-kaynak-makinasi-other-2-600x380.jpg 600w, https:\/\/www.elborweltech.com\/wp-content\/uploads\/2020\/07\/elbor-w630-polietilen-boru-alin-kaynak-makinasi-other-2-569x360.jpg 569w\" sizes=\"(max-width: 800px) 100vw, 800px\"><\/div><\/div><\/div><\/div><\/div><div class=\"vc_col-sm-6 wpb_column vc_column_container\"><div class=\"vc_column-inner\"><div class=\"wpb_wrapper\"><h4 class=\"w-text\"><span url class=\"w-text-h\"><span class=\"w-text-value\">WE630 Al\u0131n Kaynak Makine Tra\u015flay\u0131c\u0131s\u0131<\/span><\/span><\/h4><div class=\"w-separator size_small\"><\/div><div class=\"wpb_text_column\"><div class=\"wpb_wrapper\"><p>Sa\u011f ve sol taraf\u0131nda bulunan iki d\u00f6ner kanat ve bu kanatlar \u00fczerinde bulunan kesici b\u0131\u00e7aklar ile ana g\u00f6vde \u00fczerine sabitlenmi\u015f ve merkezlenmi\u015f borular\u0131n, \u0131s\u0131tma i\u015fleminden \u00f6nce al\u0131n temizli\u011fini yapan ve \u0131s\u0131tmaya haz\u0131r hale getiren al\u0131n kaynak makinas\u0131 eleman\u0131d\u0131r.<\/p>\n<p>Tra\u015flay\u0131c\u0131n\u0131n d\u00f6ner hareketi, \u00fczerinde bulunan motor ve red\u00fckt\u00f6r grubu taraf\u0131ndan sa\u011flan\u0131r.<\/p>\n<p>W500 Al\u0131n Kaynak Makinesi tra\u015flama \u00fcnitesi \u00e7apaks\u0131z ve birbirine paralel boru y\u00fczeyleri olu\u015fturur.<\/p>\n<\/div><\/div><\/div><\/div><\/div><\/div><div class=\"w-separator size_small with_line width_default thick_1 style_solid color_border align_center\"><div class=\"w-separator-h\"><\/div><\/div><div class=\"g-cols wpb_row via_flex valign_top type_default stacking_default\"><div class=\"vc_col-sm-6 wpb_column vc_column_container\"><div class=\"vc_column-inner\"><div class=\"wpb_wrapper\"><div class=\"w-image style_shadow-2 align_none\"><div url class=\"w-image-h\"><div class=\"w-image-shadow\" style=\"background-image:url(https:\/\/www.elborweltech.com\/wp-content\/uploads\/2020\/07\/elbor-w630-polietilen-boru-alin-kaynak-makinasi-other-3.jpg);\"><\/div><img width=\"800\" height=\"506\" src=\"https:\/\/www.elborweltech.com\/wp-content\/uploads\/2020\/07\/elbor-w630-polietilen-boru-alin-kaynak-makinasi-other-3.jpg\" class=\"attachment-full size-full\" alt=\"\" decoding=\"async\" loading=\"lazy\" srcset=\"https:\/\/www.elborweltech.com\/wp-content\/uploads\/2020\/07\/elbor-w630-polietilen-boru-alin-kaynak-makinasi-other-3.jpg 800w, https:\/\/www.elborweltech.com\/wp-content\/uploads\/2020\/07\/elbor-w630-polietilen-boru-alin-kaynak-makinasi-other-3-300x190.jpg 300w, https:\/\/www.elborweltech.com\/wp-content\/uploads\/2020\/07\/elbor-w630-polietilen-boru-alin-kaynak-makinasi-other-3-600x380.jpg 600w, https:\/\/www.elborweltech.com\/wp-content\/uploads\/2020\/07\/elbor-w630-polietilen-boru-alin-kaynak-makinasi-other-3-569x360.jpg 569w\" sizes=\"(max-width: 800px) 100vw, 800px\"><\/div><\/div><\/div><\/div><\/div><div class=\"vc_col-sm-6 wpb_column vc_column_container\"><div class=\"vc_column-inner\"><div class=\"wpb_wrapper\"><h4 class=\"w-text\"><span url class=\"w-text-h\"><span class=\"w-text-value\">WE630 Al\u0131n Kaynak Makine Is\u0131t\u0131s\u0131c\u0131<\/span><\/span><\/h4><div class=\"w-separator size_small\"><\/div><div class=\"wpb_text_column\"><div class=\"wpb_wrapper\"><p>Tra\u015flama i\u015flemi ile istenilen p\u00fcr\u00fczl\u00fcl\u00fc\u011fe getirilen boru al\u0131n y\u00fczeylerini \u0131s\u0131tma plakas\u0131yla \u0131s\u0131tarak birle\u015ftirme i\u015flemine haz\u0131rlayan al\u0131n kaynak makinesi eleman\u0131d\u0131r.<\/p>\n<p>Is\u0131t\u0131c\u0131n\u0131n \u0131s\u0131 derece ayar\u0131 \u0131s\u0131t\u0131c\u0131 plakas\u0131 \u00fczerinde bulunan dijital \u0131s\u0131 ayar termostat\u0131 ile yap\u0131lmaktad\u0131r.<\/p>\n<\/div><\/div><\/div><\/div><\/div><\/div><div class=\"w-separator size_small with_line width_default thick_1 style_solid color_border align_center\"><div class=\"w-separator-h\"><\/div><\/div><div class=\"g-cols wpb_row via_flex valign_top type_default stacking_default\"><div class=\"vc_col-sm-6 wpb_column vc_column_container\"><div class=\"vc_column-inner\"><div class=\"wpb_wrapper\"><div class=\"w-image style_shadow-2 align_none\"><div url class=\"w-image-h\"><div class=\"w-image-shadow\" style=\"background-image:url(https:\/\/www.elborweltech.com\/wp-content\/uploads\/2020\/07\/elbor-w500-polietilen-boru-alin-kaynak-makinasi-other-4.jpg);\"><\/div><img width=\"800\" height=\"506\" src=\"https:\/\/www.elborweltech.com\/wp-content\/uploads\/2020\/07\/elbor-w500-polietilen-boru-alin-kaynak-makinasi-other-4.jpg\" class=\"attachment-full size-full\" alt=\"\" decoding=\"async\" loading=\"lazy\" srcset=\"https:\/\/www.elborweltech.com\/wp-content\/uploads\/2020\/07\/elbor-w500-polietilen-boru-alin-kaynak-makinasi-other-4.jpg 800w, https:\/\/www.elborweltech.com\/wp-content\/uploads\/2020\/07\/elbor-w500-polietilen-boru-alin-kaynak-makinasi-other-4-300x190.jpg 300w, https:\/\/www.elborweltech.com\/wp-content\/uploads\/2020\/07\/elbor-w500-polietilen-boru-alin-kaynak-makinasi-other-4-600x380.jpg 600w, https:\/\/www.elborweltech.com\/wp-content\/uploads\/2020\/07\/elbor-w500-polietilen-boru-alin-kaynak-makinasi-other-4-569x360.jpg 569w\" sizes=\"(max-width: 800px) 100vw, 800px\"><\/div><\/div><\/div><\/div><\/div><div class=\"vc_col-sm-6 wpb_column vc_column_container\"><div class=\"vc_column-inner\"><div class=\"wpb_wrapper\"><h4 class=\"w-text\"><span url class=\"w-text-h\"><span class=\"w-text-value\">WE630 Al\u0131n Kaynak Makine Hidrolik ve Elektrik Kontrol \u00dcnitesi<\/span><\/span><\/h4><div class=\"w-separator size_small\"><\/div><div class=\"wpb_text_column\"><div class=\"wpb_wrapper\"><p>Elektrik ve hidrolik kontrol \u00fcnitesi; makinenin \u00e7al\u0131\u015fmas\u0131 i\u00e7in gerekli olan elektri\u011fi \u0131s\u0131t\u0131c\u0131 ve tra\u015flay\u0131c\u0131ya hidrolik bas\u0131nc\u0131 ise ana makineye; kontrol \u00fcnitesi el kumandas\u0131 vas\u0131tas\u0131 ile \u00e7al\u0131\u015ft\u0131r\u0131l\u0131r.<\/p>\n<p>El kumandas\u0131n\u0131n \u00fczerinde d\u00f6rt buton ve bir anahtar vard\u0131r. Butonlar hareketli k\u0131ska\u00e7lar\u0131 ileri ve geri hareket, anahtar ise tra\u015flay\u0131c\u0131y\u0131 \u00e7al\u0131\u015ft\u0131r\u0131r.<\/p>\n<\/div><\/div><\/div><\/div><\/div><\/div><div class=\"w-separator size_small with_line width_default thick_1 style_solid color_border align_center\"><div class=\"w-separator-h\"><\/div><\/div><div class=\"g-cols wpb_row via_flex valign_top type_default stacking_default\"><div class=\"vc_col-sm-6 wpb_column vc_column_container\"><div class=\"vc_column-inner\"><div class=\"wpb_wrapper\"><div class=\"w-image style_shadow-2 align_none\"><div url class=\"w-image-h\"><div class=\"w-image-shadow\" style=\"background-image:url(https:\/\/www.elborweltech.com\/wp-content\/uploads\/2020\/07\/elbor-w500-polietilen-boru-alin-kaynak-makinasi-other-5.jpg);\"><\/div><img width=\"800\" height=\"506\" src=\"https:\/\/www.elborweltech.com\/wp-content\/uploads\/2020\/07\/elbor-w500-polietilen-boru-alin-kaynak-makinasi-other-5.jpg\" class=\"attachment-full size-full\" alt=\"\" decoding=\"async\" loading=\"lazy\" srcset=\"https:\/\/www.elborweltech.com\/wp-content\/uploads\/2020\/07\/elbor-w500-polietilen-boru-alin-kaynak-makinasi-other-5.jpg 800w, https:\/\/www.elborweltech.com\/wp-content\/uploads\/2020\/07\/elbor-w500-polietilen-boru-alin-kaynak-makinasi-other-5-300x190.jpg 300w, https:\/\/www.elborweltech.com\/wp-content\/uploads\/2020\/07\/elbor-w500-polietilen-boru-alin-kaynak-makinasi-other-5-600x380.jpg 600w, https:\/\/www.elborweltech.com\/wp-content\/uploads\/2020\/07\/elbor-w500-polietilen-boru-alin-kaynak-makinasi-other-5-569x360.jpg 569w\" sizes=\"(max-width: 800px) 100vw, 800px\"><\/div><\/div><\/div><\/div><\/div><div class=\"vc_col-sm-6 wpb_column vc_column_container\"><div class=\"vc_column-inner\"><div class=\"wpb_wrapper\"><h4 class=\"w-text\"><span url class=\"w-text-h\"><span class=\"w-text-value\">WE630 Al\u0131n Kaynak Makine Muhafaza Kutusu<\/span><\/span><\/h4><div class=\"w-separator size_small\"><\/div><div class=\"wpb_text_column\"><div class=\"wpb_wrapper\"><p>Muhafaza ve destek kutusu, \u0131s\u0131t\u0131c\u0131n\u0131n \u0131s\u0131 kayb\u0131n\u0131 \u00f6nler ve t\u0131ra\u015flay\u0131c\u0131, \u0131s\u0131t\u0131c\u0131ya destek olarak d\u0131\u015far\u0131dan gelecek etkilere kar\u015f\u0131 (darbe, su, vb.) korur.<\/p>\n<\/div><\/div><\/div><\/div><\/div><\/div><\/div><\/div><\/div><div class=\"w-tabs-section\" id=\"oa6c\"><button class=\"w-tabs-section-header with_icon\" aria-controls=\"content-oa6c\" aria-expanded=\"false\"><i class=\"fad fa-list\"><\/i><div class=\"w-tabs-section-title\">Teknik \u00d6zellikler<\/div><div class=\"w-tabs-section-control\"><\/div><\/button><div  class=\"w-tabs-section-content\" id=\"content-oa6c\"><div class=\"w-tabs-section-content-h i-cf\"><div class=\"wpb_text_column\"><div class=\"wpb_wrapper\"><div id=\"footable_parent_16474\"\n         class=\" footable_parent ninja_table_wrapper loading_ninja_table wp_table_data_press_parent semantic_ui \">\n                <table data-ninja_table_instance=\"ninja_table_instance_0\" data-footable_id=\"16474\" data-filter-delay=\"1000\" aria-label=\"WE630 - Sayfa1.csv\"            id=\"footable_16474\"\n           data-unique_identifier=\"ninja_table_unique_id_1277476004_16474\"\n           class=\" foo-table ninja_footable foo_table_16474 ninja_table_unique_id_1277476004_16474 ui table  nt_type_legacy_table fixed selectable celled striped vertical_centered  footable-paging-right ninja_table_search_disabled ninja_table_pro\">\n                <colgroup>\n                            <col class=\"ninja_column_0 \">\n                            <col class=\"ninja_column_1 \">\n                    <\/colgroup>\n        <thead>\n<tr class=\"footable-header\">\n                                <th scope=\"col\" colspan=\"2\" class=\"ninja_column_0 ninja_clmn_nm_teknikzelliklertechnicalspecifications \">Teknik \u00d6zellikler \/ Technical Specifications<\/th><td class=\"ninja_temp_cell\"><\/td><\/tr>\n<\/thead>\n<tbody>\n\n        <tr data-row_id=\"595\" class=\"ninja_table_row_0 nt_row_id_595\">\n            <td>Kaynak \u00c7ap\u0131 \/ Welding Range<\/td><td>\u00d8 315 mm \u2013 \u00d8 630 mm\n(\u00d8315 mm, \u00d8355 mm, \u00d8400 mm, \u00d8450 mm, \u00d8500 mm, \u00d8560 mm.\n30\u00b0,45\u00b0,60\u00b0,90\u00b0 Dirsek\/Elbow \u00d8630 mm Boru\/Pipe)<\/td>        <\/tr>\n            <tr data-row_id=\"596\" class=\"ninja_table_row_1 nt_row_id_596\">\n            <td>Malzeme Cinsi \/ Pipe Types to Weld<\/td><td>PE \u2013 PP \u2013 PVDF<\/td>        <\/tr>\n            <tr data-row_id=\"597\" class=\"ninja_table_row_2 nt_row_id_597\">\n            <td>Boru Max. Bas\u0131n\u00e7 \/ Pipe Max. Pressure<\/td><td>PN32<\/td>        <\/tr>\n            <tr data-row_id=\"598\" class=\"ninja_table_row_3 nt_row_id_598\">\n            <td>Is\u0131t\u0131c\u0131 Elektrik G\u00fcc\u00fc \/ Heater Electric Power<\/td><td>380 V \u2013 7,5 kW<\/td>        <\/tr>\n            <tr data-row_id=\"599\" class=\"ninja_table_row_4 nt_row_id_599\">\n            <td>Tra\u015flay\u0131c\u0131 Elektrik G\u00fcc\u00fc \/ Trimmer Electric Power<\/td><td>380 V \u2013 2,2 kW<\/td>        <\/tr>\n            <tr data-row_id=\"600\" class=\"ninja_table_row_5 nt_row_id_600\">\n            <td>Hidrolik G\u00fcc\u00fc \/ Power of Hydraulic Unit<\/td><td>380 V \u2013 1,5 kW<\/td>        <\/tr>\n            <tr data-row_id=\"601\" class=\"ninja_table_row_6 nt_row_id_601\">\n            <td>Elektrik Sistemi \/ Electric System<\/td><td>Trifaze \/ Triple Phase<\/td>        <\/tr>\n            <tr data-row_id=\"602\" class=\"ninja_table_row_7 nt_row_id_602\">\n            <td>Toplam Elektrik Sarfiyat\u0131 \/ Total Electricity Consumption<\/td><td>11,20 kW<\/td>        <\/tr>\n            <tr data-row_id=\"603\" class=\"ninja_table_row_8 nt_row_id_603\">\n            <td>\u00c7al\u0131\u015fma Bas\u0131nc\u0131 \/ Operating Pressure<\/td><td>150 Bar<\/td>        <\/tr>\n            <tr data-row_id=\"604\" class=\"ninja_table_row_9 nt_row_id_604\">\n            <td>Gerekli Olan Jenerat\u00f6r G\u00fcc\u00fc \/ Required Generator Power<\/td><td>15 kVA<\/td>        <\/tr>\n            <tr data-row_id=\"605\" class=\"ninja_table_row_10 nt_row_id_605\">\n            <td>\u00c7al\u0131\u015fma S\u0131cakl\u0131\u011f\u0131 \/ Working Temperature<\/td><td>(-10 C\u00b0 ~ + 40 C\u00b0)<\/td>        <\/tr>\n            <tr data-row_id=\"606\" class=\"ninja_table_row_11 nt_row_id_606\">\n            <td>Hidrolik Ya\u011f\u0131 \/ Hydraulic Oil<\/td><td>Hydraulic 46 \/ 4 lt<\/td>        <\/tr>\n            <tr data-row_id=\"607\" class=\"ninja_table_row_12 nt_row_id_607\">\n            <td colspan=\"2\"><b>\u0130\u00e7indekiler \/ Content<\/b><\/td><td class=\"ninja_temp_cell\"><\/td>        <\/tr>\n            <tr data-row_id=\"608\" class=\"ninja_table_row_13 nt_row_id_608\">\n            <td>Kullanma Klavuzu \/ User Manual<\/td><td>1 ad\/ pcs<\/td>        <\/tr>\n            <tr data-row_id=\"609\" class=\"ninja_table_row_14 nt_row_id_609\">\n            <td>Ana G\u00f6vde \/ Main Body<\/td><td>1 ad\/ pcs<\/td>        <\/tr>\n            <tr data-row_id=\"610\" class=\"ninja_table_row_15 nt_row_id_610\">\n            <td>Tra\u015flya\u0131c\u0131 \/ Trimmer<\/td><td>1 ad\/ pcs<\/td>        <\/tr>\n            <tr data-row_id=\"611\" class=\"ninja_table_row_16 nt_row_id_611\">\n            <td>Is\u0131t\u0131c\u0131 \/ Heater<\/td><td>1 ad\/ pcs<\/td>        <\/tr>\n            <tr data-row_id=\"612\" class=\"ninja_table_row_17 nt_row_id_612\">\n            <td>Muhafaza ve Destek Kutusu \/ Protective Casing<\/td><td>1 ad\/ pcs<\/td>        <\/tr>\n            <tr data-row_id=\"613\" class=\"ninja_table_row_18 nt_row_id_613\">\n            <td>Pafta \/ Stuffer<\/td><td>96 ad\/ pcs<\/td>        <\/tr>\n            <tr data-row_id=\"614\" class=\"ninja_table_row_19 nt_row_id_614\">\n            <td>Tak\u0131m \u00c7antas\u0131 \/ Tool Bag<\/td><td>1 ad \/ pcs<\/td>        <\/tr>\n            <tr data-row_id=\"615\" class=\"ninja_table_row_20 nt_row_id_615\">\n            <td colspan=\"2\"><b>Paketeleme Detaylar\u0131 \/ Packaging Details<\/b><\/td><td class=\"ninja_temp_cell\"><\/td>        <\/tr>\n            <tr data-row_id=\"616\" class=\"ninja_table_row_21 nt_row_id_616\">\n            <td>Ambalaj\u0131n Cinsi \/ Type of Package<\/td><td>Tahta Sand\u0131k \/ Wooden Case<\/td>        <\/tr>\n            <tr data-row_id=\"617\" class=\"ninja_table_row_22 nt_row_id_617\">\n            <td>Kap Adedi \/ Number of Packages<\/td><td>2 paket \/ pack<\/td>        <\/tr>\n            <tr data-row_id=\"618\" class=\"ninja_table_row_23 nt_row_id_618\">\n            <td>Ebatlar \/ Dimensions<\/td><td>1,17 x 1,30 x 1,33\n1,06 x 0,66 x 1,42<\/td>        <\/tr>\n            <tr data-row_id=\"619\" class=\"ninja_table_row_24 nt_row_id_619\">\n            <td>Toplam Hacim \/ Total Volume<\/td><td>2,75 m3<\/td>        <\/tr>\n            <tr data-row_id=\"620\" class=\"ninja_table_row_25 nt_row_id_620\">\n            <td>Toplam Net A\u011f\u0131rl\u0131k \/ Total Net Weight<\/td><td>575 kg<\/td>        <\/tr>\n            <tr data-row_id=\"621\" class=\"ninja_table_row_26 nt_row_id_621\">\n            <td>Toplam Br\u00fct A\u011f\u0131rl\u0131k \/ Total Gross Weight<\/td><td>665 kg<\/td>        <\/tr>\n    <\/tbody><!--ninja_tobody_rendering_done-->\n    <\/table>\n    \n    \n    \n<\/div>\n\n<\/div><\/div><\/div><\/div><\/div><div class=\"w-tabs-section\" id=\"sdad\"><button class=\"w-tabs-section-header with_icon\" aria-controls=\"content-sdad\" aria-expanded=\"false\"><i class=\"fad fa-file-pdf\"><\/i><div class=\"w-tabs-section-title\">Kullan\u0131m K\u0131lavuzu<\/div><div class=\"w-tabs-section-control\"><\/div><\/button><div  class=\"w-tabs-section-content\" id=\"content-sdad\"><div class=\"w-tabs-section-content-h i-cf\"><div class=\"wpb_text_column\"><div class=\"wpb_wrapper\"><\/div><\/div><\/div><\/div><\/div><\/div><\/div><\/div><\/div><\/div><\/div><\/div><\/section>\n","protected":false},"excerpt":{"rendered":"<ul>\n<li>32 Bar\u2019a kadar PE \u2013 PP \u2013 PVDF Malzemeli 315-355-400-450-500-560 mm \u00e7aplarda 30\u00b0,45\u00b0,60\u00b0,90\u00b0 Plastik Dirsek imalat\u0131nda Kullan\u0131l\u0131r.<\/li>\n<li>ISO 12176 \u2013 1 uluslararas\u0131 standartlara uygun olarak operasyonel en k\u0131sa kuruluma sahip, g\u00fc\u00e7l\u00fc, kolay ve seri kaynak imkan\u0131 sa\u011flar.<\/li>\n<li>Hafif yap\u0131s\u0131 sayesinde kolay kullan\u0131m imkan\u0131 sa\u011flar.<\/li>\n<li>Maksimum \u00e7al\u0131\u015fma bas\u0131nc\u0131 150 Bar olarak dizayn edilmi\u015ftir.<\/li>\n<li>-10 C\u00b0 ~+40 C\u00b0 ortam s\u0131cakl\u0131\u011f\u0131nda \u00e7al\u0131\u015ft\u0131r\u0131lmaya uygundur.<\/li>\n<\/ul>\n","protected":false},"featured_media":14252,"comment_status":"open","ping_status":"closed","template":"","meta":[],"product_cat":[281],"product_tag":[],"_links":{"self":[{"href":"https:\/\/www.elborweltech.com\/tr\/wp-json\/wp\/v2\/product\/13615"}],"collection":[{"href":"https:\/\/www.elborweltech.com\/tr\/wp-json\/wp\/v2\/product"}],"about":[{"href":"https:\/\/www.elborweltech.com\/tr\/wp-json\/wp\/v2\/types\/product"}],"replies":[{"embeddable":true,"href":"https:\/\/www.elborweltech.com\/tr\/wp-json\/wp\/v2\/comments?post=13615"}],"wp:featuredmedia":[{"embeddable":true,"href":"https:\/\/www.elborweltech.com\/tr\/wp-json\/wp\/v2\/media\/14252"}],"wp:attachment":[{"href":"https:\/\/www.elborweltech.com\/tr\/wp-json\/wp\/v2\/media?parent=13615"}],"wp:term":[{"taxonomy":"product_cat","embeddable":true,"href":"https:\/\/www.elborweltech.com\/tr\/wp-json\/wp\/v2\/product_cat?post=13615"},{"taxonomy":"product_tag","embeddable":true,"href":"https:\/\/www.elborweltech.com\/tr\/wp-json\/wp\/v2\/product_tag?post=13615"}],"curies":[{"name":"wp","href":"https:\/\/api.w.org\/{rel}","templated":true}]}}