{"id":14520,"date":"2020-12-15T16:43:25","date_gmt":"2020-12-15T13:43:25","guid":{"rendered":"https:\/\/www.elborweltech.com\/?post_type=product&#038;p=14520"},"modified":"2022-11-09T13:44:08","modified_gmt":"2022-11-09T10:44:08","slug":"geomembran-kaynak-makinesi","status":"publish","type":"product","link":"https:\/\/www.elborweltech.com\/tr\/urun\/geomembran-kaynak-makinesi\/","title":{"rendered":"GEOMEMBRAN KAYNAK MAK\u0130NES\u0130"},"content":{"rendered":"<section class=\"l-section wpb_row height_custom\"><div class=\"l-section-h i-cf\"><div class=\"g-cols vc_row via_flex valign_top type_default stacking_default\"><div class=\"vc_col-sm-12 wpb_column vc_column_container\"><div class=\"vc_column-inner\"><div class=\"wpb_wrapper\"><div class=\"w-tabs layout_hor style_trendy switch_click has_scrolling\" style=\"--sections-title-size:1em\"><div class=\"w-tabs-list items_2 align_none\"><div class=\"w-tabs-list-h\"><button class=\"w-tabs-item active with_icon\" aria-controls=\"content-d5bc\" aria-expanded=\"false\"><i class=\"fas fa-file-alt\"><\/i><span class=\"w-tabs-item-title\">Teknik \u00d6zellikler<\/span><\/button><button class=\"w-tabs-item with_icon\" aria-controls=\"content-1607606444073-41a87b7f-55aa\" aria-expanded=\"false\"><i class=\"fas fa-file-pdf\"><\/i><span class=\"w-tabs-item-title\">Kullan\u0131m K\u0131lavuzu<\/span><\/button><\/div><\/div><div class=\"w-tabs-sections titles-align_none icon_chevron cpos_right\"><div class=\"w-tabs-section active\" id=\"d5bc\"><button class=\"w-tabs-section-header active with_icon\" aria-controls=\"content-d5bc\" aria-expanded=\"true\"><i class=\"fas fa-file-alt\"><\/i><div class=\"w-tabs-section-title\">Teknik \u00d6zellikler<\/div><div class=\"w-tabs-section-control\"><\/div><\/button><div  class=\"w-tabs-section-content\" id=\"content-d5bc\"><div class=\"w-tabs-section-content-h i-cf\"><div class=\"wpb_text_column\"><div class=\"wpb_wrapper\"><table>\n<tbody>\n<tr>\n<td width=\"197\">Voltage<\/td>\n<td width=\"174\">220 V<\/td>\n<\/tr>\n<tr>\n<td width=\"197\">Power Consumption<\/td>\n<td width=\"174\">\u00a01500 W<\/td>\n<\/tr>\n<tr>\n<td width=\"197\">Temperature<\/td>\n<td width=\"174\">\u00a00 \u2013 450 \u02daC<\/td>\n<\/tr>\n<tr>\n<td width=\"197\">Travel speed<\/td>\n<td width=\"174\">\u00a01.2\u2013 4 m\/min<\/td>\n<\/tr>\n<tr>\n<td width=\"197\">Material Thickness<\/td>\n<td width=\"174\">0.5 \u2013 3 mm<\/td>\n<\/tr>\n<tr>\n<td width=\"197\">Weight<\/td>\n<td width=\"174\">6.3 \u00a0kg<\/td>\n<\/tr>\n<tr>\n<td width=\"197\">Dimension<\/td>\n<td width=\"174\">300x220x200 mm<\/td>\n<\/tr>\n<\/tbody>\n<\/table>\n<\/div><\/div><\/div><\/div><\/div><div class=\"w-tabs-section\" id=\"1607606444073-41a87b7f-55aa\"><button class=\"w-tabs-section-header with_icon\" aria-controls=\"content-1607606444073-41a87b7f-55aa\" aria-expanded=\"false\"><i class=\"fas fa-file-pdf\"><\/i><div class=\"w-tabs-section-title\">Kullan\u0131m K\u0131lavuzu<\/div><div class=\"w-tabs-section-control\"><\/div><\/button><div  class=\"w-tabs-section-content\" id=\"content-1607606444073-41a87b7f-55aa\"><div class=\"w-tabs-section-content-h i-cf\"><div class=\"w-html\"><div class=\"_df_book df-lite\" id=\"df_16742\"  _slug=\"wac100-wedge\" data-title=\"wac100-wedge\" wpoptions=\"true\" thumbtype=\"\" ><\/div><script class=\"df-shortcode-script\" nowprocket type=\"application\/javascript\">window.option_df_16742 = {\"outline\":[],\"autoEnableOutline\":\"false\",\"autoEnableThumbnail\":\"false\",\"overwritePDFOutline\":\"false\",\"direction\":\"1\",\"pageSize\":\"0\",\"source\":\"https:\\\/\\\/www.elborweltech.com\\\/wp-content\\\/uploads\\\/2020\\\/12\\\/WAC100-WEDGE-WELDER-ROBOT-MANUEL.pdf\",\"wpOptions\":\"true\"}; if(window.DFLIP && window.DFLIP.parseBooks){window.DFLIP.parseBooks();}<\/script><\/div><\/div><\/div><\/div><\/div><\/div><\/div><\/div><\/div><\/div><\/div><\/section>\n","protected":false},"excerpt":{"rendered":"<ul>\n<li>K\u00fc\u00e7\u00fck ve hafif<\/li>\n<li>Y\u00fcksek h\u0131zl\u0131 kaynak\u00e7\u0131<\/li>\n<li>\u00c7al\u0131\u015ft\u0131rmas\u0131 kolay<\/li>\n<li>Y\u00fcksek kaynak kalitesi<\/li>\n<li>S\u0131cakl\u0131k ve h\u0131z\u0131n dijital g\u00f6stergesi<\/li>\n<li>Kapal\u0131 d\u00f6ng\u00fc kontrol sistemi<\/li>\n<\/ul>\n","protected":false},"featured_media":14551,"comment_status":"open","ping_status":"closed","template":"","meta":[],"product_cat":[277],"product_tag":[],"_links":{"self":[{"href":"https:\/\/www.elborweltech.com\/tr\/wp-json\/wp\/v2\/product\/14520"}],"collection":[{"href":"https:\/\/www.elborweltech.com\/tr\/wp-json\/wp\/v2\/product"}],"about":[{"href":"https:\/\/www.elborweltech.com\/tr\/wp-json\/wp\/v2\/types\/product"}],"replies":[{"embeddable":true,"href":"https:\/\/www.elborweltech.com\/tr\/wp-json\/wp\/v2\/comments?post=14520"}],"wp:featuredmedia":[{"embeddable":true,"href":"https:\/\/www.elborweltech.com\/tr\/wp-json\/wp\/v2\/media\/14551"}],"wp:attachment":[{"href":"https:\/\/www.elborweltech.com\/tr\/wp-json\/wp\/v2\/media?parent=14520"}],"wp:term":[{"taxonomy":"product_cat","embeddable":true,"href":"https:\/\/www.elborweltech.com\/tr\/wp-json\/wp\/v2\/product_cat?post=14520"},{"taxonomy":"product_tag","embeddable":true,"href":"https:\/\/www.elborweltech.com\/tr\/wp-json\/wp\/v2\/product_tag?post=14520"}],"curies":[{"name":"wp","href":"https:\/\/api.w.org\/{rel}","templated":true}]}}