{"id":16679,"date":"2022-08-09T15:45:57","date_gmt":"2022-08-09T12:45:57","guid":{"rendered":"https:\/\/www.elborweltech.com\/?post_type=product&#038;p=16679"},"modified":"2024-10-25T15:47:28","modified_gmt":"2024-10-25T12:47:28","slug":"efw-3000-elektrofuzyon-kaynak-makinesi-2","status":"publish","type":"product","link":"https:\/\/www.elborweltech.com\/tr\/urun\/efw-3000-elektrofuzyon-kaynak-makinesi-2\/","title":{"rendered":"EFW 3000 Elektrof\u00fczyon Kaynak Makinesi"},"content":{"rendered":"<section class=\"l-section wpb_row height_custom\"><div class=\"l-section-h i-cf\"><div class=\"g-cols vc_row via_flex valign_top type_default stacking_default\"><div class=\"vc_col-sm-12 wpb_column vc_column_container\"><div class=\"vc_column-inner\"><div class=\"wpb_wrapper\"><div class=\"w-tabs layout_hor style_trendy switch_click has_scrolling remove_indents\" style=\"--sections-title-size:1em\"><div class=\"w-tabs-list items_2 align_none\"><div class=\"w-tabs-list-h\"><button class=\"w-tabs-item active with_icon\" aria-controls=\"content-h67a\" aria-expanded=\"false\"><i class=\"fad fa-file-alt\"><\/i><span class=\"w-tabs-item-title\">Genel \u00d6zellikler<\/span><\/button><button class=\"w-tabs-item with_icon\" aria-controls=\"content-r79c\" aria-expanded=\"false\"><i class=\"fad fa-file-pdf\"><\/i><span class=\"w-tabs-item-title\">Kullan\u0131m K\u0131lavuzu<\/span><\/button><\/div><\/div><div class=\"w-tabs-sections titles-align_none icon_chevron cpos_right\"><div class=\"w-tabs-section active\" id=\"h67a\"><button class=\"w-tabs-section-header active with_icon\" aria-controls=\"content-h67a\" aria-expanded=\"true\"><i class=\"fad fa-file-alt\"><\/i><div class=\"w-tabs-section-title\">Genel \u00d6zellikler<\/div><div class=\"w-tabs-section-control\"><\/div><\/button><div  class=\"w-tabs-section-content\" id=\"content-h67a\"><div class=\"w-tabs-section-content-h i-cf\"><div class=\"w-html\"><div id=\"footable_parent_17086\"\n         class=\" footable_parent ninja_table_wrapper loading_ninja_table wp_table_data_press_parent semantic_ui \">\n                <table data-ninja_table_instance=\"ninja_table_instance_0\" data-footable_id=\"17086\" data-filter-delay=\"1000\" aria-label=\"EFW 180\"            id=\"footable_17086\"\n           data-unique_identifier=\"ninja_table_unique_id_1439580516_17086\"\n           class=\" foo-table ninja_footable foo_table_17086 ninja_table_unique_id_1439580516_17086 ui table  nt_type_legacy_table fixed selectable celled striped vertical_centered  footable-paging-right ninja_table_search_disabled ninja_table_pro\">\n                <colgroup>\n                            <col class=\"ninja_column_0 \">\n                            <col class=\"ninja_column_1 \">\n                    <\/colgroup>\n        <thead>\n<tr class=\"footable-header\">\n                                <th scope=\"col\" colspan=\"2\" class=\"ninja_column_0 ninja_clmn_nm_sandkls \">\u00dcr\u00fcn Bilgileri<\/th><td class=\"ninja_temp_cell\"><\/td><\/tr>\n<\/thead>\n<tbody>\n\n        <tr data-row_id=\"1262\" class=\"ninja_table_row_0 nt_row_id_1262\">\n            <td>Giri\u015f Voltaj<\/td><td>230 V<\/td>        <\/tr>\n            <tr data-row_id=\"1263\" class=\"ninja_table_row_1 nt_row_id_1263\">\n            <td>\u00c7\u0131k\u0131\u015f Voltaj<\/td><td>8- 48V AC<\/td>        <\/tr>\n            <tr data-row_id=\"1271\" class=\"ninja_table_row_2 nt_row_id_1271\">\n            <td>Kaynak Rapor Say\u0131s\u0131<\/td><td>4000 Adet<\/td>        <\/tr>\n            <tr data-row_id=\"1264\" class=\"ninja_table_row_3 nt_row_id_1264\">\n            <td>G\u00fc\u00e7<\/td><td>3000VA<\/td>        <\/tr>\n            <tr data-row_id=\"1265\" class=\"ninja_table_row_4 nt_row_id_1265\">\n            <td>Max \u00c7\u0131k\u0131\u015f Ak\u0131m\u0131<\/td><td>65A + 15%<\/td>        <\/tr>\n            <tr data-row_id=\"1266\" class=\"ninja_table_row_5 nt_row_id_1266\">\n            <td>Koruma S\u0131n\u0131f\u0131<\/td><td>IP 54<\/td>        <\/tr>\n            <tr data-row_id=\"1267\" class=\"ninja_table_row_6 nt_row_id_1267\">\n            <td>\u00c7al\u0131\u015fma S\u0131cakl\u0131\u011f\u0131<\/td><td>-20 +60<\/td>        <\/tr>\n            <tr data-row_id=\"1269\" class=\"ninja_table_row_7 nt_row_id_1269\">\n            <td>Frekans<\/td><td>50 Hz \u2013 60 Hz (tolerans 35 Hz \u2013 70 Hz)<\/td>        <\/tr>\n            <tr data-row_id=\"1270\" class=\"ninja_table_row_8 nt_row_id_1270\">\n            <td>Sigorta<\/td><td>16 A \u2013 230 V<\/td>        <\/tr>\n            <tr data-row_id=\"1268\" class=\"ninja_table_row_9 nt_row_id_1268\">\n            <td>Sand\u0131k (Gen.x Der.x Y\u00fck.)<\/td><td>41x32x40 cm<\/td>        <\/tr>\n            <tr data-row_id=\"1261\" class=\"ninja_table_row_10 nt_row_id_1261\">\n            <td>A\u011f\u0131rl\u0131k (Sand\u0131kla beraber)<\/td><td>22KG<\/td>        <\/tr>\n    <\/tbody><!--ninja_tobody_rendering_done-->\n    <\/table>\n    \n    \n    \n<\/div>\n<\/div><\/div><\/div><\/div><div class=\"w-tabs-section\" id=\"r79c\"><button class=\"w-tabs-section-header with_icon\" aria-controls=\"content-r79c\" aria-expanded=\"false\"><i class=\"fad fa-file-pdf\"><\/i><div class=\"w-tabs-section-title\">Kullan\u0131m K\u0131lavuzu<\/div><div class=\"w-tabs-section-control\"><\/div><\/button><div  class=\"w-tabs-section-content\" id=\"content-r79c\"><div class=\"w-tabs-section-content-h i-cf\"><div class=\"w-html\"><\/div><\/div><\/div><\/div><\/div><\/div><\/div><\/div><\/div><\/div><\/div><\/section>\n","protected":false},"excerpt":{"rendered":"<p>ELEKTROF\u00dcZYON KAYNAK MAK\u0130NASI \u00d6ZELL\u0130KLER\u0130<\/p>\n<p><strong>EFW 3000<\/strong><\/p>\n<ol>\n<li>ISO12176 Uluslararas\u0131 Elektrof\u00fczyon kaynak standard\u0131na uygun<\/li>\n<li>Y\u00fcksek seviye MCU, LCD ekran ile donat\u0131lm\u0131\u015f kontrol \u00e7ekirde\u011fi olarak kullan\u0131l\u0131r, t\u00fcm kaynak parametreleri g\u00f6r\u00fcnt\u00fclenebilir.<\/li>\n<li>Hafif, kolay kullan\u0131m.<\/li>\n<li>Ger\u00e7ek zamanl\u0131 izleme kaynak durumu ile anormal kaynak i\u015flemi k\u0131sa s\u00fcrede sonland\u0131r\u0131labilir.<\/li>\n<li>Dahili bellek, 4000&#8217;den fazla kaynak kayd\u0131n\u0131 kaydedebilir.<\/li>\n<li>Kaynak kay\u0131tlar\u0131 USB arabirimi arac\u0131l\u0131\u011f\u0131yla USB flash diske indirilebilir. (Opsiyonel Fonksiyon)<\/li>\n<li>Kablolama hatas\u0131n\u0131 \u00f6nlemek i\u00e7in kaynak kablolamas\u0131 kolay ve basittir.<\/li>\n<li>Kaynak parametreleri giri\u015f modlar\u0131:(1)Manuel Olarak Ayarlay\u0131n;(2) Barkod taray\u0131c\u0131 ile okuyun.<\/li>\n<li>WELTECH Elektrof\u00fczyon Kaynak Makinesi, gaz ve su temini i\u00e7in kullan\u0131lan 20-3000mm HDPE boru ve ek par\u00e7alar\u0131n\u0131 man\u015fonlu olarak kaynatmak i\u00e7in uygundur.<\/li>\n<\/ol>\n","protected":false},"featured_media":19610,"comment_status":"open","ping_status":"closed","template":"","meta":[],"product_cat":[115],"product_tag":[],"_links":{"self":[{"href":"https:\/\/www.elborweltech.com\/tr\/wp-json\/wp\/v2\/product\/16679"}],"collection":[{"href":"https:\/\/www.elborweltech.com\/tr\/wp-json\/wp\/v2\/product"}],"about":[{"href":"https:\/\/www.elborweltech.com\/tr\/wp-json\/wp\/v2\/types\/product"}],"replies":[{"embeddable":true,"href":"https:\/\/www.elborweltech.com\/tr\/wp-json\/wp\/v2\/comments?post=16679"}],"wp:featuredmedia":[{"embeddable":true,"href":"https:\/\/www.elborweltech.com\/tr\/wp-json\/wp\/v2\/media\/19610"}],"wp:attachment":[{"href":"https:\/\/www.elborweltech.com\/tr\/wp-json\/wp\/v2\/media?parent=16679"}],"wp:term":[{"taxonomy":"product_cat","embeddable":true,"href":"https:\/\/www.elborweltech.com\/tr\/wp-json\/wp\/v2\/product_cat?post=16679"},{"taxonomy":"product_tag","embeddable":true,"href":"https:\/\/www.elborweltech.com\/tr\/wp-json\/wp\/v2\/product_tag?post=16679"}],"curies":[{"name":"wp","href":"https:\/\/api.w.org\/{rel}","templated":true}]}}