{"id":8265,"date":"2020-06-18T14:31:52","date_gmt":"2020-06-18T11:31:52","guid":{"rendered":"https:\/\/www.elborweltech.com\/?post_type=product&#038;p=8265"},"modified":"2022-11-27T15:07:27","modified_gmt":"2022-11-27T12:07:27","slug":"4x22-mikroduct-boru","status":"publish","type":"product","link":"https:\/\/www.elborweltech.com\/tr\/urun\/4x22-mikroduct-boru\/","title":{"rendered":"4\u00d722 Mikroduct Boru"},"content":{"rendered":"<p>4\u00d722 Mikroduct Boru<\/p>\n","protected":false},"excerpt":{"rendered":"<p>\u00dcr\u00fcn bilgisi i\u00e7in m\u00fc\u015fteri hizmetleri ile g\u00f6r\u00fc\u015f\u00fcn\u00fcz.<\/p>\n","protected":false},"featured_media":8242,"comment_status":"open","ping_status":"closed","template":"","meta":[],"product_cat":[297],"product_tag":[],"_links":{"self":[{"href":"https:\/\/www.elborweltech.com\/tr\/wp-json\/wp\/v2\/product\/8265"}],"collection":[{"href":"https:\/\/www.elborweltech.com\/tr\/wp-json\/wp\/v2\/product"}],"about":[{"href":"https:\/\/www.elborweltech.com\/tr\/wp-json\/wp\/v2\/types\/product"}],"replies":[{"embeddable":true,"href":"https:\/\/www.elborweltech.com\/tr\/wp-json\/wp\/v2\/comments?post=8265"}],"wp:featuredmedia":[{"embeddable":true,"href":"https:\/\/www.elborweltech.com\/tr\/wp-json\/wp\/v2\/media\/8242"}],"wp:attachment":[{"href":"https:\/\/www.elborweltech.com\/tr\/wp-json\/wp\/v2\/media?parent=8265"}],"wp:term":[{"taxonomy":"product_cat","embeddable":true,"href":"https:\/\/www.elborweltech.com\/tr\/wp-json\/wp\/v2\/product_cat?post=8265"},{"taxonomy":"product_tag","embeddable":true,"href":"https:\/\/www.elborweltech.com\/tr\/wp-json\/wp\/v2\/product_tag?post=8265"}],"curies":[{"name":"wp","href":"https:\/\/api.w.org\/{rel}","templated":true}]}}