{"id":8282,"date":"2020-06-18T15:49:04","date_gmt":"2020-06-18T12:49:04","guid":{"rendered":"https:\/\/www.elborweltech.com\/?post_type=product&#038;p=8282"},"modified":"2022-11-11T13:10:39","modified_gmt":"2022-11-11T10:10:39","slug":"roller-1200","status":"publish","type":"product","link":"https:\/\/www.elborweltech.com\/tr\/urun\/roller-1200\/","title":{"rendered":"Roller 1200"},"content":{"rendered":"<table>\n<thead>\n<tr>\n<th>Teknik \u00d6zellikler \/ Technical Specifications<\/th>\n<\/tr>\n<\/thead>\n<tbody>\n<tr>\n<td>\u00c7al\u0131\u015fma Aral\u0131\u011f\u0131 \/ Working Range<\/td>\n<td>\u00d8 315 \u2013 1200 mm<\/td>\n<\/tr>\n<tr>\n<td>Ebatlar \/ Dimensions<\/td>\n<td>1250 x 800 x 420 mm<\/td>\n<\/tr>\n<tr>\n<td>A\u011f\u0131rl\u0131k \/ Weight<\/td>\n<td>35 Kg<\/td>\n<\/tr>\n<\/tbody>\n<\/table>\n","protected":false},"excerpt":{"rendered":"<p>Roller 1200 kaynak yap\u0131l\u0131rken borular\u0131 hizalamak ve desteklemek i\u00e7in kullan\u0131l\u0131r.<\/p>\n<p>Roller 1200\u2019\u00fcn ergonomik dizayn\u0131yla makine seviyesine getirilen borular daha az s\u00fcrt\u00fcnmeye ve \u00e7ekme kuvvetine maruz kal\u0131r.<\/p>\n<p>Roller 1200, 315 \u2013 1200 mm borular\u0131 ta\u015f\u0131yabilir. Kompakt ve hafif yap\u0131s\u0131yla kolay kullan\u0131m sa\u011flar.<\/p>\n","protected":false},"featured_media":8283,"comment_status":"open","ping_status":"closed","template":"","meta":[],"product_cat":[117],"product_tag":[],"_links":{"self":[{"href":"https:\/\/www.elborweltech.com\/tr\/wp-json\/wp\/v2\/product\/8282"}],"collection":[{"href":"https:\/\/www.elborweltech.com\/tr\/wp-json\/wp\/v2\/product"}],"about":[{"href":"https:\/\/www.elborweltech.com\/tr\/wp-json\/wp\/v2\/types\/product"}],"replies":[{"embeddable":true,"href":"https:\/\/www.elborweltech.com\/tr\/wp-json\/wp\/v2\/comments?post=8282"}],"wp:featuredmedia":[{"embeddable":true,"href":"https:\/\/www.elborweltech.com\/tr\/wp-json\/wp\/v2\/media\/8283"}],"wp:attachment":[{"href":"https:\/\/www.elborweltech.com\/tr\/wp-json\/wp\/v2\/media?parent=8282"}],"wp:term":[{"taxonomy":"product_cat","embeddable":true,"href":"https:\/\/www.elborweltech.com\/tr\/wp-json\/wp\/v2\/product_cat?post=8282"},{"taxonomy":"product_tag","embeddable":true,"href":"https:\/\/www.elborweltech.com\/tr\/wp-json\/wp\/v2\/product_tag?post=8282"}],"curies":[{"name":"wp","href":"https:\/\/api.w.org\/{rel}","templated":true}]}}