{"id":8314,"date":"2020-06-18T16:17:04","date_gmt":"2020-06-18T13:17:04","guid":{"rendered":"https:\/\/www.elborweltech.com\/?post_type=product&#038;p=8314"},"modified":"2022-11-11T13:13:14","modified_gmt":"2022-11-11T10:13:14","slug":"roller-315","status":"publish","type":"product","link":"https:\/\/www.elborweltech.com\/tr\/urun\/roller-315\/","title":{"rendered":"Roller 315"},"content":{"rendered":"<table>\n<thead>\n<tr>\n<th>Teknik \u00d6zellikler \/ Technical Specifications<\/th>\n<\/tr>\n<\/thead>\n<tbody>\n<tr>\n<td>\u00c7al\u0131\u015fma Aral\u0131\u011f\u0131 \/ Working Range<\/td>\n<td>\u00d8 90 \u2013 315 mm<\/td>\n<\/tr>\n<tr>\n<td>Ebatlar \/ Dimensions<\/td>\n<td>320 x 220 x 200 mm<\/td>\n<\/tr>\n<tr>\n<td>A\u011f\u0131rl\u0131k \/ Weight<\/td>\n<td>6 Kg<\/td>\n<\/tr>\n<\/tbody>\n<\/table>\n<p><iframe loading=\"lazy\" src=\"https:\/\/drive.google.com\/file\/d\/1vSy1ZkoBE4Akmb2SKn-tW9OsmdsScBUP\/preview\" width=\"100%\" height=\"575\"><\/iframe><\/p>\n","protected":false},"excerpt":{"rendered":"<p>Kaynak yap\u0131l\u0131rken borular\u0131 hizalamak ve desteklemek i\u00e7in kullan\u0131l\u0131r.<\/p>\n<p>Roller 315\u2019in ergonomik dizayn\u0131yla makine seviyesine getirilen borular daha az s\u00fcrt\u00fcnmeye ve \u00e7ekme kuvvetine maruz kal\u0131r.<\/p>\n<p>90- 315 mm borular\u0131 ta\u015f\u0131yabilir. Kompakt ve hafif yap\u0131s\u0131yla kolay kullan\u0131m sa\u011flar.<\/p>\n","protected":false},"featured_media":8289,"comment_status":"open","ping_status":"closed","template":"","meta":[],"product_cat":[117],"product_tag":[],"_links":{"self":[{"href":"https:\/\/www.elborweltech.com\/tr\/wp-json\/wp\/v2\/product\/8314"}],"collection":[{"href":"https:\/\/www.elborweltech.com\/tr\/wp-json\/wp\/v2\/product"}],"about":[{"href":"https:\/\/www.elborweltech.com\/tr\/wp-json\/wp\/v2\/types\/product"}],"replies":[{"embeddable":true,"href":"https:\/\/www.elborweltech.com\/tr\/wp-json\/wp\/v2\/comments?post=8314"}],"wp:featuredmedia":[{"embeddable":true,"href":"https:\/\/www.elborweltech.com\/tr\/wp-json\/wp\/v2\/media\/8289"}],"wp:attachment":[{"href":"https:\/\/www.elborweltech.com\/tr\/wp-json\/wp\/v2\/media?parent=8314"}],"wp:term":[{"taxonomy":"product_cat","embeddable":true,"href":"https:\/\/www.elborweltech.com\/tr\/wp-json\/wp\/v2\/product_cat?post=8314"},{"taxonomy":"product_tag","embeddable":true,"href":"https:\/\/www.elborweltech.com\/tr\/wp-json\/wp\/v2\/product_tag?post=8314"}],"curies":[{"name":"wp","href":"https:\/\/api.w.org\/{rel}","templated":true}]}}