{"id":8361,"date":"2020-06-18T19:43:34","date_gmt":"2020-06-18T16:43:34","guid":{"rendered":"https:\/\/www.elborweltech.com\/?post_type=product&#038;p=8361"},"modified":"2024-10-24T13:29:52","modified_gmt":"2024-10-24T10:29:52","slug":"efw-630-elektrofuzyon-kaynak-makinesi","status":"publish","type":"product","link":"https:\/\/www.elborweltech.com\/tr\/urun\/efw-630-elektrofuzyon-kaynak-makinesi\/","title":{"rendered":"EFW 630 Elektrof\u00fczyon Kaynak Makinesi"},"content":{"rendered":"<section class=\"l-section wpb_row height_custom\"><div class=\"l-section-h i-cf\"><div class=\"g-cols vc_row via_flex valign_top type_default stacking_default\"><div class=\"vc_col-sm-12 wpb_column vc_column_container\"><div class=\"vc_column-inner\"><div class=\"wpb_wrapper\"><div class=\"w-tabs layout_hor style_trendy switch_click has_scrolling\" style=\"--sections-title-size:1em\"><div class=\"w-tabs-list items_2 align_none\"><div class=\"w-tabs-list-h\"><button class=\"w-tabs-item active with_icon\" aria-controls=\"content-o1c4\" aria-expanded=\"false\"><i class=\"fad fa-file-alt\"><\/i><span class=\"w-tabs-item-title\">Genel \u00d6zellikler<\/span><\/button><button class=\"w-tabs-item with_icon\" aria-controls=\"content-cffd\" aria-expanded=\"false\"><i class=\"fad fa-file-pdf\"><\/i><span class=\"w-tabs-item-title\">Kullan\u0131m K\u0131lavuzu<\/span><\/button><\/div><\/div><div class=\"w-tabs-sections titles-align_none icon_chevron cpos_right\"><div class=\"w-tabs-section active\" id=\"o1c4\"><button class=\"w-tabs-section-header active with_icon\" aria-controls=\"content-o1c4\" aria-expanded=\"true\"><i class=\"fad fa-file-alt\"><\/i><div class=\"w-tabs-section-title\">Genel \u00d6zellikler<\/div><div class=\"w-tabs-section-control\"><\/div><\/button><div  class=\"w-tabs-section-content\" id=\"content-o1c4\"><div class=\"w-tabs-section-content-h i-cf\"><div class=\"w-html\"><div id=\"footable_parent_17087\"\n         class=\" footable_parent ninja_table_wrapper loading_ninja_table wp_table_data_press_parent semantic_ui \">\n                <table data-ninja_table_instance=\"ninja_table_instance_0\" data-footable_id=\"17087\" data-filter-delay=\"1000\" aria-label=\"EFW 630\"            id=\"footable_17087\"\n           data-unique_identifier=\"ninja_table_unique_id_1608401682_17087\"\n           class=\" foo-table ninja_footable foo_table_17087 ninja_table_unique_id_1608401682_17087 ui table  nt_type_legacy_table fixed selectable celled striped vertical_centered  footable-paging-right ninja_table_search_disabled ninja_table_pro\">\n                <colgroup>\n                            <col class=\"ninja_column_0 \">\n                            <col class=\"ninja_column_1 \">\n                    <\/colgroup>\n        <thead>\n<tr class=\"footable-header\">\n                                <th scope=\"col\" colspan=\"2\" class=\"ninja_column_0 ninja_clmn_nm_sandkls \">\u00dcr\u00fcn Bilgileri<\/th><td class=\"ninja_temp_cell\"><\/td><\/tr>\n<\/thead>\n<tbody>\n\n        <tr data-row_id=\"1274\" class=\"ninja_table_row_0 nt_row_id_1274\">\n            <td>Giri\u015f Voltaj<\/td><td>230 V<\/td>        <\/tr>\n            <tr data-row_id=\"1275\" class=\"ninja_table_row_1 nt_row_id_1275\">\n            <td>\u00c7\u0131k\u0131\u015f Voltaj<\/td><td>8- 48V AC<\/td>        <\/tr>\n            <tr data-row_id=\"1283\" class=\"ninja_table_row_2 nt_row_id_1283\">\n            <td>Kaynak Rapor Say\u0131s\u0131<\/td><td>4000 Adet<\/td>        <\/tr>\n            <tr data-row_id=\"1276\" class=\"ninja_table_row_3 nt_row_id_1276\">\n            <td>G\u00fc\u00e7<\/td><td>3800VA<\/td>        <\/tr>\n            <tr data-row_id=\"1277\" class=\"ninja_table_row_4 nt_row_id_1277\">\n            <td>Max \u00c7\u0131k\u0131\u015f Ak\u0131m\u0131<\/td><td>80A + 10%<\/td>        <\/tr>\n            <tr data-row_id=\"1278\" class=\"ninja_table_row_5 nt_row_id_1278\">\n            <td>Koruma S\u0131n\u0131f\u0131<\/td><td>IP 54<\/td>        <\/tr>\n            <tr data-row_id=\"1279\" class=\"ninja_table_row_6 nt_row_id_1279\">\n            <td>\u00c7al\u0131\u015fma S\u0131cakl\u0131\u011f\u0131<\/td><td>-20 +60<\/td>        <\/tr>\n            <tr data-row_id=\"1281\" class=\"ninja_table_row_7 nt_row_id_1281\">\n            <td>Frekans<\/td><td>50 Hz \u2013 60 Hz (tolerans 35 Hz \u2013 70 Hz)<\/td>        <\/tr>\n            <tr data-row_id=\"1282\" class=\"ninja_table_row_8 nt_row_id_1282\">\n            <td>Sigorta<\/td><td>16 A \u2013 230 V<\/td>        <\/tr>\n            <tr data-row_id=\"1280\" class=\"ninja_table_row_9 nt_row_id_1280\">\n            <td>Sand\u0131k (Gen.x Der.x Y\u00fck.)<\/td><td>41x32x40 cm<\/td>        <\/tr>\n            <tr data-row_id=\"1273\" class=\"ninja_table_row_10 nt_row_id_1273\">\n            <td>A\u011f\u0131rl\u0131k (Sand\u0131kla beraber)<\/td><td>25KG<\/td>        <\/tr>\n    <\/tbody><!--ninja_tobody_rendering_done-->\n    <\/table>\n    \n    \n    \n<\/div>\n<\/div><\/div><\/div><\/div><div class=\"w-tabs-section\" id=\"cffd\"><button class=\"w-tabs-section-header with_icon\" aria-controls=\"content-cffd\" aria-expanded=\"false\"><i class=\"fad fa-file-pdf\"><\/i><div class=\"w-tabs-section-title\">Kullan\u0131m K\u0131lavuzu<\/div><div class=\"w-tabs-section-control\"><\/div><\/button><div  class=\"w-tabs-section-content\" id=\"content-cffd\"><div class=\"w-tabs-section-content-h i-cf\"><div class=\"w-html\"><div class=\"_df_book df-lite\" id=\"df_19492\"  _slug=\"efw-630-electrofusion-ef-welding-machine-new\" data-title=\"efw-630-electrofusion-ef-welding-machine-new\" wpoptions=\"true\" thumbtype=\"\" ><\/div><script class=\"df-shortcode-script\" nowprocket type=\"application\/javascript\">window.option_df_19492 = {\"outline\":[],\"autoEnableOutline\":\"false\",\"autoEnableThumbnail\":\"false\",\"overwritePDFOutline\":\"false\",\"direction\":\"1\",\"pageSize\":\"0\",\"source\":\"https:\\\/\\\/www.elborweltech.com\\\/wp-content\\\/uploads\\\/EFW630-KULLANIM-KILAVUZU_USER-MANUELcompressed.pdf\",\"wpOptions\":\"true\"}; if(window.DFLIP && window.DFLIP.parseBooks){window.DFLIP.parseBooks();}<\/script><\/div><\/div><\/div><\/div><\/div><\/div><\/div><\/div><\/div><\/div><\/div><\/section>\n","protected":false},"excerpt":{"rendered":"<p>ELEKTROF\u00dcZYON KAYNAK MAK\u0130NASI \u00d6ZELL\u0130KLER\u0130<\/p>\n<p><strong>EFW 630<\/strong><\/p>\n<ol>\n<li>ISO12176 Uluslararas\u0131 Elektrof\u00fczyon kaynak standard\u0131na uygun<\/li>\n<li>Y\u00fcksek seviye MCU, LCD ekran ile donat\u0131lm\u0131\u015f kontrol \u00e7ekirde\u011fi olarak kullan\u0131l\u0131r, t\u00fcm kaynak parametreleri g\u00f6r\u00fcnt\u00fclenebilir.<\/li>\n<li>Hafif, kolay kullan\u0131m.<\/li>\n<li>Ger\u00e7ek zamanl\u0131 izleme kaynak durumu ile anormal kaynak i\u015flemi k\u0131sa s\u00fcrede sonland\u0131r\u0131labilir.<\/li>\n<li>Dahili bellek, 4000&#8217;den fazla kaynak kayd\u0131n\u0131 kaydedebilir.<\/li>\n<li>Kaynak kay\u0131tlar\u0131 USB arabirimi arac\u0131l\u0131\u011f\u0131yla USB flash diske indirilebilir. (Opsiyonel Fonksiyon)<\/li>\n<li>Kablolama hatas\u0131n\u0131 \u00f6nlemek i\u00e7in kaynak kablolamas\u0131 kolay ve basittir.<\/li>\n<li>Kaynak parametreleri giri\u015f modlar\u0131:(1)Manuel Olarak Ayarlay\u0131n;(2) Barkod taray\u0131c\u0131 ile okuyun.<\/li>\n<li>WELTECH Elektrof\u00fczyon Kaynak Makinesi, gaz ve su temini i\u00e7in kullan\u0131lan 20-630mm HDPE boru ve ek par\u00e7alar\u0131n\u0131 man\u015fonlu olarak kaynatmak i\u00e7in uygundur.<\/li>\n<\/ol>\n","protected":false},"featured_media":19542,"comment_status":"open","ping_status":"closed","template":"","meta":[],"product_cat":[115],"product_tag":[],"_links":{"self":[{"href":"https:\/\/www.elborweltech.com\/tr\/wp-json\/wp\/v2\/product\/8361"}],"collection":[{"href":"https:\/\/www.elborweltech.com\/tr\/wp-json\/wp\/v2\/product"}],"about":[{"href":"https:\/\/www.elborweltech.com\/tr\/wp-json\/wp\/v2\/types\/product"}],"replies":[{"embeddable":true,"href":"https:\/\/www.elborweltech.com\/tr\/wp-json\/wp\/v2\/comments?post=8361"}],"wp:featuredmedia":[{"embeddable":true,"href":"https:\/\/www.elborweltech.com\/tr\/wp-json\/wp\/v2\/media\/19542"}],"wp:attachment":[{"href":"https:\/\/www.elborweltech.com\/tr\/wp-json\/wp\/v2\/media?parent=8361"}],"wp:term":[{"taxonomy":"product_cat","embeddable":true,"href":"https:\/\/www.elborweltech.com\/tr\/wp-json\/wp\/v2\/product_cat?post=8361"},{"taxonomy":"product_tag","embeddable":true,"href":"https:\/\/www.elborweltech.com\/tr\/wp-json\/wp\/v2\/product_tag?post=8361"}],"curies":[{"name":"wp","href":"https:\/\/api.w.org\/{rel}","templated":true}]}}