{"id":8410,"date":"2020-06-21T14:10:40","date_gmt":"2020-06-21T11:10:40","guid":{"rendered":"https:\/\/www.elborweltech.com\/?post_type=product&#038;p=8410"},"modified":"2022-11-10T16:33:56","modified_gmt":"2022-11-10T13:33:56","slug":"reduksi%cc%87yon-kisa-ti%cc%87p-hdpe100","status":"publish","type":"product","link":"https:\/\/www.elborweltech.com\/tr\/urun\/reduksi%cc%87yon-kisa-ti%cc%87p-hdpe100\/","title":{"rendered":"Red\u00fcksiyon &#8211; K\u0131sa Tip HDPE100+"},"content":{"rendered":"<table width=\"694\">\n<tbody>\n<tr>\n<td width=\"73\">d1-d2<\/td>\n<td width=\"109\">Article No<\/td>\n<td width=\"68\">bar<\/td>\n<td width=\"60\">L1<\/td>\n<td width=\"60\">L2<\/td>\n<td width=\"60\">Z<\/td>\n<td width=\"72\">e1<\/td>\n<td width=\"72\">e2<\/td>\n<td width=\"60\">Weight (kg)<\/td>\n<td width=\"60\">Pack (pcs)<\/td>\n<\/tr>\n<tr>\n<td>\u00d8280-250<\/td>\n<td>RD101628025011<\/td>\n<td>PN16<\/td>\n<td>*<\/td>\n<td>*<\/td>\n<td>*<\/td>\n<td>*<\/td>\n<td>*<\/td>\n<td>*<\/td>\n<td>*<\/td>\n<\/tr>\n<tr>\n<td><\/td>\n<td>RD101028025011<\/td>\n<td>PN10<\/td>\n<td>*<\/td>\n<td>*<\/td>\n<td>*<\/td>\n<td>*<\/td>\n<td>*<\/td>\n<td>*<\/td>\n<td>*<\/td>\n<\/tr>\n<tr>\n<td>\u00d8315-160<\/td>\n<td>RD101631516011<\/td>\n<td>PN16<\/td>\n<td>*<\/td>\n<td>*<\/td>\n<td>*<\/td>\n<td>*<\/td>\n<td>*<\/td>\n<td>*<\/td>\n<td>*<\/td>\n<\/tr>\n<tr>\n<td><\/td>\n<td>RD101031516011<\/td>\n<td>PN10<\/td>\n<td>*<\/td>\n<td>*<\/td>\n<td>*<\/td>\n<td>*<\/td>\n<td>*<\/td>\n<td>*<\/td>\n<td>*<\/td>\n<\/tr>\n<tr>\n<td>\u00d8315-180<\/td>\n<td>RD101631518011<\/td>\n<td>PN16<\/td>\n<td>*<\/td>\n<td>*<\/td>\n<td>*<\/td>\n<td>*<\/td>\n<td>*<\/td>\n<td>*<\/td>\n<td>*<\/td>\n<\/tr>\n<tr>\n<td><\/td>\n<td>RD101031518011<\/td>\n<td>PN10<\/td>\n<td>*<\/td>\n<td>*<\/td>\n<td>*<\/td>\n<td>*<\/td>\n<td>*<\/td>\n<td>*<\/td>\n<td>*<\/td>\n<\/tr>\n<tr>\n<td>\u00d8315-200<\/td>\n<td>RD101631520011<\/td>\n<td>PN16<\/td>\n<td>*<\/td>\n<td>*<\/td>\n<td>*<\/td>\n<td>*<\/td>\n<td>*<\/td>\n<td>*<\/td>\n<td>*<\/td>\n<\/tr>\n<tr>\n<td><\/td>\n<td>RD101031520011<\/td>\n<td>PN10<\/td>\n<td>*<\/td>\n<td>*<\/td>\n<td>*<\/td>\n<td>*<\/td>\n<td>*<\/td>\n<td>*<\/td>\n<td>*<\/td>\n<\/tr>\n<tr>\n<td>\u00d8315-225<\/td>\n<td>RD101631522511<\/td>\n<td>PN16<\/td>\n<td>*<\/td>\n<td>*<\/td>\n<td>*<\/td>\n<td>*<\/td>\n<td>*<\/td>\n<td>*<\/td>\n<td>*<\/td>\n<\/tr>\n<tr>\n<td><\/td>\n<td>RD101031522511<\/td>\n<td>PN10<\/td>\n<td>*<\/td>\n<td>*<\/td>\n<td>*<\/td>\n<td>*<\/td>\n<td>*<\/td>\n<td>*<\/td>\n<td>*<\/td>\n<\/tr>\n<tr>\n<td>\u00d8315-250<\/td>\n<td>RD101631525011<\/td>\n<td>PN16<\/td>\n<td>*<\/td>\n<td>*<\/td>\n<td>*<\/td>\n<td>*<\/td>\n<td>*<\/td>\n<td>*<\/td>\n<td>*<\/td>\n<\/tr>\n<tr>\n<td><\/td>\n<td>RD101031525011<\/td>\n<td>PN10<\/td>\n<td>*<\/td>\n<td>*<\/td>\n<td>*<\/td>\n<td>*<\/td>\n<td>*<\/td>\n<td>*<\/td>\n<td>*<\/td>\n<\/tr>\n<tr>\n<td>\u00d8315-280<\/td>\n<td>RD101631528011<\/td>\n<td>PN16<\/td>\n<td>*<\/td>\n<td>*<\/td>\n<td>*<\/td>\n<td>*<\/td>\n<td>*<\/td>\n<td>*<\/td>\n<td>*<\/td>\n<\/tr>\n<tr>\n<td><\/td>\n<td>RD101031528011<\/td>\n<td>PN10<\/td>\n<td>*<\/td>\n<td>*<\/td>\n<td>*<\/td>\n<td>*<\/td>\n<td>*<\/td>\n<td>*<\/td>\n<td>*<\/td>\n<\/tr>\n<tr>\n<td>\u00d8355-180<\/td>\n<td>RD101635518011<\/td>\n<td>PN16<\/td>\n<td>*<\/td>\n<td>*<\/td>\n<td>*<\/td>\n<td>*<\/td>\n<td>*<\/td>\n<td>*<\/td>\n<td>*<\/td>\n<\/tr>\n<tr>\n<td><\/td>\n<td>RD101035518011<\/td>\n<td>PN10<\/td>\n<td>*<\/td>\n<td>*<\/td>\n<td>*<\/td>\n<td>*<\/td>\n<td>*<\/td>\n<td>*<\/td>\n<td>*<\/td>\n<\/tr>\n<tr>\n<td>\u00d8355-200<\/td>\n<td>RD101635520011<\/td>\n<td>PN16<\/td>\n<td>*<\/td>\n<td>*<\/td>\n<td>*<\/td>\n<td>*<\/td>\n<td>*<\/td>\n<td>*<\/td>\n<td>*<\/td>\n<\/tr>\n<tr>\n<td><\/td>\n<td>RD101035520011<\/td>\n<td>PN10<\/td>\n<td>*<\/td>\n<td>*<\/td>\n<td>*<\/td>\n<td>*<\/td>\n<td>*<\/td>\n<td>*<\/td>\n<td>*<\/td>\n<\/tr>\n<tr>\n<td>\u00d8355-225<\/td>\n<td>RD101635522511<\/td>\n<td>PN16<\/td>\n<td>*<\/td>\n<td>*<\/td>\n<td>*<\/td>\n<td>*<\/td>\n<td>*<\/td>\n<td>*<\/td>\n<td>*<\/td>\n<\/tr>\n<tr>\n<td><\/td>\n<td>RD101035522511<\/td>\n<td>PN10<\/td>\n<td>*<\/td>\n<td>*<\/td>\n<td>*<\/td>\n<td>*<\/td>\n<td>*<\/td>\n<td>*<\/td>\n<td>*<\/td>\n<\/tr>\n<tr>\n<td>\u00d8355-250<\/td>\n<td>RD101635525011<\/td>\n<td>PN16<\/td>\n<td>*<\/td>\n<td>*<\/td>\n<td>*<\/td>\n<td>*<\/td>\n<td>*<\/td>\n<td>*<\/td>\n<td>*<\/td>\n<\/tr>\n<tr>\n<td><\/td>\n<td>RD101035525011<\/td>\n<td>PN10<\/td>\n<td>*<\/td>\n<td>*<\/td>\n<td>*<\/td>\n<td>*<\/td>\n<td>*<\/td>\n<td>*<\/td>\n<td>*<\/td>\n<\/tr>\n<tr>\n<td>\u00d8355-280<\/td>\n<td>RD101635528011<\/td>\n<td>PN16<\/td>\n<td>*<\/td>\n<td>*<\/td>\n<td>*<\/td>\n<td>*<\/td>\n<td>*<\/td>\n<td>*<\/td>\n<td>*<\/td>\n<\/tr>\n<tr>\n<td><\/td>\n<td>RD101035528011<\/td>\n<td>PN10<\/td>\n<td>*<\/td>\n<td>*<\/td>\n<td>*<\/td>\n<td>*<\/td>\n<td>*<\/td>\n<td>*<\/td>\n<td>*<\/td>\n<\/tr>\n<tr>\n<td>\u00d8355-315<\/td>\n<td>RD101635531511<\/td>\n<td>PN16<\/td>\n<td>*<\/td>\n<td>*<\/td>\n<td>*<\/td>\n<td>*<\/td>\n<td>*<\/td>\n<td>*<\/td>\n<td>*<\/td>\n<\/tr>\n<tr>\n<td><\/td>\n<td>RD101035531511<\/td>\n<td>PN10<\/td>\n<td>*<\/td>\n<td>*<\/td>\n<td>*<\/td>\n<td>*<\/td>\n<td>*<\/td>\n<td>*<\/td>\n<td>*<\/td>\n<\/tr>\n<tr>\n<td>\u00d8400-200<\/td>\n<td>RD101640020011<\/td>\n<td>PN16<\/td>\n<td>*<\/td>\n<td>*<\/td>\n<td>*<\/td>\n<td>*<\/td>\n<td>*<\/td>\n<td>*<\/td>\n<td>*<\/td>\n<\/tr>\n<tr>\n<td><\/td>\n<td>RD101040020011<\/td>\n<td>PN10<\/td>\n<td>*<\/td>\n<td>*<\/td>\n<td>*<\/td>\n<td>*<\/td>\n<td>*<\/td>\n<td>*<\/td>\n<td>*<\/td>\n<\/tr>\n<tr>\n<td>\u00d8400-250<\/td>\n<td>RD101640025011<\/td>\n<td>PN16<\/td>\n<td>*<\/td>\n<td>*<\/td>\n<td>*<\/td>\n<td>*<\/td>\n<td>*<\/td>\n<td>*<\/td>\n<td>*<\/td>\n<\/tr>\n<tr>\n<td><\/td>\n<td>RD101040025011<\/td>\n<td>PN10<\/td>\n<td>*<\/td>\n<td>*<\/td>\n<td>*<\/td>\n<td>*<\/td>\n<td>*<\/td>\n<td>*<\/td>\n<td>*<\/td>\n<\/tr>\n<tr>\n<td>\u00d8400-280<\/td>\n<td>RD101640028011<\/td>\n<td>PN16<\/td>\n<td>*<\/td>\n<td>*<\/td>\n<td>*<\/td>\n<td>*<\/td>\n<td>*<\/td>\n<td>*<\/td>\n<td>*<\/td>\n<\/tr>\n<tr>\n<td><\/td>\n<td>RD101040028011<\/td>\n<td>PN10<\/td>\n<td>*<\/td>\n<td>*<\/td>\n<td>*<\/td>\n<td>*<\/td>\n<td>*<\/td>\n<td>*<\/td>\n<td>*<\/td>\n<\/tr>\n<tr>\n<td>\u00d8400-315<\/td>\n<td>RD101640031511<\/td>\n<td>PN16<\/td>\n<td>*<\/td>\n<td>*<\/td>\n<td>*<\/td>\n<td>*<\/td>\n<td>*<\/td>\n<td>*<\/td>\n<td>*<\/td>\n<\/tr>\n<tr>\n<td><\/td>\n<td>RD101040031511<\/td>\n<td>PN10<\/td>\n<td>*<\/td>\n<td>*<\/td>\n<td>*<\/td>\n<td>*<\/td>\n<td>*<\/td>\n<td>*<\/td>\n<td>*<\/td>\n<\/tr>\n<tr>\n<td>\u00d8400-355<\/td>\n<td>RD101640035511<\/td>\n<td>PN16<\/td>\n<td>*<\/td>\n<td>*<\/td>\n<td>*<\/td>\n<td>*<\/td>\n<td>*<\/td>\n<td>*<\/td>\n<td>*<\/td>\n<\/tr>\n<tr>\n<td><\/td>\n<td>RD101040035511<\/td>\n<td>PN10<\/td>\n<td>*<\/td>\n<td>*<\/td>\n<td>*<\/td>\n<td>*<\/td>\n<td>*<\/td>\n<td>*<\/td>\n<td>*<\/td>\n<\/tr>\n<tr>\n<td>\u00d8450-250<\/td>\n<td>RD101645025011<\/td>\n<td>PN16<\/td>\n<td>*<\/td>\n<td>*<\/td>\n<td>*<\/td>\n<td>*<\/td>\n<td>*<\/td>\n<td>*<\/td>\n<td>*<\/td>\n<\/tr>\n<tr>\n<td><\/td>\n<td>RD101045025011<\/td>\n<td>PN10<\/td>\n<td>*<\/td>\n<td>*<\/td>\n<td>*<\/td>\n<td>*<\/td>\n<td>*<\/td>\n<td>*<\/td>\n<td>*<\/td>\n<\/tr>\n<tr>\n<td>\u00d8450-280<\/td>\n<td>RD101645028011<\/td>\n<td>PN16<\/td>\n<td>*<\/td>\n<td>*<\/td>\n<td>*<\/td>\n<td>*<\/td>\n<td>*<\/td>\n<td>*<\/td>\n<td>*<\/td>\n<\/tr>\n<tr>\n<td><\/td>\n<td>RD101045028011<\/td>\n<td>PN10<\/td>\n<td>*<\/td>\n<td>*<\/td>\n<td>*<\/td>\n<td>*<\/td>\n<td>*<\/td>\n<td>*<\/td>\n<td>*<\/td>\n<\/tr>\n<tr>\n<td>\u00d8450-315<\/td>\n<td>RD101645031511<\/td>\n<td>PN16<\/td>\n<td>*<\/td>\n<td>*<\/td>\n<td>*<\/td>\n<td>*<\/td>\n<td>*<\/td>\n<td>*<\/td>\n<td>*<\/td>\n<\/tr>\n<tr>\n<td><\/td>\n<td>RD101045031511<\/td>\n<td>PN10<\/td>\n<td>*<\/td>\n<td>*<\/td>\n<td>*<\/td>\n<td>*<\/td>\n<td>*<\/td>\n<td>*<\/td>\n<td>*<\/td>\n<\/tr>\n<tr>\n<td>\u00d8450-355<\/td>\n<td>RD101645035511<\/td>\n<td>PN16<\/td>\n<td>*<\/td>\n<td>*<\/td>\n<td>*<\/td>\n<td>*<\/td>\n<td>*<\/td>\n<td>*<\/td>\n<td>*<\/td>\n<\/tr>\n<tr>\n<td><\/td>\n<td>RD101045035511<\/td>\n<td>PN10<\/td>\n<td>*<\/td>\n<td>*<\/td>\n<td>*<\/td>\n<td>*<\/td>\n<td>*<\/td>\n<td>*<\/td>\n<td>*<\/td>\n<\/tr>\n<tr>\n<td>\u00d8450-400<\/td>\n<td>RD101645040011<\/td>\n<td>PN16<\/td>\n<td>*<\/td>\n<td>*<\/td>\n<td>*<\/td>\n<td>*<\/td>\n<td>*<\/td>\n<td>*<\/td>\n<td>*<\/td>\n<\/tr>\n<tr>\n<td><\/td>\n<td>RD101045040011<\/td>\n<td>PN10<\/td>\n<td>*<\/td>\n<td>*<\/td>\n<td>*<\/td>\n<td>*<\/td>\n<td>*<\/td>\n<td>*<\/td>\n<td>*<\/td>\n<\/tr>\n<tr>\n<td>\u00d8500-315<\/td>\n<td>RD101650031511<\/td>\n<td>PN16<\/td>\n<td>*<\/td>\n<td>*<\/td>\n<td>*<\/td>\n<td>*<\/td>\n<td>*<\/td>\n<td>*<\/td>\n<td>*<\/td>\n<\/tr>\n<tr>\n<td><\/td>\n<td>RD101050031511<\/td>\n<td>PN10<\/td>\n<td>*<\/td>\n<td>*<\/td>\n<td>*<\/td>\n<td>*<\/td>\n<td>*<\/td>\n<td>*<\/td>\n<td>*<\/td>\n<\/tr>\n<tr>\n<td>\u00d8500-355<\/td>\n<td>RD101650035511<\/td>\n<td>PN16<\/td>\n<td>*<\/td>\n<td>*<\/td>\n<td>*<\/td>\n<td>*<\/td>\n<td>*<\/td>\n<td>*<\/td>\n<td>*<\/td>\n<\/tr>\n<tr>\n<td><\/td>\n<td>RD101050035511<\/td>\n<td>PN10<\/td>\n<td>*<\/td>\n<td>*<\/td>\n<td>*<\/td>\n<td>*<\/td>\n<td>*<\/td>\n<td>*<\/td>\n<td>*<\/td>\n<\/tr>\n<tr>\n<td>\u00d8500-400<\/td>\n<td>RD101650040011<\/td>\n<td>PN16<\/td>\n<td>*<\/td>\n<td>*<\/td>\n<td>*<\/td>\n<td>*<\/td>\n<td>*<\/td>\n<td>*<\/td>\n<td>*<\/td>\n<\/tr>\n<tr>\n<td><\/td>\n<td>RD101050040011<\/td>\n<td>PN10<\/td>\n<td>*<\/td>\n<td>*<\/td>\n<td>*<\/td>\n<td>*<\/td>\n<td>*<\/td>\n<td>*<\/td>\n<td>*<\/td>\n<\/tr>\n<tr>\n<td>\u00d8500-450<\/td>\n<td>RD101650045011<\/td>\n<td>PN16<\/td>\n<td>*<\/td>\n<td>*<\/td>\n<td>*<\/td>\n<td>*<\/td>\n<td>*<\/td>\n<td>*<\/td>\n<td>*<\/td>\n<\/tr>\n<tr>\n<td><\/td>\n<td>RD101050045011<\/td>\n<td>PN10<\/td>\n<td>*<\/td>\n<td>*<\/td>\n<td>*<\/td>\n<td>*<\/td>\n<td>*<\/td>\n<td>*<\/td>\n<td>*<\/td>\n<\/tr>\n<tr>\n<td>\u00d8560-355<\/td>\n<td>RD101656035511<\/td>\n<td>PN16<\/td>\n<td>*<\/td>\n<td>*<\/td>\n<td>*<\/td>\n<td>*<\/td>\n<td>*<\/td>\n<td>*<\/td>\n<td>*<\/td>\n<\/tr>\n<tr>\n<td><\/td>\n<td>RD101056035511<\/td>\n<td>PN10<\/td>\n<td>*<\/td>\n<td>*<\/td>\n<td>*<\/td>\n<td>*<\/td>\n<td>*<\/td>\n<td>*<\/td>\n<td>*<\/td>\n<\/tr>\n<tr>\n<td>\u00d8560-400<\/td>\n<td>RD101656040011<\/td>\n<td>PN16<\/td>\n<td>*<\/td>\n<td>*<\/td>\n<td>*<\/td>\n<td>*<\/td>\n<td>*<\/td>\n<td>*<\/td>\n<td>*<\/td>\n<\/tr>\n<tr>\n<td><\/td>\n<td>RD101056040011<\/td>\n<td>PN10<\/td>\n<td>*<\/td>\n<td>*<\/td>\n<td>*<\/td>\n<td>*<\/td>\n<td>*<\/td>\n<td>*<\/td>\n<td>*<\/td>\n<\/tr>\n<tr>\n<td>\u00d8560-450<\/td>\n<td>RD101656045011<\/td>\n<td>PN16<\/td>\n<td>*<\/td>\n<td>*<\/td>\n<td>*<\/td>\n<td>*<\/td>\n<td>*<\/td>\n<td>*<\/td>\n<td>*<\/td>\n<\/tr>\n<tr>\n<td><\/td>\n<td>RD101056045011<\/td>\n<td>PN10<\/td>\n<td>*<\/td>\n<td>*<\/td>\n<td>*<\/td>\n<td>*<\/td>\n<td>*<\/td>\n<td>*<\/td>\n<td>*<\/td>\n<\/tr>\n<tr>\n<td>\u00d8560-500<\/td>\n<td>RD101656050011<\/td>\n<td>PN16<\/td>\n<td>*<\/td>\n<td>*<\/td>\n<td>*<\/td>\n<td>*<\/td>\n<td>*<\/td>\n<td>*<\/td>\n<td>*<\/td>\n<\/tr>\n<tr>\n<td><\/td>\n<td>RD101056050011<\/td>\n<td>PN10<\/td>\n<td>*<\/td>\n<td>*<\/td>\n<td>*<\/td>\n<td>*<\/td>\n<td>*<\/td>\n<td>*<\/td>\n<td>*<\/td>\n<\/tr>\n<tr>\n<td>\u00d8630-500<\/td>\n<td>RD101663050011<\/td>\n<td>PN16<\/td>\n<td>*<\/td>\n<td>*<\/td>\n<td>*<\/td>\n<td>*<\/td>\n<td>*<\/td>\n<td>*<\/td>\n<td>*<\/td>\n<\/tr>\n<tr>\n<td><\/td>\n<td>RD101063050011<\/td>\n<td>PN10<\/td>\n<td>*<\/td>\n<td>*<\/td>\n<td>*<\/td>\n<td>*<\/td>\n<td>*<\/td>\n<td>*<\/td>\n<td>*<\/td>\n<\/tr>\n<tr>\n<td>\u00d8630-560<\/td>\n<td>RD101663056011<\/td>\n<td>PN16<\/td>\n<td>*<\/td>\n<td>*<\/td>\n<td>*<\/td>\n<td>*<\/td>\n<td>*<\/td>\n<td>*<\/td>\n<td>*<\/td>\n<\/tr>\n<tr>\n<td><\/td>\n<td>RD101063056011<\/td>\n<td>PN10<\/td>\n<td>*<\/td>\n<td>*<\/td>\n<td>*<\/td>\n<td>*<\/td>\n<td>*<\/td>\n<td>*<\/td>\n<td>*<\/td>\n<\/tr>\n<tr>\n<td>\u00d8710-560<\/td>\n<td>RD101671056011<\/td>\n<td>PN16<\/td>\n<td>*<\/td>\n<td>*<\/td>\n<td>*<\/td>\n<td>*<\/td>\n<td>*<\/td>\n<td>*<\/td>\n<td>*<\/td>\n<\/tr>\n<tr>\n<td><\/td>\n<td>RD101071056011<\/td>\n<td>PN10<\/td>\n<td>*<\/td>\n<td>*<\/td>\n<td>*<\/td>\n<td>*<\/td>\n<td>*<\/td>\n<td>*<\/td>\n<td>*<\/td>\n<\/tr>\n<tr>\n<td>\u00d8710-630<\/td>\n<td>RD101671063011<\/td>\n<td>PN16<\/td>\n<td>90<\/td>\n<td>90<\/td>\n<td>160<\/td>\n<td>64,5<\/td>\n<td>57,2<\/td>\n<td>18.680<\/td>\n<td>1<\/td>\n<\/tr>\n<tr>\n<td><\/td>\n<td>RD101071063011<\/td>\n<td>PN10<\/td>\n<td>90<\/td>\n<td>90<\/td>\n<td>160<\/td>\n<td>42,1<\/td>\n<td>37,4<\/td>\n<td>13.260<\/td>\n<td>1<\/td>\n<\/tr>\n<tr>\n<td>\u00d8800-630<\/td>\n<td>RD101680063011<\/td>\n<td>PN16<\/td>\n<td>*<\/td>\n<td>*<\/td>\n<td>*<\/td>\n<td>*<\/td>\n<td>*<\/td>\n<td>*<\/td>\n<td>*<\/td>\n<\/tr>\n<tr>\n<td><\/td>\n<td>RD101080063011<\/td>\n<td>PN10<\/td>\n<td>*<\/td>\n<td>*<\/td>\n<td>*<\/td>\n<td>*<\/td>\n<td>*<\/td>\n<td>*<\/td>\n<td>*<\/td>\n<\/tr>\n<tr>\n<td>\u00d8800-710<\/td>\n<td>RD101680071011<\/td>\n<td>PN16<\/td>\n<td>35<\/td>\n<td>70<\/td>\n<td>150<\/td>\n<td>72,6<\/td>\n<td>64,5<\/td>\n<td>12.900<\/td>\n<td>1<\/td>\n<\/tr>\n<tr>\n<td><\/td>\n<td>RD101080071011<\/td>\n<td>PN10<\/td>\n<td>35<\/td>\n<td>70<\/td>\n<td>150<\/td>\n<td>47,4<\/td>\n<td>42,1<\/td>\n<td>21.900<\/td>\n<td>1<\/td>\n<\/tr>\n<tr>\n<td>\u00d8900-710<\/td>\n<td>RD101690071011<\/td>\n<td>PN16<\/td>\n<td>45<\/td>\n<td>70<\/td>\n<td>280<\/td>\n<td>81,7<\/td>\n<td>64,5<\/td>\n<td>50.390<\/td>\n<td>1<\/td>\n<\/tr>\n<tr>\n<td><\/td>\n<td>RD101090071011<\/td>\n<td>PN10<\/td>\n<td>45<\/td>\n<td>70<\/td>\n<td>280<\/td>\n<td>53,3<\/td>\n<td>42,1<\/td>\n<td>33.050<\/td>\n<td>1<\/td>\n<\/tr>\n<tr>\n<td>\u00d8900-800<\/td>\n<td>RD101690080011<\/td>\n<td>PN16<\/td>\n<td>45<\/td>\n<td>70<\/td>\n<td>150<\/td>\n<td>81,7<\/td>\n<td>72,6<\/td>\n<td>28.490<\/td>\n<td>1<\/td>\n<\/tr>\n<tr>\n<td><\/td>\n<td>RD101090080011<\/td>\n<td>PN10<\/td>\n<td>45<\/td>\n<td>70<\/td>\n<td>150<\/td>\n<td>53,3<\/td>\n<td>47,4<\/td>\n<td>20.150<\/td>\n<td>1<\/td>\n<\/tr>\n<tr>\n<td>\u00d81000-900<\/td>\n<td>RD101610009011<\/td>\n<td>PN16<\/td>\n<td>60<\/td>\n<td>60<\/td>\n<td>150<\/td>\n<td>90,8<\/td>\n<td>81,7<\/td>\n<td>35.660<\/td>\n<td>1<\/td>\n<\/tr>\n<tr>\n<td><\/td>\n<td>RD101010009011<\/td>\n<td>PN10<\/td>\n<td>60<\/td>\n<td>60<\/td>\n<td>150<\/td>\n<td>59,3<\/td>\n<td>53,3<\/td>\n<td>25.030<\/td>\n<td>1<\/td>\n<\/tr>\n<tr>\n<td>\u00d81200-1000<\/td>\n<td>RD101612001011<\/td>\n<td>PN16<\/td>\n<td>60<\/td>\n<td>60<\/td>\n<td>150<\/td>\n<td>71,1<\/td>\n<td>90,8<\/td>\n<td>50.140<\/td>\n<td>1<\/td>\n<\/tr>\n<tr>\n<td><\/td>\n<td>RD101012001011<\/td>\n<td>PN10<\/td>\n<td>60<\/td>\n<td>60<\/td>\n<td>150<\/td>\n<td>71,1<\/td>\n<td>59,3<\/td>\n<td>36.040<\/td>\n<td>1<\/td>\n<\/tr>\n<tr>\n<td>\u00d81400-1200<\/td>\n<td>RD101614001211<\/td>\n<td>PN16<\/td>\n<td>90<\/td>\n<td>60<\/td>\n<td>210<\/td>\n<td>71,1<\/td>\n<td>71,1<\/td>\n<td>73.120<\/td>\n<td>1<\/td>\n<\/tr>\n<tr>\n<td><\/td>\n<td>RD101014001211<\/td>\n<td>PN10<\/td>\n<td>90<\/td>\n<td>60<\/td>\n<td>210<\/td>\n<td>71,1<\/td>\n<td>71,1<\/td>\n<td>53.640<\/td>\n<td>1<\/td>\n<\/tr>\n<tr>\n<td>\u00d81600-1200<\/td>\n<td>RD101616001211<\/td>\n<td>PN16<\/td>\n<td>*<\/td>\n<td>*<\/td>\n<td>*<\/td>\n<td>*<\/td>\n<td>*<\/td>\n<td>*<\/td>\n<td>1<\/td>\n<\/tr>\n<tr>\n<td><\/td>\n<td>RD101016001211<\/td>\n<td>PN10<\/td>\n<td>*<\/td>\n<td>*<\/td>\n<td>*<\/td>\n<td>*<\/td>\n<td>*<\/td>\n<td>*<\/td>\n<td>1<\/td>\n<\/tr>\n<\/tbody>\n<\/table>\n","protected":false},"excerpt":{"rendered":"<p>RED\u00dcKS\u0130YON &#8211; KISA T\u0130P HDPE100+<br \/>\nHDPE100+ SDR 11 (PN16) &amp; SDR 17 (PN10)<br \/>\nREDUCER &#8211; SHORT TYPE HDPE100+ \/<br \/>\n\u041f\u0415\u0420\u0415\u0425\u041e\u0414\u041d\u0418\u041a &#8211; \u041a\u041e\u0420\u041e\u0422\u041a\u0418\u0419 \u0422\u0418\u041f HDPE100+<br \/>\nStandart: TS EN 1555-3:2010 + A 1 \u2022 TS EN 12201-3 + A 1<\/p>\n","protected":false},"featured_media":8411,"comment_status":"open","ping_status":"closed","template":"","meta":[],"product_cat":[119],"product_tag":[],"_links":{"self":[{"href":"https:\/\/www.elborweltech.com\/tr\/wp-json\/wp\/v2\/product\/8410"}],"collection":[{"href":"https:\/\/www.elborweltech.com\/tr\/wp-json\/wp\/v2\/product"}],"about":[{"href":"https:\/\/www.elborweltech.com\/tr\/wp-json\/wp\/v2\/types\/product"}],"replies":[{"embeddable":true,"href":"https:\/\/www.elborweltech.com\/tr\/wp-json\/wp\/v2\/comments?post=8410"}],"wp:featuredmedia":[{"embeddable":true,"href":"https:\/\/www.elborweltech.com\/tr\/wp-json\/wp\/v2\/media\/8411"}],"wp:attachment":[{"href":"https:\/\/www.elborweltech.com\/tr\/wp-json\/wp\/v2\/media?parent=8410"}],"wp:term":[{"taxonomy":"product_cat","embeddable":true,"href":"https:\/\/www.elborweltech.com\/tr\/wp-json\/wp\/v2\/product_cat?post=8410"},{"taxonomy":"product_tag","embeddable":true,"href":"https:\/\/www.elborweltech.com\/tr\/wp-json\/wp\/v2\/product_tag?post=8410"}],"curies":[{"name":"wp","href":"https:\/\/api.w.org\/{rel}","templated":true}]}}