{"id":8478,"date":"2020-06-21T14:59:00","date_gmt":"2020-06-21T11:59:00","guid":{"rendered":"https:\/\/www.elborweltech.com\/?post_type=product&#038;p=8478"},"modified":"2022-11-11T09:25:12","modified_gmt":"2022-11-11T06:25:12","slug":"celi%cc%87k-flans-pn10-pn16","status":"publish","type":"product","link":"https:\/\/www.elborweltech.com\/tr\/urun\/celi%cc%87k-flans-pn10-pn16\/","title":{"rendered":"\u00c7elik Flan\u015f PN10\/PN16"},"content":{"rendered":"<div id=\"g1-table-1\" class=\"g1-table g1-table--solid \">\n<table width=\"798\">\n<tbody>\n<tr>\n<td width=\"60\">d<\/td>\n<td width=\"59\">R( inch)<\/td>\n<td width=\"123\">Article No<\/td>\n<td width=\"60\">bar<\/td>\n<td width=\"60\">dp<\/td>\n<td width=\"60\">K<\/td>\n<td width=\"60\">D<\/td>\n<td width=\"60\">d<\/td>\n<td width=\"60\">b<\/td>\n<td width=\"60\">Hole\u00a0 Qty<\/td>\n<td width=\"76\">Weight (kg)<\/td>\n<td width=\"60\">Pack (pcs)<\/td>\n<\/tr>\n<tr>\n<td>\u00d820<\/td>\n<td>\u00d815<\/td>\n<td>FN001600002088<\/td>\n<td>PN16<\/td>\n<td>28<\/td>\n<td>65<\/td>\n<td>95<\/td>\n<td>14<\/td>\n<td>14<\/td>\n<td>4<\/td>\n<td>0.650<\/td>\n<td>1<\/td>\n<\/tr>\n<tr>\n<td><\/td>\n<td><\/td>\n<td>FN001000002088<\/td>\n<td>PN10<\/td>\n<td>28<\/td>\n<td>65<\/td>\n<td>95<\/td>\n<td>14<\/td>\n<td>14<\/td>\n<td>4<\/td>\n<td>0.650<\/td>\n<td>1<\/td>\n<\/tr>\n<tr>\n<td>\u00d825<\/td>\n<td>\u00d820<\/td>\n<td>FN001600002588<\/td>\n<td>PN16<\/td>\n<td>34<\/td>\n<td>75<\/td>\n<td>105<\/td>\n<td>14<\/td>\n<td>16<\/td>\n<td>4<\/td>\n<td>0.910<\/td>\n<td>1<\/td>\n<\/tr>\n<tr>\n<td><\/td>\n<td><\/td>\n<td>FN001000002588<\/td>\n<td>PN10<\/td>\n<td>34<\/td>\n<td>75<\/td>\n<td>105<\/td>\n<td>14<\/td>\n<td>16<\/td>\n<td>4<\/td>\n<td>0.910<\/td>\n<td>1<\/td>\n<\/tr>\n<tr>\n<td>\u00d832<\/td>\n<td>\u00d825<\/td>\n<td>FN001600003288<\/td>\n<td>PN16<\/td>\n<td>42<\/td>\n<td>85<\/td>\n<td>115<\/td>\n<td>14<\/td>\n<td>16<\/td>\n<td>4<\/td>\n<td>1.060<\/td>\n<td>1<\/td>\n<\/tr>\n<tr>\n<td><\/td>\n<td><\/td>\n<td>FN001000003288<\/td>\n<td>PN10<\/td>\n<td>42<\/td>\n<td>85<\/td>\n<td>115<\/td>\n<td>14<\/td>\n<td>16<\/td>\n<td>4<\/td>\n<td>1.060<\/td>\n<td>1<\/td>\n<\/tr>\n<tr>\n<td>\u00d840<\/td>\n<td>\u00d832<\/td>\n<td>FN001600004088<\/td>\n<td>PN16<\/td>\n<td>51<\/td>\n<td>100<\/td>\n<td>140<\/td>\n<td>18<\/td>\n<td>16<\/td>\n<td>4<\/td>\n<td>1.550<\/td>\n<td>1<\/td>\n<\/tr>\n<tr>\n<td><\/td>\n<td><\/td>\n<td>FN001000004088<\/td>\n<td>PN10<\/td>\n<td>51<\/td>\n<td>100<\/td>\n<td>140<\/td>\n<td>18<\/td>\n<td>16<\/td>\n<td>4<\/td>\n<td>1.550<\/td>\n<td>1<\/td>\n<\/tr>\n<tr>\n<td>\u00d850<\/td>\n<td>\u00d840<\/td>\n<td>FN001600005088<\/td>\n<td>PN16<\/td>\n<td>62<\/td>\n<td>110<\/td>\n<td>150<\/td>\n<td>18<\/td>\n<td>16<\/td>\n<td>4<\/td>\n<td>1.720<\/td>\n<td>1<\/td>\n<\/tr>\n<tr>\n<td><\/td>\n<td><\/td>\n<td>FN001000005088<\/td>\n<td>PN10<\/td>\n<td>62<\/td>\n<td>110<\/td>\n<td>150<\/td>\n<td>18<\/td>\n<td>16<\/td>\n<td>4<\/td>\n<td>1.720<\/td>\n<td>1<\/td>\n<\/tr>\n<tr>\n<td>\u00d863<\/td>\n<td>\u00d850<\/td>\n<td>FN001600006388<\/td>\n<td>PN16<\/td>\n<td>78<\/td>\n<td>125<\/td>\n<td>165<\/td>\n<td>18<\/td>\n<td>18<\/td>\n<td>4<\/td>\n<td>2.210<\/td>\n<td>1<\/td>\n<\/tr>\n<tr>\n<td><\/td>\n<td><\/td>\n<td>FN001000006388<\/td>\n<td>PN10<\/td>\n<td>78<\/td>\n<td>125<\/td>\n<td>165<\/td>\n<td>18<\/td>\n<td>18<\/td>\n<td>4<\/td>\n<td>2.210<\/td>\n<td>1<\/td>\n<\/tr>\n<tr>\n<td>\u00d875<\/td>\n<td>\u00d865<\/td>\n<td>FN001600007588<\/td>\n<td>PN16<\/td>\n<td>92<\/td>\n<td>145<\/td>\n<td>185<\/td>\n<td>18<\/td>\n<td>18<\/td>\n<td>4<\/td>\n<td>2.720<\/td>\n<td>1<\/td>\n<\/tr>\n<tr>\n<td><\/td>\n<td><\/td>\n<td>FN001000007588<\/td>\n<td>PN10<\/td>\n<td>92<\/td>\n<td>145<\/td>\n<td>185<\/td>\n<td>18<\/td>\n<td>18<\/td>\n<td>4<\/td>\n<td>2.720<\/td>\n<td>1<\/td>\n<\/tr>\n<tr>\n<td>\u00d890<\/td>\n<td>\u00d880<\/td>\n<td>FN001600009088<\/td>\n<td>PN16<\/td>\n<td>108<\/td>\n<td>160<\/td>\n<td>200<\/td>\n<td>18<\/td>\n<td>20<\/td>\n<td>8<\/td>\n<td>3.180<\/td>\n<td>1<\/td>\n<\/tr>\n<tr>\n<td><\/td>\n<td><\/td>\n<td>FN001000009088<\/td>\n<td>PN10<\/td>\n<td>108<\/td>\n<td>160<\/td>\n<td>200<\/td>\n<td>18<\/td>\n<td>20<\/td>\n<td>8<\/td>\n<td>3.180<\/td>\n<td>1<\/td>\n<\/tr>\n<tr>\n<td>\u00d8110<\/td>\n<td>\u00d8100<\/td>\n<td>FN001600011088<\/td>\n<td>PN16<\/td>\n<td>125<\/td>\n<td>180<\/td>\n<td>220<\/td>\n<td>18<\/td>\n<td>20<\/td>\n<td>8<\/td>\n<td>3.730<\/td>\n<td>1<\/td>\n<\/tr>\n<tr>\n<td><\/td>\n<td><\/td>\n<td>FN001000011088<\/td>\n<td>PN10<\/td>\n<td>125<\/td>\n<td>180<\/td>\n<td>220<\/td>\n<td>18<\/td>\n<td>20<\/td>\n<td>8<\/td>\n<td>3.730<\/td>\n<td>1<\/td>\n<\/tr>\n<tr>\n<td>\u00d8125<\/td>\n<td>\u00d8100<\/td>\n<td>FN001600012588<\/td>\n<td>PN16<\/td>\n<td>135<\/td>\n<td>180<\/td>\n<td>220<\/td>\n<td>18<\/td>\n<td>20<\/td>\n<td>8<\/td>\n<td>3.410<\/td>\n<td>1<\/td>\n<\/tr>\n<tr>\n<td><\/td>\n<td><\/td>\n<td>FN001000012588<\/td>\n<td>PN10<\/td>\n<td>135<\/td>\n<td>180<\/td>\n<td>220<\/td>\n<td>18<\/td>\n<td>20<\/td>\n<td>8<\/td>\n<td>3.410<\/td>\n<td>1<\/td>\n<\/tr>\n<tr>\n<td>\u00d8140<\/td>\n<td>\u00d8125<\/td>\n<td>FN001600014088<\/td>\n<td>PN16<\/td>\n<td>158<\/td>\n<td>210<\/td>\n<td>250<\/td>\n<td>18<\/td>\n<td>22<\/td>\n<td>8<\/td>\n<td>4.750<\/td>\n<td>1<\/td>\n<\/tr>\n<tr>\n<td><\/td>\n<td><\/td>\n<td>FN001000014088<\/td>\n<td>PN10<\/td>\n<td>158<\/td>\n<td>210<\/td>\n<td>250<\/td>\n<td>18<\/td>\n<td>22<\/td>\n<td>8<\/td>\n<td>4.750<\/td>\n<td>1<\/td>\n<\/tr>\n<tr>\n<td>\u00d8160<\/td>\n<td>\u00d8150<\/td>\n<td>FN001600016088<\/td>\n<td>PN16<\/td>\n<td>178<\/td>\n<td>240<\/td>\n<td>285<\/td>\n<td>22<\/td>\n<td>22<\/td>\n<td>8<\/td>\n<td>6.210<\/td>\n<td>1<\/td>\n<\/tr>\n<tr>\n<td><\/td>\n<td><\/td>\n<td>FN001000016088<\/td>\n<td>PN10<\/td>\n<td>178<\/td>\n<td>240<\/td>\n<td>285<\/td>\n<td>22<\/td>\n<td>22<\/td>\n<td>8<\/td>\n<td>6.210<\/td>\n<td>1<\/td>\n<\/tr>\n<tr>\n<td>\u00d8180<\/td>\n<td>\u00d8150<\/td>\n<td>FN001600018088<\/td>\n<td>PN16<\/td>\n<td>188<\/td>\n<td>240<\/td>\n<td>285<\/td>\n<td>22<\/td>\n<td>22<\/td>\n<td>8<\/td>\n<td>5.710<\/td>\n<td>1<\/td>\n<\/tr>\n<tr>\n<td><\/td>\n<td><\/td>\n<td>FN001000018088<\/td>\n<td>PN10<\/td>\n<td>188<\/td>\n<td>240<\/td>\n<td>285<\/td>\n<td>22<\/td>\n<td>22<\/td>\n<td>8<\/td>\n<td>5.710<\/td>\n<td>1<\/td>\n<\/tr>\n<tr>\n<td>\u00d8200<\/td>\n<td>\u00d8200<\/td>\n<td>FN001600020088<\/td>\n<td>PN16<\/td>\n<td>235<\/td>\n<td>295<\/td>\n<td>340<\/td>\n<td>22<\/td>\n<td>24<\/td>\n<td>8<\/td>\n<td>8.380<\/td>\n<td>1<\/td>\n<\/tr>\n<tr>\n<td><\/td>\n<td><\/td>\n<td>FN001000020088<\/td>\n<td>PN10<\/td>\n<td>235<\/td>\n<td>295<\/td>\n<td>340<\/td>\n<td>22<\/td>\n<td>24<\/td>\n<td>8<\/td>\n<td>8.380<\/td>\n<td>1<\/td>\n<\/tr>\n<tr>\n<td>\u00d8200<\/td>\n<td>\u00d8225<\/td>\n<td>FN001600022588<\/td>\n<td>PN16<\/td>\n<td>238<\/td>\n<td>295<\/td>\n<td>340<\/td>\n<td>22<\/td>\n<td>24<\/td>\n<td>8<\/td>\n<td>8.170<\/td>\n<td>1<\/td>\n<\/tr>\n<tr>\n<td><\/td>\n<td><\/td>\n<td>FN001000022588<\/td>\n<td>PN10<\/td>\n<td>238<\/td>\n<td>295<\/td>\n<td>340<\/td>\n<td>22<\/td>\n<td>24<\/td>\n<td>8<\/td>\n<td>8.170<\/td>\n<td>1<\/td>\n<\/tr>\n<tr>\n<td>\u00d8250<\/td>\n<td>\u00d8250<\/td>\n<td>FN001600025088<\/td>\n<td>PN16<\/td>\n<td>288<\/td>\n<td>350<\/td>\n<td>395<\/td>\n<td>22<\/td>\n<td>26<\/td>\n<td>12<\/td>\n<td>10.810<\/td>\n<td>1<\/td>\n<\/tr>\n<tr>\n<td><\/td>\n<td><\/td>\n<td>FN001000025088<\/td>\n<td>PN10<\/td>\n<td>288<\/td>\n<td>350<\/td>\n<td>395<\/td>\n<td>22<\/td>\n<td>26<\/td>\n<td>12<\/td>\n<td>10.810<\/td>\n<td>1<\/td>\n<\/tr>\n<tr>\n<td>\u00d8250<\/td>\n<td>\u00d8280<\/td>\n<td>FN001600028088<\/td>\n<td>PN16<\/td>\n<td>294<\/td>\n<td>355<\/td>\n<td>405<\/td>\n<td>26<\/td>\n<td>26<\/td>\n<td>12<\/td>\n<td>11.160<\/td>\n<td>1<\/td>\n<\/tr>\n<tr>\n<td><\/td>\n<td><\/td>\n<td>FN001000028088<\/td>\n<td>PN16<\/td>\n<td>294<\/td>\n<td>350<\/td>\n<td>395<\/td>\n<td>22<\/td>\n<td>26<\/td>\n<td>12<\/td>\n<td>10.250<\/td>\n<td>1<\/td>\n<\/tr>\n<tr>\n<td>\u00d8300<\/td>\n<td>\u00d8315<\/td>\n<td>FN001600030088<\/td>\n<td>PN16<\/td>\n<td>338<\/td>\n<td>410<\/td>\n<td>460<\/td>\n<td>26<\/td>\n<td>28<\/td>\n<td>12<\/td>\n<td>15.440<\/td>\n<td>1<\/td>\n<\/tr>\n<tr>\n<td><\/td>\n<td><\/td>\n<td>FN001000030088<\/td>\n<td>PN10<\/td>\n<td>338<\/td>\n<td>400<\/td>\n<td>445<\/td>\n<td>22<\/td>\n<td>26<\/td>\n<td>12<\/td>\n<td>12.530<\/td>\n<td>1<\/td>\n<\/tr>\n<tr>\n<td>\u00d8350<\/td>\n<td>\u00d8355<\/td>\n<td>FN001600035088<\/td>\n<td>PN16<\/td>\n<td>376<\/td>\n<td>470<\/td>\n<td>520<\/td>\n<td>26<\/td>\n<td>30<\/td>\n<td>16<\/td>\n<td>21.920<\/td>\n<td>1<\/td>\n<\/tr>\n<tr>\n<td><\/td>\n<td><\/td>\n<td>FN001000035088<\/td>\n<td>PN10<\/td>\n<td>376<\/td>\n<td>460<\/td>\n<td>505<\/td>\n<td>22<\/td>\n<td>26<\/td>\n<td>16<\/td>\n<td>17.020<\/td>\n<td>1<\/td>\n<\/tr>\n<tr>\n<td>\u00d8400<\/td>\n<td>\u00d8400<\/td>\n<td>FN001600040088<\/td>\n<td>PN16<\/td>\n<td>430<\/td>\n<td>525<\/td>\n<td>580<\/td>\n<td>30<\/td>\n<td>32<\/td>\n<td>16<\/td>\n<td>27.110<\/td>\n<td>1<\/td>\n<\/tr>\n<tr>\n<td><\/td>\n<td><\/td>\n<td>FN001000040088<\/td>\n<td>PN10<\/td>\n<td>430<\/td>\n<td>515<\/td>\n<td>565<\/td>\n<td>26<\/td>\n<td>26<\/td>\n<td>16<\/td>\n<td>19.850<\/td>\n<td>1<\/td>\n<\/tr>\n<tr>\n<td>\u00d8450<\/td>\n<td>\u00d8450<\/td>\n<td>FN001600045088<\/td>\n<td>PN16<\/td>\n<td>465<\/td>\n<td>585<\/td>\n<td>640<\/td>\n<td>30<\/td>\n<td>34<\/td>\n<td>20<\/td>\n<td>36.850<\/td>\n<td>1<\/td>\n<\/tr>\n<tr>\n<td><\/td>\n<td><\/td>\n<td>FN001000045088<\/td>\n<td>PN10<\/td>\n<td>465<\/td>\n<td>565<\/td>\n<td>615<\/td>\n<td>26<\/td>\n<td>28<\/td>\n<td>20<\/td>\n<td>25.690<\/td>\n<td>1<\/td>\n<\/tr>\n<tr>\n<td>\u00d8500<\/td>\n<td>\u00d8500<\/td>\n<td>FN001600050088<\/td>\n<td>PN16<\/td>\n<td>533<\/td>\n<td>650<\/td>\n<td>715<\/td>\n<td>33<\/td>\n<td>34<\/td>\n<td>20<\/td>\n<td>43.150<\/td>\n<td>1<\/td>\n<\/tr>\n<tr>\n<td><\/td>\n<td><\/td>\n<td>FN001000050088<\/td>\n<td>PN10<\/td>\n<td>533<\/td>\n<td>620<\/td>\n<td>670<\/td>\n<td>26<\/td>\n<td>28<\/td>\n<td>20<\/td>\n<td>26.180<\/td>\n<td>1<\/td>\n<\/tr>\n<tr>\n<td>\u00d8600<\/td>\n<td>\u00d8560<\/td>\n<td>FN001600060088<\/td>\n<td>PN16<\/td>\n<td>618<\/td>\n<td>770<\/td>\n<td>840<\/td>\n<td>36<\/td>\n<td>36<\/td>\n<td>20<\/td>\n<td>66.240<\/td>\n<td>1<\/td>\n<\/tr>\n<tr>\n<td><\/td>\n<td><\/td>\n<td>FN001000060088<\/td>\n<td>PN10<\/td>\n<td>618<\/td>\n<td>725<\/td>\n<td>780<\/td>\n<td>30<\/td>\n<td>28<\/td>\n<td>20<\/td>\n<td>36.070<\/td>\n<td>1<\/td>\n<\/tr>\n<tr>\n<td>\u00d8600<\/td>\n<td>\u00d8630<\/td>\n<td>FN001600063088<\/td>\n<td>PN16<\/td>\n<td>645<\/td>\n<td>770<\/td>\n<td>840<\/td>\n<td>36<\/td>\n<td>36<\/td>\n<td>20<\/td>\n<td>58.660<\/td>\n<td>1<\/td>\n<\/tr>\n<tr>\n<td><\/td>\n<td><\/td>\n<td>FN001000063088<\/td>\n<td>PN10<\/td>\n<td>645<\/td>\n<td>725<\/td>\n<td>780<\/td>\n<td>30<\/td>\n<td>28<\/td>\n<td>20<\/td>\n<td>30.170<\/td>\n<td>1<\/td>\n<\/tr>\n<tr>\n<td>\u00d8700<\/td>\n<td>\u00d8710<\/td>\n<td>FN001600070088<\/td>\n<td>PN16<\/td>\n<td>740<\/td>\n<td>840<\/td>\n<td>910<\/td>\n<td>36<\/td>\n<td>36<\/td>\n<td>24<\/td>\n<td>55.490<\/td>\n<td>1<\/td>\n<\/tr>\n<tr>\n<td><\/td>\n<td><\/td>\n<td>FN001000070088<\/td>\n<td>PN10<\/td>\n<td>740<\/td>\n<td>840<\/td>\n<td>895<\/td>\n<td>30<\/td>\n<td>30<\/td>\n<td>24<\/td>\n<td>42.980<\/td>\n<td>1<\/td>\n<\/tr>\n<tr>\n<td>\u00d8800<\/td>\n<td>\u00d8800<\/td>\n<td>FN001600080088<\/td>\n<td>PN16<\/td>\n<td>843<\/td>\n<td>950<\/td>\n<td>1025<\/td>\n<td>39<\/td>\n<td>38<\/td>\n<td>24<\/td>\n<td>71.270<\/td>\n<td>1<\/td>\n<\/tr>\n<tr>\n<td><\/td>\n<td><\/td>\n<td>FN001000080088<\/td>\n<td>PN10<\/td>\n<td>843<\/td>\n<td>950<\/td>\n<td>1015<\/td>\n<td>33<\/td>\n<td>32<\/td>\n<td>24<\/td>\n<td>58.030<\/td>\n<td>1<\/td>\n<\/tr>\n<tr>\n<td>\u00d8900<\/td>\n<td>\u00d8900<\/td>\n<td>FN001600090088<\/td>\n<td>PN16<\/td>\n<td>947<\/td>\n<td>1050<\/td>\n<td>1125<\/td>\n<td>39<\/td>\n<td>40<\/td>\n<td>28<\/td>\n<td>80.640<\/td>\n<td>1<\/td>\n<\/tr>\n<tr>\n<td><\/td>\n<td><\/td>\n<td>FN001000090088<\/td>\n<td>PN10<\/td>\n<td>947<\/td>\n<td>1050<\/td>\n<td>1125<\/td>\n<td>33<\/td>\n<td>34<\/td>\n<td>28<\/td>\n<td>66.380<\/td>\n<td>1<\/td>\n<\/tr>\n<tr>\n<td>\u00d81000<\/td>\n<td>\u00d81000<\/td>\n<td>FN001600100088<\/td>\n<td>PN16<\/td>\n<td>1050<\/td>\n<td>1170<\/td>\n<td>1255<\/td>\n<td>42<\/td>\n<td>42<\/td>\n<td>28<\/td>\n<td>109.830<\/td>\n<td>1<\/td>\n<\/tr>\n<tr>\n<td><\/td>\n<td><\/td>\n<td>FN001000100088<\/td>\n<td>PN10<\/td>\n<td>1050<\/td>\n<td>1160<\/td>\n<td>1230<\/td>\n<td>36<\/td>\n<td>34<\/td>\n<td>28<\/td>\n<td>78.610<\/td>\n<td>1<\/td>\n<\/tr>\n<tr>\n<td>\u00d81200<\/td>\n<td>\u00d81200<\/td>\n<td>FN001600120088<\/td>\n<td>PN16<\/td>\n<td>1250<\/td>\n<td>1390<\/td>\n<td>1455<\/td>\n<td>48<\/td>\n<td>48<\/td>\n<td>32<\/td>\n<td>168.790<\/td>\n<td>1<\/td>\n<\/tr>\n<tr>\n<td><\/td>\n<td><\/td>\n<td>FN001000120088<\/td>\n<td>PN10<\/td>\n<td>1250<\/td>\n<td>1380<\/td>\n<td>1455<\/td>\n<td>39<\/td>\n<td>38<\/td>\n<td>32<\/td>\n<td>118.790<\/td>\n<td>1<\/td>\n<\/tr>\n<tr>\n<td>\u00d81400<\/td>\n<td>\u00d81400<\/td>\n<td>FN001600140088<\/td>\n<td>PN16<\/td>\n<td>1460<\/td>\n<td>1590<\/td>\n<td>1685<\/td>\n<td>48<\/td>\n<td>52<\/td>\n<td>36<\/td>\n<td>200.750<\/td>\n<td>1<\/td>\n<\/tr>\n<tr>\n<td><\/td>\n<td><\/td>\n<td>FN001000140088<\/td>\n<td>PN10<\/td>\n<td>1460<\/td>\n<td>1590<\/td>\n<td>1675<\/td>\n<td>42<\/td>\n<td>42<\/td>\n<td>36<\/td>\n<td>158.470<\/td>\n<td>1<\/td>\n<\/tr>\n<tr>\n<td>\u00d81600<\/td>\n<td>\u00d81600<\/td>\n<td>FN001600160088<\/td>\n<td>PN16<\/td>\n<td>1650<\/td>\n<td>1820<\/td>\n<td>1930<\/td>\n<td>55<\/td>\n<td>58<\/td>\n<td>40<\/td>\n<td>315.930<\/td>\n<td>1<\/td>\n<\/tr>\n<tr>\n<td><\/td>\n<td><\/td>\n<td>FN001000160088<\/td>\n<td>PN10<\/td>\n<td>1650<\/td>\n<td>1820<\/td>\n<td>1915<\/td>\n<td>48<\/td>\n<td>46<\/td>\n<td>40<\/td>\n<td>242.370<\/td>\n<td>1<\/td>\n<\/tr>\n<\/tbody>\n<\/table>\n<\/div>\n<blockquote><p>\u00dcr\u00fcn bilgisi i\u00e7in m\u00fc\u015fteri hizmetleri ile g\u00f6r\u00fc\u015f\u00fcn\u00fcz.<\/p><\/blockquote>\n","protected":false},"excerpt":{"rendered":"<p>\u00c7EL\u0130K FLAN\u015e PN10\/PN16<br \/>\nHDPE100+ SDR 11 (PN16) &amp; SDR 17 (PN10)<br \/>\nSTEEL FLANGE PN10\/PN16<br \/>\n\u0421\u0422\u0410\u041b\u042c\u041d\u041e\u0419 \u0424\u041b\u0410\u041d\u0415\u0426 PN10\/PN16<br \/>\nStandart: TS EN 1555-3:2010 + A 1 \u2022 TS EN 12201-3 + A 1<\/p>\n","protected":false},"featured_media":8479,"comment_status":"open","ping_status":"closed","template":"","meta":[],"product_cat":[122],"product_tag":[],"_links":{"self":[{"href":"https:\/\/www.elborweltech.com\/tr\/wp-json\/wp\/v2\/product\/8478"}],"collection":[{"href":"https:\/\/www.elborweltech.com\/tr\/wp-json\/wp\/v2\/product"}],"about":[{"href":"https:\/\/www.elborweltech.com\/tr\/wp-json\/wp\/v2\/types\/product"}],"replies":[{"embeddable":true,"href":"https:\/\/www.elborweltech.com\/tr\/wp-json\/wp\/v2\/comments?post=8478"}],"wp:featuredmedia":[{"embeddable":true,"href":"https:\/\/www.elborweltech.com\/tr\/wp-json\/wp\/v2\/media\/8479"}],"wp:attachment":[{"href":"https:\/\/www.elborweltech.com\/tr\/wp-json\/wp\/v2\/media?parent=8478"}],"wp:term":[{"taxonomy":"product_cat","embeddable":true,"href":"https:\/\/www.elborweltech.com\/tr\/wp-json\/wp\/v2\/product_cat?post=8478"},{"taxonomy":"product_tag","embeddable":true,"href":"https:\/\/www.elborweltech.com\/tr\/wp-json\/wp\/v2\/product_tag?post=8478"}],"curies":[{"name":"wp","href":"https:\/\/api.w.org\/{rel}","templated":true}]}}