{"id":8507,"date":"2020-06-21T15:04:39","date_gmt":"2020-06-21T12:04:39","guid":{"rendered":"https:\/\/www.elborweltech.com\/?post_type=product&#038;p=8507"},"modified":"2023-06-06T16:14:19","modified_gmt":"2023-06-06T13:14:19","slug":"pp-kapli-celi%cc%87k-flans-pn10-pn16","status":"publish","type":"product","link":"https:\/\/www.elborweltech.com\/tr\/urun\/pp-kapli-celi%cc%87k-flans-pn10-pn16\/","title":{"rendered":"PP Kapl\u0131 \u00c7elik Flan\u015f PN10\/PN16"},"content":{"rendered":"\n<table id=\"tablepress-21\" class=\"tablepress tablepress-id-21\">\n<thead>\n<tr class=\"row-1\">\n\t<th class=\"column-1\"><img width=\"48\" height=\"48\" src=\"https:\/\/www.elborweltech.com\/wp-content\/uploads\/2023\/06\/pdf.svg\" alt=\"\"><\/th><th class=\"column-2\">d<\/th><th class=\"column-3\">DN<\/th><th class=\"column-4\">\u00dcr\u00fcn Kodu<\/th><th class=\"column-5\">D<\/th><th class=\"column-6\">a<\/th><th class=\"column-7\">k<\/th><th class=\"column-8\">b<\/th><th class=\"column-9\">\u0131<\/th><th class=\"column-10\">Civata<\/th><th class=\"column-11\">Delik Adedi<\/th><th class=\"column-12\">A\u011f\u0131rl\u0131k<\/th><th class=\"column-13\">Kutu<\/th>\n<\/tr>\n<\/thead>\n<tbody class=\"row-striping row-hover\">\n<tr class=\"row-2\">\n\t<td class=\"column-1\"><\/td><td class=\"column-2\">mm<\/td><td class=\"column-3\">mm<\/td><td class=\"column-4\"><\/td><td class=\"column-5\">mm<\/td><td class=\"column-6\">mm<\/td><td class=\"column-7\">mm<\/td><td class=\"column-8\">mm<\/td><td class=\"column-9\">mm<\/td><td class=\"column-10\">mm<\/td><td class=\"column-11\">mm<\/td><td class=\"column-12\">kg<\/td><td class=\"column-13\">Adet<\/td>\n<\/tr>\n<tr class=\"row-3\">\n\t<td class=\"column-1\"><a href=\"https:\/\/www.elborweltech.com\/wp-content\/uploads\/2023\/06\/20-BACKING-RING.pdf\"><img width=\"36\" height=\"36\" src=\"https:\/\/www.elborweltech.com\/wp-content\/uploads\/2023\/06\/down.svg\" alt=\"\"><\/a><\/td><td class=\"column-2\">20<\/td><td class=\"column-3\">15<\/td><td class=\"column-4\">001 517 7120 0020<\/td><td class=\"column-5\">95<\/td><td class=\"column-6\">28<\/td><td class=\"column-7\">65<\/td><td class=\"column-8\">12<\/td><td class=\"column-9\">14<\/td><td class=\"column-10\">M12<\/td><td class=\"column-11\">4<\/td><td class=\"column-12\">0,232<\/td><td class=\"column-13\">85<\/td>\n<\/tr>\n<tr class=\"row-4\">\n\t<td class=\"column-1\"><a href=\"https:\/\/www.elborweltech.com\/wp-content\/uploads\/2023\/06\/25-BACKING-RING.pdf\"><img width=\"36\" height=\"36\" src=\"https:\/\/www.elborweltech.com\/wp-content\/uploads\/2023\/06\/down.svg\" alt=\"\"><\/a><\/td><td class=\"column-2\">25<\/td><td class=\"column-3\">20<\/td><td class=\"column-4\">001 517 7120 0025<\/td><td class=\"column-5\">105<\/td><td class=\"column-6\">34<\/td><td class=\"column-7\">75<\/td><td class=\"column-8\">12<\/td><td class=\"column-9\">14<\/td><td class=\"column-10\">M12<\/td><td class=\"column-11\">4<\/td><td class=\"column-12\">0,288<\/td><td class=\"column-13\">68<\/td>\n<\/tr>\n<tr class=\"row-5\">\n\t<td class=\"column-1\"><a href=\"https:\/\/www.elborweltech.com\/wp-content\/uploads\/2023\/06\/32-BACKING-RING.pdf\"><img width=\"36\" height=\"36\" src=\"https:\/\/www.elborweltech.com\/wp-content\/uploads\/2023\/06\/down.svg\" alt=\"\"><\/a><\/td><td class=\"column-2\">32<\/td><td class=\"column-3\">25<\/td><td class=\"column-4\">001 517 7120 0032<\/td><td class=\"column-5\">115<\/td><td class=\"column-6\">42<\/td><td class=\"column-7\">85<\/td><td class=\"column-8\">16<\/td><td class=\"column-9\">14<\/td><td class=\"column-10\">M12<\/td><td class=\"column-11\">4<\/td><td class=\"column-12\">0,544<\/td><td class=\"column-13\">52<\/td>\n<\/tr>\n<tr class=\"row-6\">\n\t<td class=\"column-1\"><a href=\"https:\/\/www.elborweltech.com\/wp-content\/uploads\/2023\/06\/40-BACKING-RING.pdf\"><img width=\"36\" height=\"36\" src=\"https:\/\/www.elborweltech.com\/wp-content\/uploads\/2023\/06\/down.svg\" alt=\"\"><\/a><\/td><td class=\"column-2\">40<\/td><td class=\"column-3\">32<\/td><td class=\"column-4\">001 517 7120 0040<\/td><td class=\"column-5\">140<\/td><td class=\"column-6\">51<\/td><td class=\"column-7\">100<\/td><td class=\"column-8\">16<\/td><td class=\"column-9\">18<\/td><td class=\"column-10\">M16<\/td><td class=\"column-11\">4<\/td><td class=\"column-12\">0,836<\/td><td class=\"column-13\">20<\/td>\n<\/tr>\n<tr class=\"row-7\">\n\t<td class=\"column-1\"><a href=\"https:\/\/www.elborweltech.com\/wp-content\/uploads\/2023\/06\/50-BACKING-RING.pdf\"><img width=\"36\" height=\"36\" src=\"https:\/\/www.elborweltech.com\/wp-content\/uploads\/2023\/06\/down.svg\" alt=\"\"><\/a><\/td><td class=\"column-2\">50<\/td><td class=\"column-3\">40<\/td><td class=\"column-4\">001 517 7120 0050<\/td><td class=\"column-5\">150<\/td><td class=\"column-6\">62<\/td><td class=\"column-7\">110<\/td><td class=\"column-8\">18<\/td><td class=\"column-9\">18<\/td><td class=\"column-10\">M16<\/td><td class=\"column-11\">4<\/td><td class=\"column-12\">0,902<\/td><td class=\"column-13\">15<\/td>\n<\/tr>\n<tr class=\"row-8\">\n\t<td class=\"column-1\"><a href=\"https:\/\/www.elborweltech.com\/wp-content\/uploads\/2023\/06\/63-BACKING-RING.pdf\"><img width=\"36\" height=\"36\" src=\"https:\/\/www.elborweltech.com\/wp-content\/uploads\/2023\/06\/down.svg\" alt=\"\"><\/a><\/td><td class=\"column-2\">63<\/td><td class=\"column-3\">50<\/td><td class=\"column-4\">001 517 7120 0063<\/td><td class=\"column-5\">165<\/td><td class=\"column-6\">78<\/td><td class=\"column-7\">125<\/td><td class=\"column-8\">18<\/td><td class=\"column-9\">18<\/td><td class=\"column-10\">M16<\/td><td class=\"column-11\">4<\/td><td class=\"column-12\">1,074<\/td><td class=\"column-13\">15<\/td>\n<\/tr>\n<tr class=\"row-9\">\n\t<td class=\"column-1\"><a href=\"https:\/\/www.elborweltech.com\/wp-content\/uploads\/2023\/06\/75-BACKING-RING.pdf\"><img width=\"36\" height=\"36\" src=\"https:\/\/www.elborweltech.com\/wp-content\/uploads\/2023\/06\/down.svg\" alt=\"\"><\/a><\/td><td class=\"column-2\">75<\/td><td class=\"column-3\">65<\/td><td class=\"column-4\">001 517 7120 0075<\/td><td class=\"column-5\">188<\/td><td class=\"column-6\">92<\/td><td class=\"column-7\">145<\/td><td class=\"column-8\">18<\/td><td class=\"column-9\">18<\/td><td class=\"column-10\">M16<\/td><td class=\"column-11\">4<\/td><td class=\"column-12\">1,368<\/td><td class=\"column-13\">15<\/td>\n<\/tr>\n<tr class=\"row-10\">\n\t<td class=\"column-1\"><a href=\"https:\/\/www.elborweltech.com\/wp-content\/uploads\/2023\/06\/90-BACKING-RING.pdf\"><img width=\"36\" height=\"36\" src=\"https:\/\/www.elborweltech.com\/wp-content\/uploads\/2023\/06\/down.svg\" alt=\"\"><\/a><\/td><td class=\"column-2\">90<\/td><td class=\"column-3\">80<\/td><td class=\"column-4\">001 517 7120 0090<\/td><td class=\"column-5\">204<\/td><td class=\"column-6\">108<\/td><td class=\"column-7\">160<\/td><td class=\"column-8\">20<\/td><td class=\"column-9\">18<\/td><td class=\"column-10\">M16<\/td><td class=\"column-11\">8<\/td><td class=\"column-12\">1,516<\/td><td class=\"column-13\">10<\/td>\n<\/tr>\n<tr class=\"row-11\">\n\t<td class=\"column-1\"><a href=\"https:\/\/www.elborweltech.com\/wp-content\/uploads\/2023\/06\/110-BACKING-RING.pdf\"><img width=\"36\" height=\"36\" src=\"https:\/\/www.elborweltech.com\/wp-content\/uploads\/2023\/06\/down.svg\" alt=\"\"><\/a><\/td><td class=\"column-2\">110<\/td><td class=\"column-3\">100<\/td><td class=\"column-4\">001 517 7120 0110<\/td><td class=\"column-5\">224<\/td><td class=\"column-6\">128<\/td><td class=\"column-7\">180<\/td><td class=\"column-8\">20<\/td><td class=\"column-9\">18<\/td><td class=\"column-10\">M16<\/td><td class=\"column-11\">8<\/td><td class=\"column-12\">1,96<\/td><td class=\"column-13\">10<\/td>\n<\/tr>\n<tr class=\"row-12\">\n\t<td class=\"column-1\"><a href=\"https:\/\/www.elborweltech.com\/wp-content\/uploads\/2023\/06\/125-BACKING-RING.pdf\"><img width=\"36\" height=\"36\" src=\"https:\/\/www.elborweltech.com\/wp-content\/uploads\/2023\/06\/down.svg\" alt=\"\"><\/a><\/td><td class=\"column-2\">125<\/td><td class=\"column-3\">100<\/td><td class=\"column-4\">001 517 7120 0125<\/td><td class=\"column-5\">224<\/td><td class=\"column-6\">135<\/td><td class=\"column-7\">180<\/td><td class=\"column-8\">20<\/td><td class=\"column-9\">18<\/td><td class=\"column-10\">M16<\/td><td class=\"column-11\">8<\/td><td class=\"column-12\">1,938<\/td><td class=\"column-13\">10<\/td>\n<\/tr>\n<tr class=\"row-13\">\n\t<td class=\"column-1\"><a href=\"https:\/\/www.elborweltech.com\/wp-content\/uploads\/2023\/06\/140-BACKING-RING.pdf\"><img width=\"36\" height=\"36\" src=\"https:\/\/www.elborweltech.com\/wp-content\/uploads\/2023\/06\/down.svg\" alt=\"\"><\/a><\/td><td class=\"column-2\">140<\/td><td class=\"column-3\">125<\/td><td class=\"column-4\">001 517 7120 0140<\/td><td class=\"column-5\">252<\/td><td class=\"column-6\">158<\/td><td class=\"column-7\">210<\/td><td class=\"column-8\">24<\/td><td class=\"column-9\">18<\/td><td class=\"column-10\">M16<\/td><td class=\"column-11\">8<\/td><td class=\"column-12\">2,866<\/td><td class=\"column-13\">6<\/td>\n<\/tr>\n<tr class=\"row-14\">\n\t<td class=\"column-1\"><a href=\"https:\/\/www.elborweltech.com\/wp-content\/uploads\/2023\/06\/160-BACKING-RING.pdf\"><img width=\"36\" height=\"36\" src=\"https:\/\/www.elborweltech.com\/wp-content\/uploads\/2023\/06\/down.svg\" alt=\"\"><\/a><\/td><td class=\"column-2\">160<\/td><td class=\"column-3\">150<\/td><td class=\"column-4\">001 517 7120 0160<\/td><td class=\"column-5\">285<\/td><td class=\"column-6\">178<\/td><td class=\"column-7\">240<\/td><td class=\"column-8\">24<\/td><td class=\"column-9\">22<\/td><td class=\"column-10\">M20<\/td><td class=\"column-11\">8<\/td><td class=\"column-12\">3,576<\/td><td class=\"column-13\">6<\/td>\n<\/tr>\n<tr class=\"row-15\">\n\t<td class=\"column-1\"><a href=\"https:\/\/www.elborweltech.com\/wp-content\/uploads\/2023\/06\/180-BACKING-RING.pdf\"><img width=\"36\" height=\"36\" src=\"https:\/\/www.elborweltech.com\/wp-content\/uploads\/2023\/06\/down.svg\" alt=\"\"><\/a><\/td><td class=\"column-2\">180<\/td><td class=\"column-3\">150<\/td><td class=\"column-4\">001 517 7120 0180<\/td><td class=\"column-5\">285<\/td><td class=\"column-6\">188<\/td><td class=\"column-7\">240<\/td><td class=\"column-8\">24<\/td><td class=\"column-9\">22<\/td><td class=\"column-10\">M20<\/td><td class=\"column-11\">8<\/td><td class=\"column-12\">3,298<\/td><td class=\"column-13\">6<\/td>\n<\/tr>\n<tr class=\"row-16\">\n\t<td class=\"column-1\"><a href=\"https:\/\/www.elborweltech.com\/wp-content\/uploads\/2023\/06\/200-BACKING-RING.pdf\"><img width=\"36\" height=\"36\" src=\"https:\/\/www.elborweltech.com\/wp-content\/uploads\/2023\/06\/down.svg\" alt=\"\"><\/a><\/td><td class=\"column-2\">200<\/td><td class=\"column-3\">200<\/td><td class=\"column-4\">001 517 7120 0200<\/td><td class=\"column-5\">340<\/td><td class=\"column-6\">235<\/td><td class=\"column-7\">295<\/td><td class=\"column-8\">27<\/td><td class=\"column-9\">22<\/td><td class=\"column-10\">M20<\/td><td class=\"column-11\">12<\/td><td class=\"column-12\">5,032<\/td><td class=\"column-13\">4<\/td>\n<\/tr>\n<tr class=\"row-17\">\n\t<td class=\"column-1\"><a href=\"https:\/\/www.elborweltech.com\/wp-content\/uploads\/2023\/06\/225.pdf\"><img width=\"36\" height=\"36\" src=\"https:\/\/www.elborweltech.com\/wp-content\/uploads\/2023\/06\/down.svg\" alt=\"\"><\/a><\/td><td class=\"column-2\">225<\/td><td class=\"column-3\">200<\/td><td class=\"column-4\">001 517 7120 0225<\/td><td class=\"column-5\">340<\/td><td class=\"column-6\">238<\/td><td class=\"column-7\">295<\/td><td class=\"column-8\">27<\/td><td class=\"column-9\">22<\/td><td class=\"column-10\">M20<\/td><td class=\"column-11\">12<\/td><td class=\"column-12\">4,9<\/td><td class=\"column-13\">4<\/td>\n<\/tr>\n<tr class=\"row-18\">\n\t<td class=\"column-1\"><a href=\"https:\/\/www.elborweltech.com\/wp-content\/uploads\/2023\/06\/250-BACKING-RING.pdf\"><img width=\"36\" height=\"36\" src=\"https:\/\/www.elborweltech.com\/wp-content\/uploads\/2023\/06\/down.svg\" alt=\"\"><\/a><\/td><td class=\"column-2\">250<\/td><td class=\"column-3\">250<\/td><td class=\"column-4\">001 517 7120 0250<\/td><td class=\"column-5\">419<\/td><td class=\"column-6\">288<\/td><td class=\"column-7\">355<\/td><td class=\"column-8\">32<\/td><td class=\"column-9\">26<\/td><td class=\"column-10\">M24<\/td><td class=\"column-11\">12<\/td><td class=\"column-12\">10,182<\/td><td class=\"column-13\">2<\/td>\n<\/tr>\n<tr class=\"row-19\">\n\t<td class=\"column-1\"><a href=\"https:\/\/www.elborweltech.com\/wp-content\/uploads\/2023\/06\/280-BACKING-RING.pdf\"><img width=\"36\" height=\"36\" src=\"https:\/\/www.elborweltech.com\/wp-content\/uploads\/2023\/06\/down.svg\" alt=\"\"><\/a><\/td><td class=\"column-2\">280<\/td><td class=\"column-3\">250<\/td><td class=\"column-4\">001 517 7120 0280<\/td><td class=\"column-5\">419<\/td><td class=\"column-6\">294<\/td><td class=\"column-7\">355<\/td><td class=\"column-8\">32<\/td><td class=\"column-9\">26<\/td><td class=\"column-10\">M24<\/td><td class=\"column-11\">12<\/td><td class=\"column-12\">9,86<\/td><td class=\"column-13\">2<\/td>\n<\/tr>\n<tr class=\"row-20\">\n\t<td class=\"column-1\"><a href=\"https:\/\/www.elborweltech.com\/wp-content\/uploads\/2023\/06\/315-BACKING-RING.pdf\"><img width=\"36\" height=\"36\" src=\"https:\/\/www.elborweltech.com\/wp-content\/uploads\/2023\/06\/down.svg\" alt=\"\"><\/a><\/td><td class=\"column-2\">315<\/td><td class=\"column-3\">300<\/td><td class=\"column-4\">001 517 7120 0315<\/td><td class=\"column-5\">478<\/td><td class=\"column-6\">338<\/td><td class=\"column-7\">410<\/td><td class=\"column-8\">34<\/td><td class=\"column-9\">26<\/td><td class=\"column-10\">M24<\/td><td class=\"column-11\">12<\/td><td class=\"column-12\">13,15<\/td><td class=\"column-13\">2<\/td>\n<\/tr>\n<tr class=\"row-21\">\n\t<td class=\"column-1\"><a href=\"https:\/\/www.elborweltech.com\/wp-content\/uploads\/2023\/06\/355-BACKING-RING.pdf\"><img width=\"36\" height=\"36\" src=\"https:\/\/www.elborweltech.com\/wp-content\/uploads\/2023\/06\/down.svg\" alt=\"\"><\/a><\/td><td class=\"column-2\">355<\/td><td class=\"column-3\">350<\/td><td class=\"column-4\">001 517 7120 0355<\/td><td class=\"column-5\">532<\/td><td class=\"column-6\">376<\/td><td class=\"column-7\">470<\/td><td class=\"column-8\">42<\/td><td class=\"column-9\">26<\/td><td class=\"column-10\">M24<\/td><td class=\"column-11\">16<\/td><td class=\"column-12\">22,2<\/td><td class=\"column-13\">1<\/td>\n<\/tr>\n<tr class=\"row-22\">\n\t<td class=\"column-1\"><a href=\"https:\/\/www.elborweltech.com\/wp-content\/uploads\/2023\/06\/400-BACKING-RING.pdf\"><img width=\"36\" height=\"36\" src=\"https:\/\/www.elborweltech.com\/wp-content\/uploads\/2023\/06\/down.svg\" alt=\"\"><\/a><\/td><td class=\"column-2\">400<\/td><td class=\"column-3\">400<\/td><td class=\"column-4\">001 517 7120 0400<\/td><td class=\"column-5\">592<\/td><td class=\"column-6\">430<\/td><td class=\"column-7\">525<\/td><td class=\"column-8\">46<\/td><td class=\"column-9\">30<\/td><td class=\"column-10\">M27<\/td><td class=\"column-11\">16<\/td><td class=\"column-12\">26,214<\/td><td class=\"column-13\">1<\/td>\n<\/tr>\n<\/tbody>\n<\/table>\n\n","protected":false},"excerpt":{"rendered":"<p>PP KAPLI \u00c7EL\u0130K FLAN\u015e PN10\/PN16<br \/>\nHDPE100+ SDR 11 (PN16) &amp; SDR 17 (PN10)<br \/>\nSTEEL FLANGE PN10\/PN16<br \/>\n\u0421\u0422\u0410\u041b\u042c\u041d\u041e\u0419 \u0424\u041b\u0410\u041d\u0415\u0426 PN10\/PN16<br \/>\nStandart: TS EN 1555-3:2010 + A 1 \u2022 TS EN 12201-3 + A 1<\/p>\n","protected":false},"featured_media":12388,"comment_status":"open","ping_status":"closed","template":"","meta":[],"product_cat":[122],"product_tag":[],"_links":{"self":[{"href":"https:\/\/www.elborweltech.com\/tr\/wp-json\/wp\/v2\/product\/8507"}],"collection":[{"href":"https:\/\/www.elborweltech.com\/tr\/wp-json\/wp\/v2\/product"}],"about":[{"href":"https:\/\/www.elborweltech.com\/tr\/wp-json\/wp\/v2\/types\/product"}],"replies":[{"embeddable":true,"href":"https:\/\/www.elborweltech.com\/tr\/wp-json\/wp\/v2\/comments?post=8507"}],"wp:featuredmedia":[{"embeddable":true,"href":"https:\/\/www.elborweltech.com\/tr\/wp-json\/wp\/v2\/media\/12388"}],"wp:attachment":[{"href":"https:\/\/www.elborweltech.com\/tr\/wp-json\/wp\/v2\/media?parent=8507"}],"wp:term":[{"taxonomy":"product_cat","embeddable":true,"href":"https:\/\/www.elborweltech.com\/tr\/wp-json\/wp\/v2\/product_cat?post=8507"},{"taxonomy":"product_tag","embeddable":true,"href":"https:\/\/www.elborweltech.com\/tr\/wp-json\/wp\/v2\/product_tag?post=8507"}],"curies":[{"name":"wp","href":"https:\/\/api.w.org\/{rel}","templated":true}]}}