{"id":8514,"date":"2020-06-21T15:05:54","date_gmt":"2020-06-21T12:05:54","guid":{"rendered":"https:\/\/www.elborweltech.com\/?post_type=product&#038;p=8514"},"modified":"2022-11-11T09:15:55","modified_gmt":"2022-11-11T06:15:55","slug":"hdpe100celi%cc%87k-kaynak-agizli-geci%cc%87s","status":"publish","type":"product","link":"https:\/\/www.elborweltech.com\/tr\/urun\/hdpe100celi%cc%87k-kaynak-agizli-geci%cc%87s\/","title":{"rendered":"HDPE100+ \u00c7elik Kaynak A\u011f\u0131zl\u0131 Ge\u00e7i\u015f"},"content":{"rendered":"<div id=\"g1-table-1\" class=\"g1-table g1-table--solid \">\n<table width=\"552\">\n<tbody>\n<tr>\n<td width=\"52\">d<\/td>\n<td width=\"45\">R( inch)<\/td>\n<td width=\"121\">Article No<\/td>\n<td width=\"60\">bar<\/td>\n<td width=\"45\">L<\/td>\n<td width=\"41\">L1<\/td>\n<td width=\"43\">Z<\/td>\n<td width=\"85\">Weight (kg)<\/td>\n<td width=\"60\">Pack (pcs)<\/td>\n<\/tr>\n<tr>\n<td>\u00d820<\/td>\n<td>1\/2&#8221;<\/td>\n<td>KA001600002077<\/td>\n<td>PN16<\/td>\n<td>185<\/td>\n<td>75<\/td>\n<td>325<\/td>\n<td>0.342<\/td>\n<td>30<\/td>\n<\/tr>\n<tr>\n<td>\u00d825<\/td>\n<td>3\/4&#8221;<\/td>\n<td>KA001600002577<\/td>\n<td>PN16<\/td>\n<td>180<\/td>\n<td>85<\/td>\n<td>330<\/td>\n<td>0.520<\/td>\n<td>30<\/td>\n<\/tr>\n<tr>\n<td>\u00d832<\/td>\n<td>1&#8221;<\/td>\n<td>KA001600003277<\/td>\n<td>PN16<\/td>\n<td>170<\/td>\n<td>95<\/td>\n<td>345<\/td>\n<td>0.576<\/td>\n<td>16<\/td>\n<\/tr>\n<tr>\n<td>\u00d840<\/td>\n<td>1\u00a0 1\/4&#8221;<\/td>\n<td>KA001600004077<\/td>\n<td>PN16<\/td>\n<td>175<\/td>\n<td>100<\/td>\n<td>355<\/td>\n<td>0.972<\/td>\n<td>9<\/td>\n<\/tr>\n<tr>\n<td>\u00d850<\/td>\n<td>1\u00a0 1\/2&#8221;<\/td>\n<td>KA001600005077<\/td>\n<td>PN16<\/td>\n<td>172<\/td>\n<td>100<\/td>\n<td>355<\/td>\n<td>1.055<\/td>\n<td>9<\/td>\n<\/tr>\n<tr>\n<td>\u00d863<\/td>\n<td>2&#8221;<\/td>\n<td>KA001600006377<\/td>\n<td>PN16<\/td>\n<td>175<\/td>\n<td>110<\/td>\n<td>355<\/td>\n<td>1.688<\/td>\n<td>9<\/td>\n<\/tr>\n<tr>\n<td>\u00d875<\/td>\n<td>2\u00a0 1\/2&#8221;<\/td>\n<td>KA001600007577<\/td>\n<td>PN16<\/td>\n<td>140<\/td>\n<td>135<\/td>\n<td>385<\/td>\n<td>2.450<\/td>\n<td>4<\/td>\n<\/tr>\n<tr>\n<td>\u00d890<\/td>\n<td>3&#8221;<\/td>\n<td>KA001600009077<\/td>\n<td>PN16<\/td>\n<td>180<\/td>\n<td>145<\/td>\n<td>440<\/td>\n<td>3.075<\/td>\n<td>4<\/td>\n<\/tr>\n<tr>\n<td>\u00d8110<\/td>\n<td>4&#8221;<\/td>\n<td>KA001600011077<\/td>\n<td>PN16<\/td>\n<td>195<\/td>\n<td>160<\/td>\n<td>470<\/td>\n<td>5.510<\/td>\n<td>2<\/td>\n<\/tr>\n<tr>\n<td>\u00d8125<\/td>\n<td>4&#8221;<\/td>\n<td>KA001600012577<\/td>\n<td>PN16<\/td>\n<td>225<\/td>\n<td>210<\/td>\n<td>515<\/td>\n<td>7.165<\/td>\n<td>2<\/td>\n<\/tr>\n<tr>\n<td>\u00d8160<\/td>\n<td>6&#8221;<\/td>\n<td>KA001600016077<\/td>\n<td>PN16<\/td>\n<td>200<\/td>\n<td>175<\/td>\n<td>465<\/td>\n<td>13.962<\/td>\n<td>1<\/td>\n<\/tr>\n<tr>\n<td>\u00d8180<\/td>\n<td>6&#8221;<\/td>\n<td>KA001600018077<\/td>\n<td>PN16<\/td>\n<td>310<\/td>\n<td>220<\/td>\n<td>620<\/td>\n<td>15.105<\/td>\n<td>1<\/td>\n<\/tr>\n<tr>\n<td>\u00d8200<\/td>\n<td>8&#8221;<\/td>\n<td>KA001600020077<\/td>\n<td>PN16<\/td>\n<td>325<\/td>\n<td>250<\/td>\n<td>660<\/td>\n<td>22.947<\/td>\n<td>1<\/td>\n<\/tr>\n<tr>\n<td>\u00d8225<\/td>\n<td>8&#8221;<\/td>\n<td>KA001600022577<\/td>\n<td>PN16<\/td>\n<td>305<\/td>\n<td>235<\/td>\n<td>640<\/td>\n<td>25.495<\/td>\n<td>1<\/td>\n<\/tr>\n<tr>\n<td>\u00d8250<\/td>\n<td>10&#8221;<\/td>\n<td>KA001600025077<\/td>\n<td>PN16<\/td>\n<td>340<\/td>\n<td>245<\/td>\n<td>680<\/td>\n<td>34.420<\/td>\n<td>1<\/td>\n<\/tr>\n<tr>\n<td>\u00d8280<\/td>\n<td>10&#8221;<\/td>\n<td>KA001600028077<\/td>\n<td>PN16<\/td>\n<td>300<\/td>\n<td>220<\/td>\n<td>620<\/td>\n<td>44.495<\/td>\n<td>1<\/td>\n<\/tr>\n<tr>\n<td>\u00d8315<\/td>\n<td>12&#8221;<\/td>\n<td>KA001600031577<\/td>\n<td>PN16<\/td>\n<td>265<\/td>\n<td>200<\/td>\n<td>610<\/td>\n<td>52.500<\/td>\n<td>1<\/td>\n<\/tr>\n<tr>\n<td>\u00d8355<\/td>\n<td>14&#8221;<\/td>\n<td>KA001600035577<\/td>\n<td>PN16<\/td>\n<td>365<\/td>\n<td>235<\/td>\n<td>750<\/td>\n<td>98.000<\/td>\n<td>1<\/td>\n<\/tr>\n<tr>\n<td>\u00d8400<\/td>\n<td>16&#8221;<\/td>\n<td>KA001600040077<\/td>\n<td>PN16<\/td>\n<td>370<\/td>\n<td>220<\/td>\n<td>770<\/td>\n<td>114.000<\/td>\n<td>1<\/td>\n<\/tr>\n<tr>\n<td>\u00d8450<\/td>\n<td>18&#8221;<\/td>\n<td>KA001600045077<\/td>\n<td>PN16<\/td>\n<td>367<\/td>\n<td>230<\/td>\n<td>767<\/td>\n<td>150.000<\/td>\n<td>1<\/td>\n<\/tr>\n<tr>\n<td>\u00d8500<\/td>\n<td>20&#8221;<\/td>\n<td>KA001600050077<\/td>\n<td>PN16<\/td>\n<td>370<\/td>\n<td>220<\/td>\n<td>760<\/td>\n<td>184.000<\/td>\n<td>1<\/td>\n<\/tr>\n<\/tbody>\n<\/table>\n<\/div>\n<blockquote><p>\u00dcr\u00fcn bilgisi i\u00e7in m\u00fc\u015fteri hizmetleri ile g\u00f6r\u00fc\u015f\u00fcn\u00fcz.<\/p><\/blockquote>\n","protected":false},"excerpt":{"rendered":"<p>HDPE100+ \u00c7EL\u0130K KAYNAK A\u011eIZLI GE\u00c7\u0130\u015e<br \/>\nHDPE100+ SDR 11 (PN16) &amp; SDR 17 (PN10)<br \/>\nHDPE100+ STEEL WELDABLE TRANSITION UNION<br \/>\n\u041f\u042d-\u0421\u0422\u0410\u041b\u042c \u041f\u0415\u0420\u0415\u0425\u041e\u0414\u041d\u0418\u041a \u041f\u041e\u0414 \u0421\u0412\u0410\u0420\u041a\u0423<br \/>\nStandart: TS EN 1555-3:2010 + A 1 \u2022 TS EN 12201-3 + A 1<\/p>\n","protected":false},"featured_media":8515,"comment_status":"open","ping_status":"closed","template":"","meta":[],"product_cat":[122],"product_tag":[],"_links":{"self":[{"href":"https:\/\/www.elborweltech.com\/tr\/wp-json\/wp\/v2\/product\/8514"}],"collection":[{"href":"https:\/\/www.elborweltech.com\/tr\/wp-json\/wp\/v2\/product"}],"about":[{"href":"https:\/\/www.elborweltech.com\/tr\/wp-json\/wp\/v2\/types\/product"}],"replies":[{"embeddable":true,"href":"https:\/\/www.elborweltech.com\/tr\/wp-json\/wp\/v2\/comments?post=8514"}],"wp:featuredmedia":[{"embeddable":true,"href":"https:\/\/www.elborweltech.com\/tr\/wp-json\/wp\/v2\/media\/8515"}],"wp:attachment":[{"href":"https:\/\/www.elborweltech.com\/tr\/wp-json\/wp\/v2\/media?parent=8514"}],"wp:term":[{"taxonomy":"product_cat","embeddable":true,"href":"https:\/\/www.elborweltech.com\/tr\/wp-json\/wp\/v2\/product_cat?post=8514"},{"taxonomy":"product_tag","embeddable":true,"href":"https:\/\/www.elborweltech.com\/tr\/wp-json\/wp\/v2\/product_tag?post=8514"}],"curies":[{"name":"wp","href":"https:\/\/api.w.org\/{rel}","templated":true}]}}