{"id":8528,"date":"2020-06-21T15:08:22","date_gmt":"2020-06-21T12:08:22","guid":{"rendered":"https:\/\/www.elborweltech.com\/?post_type=product&#038;p=8528"},"modified":"2022-11-11T09:08:17","modified_gmt":"2022-11-11T06:08:17","slug":"hdpe100-metal-dis-di%cc%87sli%cc%87-geci%cc%87s","status":"publish","type":"product","link":"https:\/\/www.elborweltech.com\/tr\/urun\/hdpe100-metal-dis-di%cc%87sli%cc%87-geci%cc%87s\/","title":{"rendered":"HDPE100+  Metal D\u0131\u015f Di\u015fli Ge\u00e7i\u015f"},"content":{"rendered":"<div id=\"g1-table-1\" class=\"g1-table g1-table--solid \">\n<table width=\"577\">\n<tbody>\n<tr>\n<td width=\"60\">d<\/td>\n<td width=\"60\">R( inch)<\/td>\n<td width=\"140\">Article No<\/td>\n<td width=\"60\">bar<\/td>\n<td width=\"60\">L<\/td>\n<td width=\"77\">Z<\/td>\n<td width=\"60\">Weight (kg)<\/td>\n<td width=\"60\">Pack (pcs)<\/td>\n<\/tr>\n<tr>\n<td>\u00d820<\/td>\n<td>1\/2&#8221;<\/td>\n<td>DD001600002077<\/td>\n<td>PN16<\/td>\n<td>45<\/td>\n<td>83<\/td>\n<td>0.084<\/td>\n<td>250<\/td>\n<\/tr>\n<tr>\n<td>\u00d825<\/td>\n<td>3\/4&#8221;<\/td>\n<td>DD001600002577<\/td>\n<td>PN16<\/td>\n<td>45<\/td>\n<td>83<\/td>\n<td>0.104<\/td>\n<td>150<\/td>\n<\/tr>\n<tr>\n<td>\u00d832<\/td>\n<td>3\/4&#8221;<\/td>\n<td>DD001600003277<\/td>\n<td>PN16<\/td>\n<td>51<\/td>\n<td>89<\/td>\n<td>0.118<\/td>\n<td>100<\/td>\n<\/tr>\n<tr>\n<td>\u00d832<\/td>\n<td>1&#8221;<\/td>\n<td>DD001600003277<\/td>\n<td>PN16<\/td>\n<td>47<\/td>\n<td>96<\/td>\n<td>0.175<\/td>\n<td>100<\/td>\n<\/tr>\n<tr>\n<td>\u00d840<\/td>\n<td>1\u00a0 1\/4&#8221;<\/td>\n<td>DD001600004077<\/td>\n<td>PN16<\/td>\n<td>56<\/td>\n<td>118<\/td>\n<td>0.412<\/td>\n<td>60<\/td>\n<\/tr>\n<tr>\n<td>\u00d850<\/td>\n<td>1\u00a0 1\/2&#8221;<\/td>\n<td>DD001600005077<\/td>\n<td>PN16<\/td>\n<td>56<\/td>\n<td>119<\/td>\n<td>0.512<\/td>\n<td>30<\/td>\n<\/tr>\n<tr>\n<td>\u00d863<\/td>\n<td>2&#8221;<\/td>\n<td>DD001600006377<\/td>\n<td>PN16<\/td>\n<td>69<\/td>\n<td>137<\/td>\n<td>0.610<\/td>\n<td>30<\/td>\n<\/tr>\n<tr>\n<td>\u00d875<\/td>\n<td>2\u00a0 1\/2&#8221;<\/td>\n<td>DD001600007577<\/td>\n<td>PN16<\/td>\n<td>80<\/td>\n<td>155<\/td>\n<td>0.820<\/td>\n<td>15<\/td>\n<\/tr>\n<tr>\n<td>\u00d890<\/td>\n<td>3&#8221;<\/td>\n<td>DD001600009077<\/td>\n<td>PN16<\/td>\n<td>83<\/td>\n<td>165<\/td>\n<td>1.205<\/td>\n<td>8<\/td>\n<\/tr>\n<tr>\n<td>\u00d8110<\/td>\n<td>4&#8221;<\/td>\n<td>DD001600011077<\/td>\n<td>PN16<\/td>\n<td>85<\/td>\n<td>168<\/td>\n<td>1.800<\/td>\n<td>5<\/td>\n<\/tr>\n<tr>\n<td>\u00d8125<\/td>\n<td>4&#8221;<\/td>\n<td>DD001600012577<\/td>\n<td>PN16<\/td>\n<td>88<\/td>\n<td>171<\/td>\n<td>2.400<\/td>\n<td>5<\/td>\n<\/tr>\n<\/tbody>\n<\/table>\n<\/div>\n<blockquote><p>\u00dcr\u00fcn bilgisi i\u00e7in m\u00fc\u015fteri hizmetleri ile g\u00f6r\u00fc\u015f\u00fcn\u00fcz.<\/p><\/blockquote>\n","protected":false},"excerpt":{"rendered":"<p>HDPE100+ METAL DI\u015e D\u0130\u015eL\u0130 GE\u00c7\u0130\u015e<br \/>\nHDPE100+ SDR 11 (PN16) &amp; SDR 17 (PN10)<br \/>\n\u041f\u042d-\u041c\u0415\u0422\u0410\u041b \u041f\u0415\u0420\u0415\u0425\u041e\u0414\u041d\u0418\u041a \u0421 \u041d\u0410\u0420\u0423\u0416\u041d\u0415\u0419 \u0420\u0415\u0417\u042c\u0411\u041e\u0419<br \/>\nHDPE100+ METAL MALE THREADED TRANSITION UNION<br \/>\nStandart: TS EN 1555-3:2010 + A 1 \u2022 TS EN 12201-3 + A 1<\/p>\n","protected":false},"featured_media":8529,"comment_status":"open","ping_status":"closed","template":"","meta":[],"product_cat":[122],"product_tag":[],"_links":{"self":[{"href":"https:\/\/www.elborweltech.com\/tr\/wp-json\/wp\/v2\/product\/8528"}],"collection":[{"href":"https:\/\/www.elborweltech.com\/tr\/wp-json\/wp\/v2\/product"}],"about":[{"href":"https:\/\/www.elborweltech.com\/tr\/wp-json\/wp\/v2\/types\/product"}],"replies":[{"embeddable":true,"href":"https:\/\/www.elborweltech.com\/tr\/wp-json\/wp\/v2\/comments?post=8528"}],"wp:featuredmedia":[{"embeddable":true,"href":"https:\/\/www.elborweltech.com\/tr\/wp-json\/wp\/v2\/media\/8529"}],"wp:attachment":[{"href":"https:\/\/www.elborweltech.com\/tr\/wp-json\/wp\/v2\/media?parent=8528"}],"wp:term":[{"taxonomy":"product_cat","embeddable":true,"href":"https:\/\/www.elborweltech.com\/tr\/wp-json\/wp\/v2\/product_cat?post=8528"},{"taxonomy":"product_tag","embeddable":true,"href":"https:\/\/www.elborweltech.com\/tr\/wp-json\/wp\/v2\/product_tag?post=8528"}],"curies":[{"name":"wp","href":"https:\/\/api.w.org\/{rel}","templated":true}]}}