{"id":8671,"date":"2020-06-22T13:48:55","date_gmt":"2020-06-22T10:48:55","guid":{"rendered":"https:\/\/www.elborweltech.com\/?post_type=product&#038;p=8671"},"modified":"2023-11-13T13:40:37","modified_gmt":"2023-11-13T10:40:37","slug":"90-i%cc%87stavroz-te-hdpe100-2","status":"publish","type":"product","link":"https:\/\/www.elborweltech.com\/tr\/urun\/90-i%cc%87stavroz-te-hdpe100-2\/","title":{"rendered":"90\u00b0 \u0130stavroz TE HDPE100+"},"content":{"rendered":"<section class=\"l-section wpb_row height_custom\"><div class=\"l-section-h i-cf\"><div class=\"g-cols vc_row via_flex valign_top type_default stacking_default\"><div class=\"vc_col-sm-12 wpb_column vc_column_container\"><div class=\"vc_column-inner\"><div class=\"wpb_wrapper\"><div class=\"wpb_text_column\"><div class=\"wpb_wrapper\"><table width=\"818\">\n<tbody>\n<tr>\n<td width=\"60\">d-d1<\/td>\n<td width=\"136\">Article No<\/td>\n<td width=\"61\">Bar<\/td>\n<td width=\"61\">L<\/td>\n<td width=\"61\">L1<\/td>\n<td width=\"61\">L2<\/td>\n<td width=\"65\">Z<\/td>\n<td width=\"75\">e1<\/td>\n<td width=\"75\">e2<\/td>\n<td width=\"103\">Weight (kg)<\/td>\n<td width=\"60\">Pack (pcs)<\/td>\n<\/tr>\n<tr>\n<td>\u00d840-32<\/td>\n<td>*<\/td>\n<td>*<\/td>\n<td>*<\/td>\n<td>*<\/td>\n<td>*<\/td>\n<td>*<\/td>\n<td>*<\/td>\n<td>*<\/td>\n<td>*<\/td>\n<td>*<\/td>\n<\/tr>\n<tr>\n<td>\u00d850-25<\/td>\n<td>*<\/td>\n<td>*<\/td>\n<td>*<\/td>\n<td>*<\/td>\n<td>*<\/td>\n<td>*<\/td>\n<td>*<\/td>\n<td>*<\/td>\n<td>*<\/td>\n<td>*<\/td>\n<\/tr>\n<tr>\n<td>\u00d850-32<\/td>\n<td>*<\/td>\n<td>*<\/td>\n<td>*<\/td>\n<td>*<\/td>\n<td>*<\/td>\n<td>*<\/td>\n<td>*<\/td>\n<td>*<\/td>\n<td>*<\/td>\n<td>*<\/td>\n<\/tr>\n<tr>\n<td>\u00d850-40<\/td>\n<td>*<\/td>\n<td>*<\/td>\n<td>*<\/td>\n<td>*<\/td>\n<td>*<\/td>\n<td>*<\/td>\n<td>*<\/td>\n<td>*<\/td>\n<td>*<\/td>\n<td>*<\/td>\n<\/tr>\n<tr>\n<td width=\"60\">\u00d863-25<\/td>\n<td>TV901600632511<\/td>\n<td width=\"61\">PN16<\/td>\n<td>220<\/td>\n<td>65<\/td>\n<td>55<\/td>\n<td>200<\/td>\n<td>5,8<\/td>\n<td>2,3<\/td>\n<td>0.237<\/td>\n<td>*<\/td>\n<\/tr>\n<tr>\n<td width=\"60\">\u00d863-40<\/td>\n<td>TV901600634011<\/td>\n<td width=\"61\">PN16<\/td>\n<td>220<\/td>\n<td>65<\/td>\n<td>55<\/td>\n<td>200<\/td>\n<td>5,8<\/td>\n<td>3,7<\/td>\n<td>0.257<\/td>\n<td>35<\/td>\n<\/tr>\n<tr>\n<td width=\"60\">\u00d863-50<\/td>\n<td>TV901600635011<\/td>\n<td width=\"61\">PN16<\/td>\n<td>220<\/td>\n<td>65<\/td>\n<td>55<\/td>\n<td>200<\/td>\n<td>5,8<\/td>\n<td>4,6<\/td>\n<td>0.298<\/td>\n<td>35<\/td>\n<\/tr>\n<tr>\n<td width=\"60\">\u00d875-32<\/td>\n<td>TV901600753211<\/td>\n<td width=\"61\">PN16<\/td>\n<td>260<\/td>\n<td>70<\/td>\n<td>50<\/td>\n<td>245<\/td>\n<td>6,8<\/td>\n<td>3,0<\/td>\n<td>0.315<\/td>\n<td>35<\/td>\n<\/tr>\n<tr>\n<td width=\"60\">\u00d875-50<\/td>\n<td>TV901600755011<\/td>\n<td width=\"61\">PN16<\/td>\n<td>260<\/td>\n<td>70<\/td>\n<td>50<\/td>\n<td>245<\/td>\n<td>6,8<\/td>\n<td>4,6<\/td>\n<td>0.486<\/td>\n<td>20<\/td>\n<\/tr>\n<tr>\n<td width=\"60\">\u00d875-63<\/td>\n<td>TV901600756311<\/td>\n<td width=\"61\">PN16<\/td>\n<td>260<\/td>\n<td>70<\/td>\n<td>50<\/td>\n<td>245<\/td>\n<td>6,8<\/td>\n<td>5,8<\/td>\n<td>0.562<\/td>\n<td>20<\/td>\n<\/tr>\n<tr>\n<td width=\"60\">\u00d890-25<\/td>\n<td>TV901600902511<\/td>\n<td width=\"61\">PN16<\/td>\n<td>270<\/td>\n<td>80<\/td>\n<td>55<\/td>\n<td>160<\/td>\n<td>8,2<\/td>\n<td>2,3<\/td>\n<td>0.643<\/td>\n<td>20<\/td>\n<\/tr>\n<tr>\n<td width=\"60\">\u00d890-32<\/td>\n<td>TV901600903211<\/td>\n<td width=\"61\">PN16<\/td>\n<td>270<\/td>\n<td>80<\/td>\n<td>55<\/td>\n<td>160<\/td>\n<td>8,2<\/td>\n<td>3,0<\/td>\n<td>0.671<\/td>\n<td>15<\/td>\n<\/tr>\n<tr>\n<td width=\"60\">\u00d890-40<\/td>\n<td>TV901600904011<\/td>\n<td width=\"61\">PN16<\/td>\n<td>270<\/td>\n<td>80<\/td>\n<td>55<\/td>\n<td>160<\/td>\n<td>8,2<\/td>\n<td>3,7<\/td>\n<td>0.688<\/td>\n<td>15<\/td>\n<\/tr>\n<tr>\n<td width=\"60\">\u00d890-50<\/td>\n<td>TV901600905011<\/td>\n<td width=\"61\">PN16<\/td>\n<td>270<\/td>\n<td>80<\/td>\n<td>55<\/td>\n<td>160<\/td>\n<td>8,2<\/td>\n<td>4,6<\/td>\n<td>0.800<\/td>\n<td>15<\/td>\n<\/tr>\n<tr>\n<td width=\"60\">\u00d890-63<\/td>\n<td>TV901600906311<\/td>\n<td width=\"61\">PN16<\/td>\n<td>270<\/td>\n<td>80<\/td>\n<td>55<\/td>\n<td>160<\/td>\n<td>8,2<\/td>\n<td>5,8<\/td>\n<td>0.765<\/td>\n<td>15<\/td>\n<\/tr>\n<tr>\n<td width=\"60\">\u00d890-75<\/td>\n<td>TV901600907511<\/td>\n<td width=\"61\">PN16<\/td>\n<td>270<\/td>\n<td>80<\/td>\n<td>55<\/td>\n<td>160<\/td>\n<td>8,2<\/td>\n<td>6,8<\/td>\n<td>0.955<\/td>\n<td>15<\/td>\n<\/tr>\n<tr>\n<td rowspan=\"2\" width=\"60\">\u00d8110-25<\/td>\n<td>TV901601102511<\/td>\n<td width=\"61\">PN16<\/td>\n<td>260<\/td>\n<td>80<\/td>\n<td>60<\/td>\n<td>260<\/td>\n<td>10,0<\/td>\n<td>2,3<\/td>\n<td>0.855<\/td>\n<td>15<\/td>\n<\/tr>\n<tr>\n<td>TV901001102511<\/td>\n<td width=\"61\">PN10<\/td>\n<td>260<\/td>\n<td>80<\/td>\n<td>60<\/td>\n<td>260<\/td>\n<td>6,6<\/td>\n<td>2<\/td>\n<td>0.631<\/td>\n<td>11<\/td>\n<\/tr>\n<tr>\n<td rowspan=\"2\" width=\"60\">\u00d8110-32<\/td>\n<td>TV901601103211<\/td>\n<td width=\"61\">PNl6<\/td>\n<td>260<\/td>\n<td>80<\/td>\n<td>60<\/td>\n<td>260<\/td>\n<td>10,0<\/td>\n<td>3,0<\/td>\n<td>0.854<\/td>\n<td>11<\/td>\n<\/tr>\n<tr>\n<td>TV901001103211<\/td>\n<td width=\"61\">PN10<\/td>\n<td>260<\/td>\n<td>80<\/td>\n<td>60<\/td>\n<td>260<\/td>\n<td>6,6<\/td>\n<td>2,0<\/td>\n<td>0.628<\/td>\n<td>11<\/td>\n<\/tr>\n<tr>\n<td rowspan=\"2\" width=\"60\">\u00d8110-40<\/td>\n<td>TV901601104011<\/td>\n<td width=\"61\">PNl6<\/td>\n<td>260<\/td>\n<td>80<\/td>\n<td>60<\/td>\n<td>260<\/td>\n<td>10,0<\/td>\n<td>3,7<\/td>\n<td>0.890<\/td>\n<td>11<\/td>\n<\/tr>\n<tr>\n<td>TV901001104011<\/td>\n<td width=\"61\">PN10<\/td>\n<td>260<\/td>\n<td>80<\/td>\n<td>60<\/td>\n<td>260<\/td>\n<td>6,6<\/td>\n<td>2,4<\/td>\n<td>0.665<\/td>\n<td>10<\/td>\n<\/tr>\n<tr>\n<td rowspan=\"2\" width=\"60\">\u00d8110-50<\/td>\n<td>TV901601105011<\/td>\n<td width=\"61\">PNl6<\/td>\n<td>260<\/td>\n<td>80<\/td>\n<td>60<\/td>\n<td>260<\/td>\n<td>10,0<\/td>\n<td>4,6<\/td>\n<td>0.908<\/td>\n<td>10<\/td>\n<\/tr>\n<tr>\n<td>TV901001105011<\/td>\n<td width=\"61\">PN10<\/td>\n<td>260<\/td>\n<td>80<\/td>\n<td>60<\/td>\n<td>260<\/td>\n<td>6,6<\/td>\n<td>3,0<\/td>\n<td>0.685<\/td>\n<td>10<\/td>\n<\/tr>\n<tr>\n<td rowspan=\"2\" width=\"60\">\u00d8110-63<\/td>\n<td>TV901601106311<\/td>\n<td width=\"61\">PNl6<\/td>\n<td>260<\/td>\n<td>80<\/td>\n<td>60<\/td>\n<td>260<\/td>\n<td>10,0<\/td>\n<td>5,8<\/td>\n<td>0.970<\/td>\n<td>10<\/td>\n<\/tr>\n<tr>\n<td>TV901001106311<\/td>\n<td width=\"61\">PN10<\/td>\n<td>260<\/td>\n<td>80<\/td>\n<td>60<\/td>\n<td>260<\/td>\n<td>6,6<\/td>\n<td>3,8<\/td>\n<td>0.730<\/td>\n<td>10<\/td>\n<\/tr>\n<tr>\n<td rowspan=\"2\" width=\"60\">\u00d8110-75<\/td>\n<td>TV901601107511<\/td>\n<td width=\"61\">PNl6<\/td>\n<td>260<\/td>\n<td>80<\/td>\n<td>60<\/td>\n<td>260<\/td>\n<td>10,0<\/td>\n<td>6,8<\/td>\n<td>1.274<\/td>\n<td>10<\/td>\n<\/tr>\n<tr>\n<td>TV901001107511<\/td>\n<td width=\"61\">PN10<\/td>\n<td>260<\/td>\n<td>80<\/td>\n<td>60<\/td>\n<td>260<\/td>\n<td>6,6<\/td>\n<td>4,5<\/td>\n<td>0.902<\/td>\n<td>10<\/td>\n<\/tr>\n<tr>\n<td rowspan=\"2\" width=\"60\">\u00d8110-90<\/td>\n<td>TV901601109011<\/td>\n<td width=\"61\">PNl6<\/td>\n<td>260<\/td>\n<td>80<\/td>\n<td>60<\/td>\n<td>260<\/td>\n<td>10,0<\/td>\n<td>8,2<\/td>\n<td>1.465<\/td>\n<td>10<\/td>\n<\/tr>\n<tr>\n<td>TV901001109011<\/td>\n<td width=\"61\">PN10<\/td>\n<td>260<\/td>\n<td>80<\/td>\n<td>60<\/td>\n<td>260<\/td>\n<td>6,6<\/td>\n<td>5,4<\/td>\n<td>0.993<\/td>\n<td>10<\/td>\n<\/tr>\n<tr>\n<td width=\"60\">\u00d8125-32<\/td>\n<td>TV901601253211<\/td>\n<td width=\"61\">PN16<\/td>\n<td>340<\/td>\n<td>95<\/td>\n<td>60<\/td>\n<td>320<\/td>\n<td>11,4<\/td>\n<td>3,0<\/td>\n<td>1.626<\/td>\n<td>10<\/td>\n<\/tr>\n<tr>\n<td rowspan=\"2\" width=\"60\">\u00d8125-63<\/td>\n<td>TV901601256311<\/td>\n<td width=\"61\">PN16<\/td>\n<td>340<\/td>\n<td>95<\/td>\n<td>60<\/td>\n<td>320<\/td>\n<td>11,4<\/td>\n<td>5,8<\/td>\n<td>1.717<\/td>\n<td>5<\/td>\n<\/tr>\n<tr>\n<td>TV901001256311<\/td>\n<td width=\"61\">PN10<\/td>\n<td>340<\/td>\n<td>95<\/td>\n<td>60<\/td>\n<td>320<\/td>\n<td>7,4<\/td>\n<td>3,8<\/td>\n<td>1.290<\/td>\n<td>5<\/td>\n<\/tr>\n<tr>\n<td width=\"60\">\u00d8125-90<\/td>\n<td>TV901601259011<\/td>\n<td width=\"61\">PNl6<\/td>\n<td>340<\/td>\n<td>95<\/td>\n<td>60<\/td>\n<td>320<\/td>\n<td>11,4<\/td>\n<td>8,2<\/td>\n<td>1.961<\/td>\n<td>5<\/td>\n<\/tr>\n<tr>\n<td rowspan=\"2\" width=\"60\">\u00d8125-110<\/td>\n<td>TV901612511011<\/td>\n<td>PN16<\/td>\n<td>340<\/td>\n<td>95<\/td>\n<td>60<\/td>\n<td>320<\/td>\n<td>11,4<\/td>\n<td>10,0<\/td>\n<td>2.154<\/td>\n<td>5<\/td>\n<\/tr>\n<tr>\n<td>TV901012511011<\/td>\n<td>PN10<\/td>\n<td>340<\/td>\n<td>95<\/td>\n<td>60<\/td>\n<td>320<\/td>\n<td>7,4<\/td>\n<td>6,6<\/td>\n<td>1.614<\/td>\n<td>5<\/td>\n<\/tr>\n<tr>\n<td width=\"60\">\u00d8140-63<\/td>\n<td>TV901601406311<\/td>\n<td>PN10<\/td>\n<td>360<\/td>\n<td>100<\/td>\n<td>80<\/td>\n<td>330<\/td>\n<td>12,7<\/td>\n<td>5,8<\/td>\n<td>1.854<\/td>\n<td>5<\/td>\n<\/tr>\n<tr>\n<td width=\"60\">\u00d8140-90<\/td>\n<td>TV901601409011<\/td>\n<td width=\"61\">PN16<\/td>\n<td>360<\/td>\n<td>100<\/td>\n<td>80<\/td>\n<td>330<\/td>\n<td>12,7<\/td>\n<td>8,2<\/td>\n<td>2.564<\/td>\n<td>4<\/td>\n<\/tr>\n<tr>\n<td rowspan=\"2\" width=\"60\">\u00d8140-110<\/td>\n<td>TV901614011011<\/td>\n<td width=\"61\">PN16<\/td>\n<td>360<\/td>\n<td>100<\/td>\n<td>80<\/td>\n<td>330<\/td>\n<td>12,7<\/td>\n<td>10,0<\/td>\n<td>2.712<\/td>\n<td>4<\/td>\n<\/tr>\n<tr>\n<td>TV901014011011<\/td>\n<td width=\"61\">PN10<\/td>\n<td>360<\/td>\n<td>100<\/td>\n<td>80<\/td>\n<td>330<\/td>\n<td>8,3<\/td>\n<td>6,6<\/td>\n<td>2.052<\/td>\n<td>4<\/td>\n<\/tr>\n<tr>\n<td rowspan=\"2\" width=\"60\">\u00d8160-25<\/td>\n<td>TV901601602511<\/td>\n<td width=\"61\">PN16<\/td>\n<td>340<\/td>\n<td>100<\/td>\n<td>45<\/td>\n<td>325<\/td>\n<td>14,6<\/td>\n<td>3,0<\/td>\n<td>2.291<\/td>\n<td>4<\/td>\n<\/tr>\n<tr>\n<td>TV901001602511<\/td>\n<td width=\"61\">PN10<\/td>\n<td>340<\/td>\n<td>100<\/td>\n<td>45<\/td>\n<td>325<\/td>\n<td>9,5<\/td>\n<td>2,0<\/td>\n<td>1.638<\/td>\n<td>4<\/td>\n<\/tr>\n<tr>\n<td rowspan=\"2\" width=\"60\">\u00d8160-32<\/td>\n<td>TV901601603211<\/td>\n<td width=\"61\">PN16<\/td>\n<td>340<\/td>\n<td>100<\/td>\n<td>45<\/td>\n<td>325<\/td>\n<td>14,6<\/td>\n<td>3,0<\/td>\n<td>2.288<\/td>\n<td>4<\/td>\n<\/tr>\n<tr>\n<td>TV901001603211<\/td>\n<td width=\"61\">PN10<\/td>\n<td>340<\/td>\n<td>100<\/td>\n<td>45<\/td>\n<td>325<\/td>\n<td>9,5<\/td>\n<td>2,0<\/td>\n<td>1.639<\/td>\n<td>4<\/td>\n<\/tr>\n<tr>\n<td rowspan=\"2\" width=\"60\">\u00d8160-63<\/td>\n<td>TV901601606311<\/td>\n<td width=\"61\">PN16<\/td>\n<td>340<\/td>\n<td>100<\/td>\n<td>60<\/td>\n<td>325<\/td>\n<td>14,6<\/td>\n<td>5,8<\/td>\n<td>2.404<\/td>\n<td>4<\/td>\n<\/tr>\n<tr>\n<td>TV901001606311<\/td>\n<td width=\"61\">PN10<\/td>\n<td>340<\/td>\n<td>100<\/td>\n<td>60<\/td>\n<td>325<\/td>\n<td>9,5<\/td>\n<td>3,8<\/td>\n<td>1.723<\/td>\n<td>4<\/td>\n<\/tr>\n<tr>\n<td rowspan=\"2\" width=\"60\">\u00d8160-75<\/td>\n<td>TV901601607511<\/td>\n<td width=\"61\">PN16<\/td>\n<td>340<\/td>\n<td>100<\/td>\n<td>65<\/td>\n<td>325<\/td>\n<td>14,6<\/td>\n<td>6,8<\/td>\n<td>2.481<\/td>\n<td>4<\/td>\n<\/tr>\n<tr>\n<td>TV901001607511<\/td>\n<td width=\"61\">PN10<\/td>\n<td>340<\/td>\n<td>100<\/td>\n<td>65<\/td>\n<td>325<\/td>\n<td>9,5<\/td>\n<td>4,5<\/td>\n<td>1.735<\/td>\n<td>4<\/td>\n<\/tr>\n<tr>\n<td rowspan=\"2\" width=\"60\">\u00d8160-90<\/td>\n<td>TV901601609011<\/td>\n<td width=\"61\">PN16<\/td>\n<td>340<\/td>\n<td>100<\/td>\n<td>70<\/td>\n<td>325<\/td>\n<td>14,6<\/td>\n<td>8,2<\/td>\n<td>2.525<\/td>\n<td>4<\/td>\n<\/tr>\n<tr>\n<td>TV901001609011<\/td>\n<td width=\"61\">PN10<\/td>\n<td>340<\/td>\n<td>100<\/td>\n<td>70<\/td>\n<td>325<\/td>\n<td>9,5<\/td>\n<td>5,4<\/td>\n<td>1.777<\/td>\n<td>4<\/td>\n<\/tr>\n<tr>\n<td rowspan=\"2\" width=\"60\">\u00d8160-110<\/td>\n<td>TV901616011011<\/td>\n<td>PN16<\/td>\n<td>340<\/td>\n<td>100<\/td>\n<td>85<\/td>\n<td>325<\/td>\n<td>14,6<\/td>\n<td>10,0<\/td>\n<td>2.818<\/td>\n<td>4<\/td>\n<\/tr>\n<tr>\n<td>TV901016011011<\/td>\n<td>PN10<\/td>\n<td>340<\/td>\n<td>100<\/td>\n<td>85<\/td>\n<td>325<\/td>\n<td>9,5<\/td>\n<td>6,6<\/td>\n<td>1.999<\/td>\n<td>3<\/td>\n<\/tr>\n<tr>\n<td width=\"60\">\u00d8180-90<\/td>\n<td>TV901601809011<\/td>\n<td>PN16<\/td>\n<td>400<\/td>\n<td>105<\/td>\n<td>95<\/td>\n<td>355<\/td>\n<td>16,4<\/td>\n<td>8,2<\/td>\n<td>4.655<\/td>\n<td>3<\/td>\n<\/tr>\n<tr>\n<td rowspan=\"2\" width=\"60\">\u00d8180-110<\/td>\n<td>TV901618011011<\/td>\n<td>PN16<\/td>\n<td>400<\/td>\n<td>105<\/td>\n<td>100<\/td>\n<td>355<\/td>\n<td>16,4<\/td>\n<td>10,0<\/td>\n<td>3.634<\/td>\n<td>3<\/td>\n<\/tr>\n<tr>\n<td>TV901018011011<\/td>\n<td>PN10<\/td>\n<td>400<\/td>\n<td>105<\/td>\n<td>100<\/td>\n<td>355<\/td>\n<td>10,7<\/td>\n<td>6,6<\/td>\n<td>5.051<\/td>\n<td>3<\/td>\n<\/tr>\n<tr>\n<td width=\"60\">\u00d8180-125<\/td>\n<td>TV901618012511<\/td>\n<td>PN16<\/td>\n<td>400<\/td>\n<td>105<\/td>\n<td>100<\/td>\n<td>355<\/td>\n<td>16,4<\/td>\n<td>11,4<\/td>\n<td>5.010<\/td>\n<td>3<\/td>\n<\/tr>\n<tr>\n<td rowspan=\"2\" width=\"60\">\u00d8200-63<\/td>\n<td>TV901602006311<\/td>\n<td>PN16<\/td>\n<td>470<\/td>\n<td>110<\/td>\n<td>65<\/td>\n<td>425<\/td>\n<td>18,2<\/td>\n<td>5,8<\/td>\n<td>5.114<\/td>\n<td>2<\/td>\n<\/tr>\n<tr>\n<td>TV901002006311<\/td>\n<td>PN10<\/td>\n<td>470<\/td>\n<td>110<\/td>\n<td>65<\/td>\n<td>425<\/td>\n<td>11,9<\/td>\n<td>3,8<\/td>\n<td>3.740<\/td>\n<td>2<\/td>\n<\/tr>\n<tr>\n<td rowspan=\"2\" width=\"60\">\u00d8200-90<\/td>\n<td>TV901602009011<\/td>\n<td>PN16<\/td>\n<td>470<\/td>\n<td>110<\/td>\n<td>80<\/td>\n<td>425<\/td>\n<td>18,2<\/td>\n<td>8,2<\/td>\n<td>5.290<\/td>\n<td>2<\/td>\n<\/tr>\n<tr>\n<td>TV901002009011<\/td>\n<td>PN10<\/td>\n<td>470<\/td>\n<td>110<\/td>\n<td>80<\/td>\n<td>425<\/td>\n<td>11,9<\/td>\n<td>5,4<\/td>\n<td>3.840<\/td>\n<td>2<\/td>\n<\/tr>\n<tr>\n<td rowspan=\"2\" width=\"60\">\u00d8200-110<\/td>\n<td>TV901620011011<\/td>\n<td>PN16<\/td>\n<td>470<\/td>\n<td>110<\/td>\n<td>83<\/td>\n<td>425<\/td>\n<td>18,2<\/td>\n<td>10,0<\/td>\n<td>5.493<\/td>\n<td>2<\/td>\n<\/tr>\n<tr>\n<td>TV901020011011<\/td>\n<td>PN10<\/td>\n<td>470<\/td>\n<td>110<\/td>\n<td>83<\/td>\n<td>425<\/td>\n<td>11,9<\/td>\n<td>6,6<\/td>\n<td>3.984<\/td>\n<td>2<\/td>\n<\/tr>\n<tr>\n<td rowspan=\"2\" width=\"60\">\u00d8200-125<\/td>\n<td>TV901620012511<\/td>\n<td>PN16<\/td>\n<td>470<\/td>\n<td>110<\/td>\n<td>97<\/td>\n<td>425<\/td>\n<td>18,2<\/td>\n<td>11,4<\/td>\n<td>5.733<\/td>\n<td>2<\/td>\n<\/tr>\n<tr>\n<td>TV901020012511<\/td>\n<td>PN10<\/td>\n<td>470<\/td>\n<td>110<\/td>\n<td>97<\/td>\n<td>425<\/td>\n<td>11,9<\/td>\n<td>7,4<\/td>\n<td>4.125<\/td>\n<td>2<\/td>\n<\/tr>\n<tr>\n<td rowspan=\"2\" width=\"60\">\u00d8200-160<\/td>\n<td>TV901620016011<\/td>\n<td>PN16<\/td>\n<td>470<\/td>\n<td>110<\/td>\n<td>100<\/td>\n<td>425<\/td>\n<td>18,2<\/td>\n<td>14,6<\/td>\n<td>6.435<\/td>\n<td>2<\/td>\n<\/tr>\n<tr>\n<td>TV901020016011<\/td>\n<td>PN10<\/td>\n<td>470<\/td>\n<td>110<\/td>\n<td>100<\/td>\n<td>425<\/td>\n<td>11,9<\/td>\n<td>9,5<\/td>\n<td>4.596<\/td>\n<td>2<\/td>\n<\/tr>\n<tr>\n<td width=\"60\">\u00d8200-180<\/td>\n<td>TV901620018011<\/td>\n<td>PN16<\/td>\n<td>470<\/td>\n<td>110<\/td>\n<td>109<\/td>\n<td>425<\/td>\n<td>18,2<\/td>\n<td>16,4<\/td>\n<td>8.561<\/td>\n<td>2<\/td>\n<\/tr>\n<tr>\n<td rowspan=\"2\" width=\"60\">\u00d8225-110<\/td>\n<td>TV901622511011<\/td>\n<td>PN16<\/td>\n<td>480<\/td>\n<td>115<\/td>\n<td>83<\/td>\n<td>530<\/td>\n<td>20,5<\/td>\n<td>10,0<\/td>\n<td>6.545<\/td>\n<td>2<\/td>\n<\/tr>\n<tr>\n<td>TV901022511011<\/td>\n<td>PN10<\/td>\n<td>480<\/td>\n<td>115<\/td>\n<td>83<\/td>\n<td>530<\/td>\n<td>13,4<\/td>\n<td>6,6<\/td>\n<td>4.580<\/td>\n<td>1<\/td>\n<\/tr>\n<tr>\n<td rowspan=\"2\" width=\"60\">\u00d8225-160<\/td>\n<td>TV901622516011<\/td>\n<td>PN16<\/td>\n<td>480<\/td>\n<td>115<\/td>\n<td>100<\/td>\n<td>530<\/td>\n<td>20,5<\/td>\n<td>14,6<\/td>\n<td>7.421<\/td>\n<td>\u00a0<\/td>\n<\/tr>\n<tr>\n<td>TV901022516011<\/td>\n<td>PN10<\/td>\n<td>480<\/td>\n<td>115<\/td>\n<td>100<\/td>\n<td>530<\/td>\n<td>13,4<\/td>\n<td>9,5<\/td>\n<td>5.147<\/td>\n<td>1<\/td>\n<\/tr>\n<tr>\n<td rowspan=\"2\" width=\"60\">\u00d8250-110<\/td>\n<td>TV901625011011<\/td>\n<td>PN16<\/td>\n<td>560<\/td>\n<td>130<\/td>\n<td>83<\/td>\n<td>580<\/td>\n<td>22,7<\/td>\n<td>10,0<\/td>\n<td>8.153<\/td>\n<td>1<\/td>\n<\/tr>\n<tr>\n<td>TV901025011011<\/td>\n<td>PN10<\/td>\n<td>560<\/td>\n<td>130<\/td>\n<td>83<\/td>\n<td>580<\/td>\n<td>14,8<\/td>\n<td>6,6<\/td>\n<td>5.704<\/td>\n<td>1<\/td>\n<\/tr>\n<tr>\n<td width=\"60\">\u00d8250-125<\/td>\n<td>TV901025012511<\/td>\n<td>PN10<\/td>\n<td>560<\/td>\n<td>130<\/td>\n<td>97<\/td>\n<td>580<\/td>\n<td>22,7<\/td>\n<td>11,4<\/td>\n<td>5.901<\/td>\n<td>1<\/td>\n<\/tr>\n<tr>\n<td width=\"60\">\u00d8250-140<\/td>\n<td>TV901025014011<\/td>\n<td>PN10<\/td>\n<td>560<\/td>\n<td>130<\/td>\n<td>93<\/td>\n<td>580<\/td>\n<td>22,7<\/td>\n<td>12,7<\/td>\n<td>5.905<\/td>\n<td>1<\/td>\n<\/tr>\n<tr>\n<td rowspan=\"2\" width=\"60\">\u00d8250-160<\/td>\n<td>TV901625016011<\/td>\n<td>PN16<\/td>\n<td>560<\/td>\n<td>130<\/td>\n<td>100<\/td>\n<td>580<\/td>\n<td>22,7<\/td>\n<td>14,6<\/td>\n<td>9.077<\/td>\n<td>1<\/td>\n<\/tr>\n<tr>\n<td>TV901025016011<\/td>\n<td>PN10<\/td>\n<td>560<\/td>\n<td>130<\/td>\n<td>100<\/td>\n<td>580<\/td>\n<td>14,8<\/td>\n<td>9,5<\/td>\n<td>6.307<\/td>\n<td>1<\/td>\n<\/tr>\n<tr>\n<td rowspan=\"2\" width=\"60\">\u00d8250-200<\/td>\n<td>TV901625020011<\/td>\n<td>PN16<\/td>\n<td>560<\/td>\n<td>130<\/td>\n<td>110<\/td>\n<td>580<\/td>\n<td>22,7<\/td>\n<td>18,2<\/td>\n<td>11.726<\/td>\n<td>1<\/td>\n<\/tr>\n<tr>\n<td>TV901025020011<\/td>\n<td>PN10<\/td>\n<td>560<\/td>\n<td>130<\/td>\n<td>110<\/td>\n<td>580<\/td>\n<td>14,8<\/td>\n<td>11,9<\/td>\n<td>9.180<\/td>\n<td>1<\/td>\n<\/tr>\n<tr>\n<td rowspan=\"2\" width=\"60\">\u00d8280-110<\/td>\n<td>TV901628011011<\/td>\n<td>PN16<\/td>\n<td>530<\/td>\n<td>150<\/td>\n<td>85<\/td>\n<td>465<\/td>\n<td>25,4<\/td>\n<td>10,0<\/td>\n<td>11.194<\/td>\n<td>1<\/td>\n<\/tr>\n<tr>\n<td>TV901028011011<\/td>\n<td>PN10<\/td>\n<td>530<\/td>\n<td>150<\/td>\n<td>85<\/td>\n<td>465<\/td>\n<td>16,6<\/td>\n<td>6,6<\/td>\n<td>8.305<\/td>\n<td>1<\/td>\n<\/tr>\n<tr>\n<td rowspan=\"2\" width=\"60\">\u00d8280-160<\/td>\n<td>TV901628016011<\/td>\n<td>PN16<\/td>\n<td>530<\/td>\n<td>150<\/td>\n<td>98<\/td>\n<td>465<\/td>\n<td>25,4<\/td>\n<td>14,6<\/td>\n<td>11.897<\/td>\n<td>1<\/td>\n<\/tr>\n<tr>\n<td>TV901028016011<\/td>\n<td>PN10<\/td>\n<td>530<\/td>\n<td>150<\/td>\n<td>98<\/td>\n<td>465<\/td>\n<td>16,6<\/td>\n<td>9,5<\/td>\n<td>10.573<\/td>\n<td>1<\/td>\n<\/tr>\n<tr>\n<td rowspan=\"2\" width=\"60\">\u00d8280-200<\/td>\n<td>TV901628020011<\/td>\n<td>PN16<\/td>\n<td>530<\/td>\n<td>150<\/td>\n<td>115<\/td>\n<td>465<\/td>\n<td>25,4<\/td>\n<td>18,2<\/td>\n<td>14.916<\/td>\n<td>1<\/td>\n<\/tr>\n<tr>\n<td>TV901028020011<\/td>\n<td>PN10<\/td>\n<td>530<\/td>\n<td>150<\/td>\n<td>115<\/td>\n<td>465<\/td>\n<td>16,6<\/td>\n<td>11,9<\/td>\n<td>11.084<\/td>\n<td>1<\/td>\n<\/tr>\n<tr>\n<td rowspan=\"2\" width=\"60\">\u00d8315-110<\/td>\n<td>TV901631511011<\/td>\n<td>PN16<\/td>\n<td>600<\/td>\n<td>140<\/td>\n<td>80<\/td>\n<td>515<\/td>\n<td>28,6<\/td>\n<td>10,0<\/td>\n<td>14.229<\/td>\n<td>1<\/td>\n<\/tr>\n<tr>\n<td>TV901031511011<\/td>\n<td>PN10<\/td>\n<td>600<\/td>\n<td>140<\/td>\n<td>80<\/td>\n<td>515<\/td>\n<td>18,7<\/td>\n<td>6,6<\/td>\n<td>10.564<\/td>\n<td>1<\/td>\n<\/tr>\n<tr>\n<td width=\"60\">\u00d8315-140<\/td>\n<td>TV901031514011<\/td>\n<td>PN10<\/td>\n<td>600<\/td>\n<td>140<\/td>\n<td>95<\/td>\n<td>515<\/td>\n<td>28,6<\/td>\n<td>12,7<\/td>\n<td>10.617<\/td>\n<td>1<\/td>\n<\/tr>\n<tr>\n<td rowspan=\"2\" width=\"60\">\u00d8315-160<\/td>\n<td>TV901631516011<\/td>\n<td>PN16<\/td>\n<td>600<\/td>\n<td>140<\/td>\n<td>100<\/td>\n<td>515<\/td>\n<td>28,6<\/td>\n<td>14,6<\/td>\n<td>15.491<\/td>\n<td>1<\/td>\n<\/tr>\n<tr>\n<td>TV901031516011<\/td>\n<td>PN10<\/td>\n<td>600<\/td>\n<td>140<\/td>\n<td>100<\/td>\n<td>515<\/td>\n<td>18,7<\/td>\n<td>9,5<\/td>\n<td>10.717<\/td>\n<td>1<\/td>\n<\/tr>\n<tr>\n<td rowspan=\"2\" width=\"60\">\u00d8315-200<\/td>\n<td>TV901631520011<\/td>\n<td>PN16<\/td>\n<td>600<\/td>\n<td>140<\/td>\n<td>120<\/td>\n<td>515<\/td>\n<td>28,6<\/td>\n<td>18,2<\/td>\n<td>16.210<\/td>\n<td>1<\/td>\n<\/tr>\n<tr>\n<td>TV901031520011<\/td>\n<td>PN10<\/td>\n<td>600<\/td>\n<td>140<\/td>\n<td>120<\/td>\n<td>515<\/td>\n<td>18,7<\/td>\n<td>11,9<\/td>\n<td>11.621<\/td>\n<td>1<\/td>\n<\/tr>\n<tr>\n<td width=\"60\">\u00d8315-225<\/td>\n<td>TV901031522511<\/td>\n<td>PN10<\/td>\n<td>600<\/td>\n<td>140<\/td>\n<td>110<\/td>\n<td>515<\/td>\n<td>28,6<\/td>\n<td>20,5<\/td>\n<td>15.936<\/td>\n<td>1<\/td>\n<\/tr>\n<tr>\n<td rowspan=\"2\" width=\"60\">\u00d8315-250<\/td>\n<td>TV901631525011<\/td>\n<td>PN16<\/td>\n<td>600<\/td>\n<td>140<\/td>\n<td>125<\/td>\n<td>515<\/td>\n<td>28,6<\/td>\n<td>22,7<\/td>\n<td>22.500<\/td>\n<td>1<\/td>\n<\/tr>\n<tr>\n<td>TV901031525011<\/td>\n<td>PN10<\/td>\n<td>600<\/td>\n<td>140<\/td>\n<td>125<\/td>\n<td>515<\/td>\n<td>18,7<\/td>\n<td>14,8<\/td>\n<td>17.125<\/td>\n<td>1<\/td>\n<\/tr>\n<tr>\n<td rowspan=\"2\" width=\"60\">\u00d8355-110<\/td>\n<td>TV901635511011<\/td>\n<td>PN16<\/td>\n<td>630<\/td>\n<td>130<\/td>\n<td>85<\/td>\n<td>580<\/td>\n<td>32,2<\/td>\n<td>10,0<\/td>\n<td>15.176<\/td>\n<td>1<\/td>\n<\/tr>\n<tr>\n<td>TV901035511011<\/td>\n<td>PN10<\/td>\n<td>630<\/td>\n<td>130<\/td>\n<td>85<\/td>\n<td>580<\/td>\n<td>21,1<\/td>\n<td>6,6<\/td>\n<td>11.130<\/td>\n<td>1<\/td>\n<\/tr>\n<tr>\n<td rowspan=\"2\" width=\"60\">\u00d8355-160<\/td>\n<td>TV901635516011<\/td>\n<td>PN16<\/td>\n<td>630<\/td>\n<td>130<\/td>\n<td>100<\/td>\n<td>580<\/td>\n<td>32,2<\/td>\n<td>14,6<\/td>\n<td>16.275<\/td>\n<td>1<\/td>\n<\/tr>\n<tr>\n<td>TV901035516011<\/td>\n<td>PN10<\/td>\n<td>630<\/td>\n<td>130<\/td>\n<td>100<\/td>\n<td>580<\/td>\n<td>21,1<\/td>\n<td>9,5<\/td>\n<td>11.854<\/td>\n<td>1<\/td>\n<\/tr>\n<tr>\n<td rowspan=\"2\" width=\"60\">\u00d8355-250<\/td>\n<td>TV901635525011<\/td>\n<td>PN16<\/td>\n<td>630<\/td>\n<td>130<\/td>\n<td>150<\/td>\n<td>580<\/td>\n<td>32,2<\/td>\n<td>22,7<\/td>\n<td>23.907<\/td>\n<td>1<\/td>\n<\/tr>\n<tr>\n<td>TV901035525011<\/td>\n<td>PN10<\/td>\n<td>630<\/td>\n<td>130<\/td>\n<td>150<\/td>\n<td>580<\/td>\n<td>21,1<\/td>\n<td>14,8<\/td>\n<td>17.056<\/td>\n<td>1<\/td>\n<\/tr>\n<tr>\n<td rowspan=\"2\" width=\"60\">\u00d8400-110<\/td>\n<td>TV901640011011<\/td>\n<td>PN16<\/td>\n<td>700<\/td>\n<td>160<\/td>\n<td>85<\/td>\n<td>630<\/td>\n<td>36,3<\/td>\n<td>10,0<\/td>\n<td>22.131<\/td>\n<td>1<\/td>\n<\/tr>\n<tr>\n<td>TV901040011011<\/td>\n<td>PN10<\/td>\n<td>700<\/td>\n<td>160<\/td>\n<td>85<\/td>\n<td>630<\/td>\n<td>23,7<\/td>\n<td>6,6<\/td>\n<td>16.560<\/td>\n<td>1<\/td>\n<\/tr>\n<tr>\n<td rowspan=\"2\" width=\"60\">\u00d8400-160<\/td>\n<td>TV901640016011<\/td>\n<td>PN16<\/td>\n<td>700<\/td>\n<td>160<\/td>\n<td>100<\/td>\n<td>630<\/td>\n<td>36,3<\/td>\n<td>14,6<\/td>\n<td>23.682<\/td>\n<td>1<\/td>\n<\/tr>\n<tr>\n<td>TV901040016011<\/td>\n<td>PN10<\/td>\n<td>700<\/td>\n<td>160<\/td>\n<td>100<\/td>\n<td>630<\/td>\n<td>23,7<\/td>\n<td>9,5<\/td>\n<td>17.086<\/td>\n<td>1<\/td>\n<\/tr>\n<tr>\n<td rowspan=\"2\" width=\"60\">\u00d8400-250<\/td>\n<td>TV901640025011<\/td>\n<td>PN16<\/td>\n<td>700<\/td>\n<td>160<\/td>\n<td>150<\/td>\n<td>630<\/td>\n<td>36,3<\/td>\n<td>22,7<\/td>\n<td>31.015<\/td>\n<td>1<\/td>\n<\/tr>\n<tr>\n<td>TV901040025011<\/td>\n<td>PN10<\/td>\n<td>700<\/td>\n<td>160<\/td>\n<td>150<\/td>\n<td>630<\/td>\n<td>23,7<\/td>\n<td>14,8<\/td>\n<td>22.062<\/td>\n<td>1<\/td>\n<\/tr>\n<\/tbody>\n<\/table>\n<p>\u00a0<\/p>\n<\/div><\/div><\/div><\/div><\/div><\/div><\/div><\/section>\n","protected":false},"excerpt":{"rendered":"<p>90\u00b0 \u0130NEGAL \u0130STAVROZ TE HDPE100+ (K\u0130T Enjeksiyon Kaynakl\u0131)<br \/>\nHDPE100+ SDR 11(PN16) &amp; SDR 17(PN10)<br \/>\n90\u00b0 REDUCED CROSS TEE HDPE100+<br \/>\n90\u00b0 \u041d\u0415\u0420\u041e\u0412\u041d\u041e\u041f\u0420\u041e\u0425\u041e\u0414\u041d\u0410\u042f \u041a\u0420\u0415\u0421\u0422\u041e\u0412\u0418\u041d\u0410 HDPE100+<br \/>\nStandart: TS EN 1555-3:2010 + A 1 \u2022 TS EN 12201-3 + A 1<\/p>\n","protected":false},"featured_media":8678,"comment_status":"open","ping_status":"closed","template":"","meta":[],"product_cat":[119],"product_tag":[],"_links":{"self":[{"href":"https:\/\/www.elborweltech.com\/tr\/wp-json\/wp\/v2\/product\/8671"}],"collection":[{"href":"https:\/\/www.elborweltech.com\/tr\/wp-json\/wp\/v2\/product"}],"about":[{"href":"https:\/\/www.elborweltech.com\/tr\/wp-json\/wp\/v2\/types\/product"}],"replies":[{"embeddable":true,"href":"https:\/\/www.elborweltech.com\/tr\/wp-json\/wp\/v2\/comments?post=8671"}],"wp:featuredmedia":[{"embeddable":true,"href":"https:\/\/www.elborweltech.com\/tr\/wp-json\/wp\/v2\/media\/8678"}],"wp:attachment":[{"href":"https:\/\/www.elborweltech.com\/tr\/wp-json\/wp\/v2\/media?parent=8671"}],"wp:term":[{"taxonomy":"product_cat","embeddable":true,"href":"https:\/\/www.elborweltech.com\/tr\/wp-json\/wp\/v2\/product_cat?post=8671"},{"taxonomy":"product_tag","embeddable":true,"href":"https:\/\/www.elborweltech.com\/tr\/wp-json\/wp\/v2\/product_tag?post=8671"}],"curies":[{"name":"wp","href":"https:\/\/api.w.org\/{rel}","templated":true}]}}